{"id":964,"date":"2021-02-15T18:49:34","date_gmt":"2021-02-15T18:49:34","guid":{"rendered":"https:\/\/rightchallenge.org\/?page_id=964"},"modified":"2023-08-09T16:35:03","modified_gmt":"2023-08-09T15:35:03","slug":"health-without-borders","status":"publish","type":"page","link":"https:\/\/rightchallenge.org\/en\/health-without-borders\/","title":{"rendered":"Health Without Borders"},"content":{"rendered":"<p>[et_pb_section fb_built=&#8221;1&#8243; admin_label=&#8221;Header&#8221; _builder_version=&#8221;4.16&#8243; global_colors_info=&#8221;{}&#8221;][et_pb_row column_structure=&#8221;3_5,2_5&#8243; custom_padding_last_edited=&#8221;off|desktop&#8221; _builder_version=&#8221;4.16&#8243; background_enable_color=&#8221;off&#8221; custom_padding_tablet=&#8221;||30px||false|false&#8221; locked=&#8221;off&#8221; global_colors_info=&#8221;{}&#8221;][et_pb_column type=&#8221;3_5&#8243; _builder_version=&#8221;4.16&#8243; custom_padding_tablet=&#8221;||20px||false|false&#8221; custom_padding_phone=&#8221;&#8221; custom_padding_last_edited=&#8221;on|tablet&#8221; global_colors_info=&#8221;{}&#8221;][et_pb_image src=&#8221;https:\/\/rightchallenge.org\/wp-content\/uploads\/2021\/02\/HWB_logo_title.png&#8221; title_text=&#8221;HWB_logo_title&#8221; align=&#8221;center&#8221; _builder_version=&#8221;4.16&#8243; width=&#8221;49%&#8221; global_colors_info=&#8221;{}&#8221;][\/et_pb_image][et_pb_text _builder_version=&#8221;4.21.2&#8243; text_font=&#8221;PT Sans||||||||&#8221; text_text_color=&#8221;#000000&#8243; text_font_size=&#8221;14px&#8221; text_line_height=&#8221;1.9em&#8221; global_colors_info=&#8221;{}&#8221;]<\/p>\n<p style=\"text-align: justify;\">O projeto <strong>&#8220;Health Without Borders&#8221;<\/strong> visa melhorar a <strong>literacia em sa\u00fade dos jovens migrantes, refugiados e marginalizados<\/strong> numa perspetiva de aprendizagem integrada, enquanto que <strong>promove um conjunto de abordagens socioeducativas inovadoras para os profissionais da juventude<\/strong>, de modo a sensibilizarem os jovens migrantes e refugiados sobre a import\u00e2ncia da literacia na sa\u00fade nas suas vidas quotidianas.<\/p>\n<p style=\"text-align: justify;\">H\u00e1 cada vez mais evid\u00eancias de que a sa\u00fade e a educa\u00e7\u00e3o est\u00e3o estreitamente relacionadas e influenciam outros par\u00e2metros, como a pobreza e os n\u00edveis de rendimento. A educa\u00e7\u00e3o tem o poder de melhorar n\u00e3o s\u00f3 a prosperidade, mas tem tamb\u00e9m um grande efeito sobre a sa\u00fade. <br \/>Apesar dos imensos benef\u00edcios, a literacia em sa\u00fade continua a ser um desafio para a sa\u00fade p\u00fablica europeia. Os resultados de investiga\u00e7\u00f5es demonstraram que mais de um ter\u00e7o da popula\u00e7\u00e3o da EU tem dificuldade em encontrar, compreender, avaliar e utilizar a informa\u00e7\u00e3o que disponhem sobre a sua sa\u00fade (S\u00f8rensen et al., 2015). <br \/>A literacia em sa\u00fade devia ter aten\u00e7\u00e3o especial durante a pandemia, para assim combater a r\u00e1pida propaga\u00e7\u00e3o do v\u00edrus. Tendo em conta este desenvolvimento pand\u00e9mico global, um dos principais desafios \u00e9 oferecer educa\u00e7\u00e3o e cuidados de sa\u00fade apropriados a migrantes e refugiados por toda a Europa. O Alto Comissariado das Na\u00e7\u00f5es Unidas para os Refugiados, Filipo Grandi, adverte que a nova vaga de refugiados que chegam \u00e0 Europa est\u00e1 a viver em condi\u00e7\u00f5es sanit\u00e1rias muito prec\u00e1rias, especialmente vulner\u00e1veis durante a pandemia. O dif\u00edcil acesso \u00e0 educa\u00e7\u00e3o e \u00e0 literacia em sa\u00fade torna, portanto, esta popula\u00e7\u00e3o extremamente vulner\u00e1vel.<\/p>\n<p style=\"text-align: justify;\">O projeto criou os seguintes recursos para ajudar o p\u00fablico-alvo a melhorar as suas compet\u00eancias:<\/p>\n<ul>\n<li style=\"text-align: justify;\">Kit de Recursos de Alfabetiza\u00e7\u00e3o em Sa\u00fade &#8211; A Literacia de Recursos em Sa\u00fade tem elementos educativos interessantes e f\u00e1ceis de utilizar, a fim de assegurar que o leitor compreenda realmente como proceder depois de a ter lido, observado ou ouvido. Os nossos materiais cont\u00eam imagens, textos curtos em linguagem simples.<\/li>\n<li style=\"text-align: justify;\">Programa de Forma\u00e7\u00e3o em Servi\u00e7o &#8211; O Programa de Forma\u00e7\u00e3o em Servi\u00e7o \u00e9 dirigido a educadores de jovens, especialistas em trabalho social e educadores n\u00e3o formais.<\/li>\n<li style=\"text-align: justify;\">Website &#8211; O principal objetivo do Portal Online \u00e9 fornecer uma plataforma multilingue e interativa online para permitir o pleno acesso aos recursos educativos desenvolvidos ao longo do projeto, para os grupos-alvo e partes interessadas.<\/li>\n<\/ul>\n<p><span style=\"color: #000000;\"><strong>Este projeto \u00e9 apoiado no \u00e2mbito do programa europeu Erasmus+ <\/strong><\/span><\/p>\n<p>[\/et_pb_text][\/et_pb_column][et_pb_column type=&#8221;2_5&#8243; _builder_version=&#8221;4.16&#8243; background_color=&#8221;#ffffff&#8221; custom_padding=&#8221;50px|40px|60px|40px|false|true&#8221; custom_padding_tablet=&#8221;|50px||50px|false|true&#8221; custom_padding_phone=&#8221;&#8221; custom_padding_last_edited=&#8221;on|tablet&#8221; border_radii=&#8221;on|10px|10px|10px|10px&#8221; box_shadow_style=&#8221;preset1&#8243; box_shadow_color=&#8221;rgba(12,113,195,0.13)&#8221; global_colors_info=&#8221;{}&#8221;][et_pb_image src=&#8221;https:\/\/rightchallenge.org\/wp-content\/uploads\/2023\/07\/PT_Co-fundedbytheEU_RGB_POS.png&#8221; title_text=&#8221;PT_Co-fundedbytheEU_RGB_POS&#8221; align=&#8221;center&#8221; _builder_version=&#8221;4.21.2&#8243; max_width=&#8221;70%&#8221; hover_enabled=&#8221;0&#8243; global_colors_info=&#8221;{}&#8221; sticky_enabled=&#8221;0&#8243;][\/et_pb_image][et_pb_text _builder_version=&#8221;4.16&#8243; custom_margin=&#8221;||13px|||&#8221; custom_padding=&#8221;16px|||||&#8221; global_colors_info=&#8221;{}&#8221;]<\/p>\n<h3 style=\"text-align: center;\">Parceiros<\/h3>\n<p>[\/et_pb_text][et_pb_blurb title=&#8221;InterAktion&#8221; url=&#8221;https:\/\/www.verein-interaktion.org\/&#8221; url_new_window=&#8221;on&#8221; image=&#8221;https:\/\/rightchallenge.org\/wp-content\/uploads\/2020\/05\/austria.png&#8221; icon_placement=&#8221;left&#8221; content_max_width=&#8221;800px&#8221; _builder_version=&#8221;4.21.2&#8243; header_font=&#8221;PT Sans||||||||&#8221; header_text_color=&#8221;#000000&#8243; header_font_size=&#8221;14px&#8221; header_line_height=&#8221;1.9em&#8221; locked=&#8221;off&#8221; global_colors_info=&#8221;{}&#8221;][\/et_pb_blurb][et_pb_blurb title=&#8221;UNIVERSITATEA DIN PITESTI &#8221; url=&#8221;https:\/\/www.upit.ro\/&#8221; url_new_window=&#8221;on&#8221; image=&#8221;https:\/\/rightchallenge.org\/wp-content\/uploads\/2020\/06\/romania.png&#8221; icon_placement=&#8221;left&#8221; content_max_width=&#8221;800px&#8221; _builder_version=&#8221;4.21.2&#8243; header_font=&#8221;PT Sans||||||||&#8221; header_text_color=&#8221;#000000&#8243; header_font_size=&#8221;14px&#8221; header_line_height=&#8221;1.9em&#8221; locked=&#8221;off&#8221; global_colors_info=&#8221;{}&#8221;][\/et_pb_blurb][et_pb_blurb title=&#8221;AURIVE SOCIETA&#8217; COOPERATIVA SOCIALE &#8221; url=&#8221;https:\/\/www.aurive.it\/&#8221; url_new_window=&#8221;on&#8221; image=&#8221;https:\/\/rightchallenge.org\/wp-content\/uploads\/2020\/05\/italy.png&#8221; icon_placement=&#8221;left&#8221; content_max_width=&#8221;800px&#8221; _builder_version=&#8221;4.21.2&#8243; header_font=&#8221;PT Sans||||||||&#8221; header_text_color=&#8221;#000000&#8243; header_font_size=&#8221;14px&#8221; header_line_height=&#8221;1.9em&#8221; locked=&#8221;off&#8221; global_colors_info=&#8221;{}&#8221;][\/et_pb_blurb][et_pb_blurb title=&#8221;KulturLife&#8221; url=&#8221;https:\/\/kultur-life.de\/&#8221; url_new_window=&#8221;on&#8221; image=&#8221;https:\/\/rightchallenge.org\/wp-content\/uploads\/2020\/03\/germany.png&#8221; icon_placement=&#8221;left&#8221; content_max_width=&#8221;800px&#8221; _builder_version=&#8221;4.21.2&#8243; header_font=&#8221;PT Sans||||||||&#8221; header_text_color=&#8221;#000000&#8243; header_font_size=&#8221;14px&#8221; header_line_height=&#8221;1.9em&#8221; locked=&#8221;off&#8221; global_colors_info=&#8221;{}&#8221;][\/et_pb_blurb][et_pb_blurb title=&#8221;Website&#8221; url=&#8221;https:\/\/healthwithoutborders.eu\/&#8221; url_new_window=&#8221;on&#8221; image=&#8221;https:\/\/rightchallenge.org\/wp-content\/uploads\/2023\/07\/Design-sem-nome-1.png&#8221; icon_placement=&#8221;left&#8221; content_max_width=&#8221;800px&#8221; _builder_version=&#8221;4.21.2&#8243; header_font=&#8221;|700|||||||&#8221; header_text_align=&#8221;left&#8221; header_text_color=&#8221;#0C71C3&#8243; header_font_size=&#8221;18px&#8221; header_line_height=&#8221;1.9em&#8221; body_font=&#8221;|700|||||||&#8221; custom_margin=&#8221;|||77px|false|false&#8221; custom_padding=&#8221;|||10px|false|false&#8221; hover_enabled=&#8221;0&#8243; locked=&#8221;off&#8221; global_colors_info=&#8221;{}&#8221; theme_builder_area=&#8221;post_content&#8221; link_option_url_new_window=&#8221;on&#8221; sticky_enabled=&#8221;0&#8243;][\/et_pb_blurb][et_pb_blurb title=&#8221;Facebook&#8221; url=&#8221;https:\/\/www.facebook.com\/healthwithoutbordersproject&#8221; url_new_window=&#8221;on&#8221; image=&#8221;https:\/\/rightchallenge.org\/wp-content\/uploads\/2023\/07\/5968764.png&#8221; icon_placement=&#8221;left&#8221; content_max_width=&#8221;800px&#8221; _builder_version=&#8221;4.21.2&#8243; header_font=&#8221;|700|||||||&#8221; header_text_align=&#8221;left&#8221; header_text_color=&#8221;#0C71C3&#8243; header_font_size=&#8221;18px&#8221; header_line_height=&#8221;1.9em&#8221; body_font=&#8221;|700|||||||&#8221; custom_margin=&#8221;-20px|88px||88px|false|true&#8221; hover_enabled=&#8221;0&#8243; locked=&#8221;off&#8221; global_colors_info=&#8221;{}&#8221; theme_builder_area=&#8221;post_content&#8221; link_option_url_new_window=&#8221;on&#8221; sticky_enabled=&#8221;0&#8243;][\/et_pb_blurb][\/et_pb_column][\/et_pb_row][\/et_pb_section]<\/p>\n","protected":false},"excerpt":{"rendered":"<p>O projeto &#8220;Health Without Borders&#8221; visa melhorar a literacia em sa\u00fade dos jovens migrantes, refugiados e marginalizados numa perspetiva de aprendizagem integrada, enquanto que promove um conjunto de abordagens socioeducativas inovadoras para os profissionais da juventude, de modo a sensibilizarem os jovens migrantes e refugiados sobre a import\u00e2ncia da literacia na sa\u00fade nas suas vidas [&hellip;]<\/p>\n","protected":false},"author":2,"featured_media":0,"parent":0,"menu_order":0,"comment_status":"closed","ping_status":"closed","template":"","meta":{"_et_pb_use_builder":"on","_et_pb_old_content":"","_et_gb_content_width":"","_monsterinsights_skip_tracking":false,"_monsterinsights_sitenote_active":false,"_monsterinsights_sitenote_note":"","_monsterinsights_sitenote_category":0,"footnotes":""},"class_list":["post-964","page","type-page","status-publish","hentry"],"yoast_head":"<!-- This site is optimized with the Yoast SEO plugin v27.6 - https:\/\/yoast.com\/product\/yoast-seo-wordpress\/ -->\n<title>Health Without Borders - Rightchallenge<\/title>\n<meta name=\"robots\" content=\"index, follow, max-snippet:-1, max-image-preview:large, max-video-preview:-1\" \/>\n<link rel=\"canonical\" href=\"https:\/\/rightchallenge.org\/en\/health-without-borders\/\" \/>\n<meta property=\"og:locale\" content=\"en_GB\" \/>\n<meta property=\"og:type\" content=\"article\" \/>\n<meta property=\"og:title\" content=\"Health Without Borders - Rightchallenge\" \/>\n<meta property=\"og:description\" content=\"O projeto &quot;Health Without Borders&quot; visa melhorar a literacia em sa\u00fade dos jovens migrantes, refugiados e marginalizados numa perspetiva de aprendizagem integrada, enquanto que promove um conjunto de abordagens socioeducativas inovadoras para os profissionais da juventude, de modo a sensibilizarem os jovens migrantes e refugiados sobre a import\u00e2ncia da literacia na sa\u00fade nas suas vidas [&hellip;]\" \/>\n<meta property=\"og:url\" content=\"https:\/\/rightchallenge.org\/en\/health-without-borders\/\" \/>\n<meta property=\"og:site_name\" content=\"Rightchallenge\" \/>\n<meta property=\"article:modified_time\" content=\"2023-08-09T15:35:03+00:00\" \/>\n<meta name=\"twitter:card\" content=\"summary_large_image\" \/>\n<meta name=\"twitter:label1\" content=\"Estimated reading time\" \/>\n\t<meta name=\"twitter:data1\" content=\"5 minutes\" \/>\n<script type=\"application\/ld+json\" class=\"yoast-schema-graph\">{\"@context\":\"https:\\\/\\\/schema.org\",\"@graph\":[{\"@type\":\"WebPage\",\"@id\":\"https:\\\/\\\/rightchallenge.org\\\/health-without-borders\\\/\",\"url\":\"https:\\\/\\\/rightchallenge.org\\\/health-without-borders\\\/\",\"name\":\"Health Without Borders - Rightchallenge\",\"isPartOf\":{\"@id\":\"https:\\\/\\\/rightchallenge.org\\\/#website\"},\"datePublished\":\"2021-02-15T18:49:34+00:00\",\"dateModified\":\"2023-08-09T15:35:03+00:00\",\"breadcrumb\":{\"@id\":\"https:\\\/\\\/rightchallenge.org\\\/health-without-borders\\\/#breadcrumb\"},\"inLanguage\":\"en-GB\",\"potentialAction\":[{\"@type\":\"ReadAction\",\"target\":[\"https:\\\/\\\/rightchallenge.org\\\/health-without-borders\\\/\"]}]},{\"@type\":\"BreadcrumbList\",\"@id\":\"https:\\\/\\\/rightchallenge.org\\\/health-without-borders\\\/#breadcrumb\",\"itemListElement\":[{\"@type\":\"ListItem\",\"position\":1,\"name\":\"In\u00edcio\",\"item\":\"https:\\\/\\\/rightchallenge.org\\\/\"},{\"@type\":\"ListItem\",\"position\":2,\"name\":\"Health Without Borders\"}]},{\"@type\":\"WebSite\",\"@id\":\"https:\\\/\\\/rightchallenge.org\\\/#website\",\"url\":\"https:\\\/\\\/rightchallenge.org\\\/\",\"name\":\"Rightchallenge\",\"description\":\"Associa\u00e7\u00e3o\",\"potentialAction\":[{\"@type\":\"SearchAction\",\"target\":{\"@type\":\"EntryPoint\",\"urlTemplate\":\"https:\\\/\\\/rightchallenge.org\\\/?s={search_term_string}\"},\"query-input\":{\"@type\":\"PropertyValueSpecification\",\"valueRequired\":true,\"valueName\":\"search_term_string\"}}],\"inLanguage\":\"en-GB\"}]}<\/script>\n<!-- \/ Yoast SEO plugin. -->","yoast_head_json":{"title":"Health Without Borders - Rightchallenge","robots":{"index":"index","follow":"follow","max-snippet":"max-snippet:-1","max-image-preview":"max-image-preview:large","max-video-preview":"max-video-preview:-1"},"canonical":"https:\/\/rightchallenge.org\/en\/health-without-borders\/","og_locale":"en_GB","og_type":"article","og_title":"Health Without Borders - Rightchallenge","og_description":"O projeto \"Health Without Borders\" visa melhorar a literacia em sa\u00fade dos jovens migrantes, refugiados e marginalizados numa perspetiva de aprendizagem integrada, enquanto que promove um conjunto de abordagens socioeducativas inovadoras para os profissionais da juventude, de modo a sensibilizarem os jovens migrantes e refugiados sobre a import\u00e2ncia da literacia na sa\u00fade nas suas vidas [&hellip;]","og_url":"https:\/\/rightchallenge.org\/en\/health-without-borders\/","og_site_name":"Rightchallenge","article_modified_time":"2023-08-09T15:35:03+00:00","twitter_card":"summary_large_image","twitter_misc":{"Estimated reading time":"5 minutes"},"schema":{"@context":"https:\/\/schema.org","@graph":[{"@type":"WebPage","@id":"https:\/\/rightchallenge.org\/health-without-borders\/","url":"https:\/\/rightchallenge.org\/health-without-borders\/","name":"Health Without Borders - Rightchallenge","isPartOf":{"@id":"https:\/\/rightchallenge.org\/#website"},"datePublished":"2021-02-15T18:49:34+00:00","dateModified":"2023-08-09T15:35:03+00:00","breadcrumb":{"@id":"https:\/\/rightchallenge.org\/health-without-borders\/#breadcrumb"},"inLanguage":"en-GB","potentialAction":[{"@type":"ReadAction","target":["https:\/\/rightchallenge.org\/health-without-borders\/"]}]},{"@type":"BreadcrumbList","@id":"https:\/\/rightchallenge.org\/health-without-borders\/#breadcrumb","itemListElement":[{"@type":"ListItem","position":1,"name":"In\u00edcio","item":"https:\/\/rightchallenge.org\/"},{"@type":"ListItem","position":2,"name":"Health Without Borders"}]},{"@type":"WebSite","@id":"https:\/\/rightchallenge.org\/#website","url":"https:\/\/rightchallenge.org\/","name":"Rightchallenge","description":"Associa\u00e7\u00e3o","potentialAction":[{"@type":"SearchAction","target":{"@type":"EntryPoint","urlTemplate":"https:\/\/rightchallenge.org\/?s={search_term_string}"},"query-input":{"@type":"PropertyValueSpecification","valueRequired":true,"valueName":"search_term_string"}}],"inLanguage":"en-GB"}]}},"_links":{"self":[{"href":"https:\/\/rightchallenge.org\/en\/wp-json\/wp\/v2\/pages\/964","targetHints":{"allow":["GET"]}}],"collection":[{"href":"https:\/\/rightchallenge.org\/en\/wp-json\/wp\/v2\/pages"}],"about":[{"href":"https:\/\/rightchallenge.org\/en\/wp-json\/wp\/v2\/types\/page"}],"author":[{"embeddable":true,"href":"https:\/\/rightchallenge.org\/en\/wp-json\/wp\/v2\/users\/2"}],"replies":[{"embeddable":true,"href":"https:\/\/rightchallenge.org\/en\/wp-json\/wp\/v2\/comments?post=964"}],"version-history":[{"count":7,"href":"https:\/\/rightchallenge.org\/en\/wp-json\/wp\/v2\/pages\/964\/revisions"}],"predecessor-version":[{"id":3426,"href":"https:\/\/rightchallenge.org\/en\/wp-json\/wp\/v2\/pages\/964\/revisions\/3426"}],"wp:attachment":[{"href":"https:\/\/rightchallenge.org\/en\/wp-json\/wp\/v2\/media?parent=964"}],"curies":[{"name":"wp","href":"https:\/\/api.w.org\/{rel}","templated":true}]}}