{"id":80,"date":"2020-03-25T18:02:17","date_gmt":"2020-03-25T18:02:17","guid":{"rendered":"https:\/\/teste.joaodesousa.com\/?page_id=80"},"modified":"2023-08-09T16:38:26","modified_gmt":"2023-08-09T15:38:26","slug":"influencers","status":"publish","type":"page","link":"https:\/\/rightchallenge.org\/en\/influencers\/","title":{"rendered":"INFLUENCERS"},"content":{"rendered":"<p>[et_pb_section fb_built=&#8221;1&#8243; admin_label=&#8221;Header&#8221; _builder_version=&#8221;4.16&#8243; global_colors_info=&#8221;{}&#8221;][et_pb_row column_structure=&#8221;3_5,2_5&#8243; custom_padding_last_edited=&#8221;off|desktop&#8221; _builder_version=&#8221;4.16&#8243; background_enable_color=&#8221;off&#8221; custom_padding_tablet=&#8221;||30px||false|false&#8221; locked=&#8221;off&#8221; global_colors_info=&#8221;{}&#8221;][et_pb_column type=&#8221;3_5&#8243; _builder_version=&#8221;4.16&#8243; custom_padding_tablet=&#8221;||20px||false|false&#8221; custom_padding_phone=&#8221;&#8221; custom_padding_last_edited=&#8221;on|tablet&#8221; global_colors_info=&#8221;{}&#8221;][et_pb_image src=&#8221;http:\/\/13.79.159.165\/wp-content\/uploads\/2020\/03\/Influencers-Logo-scaled-1.jpg&#8221; align=&#8221;center&#8221; _builder_version=&#8221;4.16&#8243; width=&#8221;49%&#8221; global_colors_info=&#8221;{}&#8221;][\/et_pb_image][et_pb_text _builder_version=&#8221;4.21.0&#8243; text_font=&#8221;PT Sans||||||||&#8221; text_text_color=&#8221;#000000&#8243; text_font_size=&#8221;14px&#8221; text_line_height=&#8221;1.9em&#8221; global_colors_info=&#8221;{}&#8221;]<\/p>\n<p style=\"text-align: justify;\">O projeto <strong>&#8220;Influencers&#8221;<\/strong> tem como objetivo <strong>promover o envolvimento ativo dos jovens que vivem com uma defici\u00eancia ou com uma condi\u00e7\u00e3o de sa\u00fade a longo prazo atrav\u00e9s do empreendedorismo social.<\/strong><\/p>\n<p style=\"text-align: justify;\">Embora o direito ao trabalho seja um direito fundamental consagrado <em>no Artigo 27 da Conven\u00e7\u00e3o das Na\u00e7\u00f5es Unidas sobre os Direitos das Pessoas com Defici\u00eancia<\/em>, est\u00e1 longe de ser uma realidade para muitas pessoas que vivem com uma defici\u00eancia ou uma condi\u00e7\u00e3o m\u00e9dica de longo prazo.<\/p>\n<p style=\"text-align: justify;\">O empreendedorismo social pode funcionar como uma ponte importante para a inclus\u00e3o das pessoas \u00e0 margem da sociedade. O empreendedorismo social online \u00e9 uma \u00e1rea especialmente relevante para os jovens que vivem com uma defici\u00eancia ou com uma condi\u00e7\u00e3o de sa\u00fade a longo prazo.<\/p>\n<p style=\"text-align: justify;\">O projeto promove a partilha de experi\u00eancias de vida e quer demonstrar que viver com uma defici\u00eancia ou uma condi\u00e7\u00e3o de sa\u00fade de longo prazo \u00e9 poss\u00edvel, explica como os obst\u00e1culos foram superados, direciona para servi\u00e7os ou redes de apoio apropriados, e desenvolveu um f\u00f3rum para discuss\u00e3o e debate para ligar outros jovens em circunst\u00e2ncias semelhantes.<\/p>\n<p style=\"text-align: justify;\">A tecnologia fornece oportunidades para nivelar o campo de atua\u00e7\u00e3o para jovens que vivem com uma defici\u00eancia ou uma condi\u00e7\u00e3o de sa\u00fade de longo prazo como nunca antes. A tecnologia pode apoiar sociedades mais equitativas, bem como, comunidades mais inclusivas. Pode ajudar a construir redes de apoio para pessoas de todas as idades que vivem com uma defici\u00eancia ou que cuidam de algu\u00e9m com uma defici\u00eancia. Pode ajudar a desmistificar certas defici\u00eancias m\u00e9dicas, f\u00edsicas ou cognitivas e criar uma sociedade mais compreensiva e emp\u00e1tica.<\/p>\n<p style=\"text-align: justify;\">O projeto desenvolveu os seguinte materiais de apoio:<\/p>\n<ul>\n<li style=\"text-align: justify;\">Curr\u00edculo de Empreendedorismo Social Online<\/li>\n<\/ul>\n<p>O desenvolvimento de um Curr\u00edculo de Empreendedorismo Social Online que foca na constru\u00e7\u00e3o de conhecimentos, aptid\u00f5es e compet\u00eancias necess\u00e1rias para apoiar os jovens que vivem com uma defici\u00eancia ou condi\u00e7\u00e3o de sa\u00fade a longo prazo para desenvolver a pr\u00f3xima gera\u00e7\u00e3o de empresas sociais online.<\/p>\n<ul>\n<li>Curr\u00edculo de Alfabetiza\u00e7\u00e3o sobre os meios Digitais e Sociais<\/li>\n<\/ul>\n<p>O desenvolvimento de um curr\u00edculo completo de recursos de forma\u00e7\u00e3o em literacia digital e redes sociais.<\/p>\n<ul>\n<li style=\"text-align: justify;\">Programa de forma\u00e7\u00e3o em servi\u00e7o<\/li>\n<\/ul>\n<p>O desenvolvimento de um programa de forma\u00e7\u00e3o em servi\u00e7o para garantir que os jovens profissionais estejam equipados para entregar o Curr\u00edculo de Empreendedorismo Social Online e o Curr\u00edculo de Alfabetiza\u00e7\u00e3o sobre os meios Digitais e Sociais.<\/p>\n<p><span style=\"color: #000000;\"><strong>Este projeto \u00e9 apoiado no \u00e2mbito do programa europeu Erasmus+ &#8211; Inova\u00e7\u00e3o.<\/strong><\/span><\/p>\n<p>[\/et_pb_text][\/et_pb_column][et_pb_column type=&#8221;2_5&#8243; _builder_version=&#8221;4.16&#8243; background_color=&#8221;#ffffff&#8221; custom_padding=&#8221;50px|40px|60px|40px|false|true&#8221; custom_padding_tablet=&#8221;|50px||50px|false|true&#8221; custom_padding_phone=&#8221;&#8221; custom_padding_last_edited=&#8221;on|tablet&#8221; border_radii=&#8221;on|10px|10px|10px|10px&#8221; box_shadow_style=&#8221;preset1&#8243; box_shadow_color=&#8221;rgba(12,113,195,0.13)&#8221; global_colors_info=&#8221;{}&#8221;][et_pb_image src=&#8221;https:\/\/rightchallenge.org\/wp-content\/uploads\/2023\/07\/PT_Co-fundedbytheEU_RGB_POS.png&#8221; align=&#8221;center&#8221; _builder_version=&#8221;4.21.2&#8243; max_width=&#8221;70%&#8221; hover_enabled=&#8221;0&#8243; global_colors_info=&#8221;{}&#8221; title_text=&#8221;PT_Co-fundedbytheEU_RGB_POS&#8221; sticky_enabled=&#8221;0&#8243;][\/et_pb_image][et_pb_text _builder_version=&#8221;4.16&#8243; custom_margin=&#8221;||13px|||&#8221; custom_padding=&#8221;16px|||||&#8221; global_colors_info=&#8221;{}&#8221;]<\/p>\n<h3 style=\"text-align: center;\">Parceiros<\/h3>\n<p>[\/et_pb_text][et_pb_blurb title=&#8221;Jugendf\u00f6rderverein Parchim\/L\u00fcbz e.V.&#8221; url=&#8221;http:\/\/www.jfv-pch.de&#8221; url_new_window=&#8221;on&#8221; image=&#8221;http:\/\/13.79.159.165\/wp-content\/uploads\/2020\/03\/germany.png&#8221; icon_placement=&#8221;left&#8221; content_max_width=&#8221;800px&#8221; _builder_version=&#8221;4.21.0&#8243; header_font=&#8221;PT Sans||||||||&#8221; header_text_color=&#8221;#000000&#8243; header_font_size=&#8221;14px&#8221; header_line_height=&#8221;1.9em&#8221; locked=&#8221;off&#8221; global_colors_info=&#8221;{}&#8221;][\/et_pb_blurb][et_pb_blurb title=&#8221;The Rural Hub CLG&#8221; url=&#8221;http:\/\/www.theruralhub.ie&#8221; url_new_window=&#8221;on&#8221; image=&#8221;http:\/\/13.79.159.165\/wp-content\/uploads\/2020\/03\/ireland.png&#8221; icon_placement=&#8221;left&#8221; content_max_width=&#8221;800px&#8221; _builder_version=&#8221;4.21.0&#8243; header_font=&#8221;PT Sans||||||||&#8221; header_text_color=&#8221;#000000&#8243; header_font_size=&#8221;14px&#8221; header_line_height=&#8221;1.9em&#8221; locked=&#8221;off&#8221; global_colors_info=&#8221;{}&#8221;][\/et_pb_blurb][et_pb_blurb title=&#8221;INNOVADE LI LTD&#8221; url=&#8221;http:\/\/www.innovade.eu&#8221; url_new_window=&#8221;on&#8221; image=&#8221;http:\/\/13.79.159.165\/wp-content\/uploads\/2020\/03\/cyprus.png&#8221; icon_placement=&#8221;left&#8221; content_max_width=&#8221;800px&#8221; _builder_version=&#8221;4.21.0&#8243; header_font=&#8221;PT Sans||||||||&#8221; header_text_color=&#8221;#000000&#8243; header_font_size=&#8221;14px&#8221; header_line_height=&#8221;1.9em&#8221; locked=&#8221;off&#8221; global_colors_info=&#8221;{}&#8221;][\/et_pb_blurb][et_pb_blurb title=&#8221;STOWARZYSZENIE AKTYWNE KOBIETY&#8221; url=&#8221;http:\/\/www.aktywnekobiety.org.pl&#8221; url_new_window=&#8221;on&#8221; image=&#8221;http:\/\/13.79.159.165\/wp-content\/uploads\/2020\/03\/plflag-2.png&#8221; icon_placement=&#8221;left&#8221; content_max_width=&#8221;800px&#8221; _builder_version=&#8221;4.21.0&#8243; header_font=&#8221;PT Sans||||||||&#8221; header_text_color=&#8221;#000000&#8243; header_font_size=&#8221;14px&#8221; header_line_height=&#8221;1.9em&#8221; locked=&#8221;off&#8221; global_colors_info=&#8221;{}&#8221;][\/et_pb_blurb][et_pb_blurb title=&#8221;Solution: Solidarit\u00e9 &#038; Inclusion&#8221; url_new_window=&#8221;on&#8221; image=&#8221;http:\/\/13.79.159.165\/wp-content\/uploads\/2020\/03\/france.png&#8221; icon_placement=&#8221;left&#8221; content_max_width=&#8221;800px&#8221; _builder_version=&#8221;4.21.0&#8243; header_font=&#8221;PT Sans||||||||&#8221; header_text_color=&#8221;#000000&#8243; header_font_size=&#8221;14px&#8221; header_line_height=&#8221;1.9em&#8221; locked=&#8221;off&#8221; global_colors_info=&#8221;{}&#8221;][\/et_pb_blurb][et_pb_blurb title=&#8221;Website&#8221; url=&#8221;https:\/\/influencersproject.eu\/&#8221; url_new_window=&#8221;on&#8221; image=&#8221;https:\/\/rightchallenge.org\/wp-content\/uploads\/2023\/07\/Design-sem-nome-1.png&#8221; icon_placement=&#8221;left&#8221; content_max_width=&#8221;800px&#8221; _builder_version=&#8221;4.21.2&#8243; header_font=&#8221;|700|||||||&#8221; header_text_align=&#8221;left&#8221; header_text_color=&#8221;#0C71C3&#8243; header_font_size=&#8221;18px&#8221; header_line_height=&#8221;1.9em&#8221; body_font=&#8221;|700|||||||&#8221; custom_margin=&#8221;|||77px|false|false&#8221; custom_padding=&#8221;|||10px|false|false&#8221; hover_enabled=&#8221;0&#8243; locked=&#8221;off&#8221; global_colors_info=&#8221;{}&#8221; theme_builder_area=&#8221;post_content&#8221; link_option_url_new_window=&#8221;on&#8221; sticky_enabled=&#8221;0&#8243;][\/et_pb_blurb][et_pb_blurb title=&#8221;Facebook&#8221; url=&#8221;https:\/\/www.facebook.com\/influencersproject&#8221; url_new_window=&#8221;on&#8221; image=&#8221;https:\/\/rightchallenge.org\/wp-content\/uploads\/2023\/07\/5968764.png&#8221; icon_placement=&#8221;left&#8221; content_max_width=&#8221;800px&#8221; _builder_version=&#8221;4.21.2&#8243; header_font=&#8221;|700|||||||&#8221; header_text_align=&#8221;left&#8221; header_text_color=&#8221;#0C71C3&#8243; header_font_size=&#8221;18px&#8221; header_line_height=&#8221;1.9em&#8221; body_font=&#8221;|700|||||||&#8221; custom_margin=&#8221;-20px|88px||88px|false|true&#8221; hover_enabled=&#8221;0&#8243; locked=&#8221;off&#8221; global_colors_info=&#8221;{}&#8221; theme_builder_area=&#8221;post_content&#8221; link_option_url_new_window=&#8221;on&#8221; sticky_enabled=&#8221;0&#8243;][\/et_pb_blurb][\/et_pb_column][\/et_pb_row][\/et_pb_section]<\/p>\n","protected":false},"excerpt":{"rendered":"<p>O projeto &#8220;Influencers&#8221; tem como objetivo promover o envolvimento ativo dos jovens que vivem com uma defici\u00eancia ou com uma condi\u00e7\u00e3o de sa\u00fade a longo prazo atrav\u00e9s do empreendedorismo social. Embora o direito ao trabalho seja um direito fundamental consagrado no Artigo 27 da Conven\u00e7\u00e3o das Na\u00e7\u00f5es Unidas sobre os Direitos das Pessoas com Defici\u00eancia, [&hellip;]<\/p>\n","protected":false},"author":2,"featured_media":0,"parent":0,"menu_order":0,"comment_status":"closed","ping_status":"closed","template":"","meta":{"_et_pb_use_builder":"on","_et_pb_old_content":"","_et_gb_content_width":"","_monsterinsights_skip_tracking":false,"_monsterinsights_sitenote_active":false,"_monsterinsights_sitenote_note":"","_monsterinsights_sitenote_category":0,"footnotes":""},"class_list":["post-80","page","type-page","status-publish","hentry"],"yoast_head":"<!-- This site is optimized with the Yoast SEO plugin v27.6 - https:\/\/yoast.com\/product\/yoast-seo-wordpress\/ -->\n<title>INFLUENCERS - Rightchallenge<\/title>\n<meta name=\"robots\" content=\"index, follow, max-snippet:-1, max-image-preview:large, max-video-preview:-1\" \/>\n<link rel=\"canonical\" href=\"https:\/\/rightchallenge.org\/en\/influencers\/\" \/>\n<meta property=\"og:locale\" content=\"en_GB\" \/>\n<meta property=\"og:type\" content=\"article\" \/>\n<meta property=\"og:title\" content=\"INFLUENCERS - Rightchallenge\" \/>\n<meta property=\"og:description\" content=\"O projeto &quot;Influencers&quot; tem como objetivo promover o envolvimento ativo dos jovens que vivem com uma defici\u00eancia ou com uma condi\u00e7\u00e3o de sa\u00fade a longo prazo atrav\u00e9s do empreendedorismo social. Embora o direito ao trabalho seja um direito fundamental consagrado no Artigo 27 da Conven\u00e7\u00e3o das Na\u00e7\u00f5es Unidas sobre os Direitos das Pessoas com Defici\u00eancia, [&hellip;]\" \/>\n<meta property=\"og:url\" content=\"https:\/\/rightchallenge.org\/en\/influencers\/\" \/>\n<meta property=\"og:site_name\" content=\"Rightchallenge\" \/>\n<meta property=\"article:modified_time\" content=\"2023-08-09T15:38:26+00:00\" \/>\n<meta name=\"twitter:card\" content=\"summary_large_image\" \/>\n<meta name=\"twitter:label1\" content=\"Estimated reading time\" \/>\n\t<meta name=\"twitter:data1\" content=\"6 minutes\" \/>\n<script type=\"application\/ld+json\" class=\"yoast-schema-graph\">{\"@context\":\"https:\\\/\\\/schema.org\",\"@graph\":[{\"@type\":\"WebPage\",\"@id\":\"https:\\\/\\\/rightchallenge.org\\\/influencers\\\/\",\"url\":\"https:\\\/\\\/rightchallenge.org\\\/influencers\\\/\",\"name\":\"INFLUENCERS - Rightchallenge\",\"isPartOf\":{\"@id\":\"https:\\\/\\\/rightchallenge.org\\\/#website\"},\"datePublished\":\"2020-03-25T18:02:17+00:00\",\"dateModified\":\"2023-08-09T15:38:26+00:00\",\"breadcrumb\":{\"@id\":\"https:\\\/\\\/rightchallenge.org\\\/influencers\\\/#breadcrumb\"},\"inLanguage\":\"en-GB\",\"potentialAction\":[{\"@type\":\"ReadAction\",\"target\":[\"https:\\\/\\\/rightchallenge.org\\\/influencers\\\/\"]}]},{\"@type\":\"BreadcrumbList\",\"@id\":\"https:\\\/\\\/rightchallenge.org\\\/influencers\\\/#breadcrumb\",\"itemListElement\":[{\"@type\":\"ListItem\",\"position\":1,\"name\":\"In\u00edcio\",\"item\":\"https:\\\/\\\/rightchallenge.org\\\/\"},{\"@type\":\"ListItem\",\"position\":2,\"name\":\"INFLUENCERS\"}]},{\"@type\":\"WebSite\",\"@id\":\"https:\\\/\\\/rightchallenge.org\\\/#website\",\"url\":\"https:\\\/\\\/rightchallenge.org\\\/\",\"name\":\"Rightchallenge\",\"description\":\"Associa\u00e7\u00e3o\",\"potentialAction\":[{\"@type\":\"SearchAction\",\"target\":{\"@type\":\"EntryPoint\",\"urlTemplate\":\"https:\\\/\\\/rightchallenge.org\\\/?s={search_term_string}\"},\"query-input\":{\"@type\":\"PropertyValueSpecification\",\"valueRequired\":true,\"valueName\":\"search_term_string\"}}],\"inLanguage\":\"en-GB\"}]}<\/script>\n<!-- \/ Yoast SEO plugin. -->","yoast_head_json":{"title":"INFLUENCERS - Rightchallenge","robots":{"index":"index","follow":"follow","max-snippet":"max-snippet:-1","max-image-preview":"max-image-preview:large","max-video-preview":"max-video-preview:-1"},"canonical":"https:\/\/rightchallenge.org\/en\/influencers\/","og_locale":"en_GB","og_type":"article","og_title":"INFLUENCERS - Rightchallenge","og_description":"O projeto \"Influencers\" tem como objetivo promover o envolvimento ativo dos jovens que vivem com uma defici\u00eancia ou com uma condi\u00e7\u00e3o de sa\u00fade a longo prazo atrav\u00e9s do empreendedorismo social. Embora o direito ao trabalho seja um direito fundamental consagrado no Artigo 27 da Conven\u00e7\u00e3o das Na\u00e7\u00f5es Unidas sobre os Direitos das Pessoas com Defici\u00eancia, [&hellip;]","og_url":"https:\/\/rightchallenge.org\/en\/influencers\/","og_site_name":"Rightchallenge","article_modified_time":"2023-08-09T15:38:26+00:00","twitter_card":"summary_large_image","twitter_misc":{"Estimated reading time":"6 minutes"},"schema":{"@context":"https:\/\/schema.org","@graph":[{"@type":"WebPage","@id":"https:\/\/rightchallenge.org\/influencers\/","url":"https:\/\/rightchallenge.org\/influencers\/","name":"INFLUENCERS - Rightchallenge","isPartOf":{"@id":"https:\/\/rightchallenge.org\/#website"},"datePublished":"2020-03-25T18:02:17+00:00","dateModified":"2023-08-09T15:38:26+00:00","breadcrumb":{"@id":"https:\/\/rightchallenge.org\/influencers\/#breadcrumb"},"inLanguage":"en-GB","potentialAction":[{"@type":"ReadAction","target":["https:\/\/rightchallenge.org\/influencers\/"]}]},{"@type":"BreadcrumbList","@id":"https:\/\/rightchallenge.org\/influencers\/#breadcrumb","itemListElement":[{"@type":"ListItem","position":1,"name":"In\u00edcio","item":"https:\/\/rightchallenge.org\/"},{"@type":"ListItem","position":2,"name":"INFLUENCERS"}]},{"@type":"WebSite","@id":"https:\/\/rightchallenge.org\/#website","url":"https:\/\/rightchallenge.org\/","name":"Rightchallenge","description":"Associa\u00e7\u00e3o","potentialAction":[{"@type":"SearchAction","target":{"@type":"EntryPoint","urlTemplate":"https:\/\/rightchallenge.org\/?s={search_term_string}"},"query-input":{"@type":"PropertyValueSpecification","valueRequired":true,"valueName":"search_term_string"}}],"inLanguage":"en-GB"}]}},"_links":{"self":[{"href":"https:\/\/rightchallenge.org\/en\/wp-json\/wp\/v2\/pages\/80","targetHints":{"allow":["GET"]}}],"collection":[{"href":"https:\/\/rightchallenge.org\/en\/wp-json\/wp\/v2\/pages"}],"about":[{"href":"https:\/\/rightchallenge.org\/en\/wp-json\/wp\/v2\/types\/page"}],"author":[{"embeddable":true,"href":"https:\/\/rightchallenge.org\/en\/wp-json\/wp\/v2\/users\/2"}],"replies":[{"embeddable":true,"href":"https:\/\/rightchallenge.org\/en\/wp-json\/wp\/v2\/comments?post=80"}],"version-history":[{"count":13,"href":"https:\/\/rightchallenge.org\/en\/wp-json\/wp\/v2\/pages\/80\/revisions"}],"predecessor-version":[{"id":3428,"href":"https:\/\/rightchallenge.org\/en\/wp-json\/wp\/v2\/pages\/80\/revisions\/3428"}],"wp:attachment":[{"href":"https:\/\/rightchallenge.org\/en\/wp-json\/wp\/v2\/media?parent=80"}],"curies":[{"name":"wp","href":"https:\/\/api.w.org\/{rel}","templated":true}]}}