{"id":754,"date":"2021-01-07T15:16:25","date_gmt":"2021-01-07T15:16:25","guid":{"rendered":"https:\/\/rightchallenge.org\/?page_id=754"},"modified":"2023-08-09T17:04:00","modified_gmt":"2023-08-09T16:04:00","slug":"money-matters","status":"publish","type":"page","link":"https:\/\/rightchallenge.org\/en\/money-matters\/","title":{"rendered":"Money Matters"},"content":{"rendered":"<p>[et_pb_section fb_built=&#8221;1&#8243; admin_label=&#8221;Header&#8221; _builder_version=&#8221;4.16&#8243; global_colors_info=&#8221;{}&#8221;][et_pb_row column_structure=&#8221;3_5,2_5&#8243; custom_padding_last_edited=&#8221;off|desktop&#8221; _builder_version=&#8221;4.16&#8243; background_enable_color=&#8221;off&#8221; custom_padding_tablet=&#8221;||30px||false|false&#8221; locked=&#8221;off&#8221; global_colors_info=&#8221;{}&#8221;][et_pb_column type=&#8221;3_5&#8243; _builder_version=&#8221;4.16&#8243; custom_padding_tablet=&#8221;||20px||false|false&#8221; custom_padding_phone=&#8221;&#8221; custom_padding_last_edited=&#8221;on|tablet&#8221; global_colors_info=&#8221;{}&#8221;][et_pb_image src=&#8221;https:\/\/rightchallenge.org\/wp-content\/uploads\/2021\/01\/MoneyMatters_logo.png&#8221; title_text=&#8221;MoneyMatters_logo&#8221; align=&#8221;center&#8221; _builder_version=&#8221;4.16&#8243; width=&#8221;49%&#8221; global_colors_info=&#8221;{}&#8221;][\/et_pb_image][et_pb_text _builder_version=&#8221;4.21.0&#8243; text_font=&#8221;PT Sans||||||||&#8221; text_text_color=&#8221;#000000&#8243; text_font_size=&#8221;14px&#8221; text_line_height=&#8221;1.9em&#8221; global_colors_info=&#8221;{}&#8221;]<\/p>\n<p style=\"text-align: justify;\">O projeto <strong>&#8220;Money Matters&#8221;<\/strong> produziu novas pr\u00e1ticas pedag\u00f3gicas que impactaram a oferta na educa\u00e7\u00e3o de adultos, de forma a apoiar a aprendizagem familiar atrav\u00e9s de novas ferramentas de aprendizagem digital.<br \/>Depois dos Estados membros da UE estarem quase recuperados da crise financeira anterior, a pandemia Covid-19 veio trazer a perspetiva de um abrandamento econ\u00f3mico. <br \/>Embora as causas externas estejam entre as principais causas da situa\u00e7\u00e3o prec\u00e1ria em que algumas fam\u00edlias se encontram, muitas pessoas n\u00e3o possuem as <strong>compet\u00eancias-chave de literacia financeira<\/strong> que podem ajudar a melhorar as suas circunst\u00e2ncias. Como consequ\u00eancia, n\u00e3o s\u00e3o capazes de contornar a situa\u00e7\u00e3o de incerteza e mitigar o impacto das dificuldades financeiras.<br \/>O cons\u00f3rcio do Money Matters tem como objetivo responder \u00e0 falta de compet\u00eancias-chave de literacia financeira e capacitar as fam\u00edlias, fornecendo-lhes ferramentas para melhorar as suas compet\u00eancias de literacia financeira.<br \/>O projeto desenvolveu:<br \/><strong>Um programa de CPD<\/strong> para educadores de adultos, profissionais e partes interessadas relevantes, atrav\u00e9s de uma metodologia de forma\u00e7\u00e3o que possa ser personalizada e contextualizada \u00e0s necessidades locais.<br \/><strong>Uma plataforma online acess\u00edvel<\/strong> para promover e divulgar as abordagens eficazes e inovadoras do ensino da literacia financeira e da aprendizagem familiar para uma utiliza\u00e7\u00e3o mais alargada em toda a UE.<br \/>O <strong>objetivo dos recursos<\/strong> criados \u00e9 tamb\u00e9m disponibilizar ferramentas de literacia financeira que permitam aos formadores incluir dentro do seu ensino com as fam\u00edlias para garantir que as oportunidades de aprendizagem familiar s\u00e3o sens\u00edveis \u00e0s necessidades, desafios e oportunidades atuais do grupo-alvo. E, para al\u00e9m disso, aumentar a capacidade dos formadores para desenvolverem e inclu\u00edrem no seu ensino abordagens participativas e orientadas para o seu p\u00fablico-alvo.<\/p>\n<p>[\/et_pb_text][\/et_pb_column][et_pb_column type=&#8221;2_5&#8243; _builder_version=&#8221;4.16&#8243; background_color=&#8221;#ffffff&#8221; custom_padding=&#8221;50px|40px|60px|40px|false|true&#8221; custom_padding_tablet=&#8221;|50px||50px|false|true&#8221; custom_padding_phone=&#8221;&#8221; custom_padding_last_edited=&#8221;on|tablet&#8221; border_radii=&#8221;on|10px|10px|10px|10px&#8221; box_shadow_style=&#8221;preset1&#8243; box_shadow_color=&#8221;rgba(12,113,195,0.13)&#8221; global_colors_info=&#8221;{}&#8221;][et_pb_image src=&#8221;https:\/\/rightchallenge.org\/wp-content\/uploads\/2023\/07\/PT_Co-fundedbytheEU_RGB_POS.png&#8221; title_text=&#8221;PT_Co-fundedbytheEU_RGB_POS&#8221; align=&#8221;center&#8221; _builder_version=&#8221;4.21.2&#8243; max_width=&#8221;70%&#8221; hover_enabled=&#8221;0&#8243; global_colors_info=&#8221;{}&#8221; sticky_enabled=&#8221;0&#8243;][\/et_pb_image][et_pb_text _builder_version=&#8221;4.16&#8243; custom_margin=&#8221;||13px|||&#8221; custom_padding=&#8221;16px|||||&#8221; global_colors_info=&#8221;{}&#8221;]<\/p>\n<h3 style=\"text-align: center;\">Parceiros<\/h3>\n<p>[\/et_pb_text][et_pb_blurb title=&#8221;LEARNING UNLIMITED LTD&#8221; url=&#8221;https:\/\/www.learningunlimited.co\/&#8221; url_new_window=&#8221;on&#8221; image=&#8221;https:\/\/rightchallenge.org\/wp-content\/uploads\/2020\/06\/united-kingdom.png&#8221; icon_placement=&#8221;left&#8221; content_max_width=&#8221;800px&#8221; _builder_version=&#8221;4.21.0&#8243; header_font=&#8221;PT Sans||||||||&#8221; header_text_color=&#8221;#000000&#8243; header_font_size=&#8221;14px&#8221; header_line_height=&#8221;1.9em&#8221; locked=&#8221;off&#8221; global_colors_info=&#8221;{}&#8221;][\/et_pb_blurb][et_pb_blurb title=&#8221;Spectrum Research Centre CLG&#8221; url=&#8221;https:\/\/spectrumresearchcentre.com\/&#8221; url_new_window=&#8221;on&#8221; image=&#8221;https:\/\/rightchallenge.org\/wp-content\/uploads\/2020\/03\/ireland.png&#8221; icon_placement=&#8221;left&#8221; content_max_width=&#8221;800px&#8221; _builder_version=&#8221;4.21.0&#8243; header_font=&#8221;PT Sans||||||||&#8221; header_text_color=&#8221;#000000&#8243; header_font_size=&#8221;14px&#8221; header_line_height=&#8221;1.9em&#8221; locked=&#8221;off&#8221; global_colors_info=&#8221;{}&#8221;][\/et_pb_blurb][et_pb_blurb title=&#8221;CO&#038;SO -CONSORZIO PER LA COOPERAZIONE E LA SOLIDARIETA&#8217;-CONSORZIO DI COOPERATIVE SOCIALI-SOCIETA&#8217; COOPERATTIVA SOCIALE &#8221; url=&#8221;https:\/\/coeso.org\/&#8221; url_new_window=&#8221;on&#8221; image=&#8221;https:\/\/rightchallenge.org\/wp-content\/uploads\/2020\/05\/italy.png&#8221; icon_placement=&#8221;left&#8221; content_max_width=&#8221;800px&#8221; _builder_version=&#8221;4.21.0&#8243; header_font=&#8221;PT Sans||||||||&#8221; header_text_color=&#8221;#000000&#8243; header_font_size=&#8221;14px&#8221; header_line_height=&#8221;1.9em&#8221; locked=&#8221;off&#8221; global_colors_info=&#8221;{}&#8221;][\/et_pb_blurb][et_pb_blurb title=&#8221;INNOVADE LI LTD&#8221; url=&#8221;http:\/\/www.innovade.eu&#8221; url_new_window=&#8221;on&#8221; image=&#8221;https:\/\/rightchallenge.org\/wp-content\/uploads\/2020\/03\/cyprus.png&#8221; icon_placement=&#8221;left&#8221; content_max_width=&#8221;800px&#8221; _builder_version=&#8221;4.21.0&#8243; header_font=&#8221;PT Sans||||||||&#8221; header_text_color=&#8221;#000000&#8243; header_font_size=&#8221;14px&#8221; header_line_height=&#8221;1.9em&#8221; locked=&#8221;off&#8221; global_colors_info=&#8221;{}&#8221;][\/et_pb_blurb][et_pb_blurb title=&#8221;SYMPLEXIS&#8221; url=&#8221;https:\/\/symplexis.eu\/&#8221; url_new_window=&#8221;on&#8221; image=&#8221;https:\/\/rightchallenge.org\/wp-content\/uploads\/2020\/06\/greece.png&#8221; icon_placement=&#8221;left&#8221; content_max_width=&#8221;800px&#8221; _builder_version=&#8221;4.21.0&#8243; header_font=&#8221;PT Sans||||||||&#8221; header_text_color=&#8221;#2a3749&#8243; header_font_size=&#8221;14px&#8221; header_line_height=&#8221;1.9em&#8221; locked=&#8221;off&#8221; global_colors_info=&#8221;{}&#8221;][\/et_pb_blurb][et_pb_blurb title=&#8221;Website&#8221; url=&#8221;https:\/\/moneymattersproject.eu\/&#8221; url_new_window=&#8221;on&#8221; image=&#8221;https:\/\/rightchallenge.org\/wp-content\/uploads\/2023\/07\/Design-sem-nome-1.png&#8221; icon_placement=&#8221;left&#8221; content_max_width=&#8221;800px&#8221; _builder_version=&#8221;4.21.2&#8243; header_font=&#8221;|700|||||||&#8221; header_text_align=&#8221;left&#8221; header_text_color=&#8221;#0C71C3&#8243; header_font_size=&#8221;18px&#8221; header_line_height=&#8221;1.9em&#8221; body_font=&#8221;|700|||||||&#8221; custom_margin=&#8221;|||77px|false|false&#8221; custom_padding=&#8221;|||10px|false|false&#8221; hover_enabled=&#8221;0&#8243; locked=&#8221;off&#8221; global_colors_info=&#8221;{}&#8221; theme_builder_area=&#8221;post_content&#8221; link_option_url_new_window=&#8221;on&#8221; sticky_enabled=&#8221;0&#8243;][\/et_pb_blurb][et_pb_blurb title=&#8221;Facebook&#8221; url=&#8221;https:\/\/www.facebook.com\/MoneyMattersEducation&#8221; url_new_window=&#8221;on&#8221; image=&#8221;https:\/\/rightchallenge.org\/wp-content\/uploads\/2023\/07\/5968764.png&#8221; icon_placement=&#8221;left&#8221; content_max_width=&#8221;800px&#8221; _builder_version=&#8221;4.21.2&#8243; header_font=&#8221;|700|||||||&#8221; header_text_align=&#8221;left&#8221; header_text_color=&#8221;#0C71C3&#8243; header_font_size=&#8221;18px&#8221; header_line_height=&#8221;1.9em&#8221; body_font=&#8221;|700|||||||&#8221; custom_margin=&#8221;-20px|88px||88px|false|true&#8221; hover_enabled=&#8221;0&#8243; locked=&#8221;off&#8221; global_colors_info=&#8221;{}&#8221; theme_builder_area=&#8221;post_content&#8221; link_option_url_new_window=&#8221;on&#8221; sticky_enabled=&#8221;0&#8243;][\/et_pb_blurb][\/et_pb_column][\/et_pb_row][\/et_pb_section]<\/p>\n","protected":false},"excerpt":{"rendered":"<p>O projeto &#8220;Money Matters&#8221; produziu novas pr\u00e1ticas pedag\u00f3gicas que impactaram a oferta na educa\u00e7\u00e3o de adultos, de forma a apoiar a aprendizagem familiar atrav\u00e9s de novas ferramentas de aprendizagem digital.Depois dos Estados membros da UE estarem quase recuperados da crise financeira anterior, a pandemia Covid-19 veio trazer a perspetiva de um abrandamento econ\u00f3mico. Embora as [&hellip;]<\/p>\n","protected":false},"author":2,"featured_media":0,"parent":0,"menu_order":0,"comment_status":"closed","ping_status":"closed","template":"","meta":{"_et_pb_use_builder":"on","_et_pb_old_content":"","_et_gb_content_width":"","_monsterinsights_skip_tracking":false,"_monsterinsights_sitenote_active":false,"_monsterinsights_sitenote_note":"","_monsterinsights_sitenote_category":0,"footnotes":""},"class_list":["post-754","page","type-page","status-publish","hentry"],"yoast_head":"<!-- This site is optimized with the Yoast SEO plugin v27.5 - https:\/\/yoast.com\/product\/yoast-seo-wordpress\/ -->\n<title>Money Matters - Rightchallenge<\/title>\n<meta name=\"robots\" content=\"index, follow, max-snippet:-1, max-image-preview:large, max-video-preview:-1\" \/>\n<link rel=\"canonical\" href=\"https:\/\/rightchallenge.org\/en\/money-matters\/\" \/>\n<meta property=\"og:locale\" content=\"en_GB\" \/>\n<meta property=\"og:type\" content=\"article\" \/>\n<meta property=\"og:title\" content=\"Money Matters - Rightchallenge\" \/>\n<meta property=\"og:description\" content=\"O projeto &quot;Money Matters&quot; produziu novas pr\u00e1ticas pedag\u00f3gicas que impactaram a oferta na educa\u00e7\u00e3o de adultos, de forma a apoiar a aprendizagem familiar atrav\u00e9s de novas ferramentas de aprendizagem digital.Depois dos Estados membros da UE estarem quase recuperados da crise financeira anterior, a pandemia Covid-19 veio trazer a perspetiva de um abrandamento econ\u00f3mico. Embora as [&hellip;]\" \/>\n<meta property=\"og:url\" content=\"https:\/\/rightchallenge.org\/en\/money-matters\/\" \/>\n<meta property=\"og:site_name\" content=\"Rightchallenge\" \/>\n<meta property=\"article:modified_time\" content=\"2023-08-09T16:04:00+00:00\" \/>\n<meta name=\"twitter:card\" content=\"summary_large_image\" \/>\n<meta name=\"twitter:label1\" content=\"Estimated reading time\" \/>\n\t<meta name=\"twitter:data1\" content=\"5 minutes\" \/>\n<script type=\"application\/ld+json\" class=\"yoast-schema-graph\">{\"@context\":\"https:\\\/\\\/schema.org\",\"@graph\":[{\"@type\":\"WebPage\",\"@id\":\"https:\\\/\\\/rightchallenge.org\\\/money-matters\\\/\",\"url\":\"https:\\\/\\\/rightchallenge.org\\\/money-matters\\\/\",\"name\":\"Money Matters - Rightchallenge\",\"isPartOf\":{\"@id\":\"https:\\\/\\\/rightchallenge.org\\\/#website\"},\"datePublished\":\"2021-01-07T15:16:25+00:00\",\"dateModified\":\"2023-08-09T16:04:00+00:00\",\"breadcrumb\":{\"@id\":\"https:\\\/\\\/rightchallenge.org\\\/money-matters\\\/#breadcrumb\"},\"inLanguage\":\"en-GB\",\"potentialAction\":[{\"@type\":\"ReadAction\",\"target\":[\"https:\\\/\\\/rightchallenge.org\\\/money-matters\\\/\"]}]},{\"@type\":\"BreadcrumbList\",\"@id\":\"https:\\\/\\\/rightchallenge.org\\\/money-matters\\\/#breadcrumb\",\"itemListElement\":[{\"@type\":\"ListItem\",\"position\":1,\"name\":\"In\u00edcio\",\"item\":\"https:\\\/\\\/rightchallenge.org\\\/\"},{\"@type\":\"ListItem\",\"position\":2,\"name\":\"Money Matters\"}]},{\"@type\":\"WebSite\",\"@id\":\"https:\\\/\\\/rightchallenge.org\\\/#website\",\"url\":\"https:\\\/\\\/rightchallenge.org\\\/\",\"name\":\"Rightchallenge\",\"description\":\"Associa\u00e7\u00e3o\",\"potentialAction\":[{\"@type\":\"SearchAction\",\"target\":{\"@type\":\"EntryPoint\",\"urlTemplate\":\"https:\\\/\\\/rightchallenge.org\\\/?s={search_term_string}\"},\"query-input\":{\"@type\":\"PropertyValueSpecification\",\"valueRequired\":true,\"valueName\":\"search_term_string\"}}],\"inLanguage\":\"en-GB\"}]}<\/script>\n<!-- \/ Yoast SEO plugin. -->","yoast_head_json":{"title":"Money Matters - Rightchallenge","robots":{"index":"index","follow":"follow","max-snippet":"max-snippet:-1","max-image-preview":"max-image-preview:large","max-video-preview":"max-video-preview:-1"},"canonical":"https:\/\/rightchallenge.org\/en\/money-matters\/","og_locale":"en_GB","og_type":"article","og_title":"Money Matters - Rightchallenge","og_description":"O projeto \"Money Matters\" produziu novas pr\u00e1ticas pedag\u00f3gicas que impactaram a oferta na educa\u00e7\u00e3o de adultos, de forma a apoiar a aprendizagem familiar atrav\u00e9s de novas ferramentas de aprendizagem digital.Depois dos Estados membros da UE estarem quase recuperados da crise financeira anterior, a pandemia Covid-19 veio trazer a perspetiva de um abrandamento econ\u00f3mico. Embora as [&hellip;]","og_url":"https:\/\/rightchallenge.org\/en\/money-matters\/","og_site_name":"Rightchallenge","article_modified_time":"2023-08-09T16:04:00+00:00","twitter_card":"summary_large_image","twitter_misc":{"Estimated reading time":"5 minutes"},"schema":{"@context":"https:\/\/schema.org","@graph":[{"@type":"WebPage","@id":"https:\/\/rightchallenge.org\/money-matters\/","url":"https:\/\/rightchallenge.org\/money-matters\/","name":"Money Matters - Rightchallenge","isPartOf":{"@id":"https:\/\/rightchallenge.org\/#website"},"datePublished":"2021-01-07T15:16:25+00:00","dateModified":"2023-08-09T16:04:00+00:00","breadcrumb":{"@id":"https:\/\/rightchallenge.org\/money-matters\/#breadcrumb"},"inLanguage":"en-GB","potentialAction":[{"@type":"ReadAction","target":["https:\/\/rightchallenge.org\/money-matters\/"]}]},{"@type":"BreadcrumbList","@id":"https:\/\/rightchallenge.org\/money-matters\/#breadcrumb","itemListElement":[{"@type":"ListItem","position":1,"name":"In\u00edcio","item":"https:\/\/rightchallenge.org\/"},{"@type":"ListItem","position":2,"name":"Money Matters"}]},{"@type":"WebSite","@id":"https:\/\/rightchallenge.org\/#website","url":"https:\/\/rightchallenge.org\/","name":"Rightchallenge","description":"Associa\u00e7\u00e3o","potentialAction":[{"@type":"SearchAction","target":{"@type":"EntryPoint","urlTemplate":"https:\/\/rightchallenge.org\/?s={search_term_string}"},"query-input":{"@type":"PropertyValueSpecification","valueRequired":true,"valueName":"search_term_string"}}],"inLanguage":"en-GB"}]}},"_links":{"self":[{"href":"https:\/\/rightchallenge.org\/en\/wp-json\/wp\/v2\/pages\/754","targetHints":{"allow":["GET"]}}],"collection":[{"href":"https:\/\/rightchallenge.org\/en\/wp-json\/wp\/v2\/pages"}],"about":[{"href":"https:\/\/rightchallenge.org\/en\/wp-json\/wp\/v2\/types\/page"}],"author":[{"embeddable":true,"href":"https:\/\/rightchallenge.org\/en\/wp-json\/wp\/v2\/users\/2"}],"replies":[{"embeddable":true,"href":"https:\/\/rightchallenge.org\/en\/wp-json\/wp\/v2\/comments?post=754"}],"version-history":[{"count":13,"href":"https:\/\/rightchallenge.org\/en\/wp-json\/wp\/v2\/pages\/754\/revisions"}],"predecessor-version":[{"id":3434,"href":"https:\/\/rightchallenge.org\/en\/wp-json\/wp\/v2\/pages\/754\/revisions\/3434"}],"wp:attachment":[{"href":"https:\/\/rightchallenge.org\/en\/wp-json\/wp\/v2\/media?parent=754"}],"curies":[{"name":"wp","href":"https:\/\/api.w.org\/{rel}","templated":true}]}}