{"id":580,"date":"2020-06-09T14:42:21","date_gmt":"2020-06-09T14:42:21","guid":{"rendered":"https:\/\/rightchallenge.org\/?page_id=580"},"modified":"2023-08-09T16:15:08","modified_gmt":"2023-08-09T15:15:08","slug":"ayo","status":"publish","type":"page","link":"https:\/\/rightchallenge.org\/en\/ayo\/","title":{"rendered":"AYO"},"content":{"rendered":"<p>[et_pb_section fb_built=&#8221;1&#8243; admin_label=&#8221;Header&#8221; _builder_version=&#8221;4.16&#8243; global_colors_info=&#8221;{}&#8221; custom_css_main_element_last_edited=&#8221;on|desktop&#8221;][et_pb_row column_structure=&#8221;3_5,2_5&#8243; custom_padding_last_edited=&#8221;off|desktop&#8221; _builder_version=&#8221;4.16&#8243; background_enable_color=&#8221;off&#8221; custom_margin=&#8221;|415px||415px||true&#8221; custom_padding_tablet=&#8221;||30px||false|false&#8221; locked=&#8221;off&#8221; global_colors_info=&#8221;{}&#8221;][et_pb_column type=&#8221;3_5&#8243; _builder_version=&#8221;4.16&#8243; custom_padding_tablet=&#8221;||20px||false|false&#8221; custom_padding_phone=&#8221;&#8221; custom_padding_last_edited=&#8221;on|tablet&#8221; global_colors_info=&#8221;{}&#8221;][et_pb_image src=&#8221;https:\/\/rightchallenge.org\/wp-content\/uploads\/2021\/12\/Imagen1.png&#8221; title_text=&#8221;Imagen1&#8243; align=&#8221;center&#8221; _builder_version=&#8221;4.16&#8243; _module_preset=&#8221;default&#8221; width=&#8221;35%&#8221; max_width=&#8221;35%&#8221; global_colors_info=&#8221;{}&#8221;][\/et_pb_image][et_pb_text _builder_version=&#8221;4.21.2&#8243; text_font=&#8221;PT Sans||||||||&#8221; text_text_color=&#8221;#000000&#8243; text_font_size=&#8221;14px&#8221; text_line_height=&#8221;1.9em&#8221; global_colors_info=&#8221;{}&#8221;]<\/p>\n<p style=\"text-align: justify;\">O projeto <strong>&#8220;AYO&#8221; <\/strong>promove uma maior participa\u00e7\u00e3o de todos os jovens com o objetivo de criar impacto social em toda a comunidade.<\/p>\n<p style=\"text-align: justify;\">Apesar de existirem programas de apoio \u00e0 inclus\u00e3o de pessoas com defici\u00eancia, os parceiros do projeto identificaram necessidades, atrav\u00e9s da experi\u00eancia com jovens com defici\u00eancia, onde observaram que a percentagem de jovens com defici\u00eancia envolvidos em atividades juvenis \u00e9 ainda <strong>muito reduzida<\/strong>, sobretudo devido \u00e0 falta de prepara\u00e7\u00e3o das entidades e de forma\u00e7\u00e3o dos animadores da juventude.<\/p>\n<p style=\"text-align: justify;\">Assim, o projeto consiste numa alian\u00e7a estrat\u00e9gica onde partilham boas pr\u00e1ticas de acessibilidade nas organiza\u00e7\u00f5es juvenis e atrav\u00e9s de uma an\u00e1lise implementaram um guia sobre os aspetos a avaliar para tornar as entidades juvenis europeias mais acess\u00edveis.<\/p>\n<p style=\"text-align: justify;\">Al\u00e9m disso, tamb\u00e9m responde \u00e0 necessidade de a\u00e7\u00f5es que visem mostrar, impactar e\/ou sensibilizar a sociedade em geral para determinados aspetos, situa\u00e7\u00f5es e momentos da vida em que os direitos fundamentais dos jovens com defici\u00eancia n\u00e3o s\u00e3o respeitados.<\/p>\n<p style=\"text-align: justify;\">Para isso, o projeto:<\/p>\n<ul>\n<li style=\"text-align: justify;\">Desenvolveu e implementou uma metodologia de boas pr\u00e1ticas de acessibilidade atrav\u00e9s da coopera\u00e7\u00e3o e execu\u00e7\u00e3o de iniciativas conjuntas entre entidades europeias de juventude, a fim de promover as compet\u00eancias dos trabalhadores no dom\u00ednio da juventude e do emprego dos jovens.<\/li>\n<li style=\"text-align: justify;\">Apoiou os trabalhadores no dominio da juventude no desenvolvimento e interc\u00e2mbio de m\u00e9todos eficazes que cheguem aos jovens com defici\u00eancia.<\/li>\n<li style=\"text-align: justify;\">Sensibilizou as empresas em geral sobre certos aspetos, situa\u00e7\u00f5es e momentos da vida em que os direitos fundamentais dos jovens com defici\u00eancia s\u00e3o violados.<\/li>\n<\/ul>\n<p style=\"text-align: justify;\"><strong>Este projeto \u00e9 apoiado no \u00e2mbito do programa europeu Erasmus+<\/strong><\/p>\n<p>[\/et_pb_text][\/et_pb_column][et_pb_column type=&#8221;2_5&#8243; _builder_version=&#8221;4.16&#8243; background_color=&#8221;#ffffff&#8221; custom_padding=&#8221;50px|40px|60px|40px|false|true&#8221; custom_padding_tablet=&#8221;|50px||50px|false|true&#8221; custom_padding_phone=&#8221;&#8221; custom_padding_last_edited=&#8221;on|tablet&#8221; border_radii=&#8221;on|10px|10px|10px|10px&#8221; box_shadow_style=&#8221;preset1&#8243; box_shadow_color=&#8221;rgba(12,113,195,0.13)&#8221; global_colors_info=&#8221;{}&#8221;][et_pb_image src=&#8221;https:\/\/rightchallenge.org\/wp-content\/uploads\/2023\/07\/PT_Co-fundedbytheEU_RGB_POS.png&#8221; title_text=&#8221;PT_Co-fundedbytheEU_RGB_POS&#8221; align=&#8221;center&#8221; _builder_version=&#8221;4.21.2&#8243; max_width=&#8221;70%&#8221; hover_enabled=&#8221;0&#8243; global_colors_info=&#8221;{}&#8221; sticky_enabled=&#8221;0&#8243;][\/et_pb_image][et_pb_text _builder_version=&#8221;4.16&#8243; custom_margin=&#8221;||13px|||&#8221; custom_padding=&#8221;16px|||||&#8221; global_colors_info=&#8221;{}&#8221;]<\/p>\n<h3 style=\"text-align: center;\">Parceiros<\/h3>\n<p>[\/et_pb_text][et_pb_blurb title=&#8221;FEDERACI\u00d3N DE ASOCIACIONES DE DISCAPACITADOS COCEMFE ORETANIA C.REAL&#8221; url=&#8221;http:\/\/www.cocemfeoretania.es&#8221; url_new_window=&#8221;on&#8221; image=&#8221;https:\/\/rightchallenge.org\/wp-content\/uploads\/2020\/06\/spain.png&#8221; icon_placement=&#8221;left&#8221; content_max_width=&#8221;800px&#8221; _builder_version=&#8221;4.21.2&#8243; header_font=&#8221;PT Sans||||||||&#8221; header_text_color=&#8221;#000000&#8243; header_font_size=&#8221;14px&#8221; header_line_height=&#8221;1.9em&#8221; link_option_url_new_window=&#8221;on&#8221; locked=&#8221;off&#8221; global_colors_info=&#8221;{}&#8221;][\/et_pb_blurb][et_pb_blurb title=&#8221;Valjevikens folkh\u00f6gskola&#8221; url=&#8221;http:\/\/www.valjeviken.se&#8221; url_new_window=&#8221;on&#8221; image=&#8221;https:\/\/rightchallenge.org\/wp-content\/uploads\/2020\/06\/sweden.png&#8221; icon_placement=&#8221;left&#8221; content_max_width=&#8221;800px&#8221; _builder_version=&#8221;4.21.2&#8243; header_font=&#8221;PT Sans||||||||&#8221; header_text_color=&#8221;#000000&#8243; header_font_size=&#8221;14px&#8221; header_line_height=&#8221;1.9em&#8221; link_option_url_new_window=&#8221;on&#8221; locked=&#8221;off&#8221; global_colors_info=&#8221;{}&#8221;][\/et_pb_blurb][et_pb_blurb title=&#8221;ASOCIATIA CED ROMANIA CENTRUL DE EXCELENTA PRIN DIVERSITATE&#8221; url=&#8221;http:\/\/www.ced-romania.org.ro&#8221; url_new_window=&#8221;on&#8221; image=&#8221;https:\/\/rightchallenge.org\/wp-content\/uploads\/2020\/06\/romania.png&#8221; icon_placement=&#8221;left&#8221; content_max_width=&#8221;800px&#8221; _builder_version=&#8221;4.21.2&#8243; header_font=&#8221;PT Sans||||||||&#8221; header_text_color=&#8221;#000000&#8243; header_font_size=&#8221;14px&#8221; header_line_height=&#8221;1.9em&#8221; link_option_url_new_window=&#8221;on&#8221; locked=&#8221;off&#8221; global_colors_info=&#8221;{}&#8221;][\/et_pb_blurb][et_pb_blurb title=&#8221;Society in Progress&#8221; url_new_window=&#8221;on&#8221; image=&#8221;https:\/\/rightchallenge.org\/wp-content\/uploads\/2020\/06\/greece.png&#8221; icon_placement=&#8221;left&#8221; content_max_width=&#8221;800px&#8221; _builder_version=&#8221;4.21.2&#8243; header_font=&#8221;PT Sans||||||||&#8221; header_text_color=&#8221;#000000&#8243; header_font_size=&#8221;14px&#8221; header_line_height=&#8221;1.9em&#8221; link_option_url_new_window=&#8221;on&#8221; locked=&#8221;off&#8221; global_colors_info=&#8221;{}&#8221;][\/et_pb_blurb][\/et_pb_column][\/et_pb_row][\/et_pb_section]<\/p>\n","protected":false},"excerpt":{"rendered":"<p>O projeto &#8220;AYO&#8221; promove uma maior participa\u00e7\u00e3o de todos os jovens com o objetivo de criar impacto social em toda a comunidade. Apesar de existirem programas de apoio \u00e0 inclus\u00e3o de pessoas com defici\u00eancia, os parceiros do projeto identificaram necessidades, atrav\u00e9s da experi\u00eancia com jovens com defici\u00eancia, onde observaram que a percentagem de jovens com [&hellip;]<\/p>\n","protected":false},"author":2,"featured_media":0,"parent":0,"menu_order":0,"comment_status":"closed","ping_status":"closed","template":"","meta":{"_et_pb_use_builder":"on","_et_pb_old_content":"","_et_gb_content_width":"","_monsterinsights_skip_tracking":false,"_monsterinsights_sitenote_active":false,"_monsterinsights_sitenote_note":"","_monsterinsights_sitenote_category":0,"footnotes":""},"class_list":["post-580","page","type-page","status-publish","hentry"],"yoast_head":"<!-- This site is optimized with the Yoast SEO plugin v27.6 - https:\/\/yoast.com\/product\/yoast-seo-wordpress\/ -->\n<title>AYO - Rightchallenge<\/title>\n<meta name=\"robots\" content=\"index, follow, max-snippet:-1, max-image-preview:large, max-video-preview:-1\" \/>\n<link rel=\"canonical\" href=\"https:\/\/rightchallenge.org\/en\/ayo\/\" \/>\n<meta property=\"og:locale\" content=\"en_GB\" \/>\n<meta property=\"og:type\" content=\"article\" \/>\n<meta property=\"og:title\" content=\"AYO - Rightchallenge\" \/>\n<meta property=\"og:description\" content=\"O projeto &quot;AYO&quot; promove uma maior participa\u00e7\u00e3o de todos os jovens com o objetivo de criar impacto social em toda a comunidade. Apesar de existirem programas de apoio \u00e0 inclus\u00e3o de pessoas com defici\u00eancia, os parceiros do projeto identificaram necessidades, atrav\u00e9s da experi\u00eancia com jovens com defici\u00eancia, onde observaram que a percentagem de jovens com [&hellip;]\" \/>\n<meta property=\"og:url\" content=\"https:\/\/rightchallenge.org\/en\/ayo\/\" \/>\n<meta property=\"og:site_name\" content=\"Rightchallenge\" \/>\n<meta property=\"article:modified_time\" content=\"2023-08-09T15:15:08+00:00\" \/>\n<meta name=\"twitter:card\" content=\"summary_large_image\" \/>\n<meta name=\"twitter:label1\" content=\"Estimated reading time\" \/>\n\t<meta name=\"twitter:data1\" content=\"4 minutes\" \/>\n<script type=\"application\/ld+json\" class=\"yoast-schema-graph\">{\"@context\":\"https:\\\/\\\/schema.org\",\"@graph\":[{\"@type\":\"WebPage\",\"@id\":\"https:\\\/\\\/rightchallenge.org\\\/ayo\\\/\",\"url\":\"https:\\\/\\\/rightchallenge.org\\\/ayo\\\/\",\"name\":\"AYO - Rightchallenge\",\"isPartOf\":{\"@id\":\"https:\\\/\\\/rightchallenge.org\\\/#website\"},\"datePublished\":\"2020-06-09T14:42:21+00:00\",\"dateModified\":\"2023-08-09T15:15:08+00:00\",\"breadcrumb\":{\"@id\":\"https:\\\/\\\/rightchallenge.org\\\/ayo\\\/#breadcrumb\"},\"inLanguage\":\"en-GB\",\"potentialAction\":[{\"@type\":\"ReadAction\",\"target\":[\"https:\\\/\\\/rightchallenge.org\\\/ayo\\\/\"]}]},{\"@type\":\"BreadcrumbList\",\"@id\":\"https:\\\/\\\/rightchallenge.org\\\/ayo\\\/#breadcrumb\",\"itemListElement\":[{\"@type\":\"ListItem\",\"position\":1,\"name\":\"In\u00edcio\",\"item\":\"https:\\\/\\\/rightchallenge.org\\\/\"},{\"@type\":\"ListItem\",\"position\":2,\"name\":\"AYO\"}]},{\"@type\":\"WebSite\",\"@id\":\"https:\\\/\\\/rightchallenge.org\\\/#website\",\"url\":\"https:\\\/\\\/rightchallenge.org\\\/\",\"name\":\"Rightchallenge\",\"description\":\"Associa\u00e7\u00e3o\",\"potentialAction\":[{\"@type\":\"SearchAction\",\"target\":{\"@type\":\"EntryPoint\",\"urlTemplate\":\"https:\\\/\\\/rightchallenge.org\\\/?s={search_term_string}\"},\"query-input\":{\"@type\":\"PropertyValueSpecification\",\"valueRequired\":true,\"valueName\":\"search_term_string\"}}],\"inLanguage\":\"en-GB\"}]}<\/script>\n<!-- \/ Yoast SEO plugin. -->","yoast_head_json":{"title":"AYO - Rightchallenge","robots":{"index":"index","follow":"follow","max-snippet":"max-snippet:-1","max-image-preview":"max-image-preview:large","max-video-preview":"max-video-preview:-1"},"canonical":"https:\/\/rightchallenge.org\/en\/ayo\/","og_locale":"en_GB","og_type":"article","og_title":"AYO - Rightchallenge","og_description":"O projeto \"AYO\" promove uma maior participa\u00e7\u00e3o de todos os jovens com o objetivo de criar impacto social em toda a comunidade. Apesar de existirem programas de apoio \u00e0 inclus\u00e3o de pessoas com defici\u00eancia, os parceiros do projeto identificaram necessidades, atrav\u00e9s da experi\u00eancia com jovens com defici\u00eancia, onde observaram que a percentagem de jovens com [&hellip;]","og_url":"https:\/\/rightchallenge.org\/en\/ayo\/","og_site_name":"Rightchallenge","article_modified_time":"2023-08-09T15:15:08+00:00","twitter_card":"summary_large_image","twitter_misc":{"Estimated reading time":"4 minutes"},"schema":{"@context":"https:\/\/schema.org","@graph":[{"@type":"WebPage","@id":"https:\/\/rightchallenge.org\/ayo\/","url":"https:\/\/rightchallenge.org\/ayo\/","name":"AYO - Rightchallenge","isPartOf":{"@id":"https:\/\/rightchallenge.org\/#website"},"datePublished":"2020-06-09T14:42:21+00:00","dateModified":"2023-08-09T15:15:08+00:00","breadcrumb":{"@id":"https:\/\/rightchallenge.org\/ayo\/#breadcrumb"},"inLanguage":"en-GB","potentialAction":[{"@type":"ReadAction","target":["https:\/\/rightchallenge.org\/ayo\/"]}]},{"@type":"BreadcrumbList","@id":"https:\/\/rightchallenge.org\/ayo\/#breadcrumb","itemListElement":[{"@type":"ListItem","position":1,"name":"In\u00edcio","item":"https:\/\/rightchallenge.org\/"},{"@type":"ListItem","position":2,"name":"AYO"}]},{"@type":"WebSite","@id":"https:\/\/rightchallenge.org\/#website","url":"https:\/\/rightchallenge.org\/","name":"Rightchallenge","description":"Associa\u00e7\u00e3o","potentialAction":[{"@type":"SearchAction","target":{"@type":"EntryPoint","urlTemplate":"https:\/\/rightchallenge.org\/?s={search_term_string}"},"query-input":{"@type":"PropertyValueSpecification","valueRequired":true,"valueName":"search_term_string"}}],"inLanguage":"en-GB"}]}},"_links":{"self":[{"href":"https:\/\/rightchallenge.org\/en\/wp-json\/wp\/v2\/pages\/580","targetHints":{"allow":["GET"]}}],"collection":[{"href":"https:\/\/rightchallenge.org\/en\/wp-json\/wp\/v2\/pages"}],"about":[{"href":"https:\/\/rightchallenge.org\/en\/wp-json\/wp\/v2\/types\/page"}],"author":[{"embeddable":true,"href":"https:\/\/rightchallenge.org\/en\/wp-json\/wp\/v2\/users\/2"}],"replies":[{"embeddable":true,"href":"https:\/\/rightchallenge.org\/en\/wp-json\/wp\/v2\/comments?post=580"}],"version-history":[{"count":7,"href":"https:\/\/rightchallenge.org\/en\/wp-json\/wp\/v2\/pages\/580\/revisions"}],"predecessor-version":[{"id":3412,"href":"https:\/\/rightchallenge.org\/en\/wp-json\/wp\/v2\/pages\/580\/revisions\/3412"}],"wp:attachment":[{"href":"https:\/\/rightchallenge.org\/en\/wp-json\/wp\/v2\/media?parent=580"}],"curies":[{"name":"wp","href":"https:\/\/api.w.org\/{rel}","templated":true}]}}