{"id":5776,"date":"2026-04-17T11:38:43","date_gmt":"2026-04-17T10:38:43","guid":{"rendered":"https:\/\/rightchallenge.org\/?page_id=5776"},"modified":"2026-04-17T11:38:43","modified_gmt":"2026-04-17T10:38:43","slug":"politica-de-cookies-2","status":"publish","type":"page","link":"https:\/\/rightchallenge.org\/en\/politica-de-cookies-2\/","title":{"rendered":"Cookie Policy"},"content":{"rendered":"<p>[et_pb_section fb_built=&#8221;1&#8243; _builder_version=&#8221;4.16&#8243; _module_preset=&#8221;default&#8221; global_colors_info=&#8221;{}&#8221;][et_pb_row _builder_version=&#8221;4.16&#8243; _module_preset=&#8221;default&#8221; global_colors_info=&#8221;{}&#8221;][et_pb_column type=&#8221;4_4&#8243; _builder_version=&#8221;4.16&#8243; _module_preset=&#8221;default&#8221; global_colors_info=&#8221;{}&#8221;][et_pb_text _builder_version=&#8221;4.27.6&#8243; _module_preset=&#8221;default&#8221; text_font_size=&#8221;14px&#8221; text_orientation=&#8221;justified&#8221; hover_enabled=&#8221;0&#8243; global_colors_info=&#8221;{}&#8221; sticky_enabled=&#8221;0&#8243;]<\/p>\n<p style=\"text-align: justify;\"><strong>POL\u00cdTICA DE PROTE\u00c7\u00c3O DAS CRIAN\u00c7AS<\/strong><\/p>\n<p style=\"text-align: justify;\">by Rightchallenge | abril 17, 2026<\/p>\n<p style=\"text-align: justify;\">\n<p style=\"text-align: justify;\">\u00daltima atualiza\u00e7\u00e3o: 17\/04\/2026<\/p>\n<p style=\"text-align: justify;\">\n<p style=\"text-align: justify;\">A RightChallenge &#8211; Associa\u00e7\u00e3o aplica uma pol\u00edtica de toler\u00e2ncia zero em rela\u00e7\u00e3o ao abuso infantil e comportamentos inadequados. A RightChallenge reafirma a sua convic\u00e7\u00e3o nos direitos de todas as crian\u00e7as, incluindo o direito de serem protegidas de todas as formas de abuso, neglig\u00eancia, explora\u00e7\u00e3o e viol\u00eancia, e de desenvolverem todo o seu potencial, sendo saud\u00e1veis e felizes, tal como estabelecido na Conven\u00e7\u00e3o das Na\u00e7\u00f5es Unidas sobre os Direitos da Crian\u00e7a (1989) e na Conven\u00e7\u00e3o do Conselho da Europa para a Prote\u00e7\u00e3o das Crian\u00e7as contra a Explora\u00e7\u00e3o e o Abuso Sexual (Conven\u00e7\u00e3o de Lanzarote, 2007).<\/p>\n<p style=\"text-align: justify;\">Para efeitos da presente pol\u00edtica, entende-se por crian\u00e7a qualquer pessoa com idade inferior a dezoito anos. As crian\u00e7as com as quais o pessoal, volunt\u00e1rios, estagi\u00e1rios, colaboradores externos e associados da RightChallenge entrem em contacto ter\u00e3o garantidos os direitos expressos na UNCRC. Atrav\u00e9s do seu trabalho, a RightChallenge alinha-se com a &#8220;Estrat\u00e9gia da UE sobre os direitos da crian\u00e7a&#8221; e promove a\u00e7\u00f5es de apoio \u00e0 participa\u00e7\u00e3o das crian\u00e7as na vida pol\u00edtica e democr\u00e1tica, \u00e0 sua inclus\u00e3o econ\u00f3mica e social, ao seu direito \u00e0 sa\u00fade e \u00e0 educa\u00e7\u00e3o, proporcionando igualdade de oportunidades a todas as crian\u00e7as.<\/p>\n<p style=\"text-align: justify;\">A RightChallenge leva muito a s\u00e9rio a preven\u00e7\u00e3o do abuso infantil e compreende que este \u00e9 um problema generalizado que deve ser gerido de forma proativa. A elabora\u00e7\u00e3o deste manual e diretrizes demonstra o compromisso em tomar medidas proativas para proteger as crian\u00e7as nos programas e instala\u00e7\u00f5es da RightChallenge. A RightChallenge compromete-se a tomar decis\u00f5es e a\u00e7\u00f5es guiadas pelo princ\u00edpio do &#8220;superior interesse da crian\u00e7a&#8221;. O documento da Pol\u00edtica de Prote\u00e7\u00e3o de Crian\u00e7as define as regras de comportamento para todo o pessoal, abrangendo o recrutamento, conduta, forma\u00e7\u00e3o e trabalho com parceiros.<\/p>\n<p>&nbsp;<\/p>\n<p>[\/et_pb_text][et_pb_button button_text=&#8221;Transferir&#8221; _builder_version=&#8221;4.27.6&#8243; _module_preset=&#8221;default&#8221; button_alignment=&#8221;center&#8221; custom_button=&#8221;on&#8221; button_bg_color=&#8221;#0C71C3&#8243; button_bg_enable_color=&#8221;on&#8221; button_icon=&#8221;&#xe092;||divi||400&#8243; box_shadow_style=&#8221;preset1&#8243; hover_enabled=&#8221;0&#8243; sticky_enabled=&#8221;0&#8243; background_layout=&#8221;dark&#8221; button_on_hover=&#8221;off&#8221;][\/et_pb_button][\/et_pb_column][\/et_pb_row][\/et_pb_section]<\/p>\n","protected":false},"excerpt":{"rendered":"<p>POL\u00cdTICA DE PROTE\u00c7\u00c3O DAS CRIAN\u00c7AS by Rightchallenge | abril 17, 2026 \u00daltima atualiza\u00e7\u00e3o: 17\/04\/2026 A RightChallenge &#8211; Associa\u00e7\u00e3o aplica uma pol\u00edtica de toler\u00e2ncia zero em rela\u00e7\u00e3o ao abuso infantil e comportamentos inadequados. A RightChallenge reafirma a sua convic\u00e7\u00e3o nos direitos de todas as crian\u00e7as, incluindo o direito de serem protegidas de todas as formas de [&hellip;]<\/p>\n","protected":false},"author":2,"featured_media":0,"parent":0,"menu_order":0,"comment_status":"closed","ping_status":"closed","template":"","meta":{"_et_pb_use_builder":"on","_et_pb_old_content":"","_et_gb_content_width":"","_monsterinsights_skip_tracking":false,"_monsterinsights_sitenote_active":false,"_monsterinsights_sitenote_note":"","_monsterinsights_sitenote_category":0,"footnotes":""},"class_list":["post-5776","page","type-page","status-publish","hentry"],"yoast_head":"<!-- This site is optimized with the Yoast SEO plugin v27.4 - https:\/\/yoast.com\/product\/yoast-seo-wordpress\/ -->\n<title>Pol\u00edtica de Cookies - Rightchallenge<\/title>\n<meta name=\"robots\" content=\"index, follow, max-snippet:-1, max-image-preview:large, max-video-preview:-1\" \/>\n<link rel=\"canonical\" href=\"https:\/\/rightchallenge.org\/en\/politica-de-cookies-2\/\" \/>\n<meta property=\"og:locale\" content=\"en_GB\" \/>\n<meta property=\"og:type\" content=\"article\" \/>\n<meta property=\"og:title\" content=\"Pol\u00edtica de Cookies - Rightchallenge\" \/>\n<meta property=\"og:description\" content=\"POL\u00cdTICA DE PROTE\u00c7\u00c3O DAS CRIAN\u00c7AS by Rightchallenge | abril 17, 2026 \u00daltima atualiza\u00e7\u00e3o: 17\/04\/2026 A RightChallenge - Associa\u00e7\u00e3o aplica uma pol\u00edtica de toler\u00e2ncia zero em rela\u00e7\u00e3o ao abuso infantil e comportamentos inadequados. A RightChallenge reafirma a sua convic\u00e7\u00e3o nos direitos de todas as crian\u00e7as, incluindo o direito de serem protegidas de todas as formas de [&hellip;]\" \/>\n<meta property=\"og:url\" content=\"https:\/\/rightchallenge.org\/en\/politica-de-cookies-2\/\" \/>\n<meta property=\"og:site_name\" content=\"Rightchallenge\" \/>\n<meta name=\"twitter:card\" content=\"summary_large_image\" \/>\n<meta name=\"twitter:label1\" content=\"Estimated reading time\" \/>\n\t<meta name=\"twitter:data1\" content=\"7 minutes\" \/>\n<script type=\"application\/ld+json\" class=\"yoast-schema-graph\">{\"@context\":\"https:\\\/\\\/schema.org\",\"@graph\":[{\"@type\":\"WebPage\",\"@id\":\"https:\\\/\\\/rightchallenge.org\\\/politica-de-cookies-2\\\/\",\"url\":\"https:\\\/\\\/rightchallenge.org\\\/politica-de-cookies-2\\\/\",\"name\":\"Pol\u00edtica de Cookies - Rightchallenge\",\"isPartOf\":{\"@id\":\"https:\\\/\\\/rightchallenge.org\\\/#website\"},\"datePublished\":\"2026-04-17T10:38:43+00:00\",\"breadcrumb\":{\"@id\":\"https:\\\/\\\/rightchallenge.org\\\/politica-de-cookies-2\\\/#breadcrumb\"},\"inLanguage\":\"en-GB\",\"potentialAction\":[{\"@type\":\"ReadAction\",\"target\":[\"https:\\\/\\\/rightchallenge.org\\\/politica-de-cookies-2\\\/\"]}]},{\"@type\":\"BreadcrumbList\",\"@id\":\"https:\\\/\\\/rightchallenge.org\\\/politica-de-cookies-2\\\/#breadcrumb\",\"itemListElement\":[{\"@type\":\"ListItem\",\"position\":1,\"name\":\"In\u00edcio\",\"item\":\"https:\\\/\\\/rightchallenge.org\\\/\"},{\"@type\":\"ListItem\",\"position\":2,\"name\":\"Pol\u00edtica de Cookies\"}]},{\"@type\":\"WebSite\",\"@id\":\"https:\\\/\\\/rightchallenge.org\\\/#website\",\"url\":\"https:\\\/\\\/rightchallenge.org\\\/\",\"name\":\"Rightchallenge\",\"description\":\"Associa\u00e7\u00e3o\",\"potentialAction\":[{\"@type\":\"SearchAction\",\"target\":{\"@type\":\"EntryPoint\",\"urlTemplate\":\"https:\\\/\\\/rightchallenge.org\\\/?s={search_term_string}\"},\"query-input\":{\"@type\":\"PropertyValueSpecification\",\"valueRequired\":true,\"valueName\":\"search_term_string\"}}],\"inLanguage\":\"en-GB\"}]}<\/script>\n<!-- \/ Yoast SEO plugin. -->","yoast_head_json":{"title":"Pol\u00edtica de Cookies - Rightchallenge","robots":{"index":"index","follow":"follow","max-snippet":"max-snippet:-1","max-image-preview":"max-image-preview:large","max-video-preview":"max-video-preview:-1"},"canonical":"https:\/\/rightchallenge.org\/en\/politica-de-cookies-2\/","og_locale":"en_GB","og_type":"article","og_title":"Pol\u00edtica de Cookies - Rightchallenge","og_description":"POL\u00cdTICA DE PROTE\u00c7\u00c3O DAS CRIAN\u00c7AS by Rightchallenge | abril 17, 2026 \u00daltima atualiza\u00e7\u00e3o: 17\/04\/2026 A RightChallenge - Associa\u00e7\u00e3o aplica uma pol\u00edtica de toler\u00e2ncia zero em rela\u00e7\u00e3o ao abuso infantil e comportamentos inadequados. A RightChallenge reafirma a sua convic\u00e7\u00e3o nos direitos de todas as crian\u00e7as, incluindo o direito de serem protegidas de todas as formas de [&hellip;]","og_url":"https:\/\/rightchallenge.org\/en\/politica-de-cookies-2\/","og_site_name":"Rightchallenge","twitter_card":"summary_large_image","twitter_misc":{"Estimated reading time":"7 minutes"},"schema":{"@context":"https:\/\/schema.org","@graph":[{"@type":"WebPage","@id":"https:\/\/rightchallenge.org\/politica-de-cookies-2\/","url":"https:\/\/rightchallenge.org\/politica-de-cookies-2\/","name":"Pol\u00edtica de Cookies - Rightchallenge","isPartOf":{"@id":"https:\/\/rightchallenge.org\/#website"},"datePublished":"2026-04-17T10:38:43+00:00","breadcrumb":{"@id":"https:\/\/rightchallenge.org\/politica-de-cookies-2\/#breadcrumb"},"inLanguage":"en-GB","potentialAction":[{"@type":"ReadAction","target":["https:\/\/rightchallenge.org\/politica-de-cookies-2\/"]}]},{"@type":"BreadcrumbList","@id":"https:\/\/rightchallenge.org\/politica-de-cookies-2\/#breadcrumb","itemListElement":[{"@type":"ListItem","position":1,"name":"In\u00edcio","item":"https:\/\/rightchallenge.org\/"},{"@type":"ListItem","position":2,"name":"Pol\u00edtica de Cookies"}]},{"@type":"WebSite","@id":"https:\/\/rightchallenge.org\/#website","url":"https:\/\/rightchallenge.org\/","name":"Rightchallenge","description":"Associa\u00e7\u00e3o","potentialAction":[{"@type":"SearchAction","target":{"@type":"EntryPoint","urlTemplate":"https:\/\/rightchallenge.org\/?s={search_term_string}"},"query-input":{"@type":"PropertyValueSpecification","valueRequired":true,"valueName":"search_term_string"}}],"inLanguage":"en-GB"}]}},"_links":{"self":[{"href":"https:\/\/rightchallenge.org\/en\/wp-json\/wp\/v2\/pages\/5776","targetHints":{"allow":["GET"]}}],"collection":[{"href":"https:\/\/rightchallenge.org\/en\/wp-json\/wp\/v2\/pages"}],"about":[{"href":"https:\/\/rightchallenge.org\/en\/wp-json\/wp\/v2\/types\/page"}],"author":[{"embeddable":true,"href":"https:\/\/rightchallenge.org\/en\/wp-json\/wp\/v2\/users\/2"}],"replies":[{"embeddable":true,"href":"https:\/\/rightchallenge.org\/en\/wp-json\/wp\/v2\/comments?post=5776"}],"version-history":[{"count":1,"href":"https:\/\/rightchallenge.org\/en\/wp-json\/wp\/v2\/pages\/5776\/revisions"}],"predecessor-version":[{"id":5779,"href":"https:\/\/rightchallenge.org\/en\/wp-json\/wp\/v2\/pages\/5776\/revisions\/5779"}],"wp:attachment":[{"href":"https:\/\/rightchallenge.org\/en\/wp-json\/wp\/v2\/media?parent=5776"}],"curies":[{"name":"wp","href":"https:\/\/api.w.org\/{rel}","templated":true}]}}