{"id":573,"date":"2020-06-09T14:40:59","date_gmt":"2020-06-09T14:40:59","guid":{"rendered":"https:\/\/rightchallenge.org\/?page_id=573"},"modified":"2023-08-09T16:19:39","modified_gmt":"2023-08-09T15:19:39","slug":"emic","status":"publish","type":"page","link":"https:\/\/rightchallenge.org\/en\/emic\/","title":{"rendered":"EMIC"},"content":{"rendered":"<p>[et_pb_section fb_built=&#8221;1&#8243; admin_label=&#8221;Header&#8221; _builder_version=&#8221;4.16&#8243; global_colors_info=&#8221;{}&#8221; custom_css_main_element_last_edited=&#8221;on|desktop&#8221;][et_pb_row column_structure=&#8221;3_5,2_5&#8243; custom_padding_last_edited=&#8221;off|desktop&#8221; _builder_version=&#8221;4.16&#8243; background_enable_color=&#8221;off&#8221; custom_margin=&#8221;|415px||415px||true&#8221; custom_padding_tablet=&#8221;||30px||false|false&#8221; locked=&#8221;off&#8221; global_colors_info=&#8221;{}&#8221;][et_pb_column type=&#8221;3_5&#8243; _builder_version=&#8221;4.16&#8243; custom_padding_tablet=&#8221;||20px||false|false&#8221; custom_padding_phone=&#8221;&#8221; custom_padding_last_edited=&#8221;on|tablet&#8221; global_colors_info=&#8221;{}&#8221;][et_pb_text _builder_version=&#8221;4.16&#8243; text_font=&#8221;PT Sans||||||||&#8221; text_font_size=&#8221;16px&#8221; text_line_height=&#8221;1.8em&#8221; global_colors_info=&#8221;{}&#8221;]<\/p>\n<p>Os conflitos em curso no M\u00e9dio Oriente e em \u00c1frica resultam em movimentos migrat\u00f3rios para a Europa, por um lado, e em pa\u00edses europeus que encerram as suas fronteiras, por outro. A Uni\u00e3o Europeia enfrenta atualmente um dos seus maiores desafios.<\/p>\n<p>O nosso projeto apoia a convic\u00e7\u00e3o de que uma maior coordena\u00e7\u00e3o entre os Estados-Membros da UE e a cria\u00e7\u00e3o de valores europeus comuns permitir\u00e1 gerir de forma mais sustent\u00e1vel os fluxos migrat\u00f3rios e de asilo.<\/p>\n<p>A fim de refor\u00e7ar a Uni\u00e3o Europeia e apoiar os movimentos de integra\u00e7\u00e3o na UE, \u00e9 necess\u00e1rio implementar um projeto europeu comum. Por conseguinte, os refugiados e os migrantes precisam de ser integrados com mais \u00eaxito &#8211; n\u00e3o s\u00f3 na sociedade do pa\u00eds de acolhimento espec\u00edfico, mas tamb\u00e9m na comunidade europeia.<\/p>\n<p>O projeto visa adaptar cursos especiais &#8211; centrados nos conte\u00fados europeus &#8211; aos cursos de integra\u00e7\u00e3o j\u00e1 existentes nos diferentes pa\u00edses europeus. Os cursos cont\u00eam diferentes m\u00f3dulos que tratam da cultura, hist\u00f3ria, sistema legal e formas de intera\u00e7\u00e3o social no pa\u00eds de acolhimento em particular.<\/p>\n<p>[\/et_pb_text][\/et_pb_column][et_pb_column type=&#8221;2_5&#8243; _builder_version=&#8221;4.16&#8243; background_color=&#8221;#ffffff&#8221; custom_padding=&#8221;50px|40px|60px|40px|false|true&#8221; custom_padding_tablet=&#8221;|50px||50px|false|true&#8221; custom_padding_phone=&#8221;&#8221; custom_padding_last_edited=&#8221;on|tablet&#8221; border_radii=&#8221;on|10px|10px|10px|10px&#8221; box_shadow_style=&#8221;preset1&#8243; box_shadow_color=&#8221;rgba(12,113,195,0.13)&#8221; global_colors_info=&#8221;{}&#8221;][et_pb_image src=&#8221;https:\/\/rightchallenge.org\/wp-content\/uploads\/2023\/07\/PT_Co-fundedbytheEU_RGB_POS.png&#8221; title_text=&#8221;PT_Co-fundedbytheEU_RGB_POS&#8221; align=&#8221;center&#8221; _builder_version=&#8221;4.21.2&#8243; max_width=&#8221;70%&#8221; hover_enabled=&#8221;0&#8243; global_colors_info=&#8221;{}&#8221; sticky_enabled=&#8221;0&#8243;][\/et_pb_image][et_pb_text _builder_version=&#8221;4.16&#8243; custom_margin=&#8221;||13px|||&#8221; custom_padding=&#8221;16px|||||&#8221; global_colors_info=&#8221;{}&#8221;]<\/p>\n<h3 style=\"text-align: center;\">Parceiros<\/h3>\n<p>[\/et_pb_text][et_pb_blurb title=&#8221; Verein f\u00fcr Europ\u00e4ische Sozialarbeit, Bildung und Erziehung e.V.&#8221; url=&#8221;http:\/\/www.vesbe.de&#8221; url_new_window=&#8221;on&#8221; image=&#8221;https:\/\/rightchallenge.org\/wp-content\/uploads\/2020\/03\/germany.png&#8221; icon_placement=&#8221;left&#8221; content_max_width=&#8221;800px&#8221; _builder_version=&#8221;4.16&#8243; header_font=&#8221;PT Sans|700|||||||&#8221; header_text_color=&#8221;#2a3749&#8243; header_font_size=&#8221;16px&#8221; header_line_height=&#8221;1.9em&#8221; locked=&#8221;off&#8221; global_colors_info=&#8221;{}&#8221;][\/et_pb_blurb][et_pb_blurb title=&#8221;VSI INOVACIJU BIURAS&#8221; url=&#8221;http:\/\/www.inovacijubiuras.lt&#8221; url_new_window=&#8221;on&#8221; image=&#8221;https:\/\/rightchallenge.org\/wp-content\/uploads\/2020\/06\/lithuania.png&#8221; icon_placement=&#8221;left&#8221; content_max_width=&#8221;800px&#8221; _builder_version=&#8221;4.16&#8243; header_font=&#8221;PT Sans|700|||||||&#8221; header_text_color=&#8221;#2a3749&#8243; header_font_size=&#8221;16px&#8221; header_line_height=&#8221;1.9em&#8221; locked=&#8221;off&#8221; global_colors_info=&#8221;{}&#8221;][\/et_pb_blurb][et_pb_blurb title=&#8221;ASSOCIATION FOR RESEARCH EDUCATION AND DEVELOPMENT MARKETING GATE SKOPJE&#8221; url=&#8221;http:\/\/marketinggate.org&#8221; url_new_window=&#8221;on&#8221; image=&#8221;https:\/\/rightchallenge.org\/wp-content\/uploads\/2020\/06\/republic-of-macedonia.png&#8221; icon_placement=&#8221;left&#8221; content_max_width=&#8221;800px&#8221; _builder_version=&#8221;4.16&#8243; header_font=&#8221;PT Sans|700|||||||&#8221; header_text_color=&#8221;#2a3749&#8243; header_font_size=&#8221;16px&#8221; header_line_height=&#8221;1.9em&#8221; locked=&#8221;off&#8221; global_colors_info=&#8221;{}&#8221;][\/et_pb_blurb][et_pb_blurb title=&#8221;Shelter %22Safe House%22&#8243; url=&#8221;http:\/\/www.patverums-dm.lv&#8221; url_new_window=&#8221;on&#8221; image=&#8221;https:\/\/rightchallenge.org\/wp-content\/uploads\/2020\/06\/latvia.png&#8221; icon_placement=&#8221;left&#8221; content_max_width=&#8221;800px&#8221; _builder_version=&#8221;4.16&#8243; header_font=&#8221;PT Sans|700|||||||&#8221; header_text_color=&#8221;#2a3749&#8243; header_font_size=&#8221;16px&#8221; header_line_height=&#8221;1.9em&#8221; locked=&#8221;off&#8221; global_colors_info=&#8221;{}&#8221;][\/et_pb_blurb][et_pb_button button_url=&#8221;https:\/\/uferlos.wixsite.com\/eeob&#8221; url_new_window=&#8221;on&#8221; button_text=&#8221;Website&#8221; button_alignment=&#8221;center&#8221; disabled_on=&#8221;on|on|on&#8221; _builder_version=&#8221;4.16&#8243; custom_button=&#8221;on&#8221; button_text_size=&#8221;12px&#8221; button_text_color=&#8221;#ffffff&#8221; button_bg_color=&#8221;#007aff&#8221; button_border_width=&#8221;0px&#8221; button_border_radius=&#8221;100px&#8221; button_letter_spacing=&#8221;2px&#8221; button_font=&#8221;PT Sans|900||on|||||&#8221; button_use_icon=&#8221;off&#8221; custom_margin_tablet=&#8221;40px||40px||true|false&#8221; custom_margin_last_edited=&#8221;off|tablet&#8221; custom_padding=&#8221;20px|24px|20px|24px|true|true&#8221; box_shadow_style=&#8221;preset3&#8243; box_shadow_blur=&#8221;28px&#8221; box_shadow_spread=&#8221;-10px&#8221; box_shadow_color=&#8221;rgba(0,122,255,0.33)&#8221; disabled=&#8221;on&#8221; locked=&#8221;off&#8221; global_colors_info=&#8221;{}&#8221; box_shadow_color__hover=&#8221;#2585b2&#8243; box_shadow_blur__hover_enabled=&#8221;off&#8221; box_shadow_blur__hover=&#8221;20px&#8221; box_shadow_vertical__hover_enabled=&#8221;off&#8221; box_shadow_vertical__hover=&#8221;10px&#8221;][\/et_pb_button][\/et_pb_column][\/et_pb_row][\/et_pb_section][et_pb_section fb_built=&#8221;1&#8243; custom_padding_last_edited=&#8221;on|tablet&#8221; disabled_on=&#8221;on|on|on&#8221; admin_label=&#8221;Services&#8221; _builder_version=&#8221;4.16&#8243; background_image=&#8221;http:\/\/13.79.159.165\/wp-content\/uploads\/2020\/03\/img-02-1.png&#8221; background_size=&#8221;initial&#8221; custom_padding=&#8221;20px||20px||true|&#8221; custom_padding_tablet=&#8221;40px||40px||true|false&#8221; custom_padding_phone=&#8221;&#8221; disabled=&#8221;on&#8221; locked=&#8221;off&#8221; global_colors_info=&#8221;{}&#8221;][et_pb_row make_equal=&#8221;on&#8221; _builder_version=&#8221;4.16&#8243; custom_margin=&#8221;|390px||390px||true&#8221; custom_margin_tablet=&#8221;|75px|-80px|75px|false|true&#8221; custom_margin_phone=&#8221;|46px|-80px|46px|false|true&#8221; custom_margin_last_edited=&#8221;on|tablet&#8221; custom_padding=&#8221;|0px||0px||true&#8221; global_colors_info=&#8221;{}&#8221;][et_pb_column type=&#8221;4_4&#8243; _builder_version=&#8221;4.16&#8243; background_color=&#8221;#ffffff&#8221; custom_padding=&#8221;30px|30px|30px|30px|true|true&#8221; custom_padding_tablet=&#8221;&#8221; custom_padding_phone=&#8221;|20px||20px|true|true&#8221; custom_padding_last_edited=&#8221;on|phone&#8221; border_radii=&#8221;on|10px|10px|10px|10px&#8221; box_shadow_style=&#8221;preset1&#8243; box_shadow_color=&#8221;rgba(12,113,195,0.13)&#8221; global_colors_info=&#8221;{}&#8221;][et_pb_text _builder_version=&#8221;4.16&#8243; header_4_font=&#8221;PT Sans|700||on|||||&#8221; header_4_text_color=&#8221;#7cda24&#8243; header_4_font_size=&#8221;11px&#8221; header_4_letter_spacing=&#8221;1px&#8221; background_enable_image=&#8221;off&#8221; background_size=&#8221;initial&#8221; background_position=&#8221;center_right&#8221; custom_padding=&#8221;8px||||false|false&#8221; border_color_all=&#8221;#7CDA24&#8243; border_width_top=&#8221;1px&#8221; global_colors_info=&#8221;{}&#8221;]<\/p>\n<h4>Ac\u00e7\u00f5es<\/h4>\n<p>[\/et_pb_text][et_pb_text _builder_version=&#8221;4.16&#8243; text_font=&#8221;PT Sans||||||||&#8221; text_font_size=&#8221;16px&#8221; text_line_height=&#8221;1.8em&#8221; header_font=&#8221;||||||||&#8221; header_3_font=&#8221;Playfair Display|700|||||||&#8221; header_3_font_size=&#8221;28px&#8221; header_3_line_height=&#8221;1.2em&#8221; header_3_font_size_tablet=&#8221;24px&#8221; header_3_font_size_phone=&#8221;18px&#8221; header_3_font_size_last_edited=&#8221;on|phone&#8221; global_colors_info=&#8221;{}&#8221;]<\/p>\n<h3>As principais a\u00e7\u00f5es deste projeto s\u00e3o:<\/h3>\n<p>[\/et_pb_text][et_pb_blurb use_icon=&#8221;on&#8221; font_icon=&#8221;&#x4b;||divi||400&#8243; icon_color=&#8221;#007aff&#8221; icon_placement=&#8221;left&#8221; content_max_width=&#8221;800px&#8221; _builder_version=&#8221;4.16&#8243; header_font=&#8221;PT Sans|700|||||||&#8221; header_text_color=&#8221;#2a3749&#8243; header_font_size=&#8221;16px&#8221; header_line_height=&#8221;1.9em&#8221; custom_margin=&#8221;||17px||false|false&#8221; locked=&#8221;off&#8221; global_colors_info=&#8221;{}&#8221;]<\/p>\n<p style=\"text-align: justify;\">Um conceito de qualifica\u00e7\u00e3o dos animadores socio-educativos para lidar com medidas de promo\u00e7\u00e3o democr\u00e1tica no dom\u00ednio da preven\u00e7\u00e3o do racismo, da homofobia e de outras recusas, bem como medidas inclusivas para refugiados e migrantes;<\/p>\n<p>[\/et_pb_blurb][et_pb_blurb use_icon=&#8221;on&#8221; font_icon=&#8221;&#x4b;||divi||400&#8243; icon_color=&#8221;#007aff&#8221; icon_placement=&#8221;left&#8221; content_max_width=&#8221;800px&#8221; _builder_version=&#8221;4.16&#8243; header_font=&#8221;PT Sans|700|||||||&#8221; header_text_color=&#8221;#2a3749&#8243; header_font_size=&#8221;16px&#8221; header_line_height=&#8221;1.9em&#8221; custom_margin=&#8221;||17px||false|false&#8221; locked=&#8221;off&#8221; global_colors_info=&#8221;{}&#8221;]<\/p>\n<p style=\"text-align: justify;\">Materiais conceptuais para a\u00e7\u00f5es e processos de conce\u00e7\u00e3o individual de atividades destinadas a promover a compreens\u00e3o democr\u00e1tica, atitudes inclusivas e o desmantelamento do racismo, do radicalismo violento e da discrimina\u00e7\u00e3o em geral.<\/p>\n<p>[\/et_pb_blurb][\/et_pb_column][\/et_pb_row][\/et_pb_section]<\/p>\n","protected":false},"excerpt":{"rendered":"<p>Os conflitos em curso no M\u00e9dio Oriente e em \u00c1frica resultam em movimentos migrat\u00f3rios para a Europa, por um lado, e em pa\u00edses europeus que encerram as suas fronteiras, por outro. A Uni\u00e3o Europeia enfrenta atualmente um dos seus maiores desafios. O nosso projeto apoia a convic\u00e7\u00e3o de que uma maior coordena\u00e7\u00e3o entre os Estados-Membros [&hellip;]<\/p>\n","protected":false},"author":2,"featured_media":0,"parent":0,"menu_order":0,"comment_status":"closed","ping_status":"closed","template":"","meta":{"_et_pb_use_builder":"on","_et_pb_old_content":"","_et_gb_content_width":"","_monsterinsights_skip_tracking":false,"_monsterinsights_sitenote_active":false,"_monsterinsights_sitenote_note":"","_monsterinsights_sitenote_category":0,"footnotes":""},"class_list":["post-573","page","type-page","status-publish","hentry"],"yoast_head":"<!-- This site is optimized with the Yoast SEO plugin v27.4 - https:\/\/yoast.com\/product\/yoast-seo-wordpress\/ -->\n<title>EMIC - Rightchallenge<\/title>\n<meta name=\"robots\" content=\"index, follow, max-snippet:-1, max-image-preview:large, max-video-preview:-1\" \/>\n<link rel=\"canonical\" href=\"https:\/\/rightchallenge.org\/en\/emic\/\" \/>\n<meta property=\"og:locale\" content=\"en_GB\" \/>\n<meta property=\"og:type\" content=\"article\" \/>\n<meta property=\"og:title\" content=\"EMIC - Rightchallenge\" \/>\n<meta property=\"og:description\" content=\"Os conflitos em curso no M\u00e9dio Oriente e em \u00c1frica resultam em movimentos migrat\u00f3rios para a Europa, por um lado, e em pa\u00edses europeus que encerram as suas fronteiras, por outro. A Uni\u00e3o Europeia enfrenta atualmente um dos seus maiores desafios. O nosso projeto apoia a convic\u00e7\u00e3o de que uma maior coordena\u00e7\u00e3o entre os Estados-Membros [&hellip;]\" \/>\n<meta property=\"og:url\" content=\"https:\/\/rightchallenge.org\/en\/emic\/\" \/>\n<meta property=\"og:site_name\" content=\"Rightchallenge\" \/>\n<meta property=\"article:modified_time\" content=\"2023-08-09T15:19:39+00:00\" \/>\n<meta name=\"twitter:card\" content=\"summary_large_image\" \/>\n<meta name=\"twitter:label1\" content=\"Estimated reading time\" \/>\n\t<meta name=\"twitter:data1\" content=\"6 minutes\" \/>\n<script type=\"application\/ld+json\" class=\"yoast-schema-graph\">{\"@context\":\"https:\\\/\\\/schema.org\",\"@graph\":[{\"@type\":\"WebPage\",\"@id\":\"https:\\\/\\\/rightchallenge.org\\\/emic\\\/\",\"url\":\"https:\\\/\\\/rightchallenge.org\\\/emic\\\/\",\"name\":\"EMIC - Rightchallenge\",\"isPartOf\":{\"@id\":\"https:\\\/\\\/rightchallenge.org\\\/#website\"},\"datePublished\":\"2020-06-09T14:40:59+00:00\",\"dateModified\":\"2023-08-09T15:19:39+00:00\",\"breadcrumb\":{\"@id\":\"https:\\\/\\\/rightchallenge.org\\\/emic\\\/#breadcrumb\"},\"inLanguage\":\"en-GB\",\"potentialAction\":[{\"@type\":\"ReadAction\",\"target\":[\"https:\\\/\\\/rightchallenge.org\\\/emic\\\/\"]}]},{\"@type\":\"BreadcrumbList\",\"@id\":\"https:\\\/\\\/rightchallenge.org\\\/emic\\\/#breadcrumb\",\"itemListElement\":[{\"@type\":\"ListItem\",\"position\":1,\"name\":\"In\u00edcio\",\"item\":\"https:\\\/\\\/rightchallenge.org\\\/\"},{\"@type\":\"ListItem\",\"position\":2,\"name\":\"EMIC\"}]},{\"@type\":\"WebSite\",\"@id\":\"https:\\\/\\\/rightchallenge.org\\\/#website\",\"url\":\"https:\\\/\\\/rightchallenge.org\\\/\",\"name\":\"Rightchallenge\",\"description\":\"Associa\u00e7\u00e3o\",\"potentialAction\":[{\"@type\":\"SearchAction\",\"target\":{\"@type\":\"EntryPoint\",\"urlTemplate\":\"https:\\\/\\\/rightchallenge.org\\\/?s={search_term_string}\"},\"query-input\":{\"@type\":\"PropertyValueSpecification\",\"valueRequired\":true,\"valueName\":\"search_term_string\"}}],\"inLanguage\":\"en-GB\"}]}<\/script>\n<!-- \/ Yoast SEO plugin. -->","yoast_head_json":{"title":"EMIC - Rightchallenge","robots":{"index":"index","follow":"follow","max-snippet":"max-snippet:-1","max-image-preview":"max-image-preview:large","max-video-preview":"max-video-preview:-1"},"canonical":"https:\/\/rightchallenge.org\/en\/emic\/","og_locale":"en_GB","og_type":"article","og_title":"EMIC - Rightchallenge","og_description":"Os conflitos em curso no M\u00e9dio Oriente e em \u00c1frica resultam em movimentos migrat\u00f3rios para a Europa, por um lado, e em pa\u00edses europeus que encerram as suas fronteiras, por outro. A Uni\u00e3o Europeia enfrenta atualmente um dos seus maiores desafios. O nosso projeto apoia a convic\u00e7\u00e3o de que uma maior coordena\u00e7\u00e3o entre os Estados-Membros [&hellip;]","og_url":"https:\/\/rightchallenge.org\/en\/emic\/","og_site_name":"Rightchallenge","article_modified_time":"2023-08-09T15:19:39+00:00","twitter_card":"summary_large_image","twitter_misc":{"Estimated reading time":"6 minutes"},"schema":{"@context":"https:\/\/schema.org","@graph":[{"@type":"WebPage","@id":"https:\/\/rightchallenge.org\/emic\/","url":"https:\/\/rightchallenge.org\/emic\/","name":"EMIC - Rightchallenge","isPartOf":{"@id":"https:\/\/rightchallenge.org\/#website"},"datePublished":"2020-06-09T14:40:59+00:00","dateModified":"2023-08-09T15:19:39+00:00","breadcrumb":{"@id":"https:\/\/rightchallenge.org\/emic\/#breadcrumb"},"inLanguage":"en-GB","potentialAction":[{"@type":"ReadAction","target":["https:\/\/rightchallenge.org\/emic\/"]}]},{"@type":"BreadcrumbList","@id":"https:\/\/rightchallenge.org\/emic\/#breadcrumb","itemListElement":[{"@type":"ListItem","position":1,"name":"In\u00edcio","item":"https:\/\/rightchallenge.org\/"},{"@type":"ListItem","position":2,"name":"EMIC"}]},{"@type":"WebSite","@id":"https:\/\/rightchallenge.org\/#website","url":"https:\/\/rightchallenge.org\/","name":"Rightchallenge","description":"Associa\u00e7\u00e3o","potentialAction":[{"@type":"SearchAction","target":{"@type":"EntryPoint","urlTemplate":"https:\/\/rightchallenge.org\/?s={search_term_string}"},"query-input":{"@type":"PropertyValueSpecification","valueRequired":true,"valueName":"search_term_string"}}],"inLanguage":"en-GB"}]}},"_links":{"self":[{"href":"https:\/\/rightchallenge.org\/en\/wp-json\/wp\/v2\/pages\/573","targetHints":{"allow":["GET"]}}],"collection":[{"href":"https:\/\/rightchallenge.org\/en\/wp-json\/wp\/v2\/pages"}],"about":[{"href":"https:\/\/rightchallenge.org\/en\/wp-json\/wp\/v2\/types\/page"}],"author":[{"embeddable":true,"href":"https:\/\/rightchallenge.org\/en\/wp-json\/wp\/v2\/users\/2"}],"replies":[{"embeddable":true,"href":"https:\/\/rightchallenge.org\/en\/wp-json\/wp\/v2\/comments?post=573"}],"version-history":[{"count":5,"href":"https:\/\/rightchallenge.org\/en\/wp-json\/wp\/v2\/pages\/573\/revisions"}],"predecessor-version":[{"id":3416,"href":"https:\/\/rightchallenge.org\/en\/wp-json\/wp\/v2\/pages\/573\/revisions\/3416"}],"wp:attachment":[{"href":"https:\/\/rightchallenge.org\/en\/wp-json\/wp\/v2\/media?parent=573"}],"curies":[{"name":"wp","href":"https:\/\/api.w.org\/{rel}","templated":true}]}}