{"id":4479,"date":"2024-11-22T16:00:08","date_gmt":"2024-11-22T15:00:08","guid":{"rendered":"https:\/\/rightchallenge.org\/?page_id=4479"},"modified":"2024-11-22T16:00:08","modified_gmt":"2024-11-22T15:00:08","slug":"act4consent","status":"publish","type":"page","link":"https:\/\/rightchallenge.org\/en\/act4consent\/","title":{"rendered":"ACT4Consent"},"content":{"rendered":"<p>[et_pb_section fb_built=&#8221;1&#8243; admin_label=&#8221;Header&#8221; _builder_version=&#8221;4.21.0&#8243; global_colors_info=&#8221;{}&#8221;][et_pb_row column_structure=&#8221;3_5,2_5&#8243; custom_padding_last_edited=&#8221;off|desktop&#8221; _builder_version=&#8221;4.21.0&#8243; background_enable_color=&#8221;off&#8221; custom_padding_tablet=&#8221;||30px||false|false&#8221; hover_enabled=&#8221;0&#8243; locked=&#8221;off&#8221; global_colors_info=&#8221;{}&#8221; sticky_enabled=&#8221;0&#8243;][et_pb_column type=&#8221;3_5&#8243; _builder_version=&#8221;4.16&#8243; custom_padding_tablet=&#8221;||20px||false|false&#8221; custom_padding_phone=&#8221;&#8221; custom_padding_last_edited=&#8221;on|tablet&#8221; global_colors_info=&#8221;{}&#8221;][et_pb_image src=&#8221;https:\/\/rightchallenge.org\/wp-content\/uploads\/2024\/11\/ACT-4-CONSENT-no-bg.png&#8221; title_text=&#8221;ACT-4-CONSENT-no-bg&#8221; align=&#8221;center&#8221; _builder_version=&#8221;4.27.3&#8243; width=&#8221;49%&#8221; hover_enabled=&#8221;0&#8243; global_colors_info=&#8221;{}&#8221; sticky_enabled=&#8221;0&#8243;][\/et_pb_image][et_pb_text _builder_version=&#8221;4.27.3&#8243; text_font=&#8221;PT Sans||||||||&#8221; text_text_color=&#8221;#000000&#8243; text_font_size=&#8221;15px&#8221; text_line_height=&#8221;1.9em&#8221; hover_enabled=&#8221;0&#8243; global_colors_info=&#8221;{}&#8221; sticky_enabled=&#8221;0&#8243;]<\/p>\n<p><strong>Act4Consent<\/strong>, um projeto cofinanciado pelo programa Erasmus+, A\u00e7\u00e3o Chave-2, surge no \u00e2mbito de um esfor\u00e7o internacional entre parceiros na Alemanha, Irlanda, Portugal, Cro\u00e1cia, Bulg\u00e1ria, Fran\u00e7a e Gr\u00e9cia. O Act4Consent \u00e9 um projeto de educa\u00e7\u00e3o escolar, que pretende desenvolver uma nova abordagem educativa para <strong>apoiar os professores e outros educadores de jovens a abordar a quest\u00e3o do consentimento diretamente com os jovens<\/strong>, atrav\u00e9s de interven\u00e7\u00f5es educativas ativas e significativas. O objetivo \u00e9 utilizar as disciplinas art\u00edsticas do teatro e da narra\u00e7\u00e3o de hist\u00f3rias para ajudar os professores a abordar o tema do consentimento com os alunos nas suas salas de aula. A utiliza\u00e7\u00e3o da dramatiza\u00e7\u00e3o e da narra\u00e7\u00e3o de hist\u00f3rias \u00e9 uma forma inovadora e eficaz para ajudar os jovens a falar sobre quest\u00f5es de consentimento em sess\u00f5es de grupo. A dramatiza\u00e7\u00e3o e a narra\u00e7\u00e3o de hist\u00f3rias permitem que os jovens explorem quest\u00f5es complexas num ambiente seguro e de apoio, utilizando a sua criatividade e imagina\u00e7\u00e3o para exprimir os seus pensamentos e sentimentos. Ao contar e partilhar hist\u00f3rias, os jovens podem aprender sobre as experi\u00eancias dos outros e explorar diferentes perspetivas sobre o consentimento. O ACT4Consent envolve os pais na educa\u00e7\u00e3o sobre o consentimento, para que os jovens possam ser apoiados em casa e na escola para responderem a preocupa\u00e7\u00f5es relacionadas com o consentimento.<\/p>\n<p>Para alcan\u00e7ar o seu objetivo, o projeto intenciona desenvolver:<\/p>\n<ul>\n<li>Plataforma com m\u00f3dulos de um programa de 30 horas destinado a professores e educadores. Este programa tem como objetivo desenvolver compet\u00eancias para abordar este assunto com os estudantes. Um manual com atividades para usar em sala de aula.<\/li>\n<li>Atividades para estudantes baseadas na dramatiza\u00e7\u00e3o e narra\u00e7\u00e3o de hist\u00f3rias.<\/li>\n<li>Conjunto de v\u00eddeos e fichas informativas para os pais.<\/li>\n<\/ul>\n<p>Para ficar a par das novidades siga as redes sociais e o website do projeto.<\/p>\n<p><a href=\"https:\/\/www.act4consent.eu\/pt\/boletim-informativo-1-abril-de-2024\/\" target=\"_blank\" rel=\"noopener\">Newsletter 1<\/a><\/p>\n<p>&nbsp;<\/p>\n<p>[\/et_pb_text][\/et_pb_column][et_pb_column type=&#8221;2_5&#8243; _builder_version=&#8221;4.16&#8243; background_color=&#8221;#ffffff&#8221; custom_padding=&#8221;50px|40px|60px|40px|false|true&#8221; custom_padding_tablet=&#8221;|50px||50px|false|true&#8221; custom_padding_phone=&#8221;&#8221; custom_padding_last_edited=&#8221;on|tablet&#8221; border_radii=&#8221;on|10px|10px|10px|10px&#8221; box_shadow_style=&#8221;preset1&#8243; box_shadow_color=&#8221;rgba(12,113,195,0.13)&#8221; global_colors_info=&#8221;{}&#8221;][et_pb_image src=&#8221;https:\/\/rightchallenge.org\/wp-content\/uploads\/2023\/07\/PT_Co-fundedbytheEU_RGB_POS.png&#8221; title_text=&#8221;PT_Co-fundedbytheEU_RGB_POS&#8221; align=&#8221;center&#8221; _builder_version=&#8221;4.21.0&#8243; _module_preset=&#8221;default&#8221; width=&#8221;60%&#8221; global_colors_info=&#8221;{}&#8221;][\/et_pb_image][et_pb_text _builder_version=&#8221;4.16&#8243; custom_margin=&#8221;||13px|||&#8221; custom_padding=&#8221;16px|||||&#8221; global_colors_info=&#8221;{}&#8221;]<\/p>\n<h3 style=\"text-align: center;\">Parceiros<\/h3>\n<p>[\/et_pb_text][et_pb_blurb title=&#8221;Jugendf\u00f6rderverein Parchim\/L\u00fcbz e. V. (\u201cJFVPCH\u201d)&#8221; url=&#8221;https:\/\/www.jfv-pch.de\/&#8221; url_new_window=&#8221;on&#8221; image=&#8221;https:\/\/rightchallenge.org\/wp-content\/uploads\/2023\/07\/flag-round-250.png&#8221; icon_placement=&#8221;left&#8221; content_max_width=&#8221;800px&#8221; _builder_version=&#8221;4.27.3&#8243; header_font=&#8221;PT Sans|700|||||||&#8221; header_text_color=&#8221;#000000&#8243; header_font_size=&#8221;17px&#8221; header_line_height=&#8221;1.9em&#8221; hover_enabled=&#8221;0&#8243; locked=&#8221;off&#8221; global_colors_info=&#8221;{}&#8221; title_text=&#8221;flag-round-250&#8243; sticky_enabled=&#8221;0&#8243;][\/et_pb_blurb][et_pb_blurb title=&#8221;Ustanova za obrazovanje odraslih Dante&#8221; url=&#8221;https:\/\/dante-ri.hr\/en\/homepage\/&#8221; url_new_window=&#8221;on&#8221; image=&#8221;https:\/\/rightchallenge.org\/wp-content\/uploads\/2023\/07\/flag-round-250-4.png&#8221; icon_placement=&#8221;left&#8221; content_max_width=&#8221;800px&#8221; _builder_version=&#8221;4.27.3&#8243; header_font=&#8221;PT Sans|700|||||||&#8221; header_text_color=&#8221;#000000&#8243; header_font_size=&#8221;17px&#8221; header_line_height=&#8221;1.9em&#8221; hover_enabled=&#8221;0&#8243; locked=&#8221;off&#8221; global_colors_info=&#8221;{}&#8221; title_text=&#8221;flag-round-250 (4)&#8221; sticky_enabled=&#8221;0&#8243;][\/et_pb_blurb][et_pb_blurb title=&#8221;Acta Foundation&#8221; url=&#8221;https:\/\/acta-foundation.eu\/&#8221; url_new_window=&#8221;on&#8221; image=&#8221;https:\/\/rightchallenge.org\/wp-content\/uploads\/2024\/11\/bulgaria-3d-rounded-flag-with-no-background-png.webp&#8221; icon_placement=&#8221;left&#8221; content_max_width=&#8221;800px&#8221; _builder_version=&#8221;4.27.3&#8243; header_font=&#8221;PT Sans|700|||||||&#8221; header_text_color=&#8221;#000000&#8243; header_font_size=&#8221;17px&#8221; header_line_height=&#8221;1.9em&#8221; hover_enabled=&#8221;0&#8243; locked=&#8221;off&#8221; global_colors_info=&#8221;{}&#8221; title_text=&#8221;bulgaria-3d-rounded-flag-with-no-background-png&#8221; sticky_enabled=&#8221;0&#8243;][\/et_pb_blurb][et_pb_blurb title=&#8221;Future in Perspective (FIP) Limited&#8221; url=&#8221;https:\/\/futureinperspective.com\/&#8221; url_new_window=&#8221;on&#8221; image=&#8221;https:\/\/rightchallenge.org\/wp-content\/uploads\/2023\/07\/flag-round-250-1.png&#8221; icon_placement=&#8221;left&#8221; content_max_width=&#8221;800px&#8221; _builder_version=&#8221;4.27.3&#8243; header_font=&#8221;PT Sans|700|||||||&#8221; header_text_color=&#8221;#000000&#8243; header_font_size=&#8221;17px&#8221; header_line_height=&#8221;1.9em&#8221; hover_enabled=&#8221;0&#8243; locked=&#8221;off&#8221; global_colors_info=&#8221;{}&#8221; title_text=&#8221;flag-round-250 (1)&#8221; sticky_enabled=&#8221;0&#8243;][\/et_pb_blurb][et_pb_blurb title=&#8221;Solution: Solidarit\u00e9 et Inclusion&#8221; url=&#8221;https:\/\/associationsolution.org\/&#8221; url_new_window=&#8221;on&#8221; image=&#8221;https:\/\/rightchallenge.org\/wp-content\/uploads\/2023\/07\/197560.png&#8221; icon_placement=&#8221;left&#8221; content_max_width=&#8221;800px&#8221; _builder_version=&#8221;4.27.3&#8243; header_font=&#8221;PT Sans|700|||||||&#8221; header_text_color=&#8221;#000000&#8243; header_font_size=&#8221;17px&#8221; header_line_height=&#8221;1.9em&#8221; hover_enabled=&#8221;0&#8243; locked=&#8221;off&#8221; global_colors_info=&#8221;{}&#8221; title_text=&#8221;197560&#8243; sticky_enabled=&#8221;0&#8243;][\/et_pb_blurb][et_pb_blurb title=&#8221;KMOP \u2013 Education and Innovation Hub&#8221; url=&#8221;https:\/\/www.kmop.org\/&#8221; url_new_window=&#8221;on&#8221; image=&#8221;https:\/\/rightchallenge.org\/wp-content\/uploads\/2024\/05\/flag-round-250.png&#8221; icon_placement=&#8221;left&#8221; content_max_width=&#8221;800px&#8221; _builder_version=&#8221;4.27.3&#8243; header_font=&#8221;PT Sans|700|||||||&#8221; header_text_color=&#8221;#000000&#8243; header_font_size=&#8221;17px&#8221; header_line_height=&#8221;1.9em&#8221; hover_enabled=&#8221;0&#8243; locked=&#8221;off&#8221; global_colors_info=&#8221;{}&#8221; title_text=&#8221;flag-round-250&#8243; sticky_enabled=&#8221;0&#8243;][\/et_pb_blurb][et_pb_blurb title=&#8221;Website&#8221; url=&#8221;https:\/\/www.act4consent.eu\/&#8221; url_new_window=&#8221;on&#8221; image=&#8221;https:\/\/rightchallenge.org\/wp-content\/uploads\/2023\/07\/Design-sem-nome-1.png&#8221; icon_placement=&#8221;left&#8221; content_max_width=&#8221;800px&#8221; _builder_version=&#8221;4.27.3&#8243; header_font=&#8221;|700|||||||&#8221; header_text_align=&#8221;left&#8221; header_text_color=&#8221;#0C71C3&#8243; header_font_size=&#8221;18px&#8221; header_line_height=&#8221;1.9em&#8221; body_font=&#8221;|700|||||||&#8221; custom_margin=&#8221;|||77px|false|false&#8221; custom_padding=&#8221;|||10px|false|false&#8221; hover_enabled=&#8221;0&#8243; locked=&#8221;off&#8221; global_colors_info=&#8221;{}&#8221; sticky_enabled=&#8221;0&#8243;][\/et_pb_blurb][et_pb_blurb title=&#8221;Facebook&#8221; url=&#8221;https:\/\/www.facebook.com\/act4consent.eu&#8221; url_new_window=&#8221;on&#8221; image=&#8221;https:\/\/rightchallenge.org\/wp-content\/uploads\/2023\/07\/5968764.png&#8221; icon_placement=&#8221;left&#8221; content_max_width=&#8221;800px&#8221; _builder_version=&#8221;4.27.3&#8243; header_font=&#8221;|700|||||||&#8221; header_text_align=&#8221;left&#8221; header_text_color=&#8221;#0C71C3&#8243; header_font_size=&#8221;18px&#8221; header_line_height=&#8221;1.9em&#8221; body_font=&#8221;|700|||||||&#8221; custom_margin=&#8221;-20px|||88px|false|false&#8221; hover_enabled=&#8221;0&#8243; locked=&#8221;off&#8221; global_colors_info=&#8221;{}&#8221; sticky_enabled=&#8221;0&#8243;][\/et_pb_blurb][\/et_pb_column][\/et_pb_row][\/et_pb_section]<\/p>\n","protected":false},"excerpt":{"rendered":"<p>Act4Consent, um projeto cofinanciado pelo programa Erasmus+, A\u00e7\u00e3o Chave-2, surge no \u00e2mbito de um esfor\u00e7o internacional entre parceiros na Alemanha, Irlanda, Portugal, Cro\u00e1cia, Bulg\u00e1ria, Fran\u00e7a e Gr\u00e9cia. O Act4Consent \u00e9 um projeto de educa\u00e7\u00e3o escolar, que pretende desenvolver uma nova abordagem educativa para apoiar os professores e outros educadores de jovens a abordar a quest\u00e3o [&hellip;]<\/p>\n","protected":false},"author":2,"featured_media":0,"parent":0,"menu_order":0,"comment_status":"closed","ping_status":"closed","template":"","meta":{"_et_pb_use_builder":"on","_et_pb_old_content":"","_et_gb_content_width":"","_monsterinsights_skip_tracking":false,"_monsterinsights_sitenote_active":false,"_monsterinsights_sitenote_note":"","_monsterinsights_sitenote_category":0,"footnotes":""},"class_list":["post-4479","page","type-page","status-publish","hentry"],"yoast_head":"<!-- This site is optimized with the Yoast SEO plugin v27.3 - https:\/\/yoast.com\/product\/yoast-seo-wordpress\/ -->\n<title>ACT4Consent - Rightchallenge<\/title>\n<meta name=\"robots\" content=\"index, follow, max-snippet:-1, max-image-preview:large, max-video-preview:-1\" \/>\n<link rel=\"canonical\" href=\"https:\/\/rightchallenge.org\/en\/act4consent\/\" \/>\n<meta property=\"og:locale\" content=\"en_GB\" \/>\n<meta property=\"og:type\" content=\"article\" \/>\n<meta property=\"og:title\" content=\"ACT4Consent - Rightchallenge\" \/>\n<meta property=\"og:description\" content=\"Act4Consent, um projeto cofinanciado pelo programa Erasmus+, A\u00e7\u00e3o Chave-2, surge no \u00e2mbito de um esfor\u00e7o internacional entre parceiros na Alemanha, Irlanda, Portugal, Cro\u00e1cia, Bulg\u00e1ria, Fran\u00e7a e Gr\u00e9cia. O Act4Consent \u00e9 um projeto de educa\u00e7\u00e3o escolar, que pretende desenvolver uma nova abordagem educativa para apoiar os professores e outros educadores de jovens a abordar a quest\u00e3o [&hellip;]\" \/>\n<meta property=\"og:url\" content=\"https:\/\/rightchallenge.org\/en\/act4consent\/\" \/>\n<meta property=\"og:site_name\" content=\"Rightchallenge\" \/>\n<meta name=\"twitter:card\" content=\"summary_large_image\" \/>\n<meta name=\"twitter:label1\" content=\"Estimated reading time\" \/>\n\t<meta name=\"twitter:data1\" content=\"3 minutes\" \/>\n<script type=\"application\/ld+json\" class=\"yoast-schema-graph\">{\"@context\":\"https:\\\/\\\/schema.org\",\"@graph\":[{\"@type\":\"WebPage\",\"@id\":\"https:\\\/\\\/rightchallenge.org\\\/act4consent\\\/\",\"url\":\"https:\\\/\\\/rightchallenge.org\\\/act4consent\\\/\",\"name\":\"ACT4Consent - Rightchallenge\",\"isPartOf\":{\"@id\":\"https:\\\/\\\/rightchallenge.org\\\/#website\"},\"datePublished\":\"2024-11-22T15:00:08+00:00\",\"breadcrumb\":{\"@id\":\"https:\\\/\\\/rightchallenge.org\\\/act4consent\\\/#breadcrumb\"},\"inLanguage\":\"en-GB\",\"potentialAction\":[{\"@type\":\"ReadAction\",\"target\":[\"https:\\\/\\\/rightchallenge.org\\\/act4consent\\\/\"]}]},{\"@type\":\"BreadcrumbList\",\"@id\":\"https:\\\/\\\/rightchallenge.org\\\/act4consent\\\/#breadcrumb\",\"itemListElement\":[{\"@type\":\"ListItem\",\"position\":1,\"name\":\"In\u00edcio\",\"item\":\"https:\\\/\\\/rightchallenge.org\\\/\"},{\"@type\":\"ListItem\",\"position\":2,\"name\":\"ACT4Consent\"}]},{\"@type\":\"WebSite\",\"@id\":\"https:\\\/\\\/rightchallenge.org\\\/#website\",\"url\":\"https:\\\/\\\/rightchallenge.org\\\/\",\"name\":\"Rightchallenge\",\"description\":\"Associa\u00e7\u00e3o\",\"potentialAction\":[{\"@type\":\"SearchAction\",\"target\":{\"@type\":\"EntryPoint\",\"urlTemplate\":\"https:\\\/\\\/rightchallenge.org\\\/?s={search_term_string}\"},\"query-input\":{\"@type\":\"PropertyValueSpecification\",\"valueRequired\":true,\"valueName\":\"search_term_string\"}}],\"inLanguage\":\"en-GB\"}]}<\/script>\n<!-- \/ Yoast SEO plugin. -->","yoast_head_json":{"title":"ACT4Consent - Rightchallenge","robots":{"index":"index","follow":"follow","max-snippet":"max-snippet:-1","max-image-preview":"max-image-preview:large","max-video-preview":"max-video-preview:-1"},"canonical":"https:\/\/rightchallenge.org\/en\/act4consent\/","og_locale":"en_GB","og_type":"article","og_title":"ACT4Consent - Rightchallenge","og_description":"Act4Consent, um projeto cofinanciado pelo programa Erasmus+, A\u00e7\u00e3o Chave-2, surge no \u00e2mbito de um esfor\u00e7o internacional entre parceiros na Alemanha, Irlanda, Portugal, Cro\u00e1cia, Bulg\u00e1ria, Fran\u00e7a e Gr\u00e9cia. O Act4Consent \u00e9 um projeto de educa\u00e7\u00e3o escolar, que pretende desenvolver uma nova abordagem educativa para apoiar os professores e outros educadores de jovens a abordar a quest\u00e3o [&hellip;]","og_url":"https:\/\/rightchallenge.org\/en\/act4consent\/","og_site_name":"Rightchallenge","twitter_card":"summary_large_image","twitter_misc":{"Estimated reading time":"3 minutes"},"schema":{"@context":"https:\/\/schema.org","@graph":[{"@type":"WebPage","@id":"https:\/\/rightchallenge.org\/act4consent\/","url":"https:\/\/rightchallenge.org\/act4consent\/","name":"ACT4Consent - Rightchallenge","isPartOf":{"@id":"https:\/\/rightchallenge.org\/#website"},"datePublished":"2024-11-22T15:00:08+00:00","breadcrumb":{"@id":"https:\/\/rightchallenge.org\/act4consent\/#breadcrumb"},"inLanguage":"en-GB","potentialAction":[{"@type":"ReadAction","target":["https:\/\/rightchallenge.org\/act4consent\/"]}]},{"@type":"BreadcrumbList","@id":"https:\/\/rightchallenge.org\/act4consent\/#breadcrumb","itemListElement":[{"@type":"ListItem","position":1,"name":"In\u00edcio","item":"https:\/\/rightchallenge.org\/"},{"@type":"ListItem","position":2,"name":"ACT4Consent"}]},{"@type":"WebSite","@id":"https:\/\/rightchallenge.org\/#website","url":"https:\/\/rightchallenge.org\/","name":"Rightchallenge","description":"Associa\u00e7\u00e3o","potentialAction":[{"@type":"SearchAction","target":{"@type":"EntryPoint","urlTemplate":"https:\/\/rightchallenge.org\/?s={search_term_string}"},"query-input":{"@type":"PropertyValueSpecification","valueRequired":true,"valueName":"search_term_string"}}],"inLanguage":"en-GB"}]}},"_links":{"self":[{"href":"https:\/\/rightchallenge.org\/en\/wp-json\/wp\/v2\/pages\/4479","targetHints":{"allow":["GET"]}}],"collection":[{"href":"https:\/\/rightchallenge.org\/en\/wp-json\/wp\/v2\/pages"}],"about":[{"href":"https:\/\/rightchallenge.org\/en\/wp-json\/wp\/v2\/types\/page"}],"author":[{"embeddable":true,"href":"https:\/\/rightchallenge.org\/en\/wp-json\/wp\/v2\/users\/2"}],"replies":[{"embeddable":true,"href":"https:\/\/rightchallenge.org\/en\/wp-json\/wp\/v2\/comments?post=4479"}],"version-history":[{"count":2,"href":"https:\/\/rightchallenge.org\/en\/wp-json\/wp\/v2\/pages\/4479\/revisions"}],"predecessor-version":[{"id":4485,"href":"https:\/\/rightchallenge.org\/en\/wp-json\/wp\/v2\/pages\/4479\/revisions\/4485"}],"wp:attachment":[{"href":"https:\/\/rightchallenge.org\/en\/wp-json\/wp\/v2\/media?parent=4479"}],"curies":[{"name":"wp","href":"https:\/\/api.w.org\/{rel}","templated":true}]}}