{"id":4417,"date":"2024-11-13T12:18:41","date_gmt":"2024-11-13T11:18:41","guid":{"rendered":"https:\/\/rightchallenge.org\/?page_id=4417"},"modified":"2025-05-14T11:32:53","modified_gmt":"2025-05-14T10:32:53","slug":"age_thea-no-palco-na-era-dourada-teatro-para-um-envelhecimento-saudavel","status":"publish","type":"page","link":"https:\/\/rightchallenge.org\/en\/age_thea-no-palco-na-era-dourada-teatro-para-um-envelhecimento-saudavel\/","title":{"rendered":"AGE_THEA &#8211; No Palco na Era Dourada: Teatro para um Envelhecimento Saud\u00e1vel"},"content":{"rendered":"<p>[et_pb_section fb_built=&#8221;1&#8243; admin_label=&#8221;Header&#8221; _builder_version=&#8221;4.21.0&#8243; global_colors_info=&#8221;{}&#8221;][et_pb_row column_structure=&#8221;3_5,2_5&#8243; custom_padding_last_edited=&#8221;off|desktop&#8221; _builder_version=&#8221;4.21.0&#8243; background_enable_color=&#8221;off&#8221; custom_padding_tablet=&#8221;||30px||false|false&#8221; locked=&#8221;off&#8221; global_colors_info=&#8221;{}&#8221;][et_pb_column type=&#8221;3_5&#8243; _builder_version=&#8221;4.16&#8243; custom_padding_tablet=&#8221;||20px||false|false&#8221; custom_padding_phone=&#8221;&#8221; custom_padding_last_edited=&#8221;on|tablet&#8221; global_colors_info=&#8221;{}&#8221;][et_pb_image src=&#8221;https:\/\/rightchallenge.org\/wp-content\/uploads\/2024\/11\/Age_THEA.png&#8221; title_text=&#8221;Age_THEA&#8221; align=&#8221;center&#8221; _builder_version=&#8221;4.27.3&#8243; width=&#8221;49%&#8221; global_colors_info=&#8221;{}&#8221;][\/et_pb_image][et_pb_text _builder_version=&#8221;4.27.4&#8243; text_font=&#8221;PT Sans||||||||&#8221; text_text_color=&#8221;#000000&#8243; text_font_size=&#8221;15px&#8221; text_line_height=&#8221;1.9em&#8221; global_colors_info=&#8221;{}&#8221;]<\/p>\n<p style=\"text-align: justify;\">&#8220;<strong>No Palco na Era Dourada: Teatro para um Envelhecimento Saud\u00e1vel<\/strong>\u201d (AGE_THEA) \u00e9 um projeto de 24 meses, cofinanciado pela Comiss\u00e3o Europeia no \u00e2mbito do programa Erasmus+.<\/p>\n<p>A popula\u00e7\u00e3o idosa mundial est\u00e1 a aumentar, estimando-se que em 2050 haver\u00e1 1,6 mil milh\u00f5es de pessoas com 65 anos ou mais. Este aumento da idade pode contribuir \u00e1 uma maior vulnerabilidade a problemas de sa\u00fade, como doen\u00e7as cr\u00f3nicas, perturba\u00e7\u00f5es da sa\u00fade mental e dem\u00eancia. A Organiza\u00e7\u00e3o Mundial de Sa\u00fade (WHO, 2023) e a Comiss\u00e3o Europeia defendem um envelhecimento ativo e saud\u00e1vel, propondo interven\u00e7\u00f5es baseadas nas artes que associam a criatividade \u00e0 sa\u00fade f\u00edsica e mental. Uma vasta investiga\u00e7\u00e3o indica que a incorpora\u00e7\u00e3o de atividades teatrais em interven\u00e7\u00f5es criativas pode melhorar significativamente a sa\u00fade f\u00edsica e mental, bem como o bem-estar psicossocial dos adultos mais velhos.<\/p>\n<p>AGE_THEA tem como objetivo aumentar a sensibiliza\u00e7\u00e3o para o papel e o impacto do teatro na preven\u00e7\u00e3o e no tratamento da sa\u00fade psicossocial e do bem-estar dos indiv\u00edduos idosos, com ou sem perturba\u00e7\u00f5es cognitivas. As sinergias entre os diferentes dom\u00ednios contribuir\u00e3o para o desenvolvimento de um programa de forma\u00e7\u00e3o de qualidade para os profissionais dos sectores da sa\u00fade, da cultura e da presta\u00e7\u00e3o de cuidados. Atrav\u00e9s de atividades teatrais, o projeto visa promover o envelhecimento ativo, o bem-estar psicossocial dos idosos e a sua inclus\u00e3o social.<\/p>\n<p>O projeto AGE_THEA visa atingir os seguintes objetivos:<\/p>\n<ul>\n<li>An\u00e1lise e avalia\u00e7\u00e3o: Investigar e testar, a n\u00edvel da UE, a forma como a participa\u00e7\u00e3o na cultura e na atividade criativa, especialmente as atividades teatrais, pode apoiar a sa\u00fade psicossocial e o bem-estar dos idosos europeus e criar uma metodologia que melhor se adapte \u00e0s suas necessidades espec\u00edficas.<\/li>\n<li>Programa de Forma\u00e7\u00e3o Conjunto para os Sectores Social, Cultural e da Sa\u00fade: desenvolver um programa de forma\u00e7\u00e3o abrangente que incorpore o teatro como um m\u00e9todo para abordar os desafios de sa\u00fade mental enfrentados pelos idosos, incluindo a doen\u00e7a de Alzheimer, o decl\u00ednio cognitivo e as perturba\u00e7\u00f5es neurol\u00f3gicas. Este programa procura criar sinergias entre os sectores da sa\u00fade, social e cultural, participando cuidadores, fam\u00edlias, artistas e profissionais.<\/li>\n<li>Atividades de Teatro Participativo para Seniores: Apoiar o desenvolvimento e a revitaliza\u00e7\u00e3o da criatividade, das potencialidades internas e dos recursos psicof\u00edsicos n\u00e3o expressos, bem como promover a autoconfian\u00e7a, a constru\u00e7\u00e3o de comunidades, o envolvimento social e as rela\u00e7\u00f5es interpessoais de idosos (+65) com e sem dem\u00eancia, dist\u00farbios neurol\u00f3gicos, doen\u00e7a de Alzheimer.<\/li>\n<li>Sensibilizar a UE para o papel efetivo das artes como motor do envelhecimento ativo na gest\u00e3o e melhoria da sa\u00fade psicossocial e do bem-estar dos adultos mais velhos, bem como um meio de inclus\u00e3o social, envolvimento social e capacita\u00e7\u00e3o.<\/li>\n<\/ul>\n<p style=\"text-align: justify;\">Durante a implementa\u00e7\u00e3o do projeto que decorre de <strong>15 de dezembro de 2023 a 14 de dezembro de 2025. <\/strong>Acompanhe-nos nas redes sociais para consultar o progresso das atividades de implementa\u00e7\u00e3o e ficar a par das novidades do projeto.<strong><strong><\/strong><\/strong><strong><strong><\/strong><\/strong><\/p>\n<p style=\"text-align: justify;\">Explore mais no nosso site: <a href=\"https:\/\/age-thea.eu\/\">https:\/\/age-thea.eu\/<\/a>\u00a0<\/p>\n<p style=\"text-align: justify;\"><a href=\"https:\/\/age-thea.eu\/wp-content\/uploads\/2024\/10\/AGE_THEA-1.-Newsletter-Portuguese.pdf\">AGE_THEA Newsletter #1<\/a><\/p>\n<p style=\"text-align: justify;\">AGE_THEA Newsletter #2<\/p>\n<p style=\"text-align: justify;\">AGE_THEA Newsletter #3<\/p>\n<p>[\/et_pb_text][\/et_pb_column][et_pb_column type=&#8221;2_5&#8243; _builder_version=&#8221;4.16&#8243; background_color=&#8221;#ffffff&#8221; custom_padding=&#8221;50px|40px|60px|40px|false|true&#8221; custom_padding_tablet=&#8221;|50px||50px|false|true&#8221; custom_padding_phone=&#8221;&#8221; custom_padding_last_edited=&#8221;on|tablet&#8221; border_radii=&#8221;on|10px|10px|10px|10px&#8221; box_shadow_style=&#8221;preset1&#8243; box_shadow_color=&#8221;rgba(12,113,195,0.13)&#8221; global_colors_info=&#8221;{}&#8221;][et_pb_image src=&#8221;https:\/\/rightchallenge.org\/wp-content\/uploads\/2023\/07\/PT_Co-fundedbytheEU_RGB_POS.png&#8221; title_text=&#8221;PT_Co-fundedbytheEU_RGB_POS&#8221; align=&#8221;center&#8221; _builder_version=&#8221;4.21.0&#8243; _module_preset=&#8221;default&#8221; width=&#8221;60%&#8221; global_colors_info=&#8221;{}&#8221;][\/et_pb_image][et_pb_text _builder_version=&#8221;4.16&#8243; custom_margin=&#8221;||13px|||&#8221; custom_padding=&#8221;16px|||||&#8221; global_colors_info=&#8221;{}&#8221;]<\/p>\n<h3 style=\"text-align: center;\">Parceiros<\/h3>\n<p>[\/et_pb_text][et_pb_blurb title=&#8221;Societatea Romana Alzheimer &#8221; url=&#8221;https:\/\/alz.ro\/&#8221; url_new_window=&#8221;on&#8221; image=&#8221;https:\/\/rightchallenge.org\/wp-content\/uploads\/2023\/07\/flag-round-250-7.png&#8221; icon_placement=&#8221;left&#8221; content_max_width=&#8221;800px&#8221; _builder_version=&#8221;4.27.3&#8243; header_font=&#8221;PT Sans|700|||||||&#8221; header_text_color=&#8221;#000000&#8243; header_font_size=&#8221;17px&#8221; header_line_height=&#8221;1.9em&#8221; locked=&#8221;off&#8221; global_colors_info=&#8221;{}&#8221;][\/et_pb_blurb][et_pb_blurb title=&#8221;Le Compagnie Malviste &#8221; url=&#8221;https:\/\/www.lecompagniemalviste.org\/&#8221; url_new_window=&#8221;on&#8221; image=&#8221;https:\/\/rightchallenge.org\/wp-content\/uploads\/2023\/07\/circle-flag-of-italy-free-png.png&#8221; icon_placement=&#8221;left&#8221; content_max_width=&#8221;800px&#8221; _builder_version=&#8221;4.27.3&#8243; header_font=&#8221;PT Sans|700|||||||&#8221; header_text_color=&#8221;#000000&#8243; header_font_size=&#8221;17px&#8221; header_line_height=&#8221;1.9em&#8221; locked=&#8221;off&#8221; global_colors_info=&#8221;{}&#8221;][\/et_pb_blurb][et_pb_blurb title=&#8221;Kinonikes Sineteristikes Drastiriotites (EDRA)&#8221; url=&#8221;https:\/\/www.edra-coop.gr\/el\/&#8221; url_new_window=&#8221;on&#8221; image=&#8221;https:\/\/rightchallenge.org\/wp-content\/uploads\/2024\/05\/flag-round-250.png&#8221; icon_placement=&#8221;left&#8221; content_max_width=&#8221;800px&#8221; _builder_version=&#8221;4.27.3&#8243; header_font=&#8221;PT Sans|700|||||||&#8221; header_text_color=&#8221;#000000&#8243; header_font_size=&#8221;17px&#8221; header_line_height=&#8221;1.9em&#8221; locked=&#8221;off&#8221; global_colors_info=&#8221;{}&#8221;][\/et_pb_blurb][et_pb_blurb title=&#8221;Associatia Habilitas&#8221; url=&#8221;https:\/\/www.habilitas.ro\/index.php\/ro\/&#8221; url_new_window=&#8221;on&#8221; image=&#8221;https:\/\/rightchallenge.org\/wp-content\/uploads\/2023\/07\/flag-round-250-7.png&#8221; icon_placement=&#8221;left&#8221; content_max_width=&#8221;800px&#8221; _builder_version=&#8221;4.27.3&#8243; header_font=&#8221;PT Sans|700|||||||&#8221; header_text_color=&#8221;#000000&#8243; header_font_size=&#8221;17px&#8221; header_line_height=&#8221;1.9em&#8221; locked=&#8221;off&#8221; global_colors_info=&#8221;{}&#8221;][\/et_pb_blurb][et_pb_blurb title=&#8221;University of West Attica&#8221; url=&#8221;https:\/\/www.uniwa.gr\/&#8221; url_new_window=&#8221;on&#8221; image=&#8221;https:\/\/rightchallenge.org\/wp-content\/uploads\/2023\/07\/flag-round-250-3.png&#8221; icon_placement=&#8221;left&#8221; content_max_width=&#8221;800px&#8221; _builder_version=&#8221;4.27.3&#8243; header_font=&#8221;PT Sans|700|||||||&#8221; header_text_color=&#8221;#000000&#8243; header_font_size=&#8221;17px&#8221; header_line_height=&#8221;1.9em&#8221; locked=&#8221;off&#8221; global_colors_info=&#8221;{}&#8221;][\/et_pb_blurb][et_pb_blurb title=&#8221;Website&#8221; url=&#8221;https:\/\/age-thea.eu\/&#8221; url_new_window=&#8221;on&#8221; image=&#8221;https:\/\/rightchallenge.org\/wp-content\/uploads\/2023\/07\/Design-sem-nome-1.png&#8221; icon_placement=&#8221;left&#8221; content_max_width=&#8221;800px&#8221; _builder_version=&#8221;4.27.3&#8243; header_font=&#8221;|700|||||||&#8221; header_text_align=&#8221;left&#8221; header_text_color=&#8221;#0C71C3&#8243; header_font_size=&#8221;18px&#8221; header_line_height=&#8221;1.9em&#8221; body_font=&#8221;|700|||||||&#8221; custom_margin=&#8221;|||77px|false|false&#8221; custom_padding=&#8221;|||10px|false|false&#8221; locked=&#8221;off&#8221; global_colors_info=&#8221;{}&#8221;][\/et_pb_blurb][et_pb_blurb title=&#8221;Facebook&#8221; url=&#8221;https:\/\/www.facebook.com\/profile.php?id=61558862768566%20&#8243; url_new_window=&#8221;on&#8221; image=&#8221;https:\/\/rightchallenge.org\/wp-content\/uploads\/2023\/07\/5968764.png&#8221; icon_placement=&#8221;left&#8221; content_max_width=&#8221;800px&#8221; _builder_version=&#8221;4.27.3&#8243; header_font=&#8221;|700|||||||&#8221; header_text_align=&#8221;left&#8221; header_text_color=&#8221;#0C71C3&#8243; header_font_size=&#8221;18px&#8221; header_line_height=&#8221;1.9em&#8221; body_font=&#8221;|700|||||||&#8221; custom_margin=&#8221;-20px|||88px|false|false&#8221; locked=&#8221;off&#8221; global_colors_info=&#8221;{}&#8221;][\/et_pb_blurb][et_pb_blurb title=&#8221;Instagram&#8221; url=&#8221;https:\/\/www.instagram.com\/age.thea2023\/%20&#8243; url_new_window=&#8221;on&#8221; image=&#8221;https:\/\/rightchallenge.org\/wp-content\/uploads\/2023\/07\/2080304.png&#8221; icon_placement=&#8221;left&#8221; content_max_width=&#8221;800px&#8221; _builder_version=&#8221;4.27.3&#8243; header_font=&#8221;|700|||||||&#8221; header_text_align=&#8221;left&#8221; header_text_color=&#8221;#0C71C3&#8243; header_font_size=&#8221;18px&#8221; header_line_height=&#8221;1.9em&#8221; body_font=&#8221;|700|||||||&#8221; custom_margin=&#8221;-20px|||88px|false|false&#8221; locked=&#8221;off&#8221; global_colors_info=&#8221;{}&#8221;][\/et_pb_blurb][et_pb_blurb title=&#8221;Twitter X&#8221; url_new_window=&#8221;on&#8221; image=&#8221;https:\/\/rightchallenge.org\/wp-content\/uploads\/2024\/11\/criativo-6594672c68fb9MDIvMDEvMjAyNCAxNmg0Mg.jpg&#8221; icon_placement=&#8221;left&#8221; content_max_width=&#8221;800px&#8221; _builder_version=&#8221;4.27.3&#8243; header_font=&#8221;|700|||||||&#8221; header_text_align=&#8221;left&#8221; header_text_color=&#8221;#0C71C3&#8243; header_font_size=&#8221;18px&#8221; header_line_height=&#8221;1.9em&#8221; body_font=&#8221;|700|||||||&#8221; custom_margin=&#8221;-20px|||88px|false|false&#8221; locked=&#8221;off&#8221; global_colors_info=&#8221;{}&#8221;][\/et_pb_blurb][\/et_pb_column][\/et_pb_row][et_pb_row _builder_version=&#8221;4.27.4&#8243; _module_preset=&#8221;default&#8221; column_structure=&#8221;1_2,1_2&#8243; custom_padding=&#8221;0px|||||&#8221;][et_pb_column _builder_version=&#8221;4.27.4&#8243; _module_preset=&#8221;default&#8221; type=&#8221;1_2&#8243;][et_pb_image src=&#8221;https:\/\/rightchallenge.org\/wp-content\/uploads\/2025\/05\/Canva_Design_Social_Media_WP3_PT.png&#8221; _builder_version=&#8221;4.27.4&#8243; _module_preset=&#8221;default&#8221; title_text=&#8221;Canva_Design_Social_Media_WP3_PT&#8221; hover_enabled=&#8221;0&#8243; sticky_enabled=&#8221;0&#8243;][\/et_pb_image][\/et_pb_column][et_pb_column _builder_version=&#8221;4.27.4&#8243; _module_preset=&#8221;default&#8221; type=&#8221;1_2&#8243;][\/et_pb_column][\/et_pb_row][\/et_pb_section]<\/p>\n","protected":false},"excerpt":{"rendered":"<p>&#8220;No Palco na Era Dourada: Teatro para um Envelhecimento Saud\u00e1vel\u201d (AGE_THEA) \u00e9 um projeto de 24 meses, cofinanciado pela Comiss\u00e3o Europeia no \u00e2mbito do programa Erasmus+. A popula\u00e7\u00e3o idosa mundial est\u00e1 a aumentar, estimando-se que em 2050 haver\u00e1 1,6 mil milh\u00f5es de pessoas com 65 anos ou mais. Este aumento da idade pode contribuir \u00e1 [&hellip;]<\/p>\n","protected":false},"author":2,"featured_media":0,"parent":0,"menu_order":0,"comment_status":"closed","ping_status":"closed","template":"","meta":{"_et_pb_use_builder":"on","_et_pb_old_content":"","_et_gb_content_width":"","_monsterinsights_skip_tracking":false,"_monsterinsights_sitenote_active":false,"_monsterinsights_sitenote_note":"","_monsterinsights_sitenote_category":0,"footnotes":""},"class_list":["post-4417","page","type-page","status-publish","hentry"],"yoast_head":"<!-- This site is optimized with the Yoast SEO plugin v27.4 - https:\/\/yoast.com\/product\/yoast-seo-wordpress\/ -->\n<title>AGE_THEA - No Palco na Era Dourada: Teatro para um Envelhecimento Saud\u00e1vel - Rightchallenge<\/title>\n<meta name=\"robots\" content=\"index, follow, max-snippet:-1, max-image-preview:large, max-video-preview:-1\" \/>\n<link rel=\"canonical\" href=\"https:\/\/rightchallenge.org\/en\/age_thea-no-palco-na-era-dourada-teatro-para-um-envelhecimento-saudavel\/\" \/>\n<meta property=\"og:locale\" content=\"en_GB\" \/>\n<meta property=\"og:type\" content=\"article\" \/>\n<meta property=\"og:title\" content=\"AGE_THEA - No Palco na Era Dourada: Teatro para um Envelhecimento Saud\u00e1vel - Rightchallenge\" \/>\n<meta property=\"og:description\" content=\"&quot;No Palco na Era Dourada: Teatro para um Envelhecimento Saud\u00e1vel\u201d (AGE_THEA) \u00e9 um projeto de 24 meses, cofinanciado pela Comiss\u00e3o Europeia no \u00e2mbito do programa Erasmus+. A popula\u00e7\u00e3o idosa mundial est\u00e1 a aumentar, estimando-se que em 2050 haver\u00e1 1,6 mil milh\u00f5es de pessoas com 65 anos ou mais. Este aumento da idade pode contribuir \u00e1 [&hellip;]\" \/>\n<meta property=\"og:url\" content=\"https:\/\/rightchallenge.org\/en\/age_thea-no-palco-na-era-dourada-teatro-para-um-envelhecimento-saudavel\/\" \/>\n<meta property=\"og:site_name\" content=\"Rightchallenge\" \/>\n<meta property=\"article:modified_time\" content=\"2025-05-14T10:32:53+00:00\" \/>\n<meta name=\"twitter:card\" content=\"summary_large_image\" \/>\n<meta name=\"twitter:label1\" content=\"Estimated reading time\" \/>\n\t<meta name=\"twitter:data1\" content=\"3 minutes\" \/>\n<script type=\"application\/ld+json\" class=\"yoast-schema-graph\">{\"@context\":\"https:\\\/\\\/schema.org\",\"@graph\":[{\"@type\":\"WebPage\",\"@id\":\"https:\\\/\\\/rightchallenge.org\\\/age_thea-no-palco-na-era-dourada-teatro-para-um-envelhecimento-saudavel\\\/\",\"url\":\"https:\\\/\\\/rightchallenge.org\\\/age_thea-no-palco-na-era-dourada-teatro-para-um-envelhecimento-saudavel\\\/\",\"name\":\"AGE_THEA - No Palco na Era Dourada: Teatro para um Envelhecimento Saud\u00e1vel - Rightchallenge\",\"isPartOf\":{\"@id\":\"https:\\\/\\\/rightchallenge.org\\\/#website\"},\"datePublished\":\"2024-11-13T11:18:41+00:00\",\"dateModified\":\"2025-05-14T10:32:53+00:00\",\"breadcrumb\":{\"@id\":\"https:\\\/\\\/rightchallenge.org\\\/age_thea-no-palco-na-era-dourada-teatro-para-um-envelhecimento-saudavel\\\/#breadcrumb\"},\"inLanguage\":\"en-GB\",\"potentialAction\":[{\"@type\":\"ReadAction\",\"target\":[\"https:\\\/\\\/rightchallenge.org\\\/age_thea-no-palco-na-era-dourada-teatro-para-um-envelhecimento-saudavel\\\/\"]}]},{\"@type\":\"BreadcrumbList\",\"@id\":\"https:\\\/\\\/rightchallenge.org\\\/age_thea-no-palco-na-era-dourada-teatro-para-um-envelhecimento-saudavel\\\/#breadcrumb\",\"itemListElement\":[{\"@type\":\"ListItem\",\"position\":1,\"name\":\"In\u00edcio\",\"item\":\"https:\\\/\\\/rightchallenge.org\\\/\"},{\"@type\":\"ListItem\",\"position\":2,\"name\":\"AGE_THEA &#8211; No Palco na Era Dourada: Teatro para um Envelhecimento Saud\u00e1vel\"}]},{\"@type\":\"WebSite\",\"@id\":\"https:\\\/\\\/rightchallenge.org\\\/#website\",\"url\":\"https:\\\/\\\/rightchallenge.org\\\/\",\"name\":\"Rightchallenge\",\"description\":\"Associa\u00e7\u00e3o\",\"potentialAction\":[{\"@type\":\"SearchAction\",\"target\":{\"@type\":\"EntryPoint\",\"urlTemplate\":\"https:\\\/\\\/rightchallenge.org\\\/?s={search_term_string}\"},\"query-input\":{\"@type\":\"PropertyValueSpecification\",\"valueRequired\":true,\"valueName\":\"search_term_string\"}}],\"inLanguage\":\"en-GB\"}]}<\/script>\n<!-- \/ Yoast SEO plugin. -->","yoast_head_json":{"title":"AGE_THEA - No Palco na Era Dourada: Teatro para um Envelhecimento Saud\u00e1vel - Rightchallenge","robots":{"index":"index","follow":"follow","max-snippet":"max-snippet:-1","max-image-preview":"max-image-preview:large","max-video-preview":"max-video-preview:-1"},"canonical":"https:\/\/rightchallenge.org\/en\/age_thea-no-palco-na-era-dourada-teatro-para-um-envelhecimento-saudavel\/","og_locale":"en_GB","og_type":"article","og_title":"AGE_THEA - No Palco na Era Dourada: Teatro para um Envelhecimento Saud\u00e1vel - Rightchallenge","og_description":"\"No Palco na Era Dourada: Teatro para um Envelhecimento Saud\u00e1vel\u201d (AGE_THEA) \u00e9 um projeto de 24 meses, cofinanciado pela Comiss\u00e3o Europeia no \u00e2mbito do programa Erasmus+. A popula\u00e7\u00e3o idosa mundial est\u00e1 a aumentar, estimando-se que em 2050 haver\u00e1 1,6 mil milh\u00f5es de pessoas com 65 anos ou mais. Este aumento da idade pode contribuir \u00e1 [&hellip;]","og_url":"https:\/\/rightchallenge.org\/en\/age_thea-no-palco-na-era-dourada-teatro-para-um-envelhecimento-saudavel\/","og_site_name":"Rightchallenge","article_modified_time":"2025-05-14T10:32:53+00:00","twitter_card":"summary_large_image","twitter_misc":{"Estimated reading time":"3 minutes"},"schema":{"@context":"https:\/\/schema.org","@graph":[{"@type":"WebPage","@id":"https:\/\/rightchallenge.org\/age_thea-no-palco-na-era-dourada-teatro-para-um-envelhecimento-saudavel\/","url":"https:\/\/rightchallenge.org\/age_thea-no-palco-na-era-dourada-teatro-para-um-envelhecimento-saudavel\/","name":"AGE_THEA - No Palco na Era Dourada: Teatro para um Envelhecimento Saud\u00e1vel - Rightchallenge","isPartOf":{"@id":"https:\/\/rightchallenge.org\/#website"},"datePublished":"2024-11-13T11:18:41+00:00","dateModified":"2025-05-14T10:32:53+00:00","breadcrumb":{"@id":"https:\/\/rightchallenge.org\/age_thea-no-palco-na-era-dourada-teatro-para-um-envelhecimento-saudavel\/#breadcrumb"},"inLanguage":"en-GB","potentialAction":[{"@type":"ReadAction","target":["https:\/\/rightchallenge.org\/age_thea-no-palco-na-era-dourada-teatro-para-um-envelhecimento-saudavel\/"]}]},{"@type":"BreadcrumbList","@id":"https:\/\/rightchallenge.org\/age_thea-no-palco-na-era-dourada-teatro-para-um-envelhecimento-saudavel\/#breadcrumb","itemListElement":[{"@type":"ListItem","position":1,"name":"In\u00edcio","item":"https:\/\/rightchallenge.org\/"},{"@type":"ListItem","position":2,"name":"AGE_THEA &#8211; No Palco na Era Dourada: Teatro para um Envelhecimento Saud\u00e1vel"}]},{"@type":"WebSite","@id":"https:\/\/rightchallenge.org\/#website","url":"https:\/\/rightchallenge.org\/","name":"Rightchallenge","description":"Associa\u00e7\u00e3o","potentialAction":[{"@type":"SearchAction","target":{"@type":"EntryPoint","urlTemplate":"https:\/\/rightchallenge.org\/?s={search_term_string}"},"query-input":{"@type":"PropertyValueSpecification","valueRequired":true,"valueName":"search_term_string"}}],"inLanguage":"en-GB"}]}},"_links":{"self":[{"href":"https:\/\/rightchallenge.org\/en\/wp-json\/wp\/v2\/pages\/4417","targetHints":{"allow":["GET"]}}],"collection":[{"href":"https:\/\/rightchallenge.org\/en\/wp-json\/wp\/v2\/pages"}],"about":[{"href":"https:\/\/rightchallenge.org\/en\/wp-json\/wp\/v2\/types\/page"}],"author":[{"embeddable":true,"href":"https:\/\/rightchallenge.org\/en\/wp-json\/wp\/v2\/users\/2"}],"replies":[{"embeddable":true,"href":"https:\/\/rightchallenge.org\/en\/wp-json\/wp\/v2\/comments?post=4417"}],"version-history":[{"count":10,"href":"https:\/\/rightchallenge.org\/en\/wp-json\/wp\/v2\/pages\/4417\/revisions"}],"predecessor-version":[{"id":4917,"href":"https:\/\/rightchallenge.org\/en\/wp-json\/wp\/v2\/pages\/4417\/revisions\/4917"}],"wp:attachment":[{"href":"https:\/\/rightchallenge.org\/en\/wp-json\/wp\/v2\/media?parent=4417"}],"curies":[{"name":"wp","href":"https:\/\/api.w.org\/{rel}","templated":true}]}}