{"id":4268,"date":"2024-03-16T14:04:56","date_gmt":"2024-03-16T13:04:56","guid":{"rendered":"https:\/\/rightchallenge.org\/?page_id=4268"},"modified":"2025-09-19T12:24:58","modified_gmt":"2025-09-19T11:24:58","slug":"soos-sons-of-silence","status":"publish","type":"page","link":"https:\/\/rightchallenge.org\/en\/soos-sons-of-silence\/","title":{"rendered":"SOOS &#8211; SOns Of Silence"},"content":{"rendered":"<p>[et_pb_section fb_built=&#8221;1&#8243; admin_label=&#8221;Header&#8221; _builder_version=&#8221;4.21.0&#8243; global_colors_info=&#8221;{}&#8221;][et_pb_row column_structure=&#8221;3_5,2_5&#8243; custom_padding_last_edited=&#8221;off|desktop&#8221; _builder_version=&#8221;4.21.0&#8243; background_enable_color=&#8221;off&#8221; custom_padding_tablet=&#8221;||30px||false|false&#8221; locked=&#8221;off&#8221; global_colors_info=&#8221;{}&#8221;][et_pb_column type=&#8221;3_5&#8243; _builder_version=&#8221;4.16&#8243; custom_padding_tablet=&#8221;||20px||false|false&#8221; custom_padding_phone=&#8221;&#8221; custom_padding_last_edited=&#8221;on|tablet&#8221; global_colors_info=&#8221;{}&#8221;][et_pb_image src=&#8221;https:\/\/rightchallenge.org\/wp-content\/uploads\/2024\/09\/Soos-Logo-png.png&#8221; title_text=&#8221;Soos Logo png&#8221; align=&#8221;center&#8221; _builder_version=&#8221;4.27.0&#8243; width=&#8221;49%&#8221; global_colors_info=&#8221;{}&#8221;][\/et_pb_image][et_pb_text _builder_version=&#8221;4.27.4&#8243; text_font=&#8221;PT Sans||||||||&#8221; text_text_color=&#8221;#000000&#8243; text_font_size=&#8221;15px&#8221; text_line_height=&#8221;1.9em&#8221; hover_enabled=&#8221;0&#8243; global_colors_info=&#8221;{}&#8221; sticky_enabled=&#8221;0&#8243;]<\/p>\n<p style=\"text-align: justify;\">A viol\u00eancia dom\u00e9stica \u00e9 uma forma de vitimiza\u00e7\u00e3o que implica a exposi\u00e7\u00e3o \u00e0 mesma em casa, quer testemunhando a viol\u00eancia, quer sendo exposto \u00e0s suas consequ\u00eancias. Quando outra pessoa, que n\u00e3o a v\u00edtima direta da viol\u00eancia dom\u00e9stica, \u00e9 afetada pelos maus-tratos, fala-se de exposi\u00e7\u00e3o a contextos de viol\u00eancia dom\u00e9stica. Os jovens podem sofrer efeitos profundos e duradouros por serem expostos \u00e0 viol\u00eancia dom\u00e9stica.<\/p>\n<p style=\"text-align: justify;\">O <strong>Projeto SOOS &#8211; SOns of Silence (Filhos do Sil\u00eancio)<\/strong> visa abordar as quest\u00f5es da vitimiza\u00e7\u00e3o dos jovens expostos \u00e0 viol\u00eancia dom\u00e9stica, atrav\u00e9s da sensibiliza\u00e7\u00e3o para a necessidade de alterar o c\u00edrculo vicioso da viol\u00eancia e de mudar os comportamentos.<\/p>\n<p style=\"text-align: justify;\">O <strong>objetivo <\/strong>do Projeto SOOS &#8211; SOns of Silence \u00e9 sensibilizar para o potencial impacto da viol\u00eancia dom\u00e9stica nos jovens e chamar a aten\u00e7\u00e3o para os riscos da exposi\u00e7\u00e3o a contextos de viol\u00eancia dom\u00e9stica e os seus potenciais efeitos na sa\u00fade f\u00edsica, emocional e psicol\u00f3gica dos jovens.<\/p>\n<p style=\"text-align: justify;\">O projeto SOOS &#8211; SOns of Silence tamb\u00e9m visa fornecer recursos e apoio \u00e0s pessoas expostas \u00e0 viol\u00eancia dom\u00e9stica e educar o p\u00fablico sobre medidas preventivas. Em \u00faltima an\u00e1lise, o projeto SOOS &#8211; SOns of Silence esfor\u00e7a-se por reduzir a preval\u00eancia da viol\u00eancia dom\u00e9stica na nossa sociedade e criar ambientes mais seguros e saud\u00e1veis para os jovens.<\/p>\n<p style=\"text-align: justify;\">No decurso da Implementa\u00e7\u00e3o do Projeto, ser\u00e3o elaborados os seguintes recursos:<\/p>\n<ul>\n<li style=\"text-align: justify;\">Programa de Forma\u00e7\u00e3o para T\u00e9cnicos de Juventude &#8211; <a href=\"https:\/\/soosproject.eu\/wp-content\/uploads\/2025\/01\/SOOS_Common-Report_ENG.pdf\">EN<\/a> e <a href=\"https:\/\/soosproject.eu\/wp-content\/uploads\/2025\/01\/SOOS_Common-Report_PT.pdf\">PT<\/a>\n<ul>\n<li style=\"text-align: justify;\">FlipBook &#8211; <a href=\"https:\/\/soosproject.eu\/resources\/common-report\/\">EN<\/a> e <a href=\"https:\/\/soosproject.eu\/pt-pt\/resources\/common-report\/\">PT<\/a><\/li>\n<\/ul>\n<\/li>\n<li><span>Relat\u00f3rio S\u00edntese com uma vis\u00e3o global sobre a viol\u00eancia dom\u00e9stica em toda a Europa<\/span> &#8211; <a href=\"https:\/\/soosproject.eu\/wp-content\/uploads\/2025\/01\/SOOS_Common-Report_ENG.pdf\">EN<\/a> e <a href=\"https:\/\/soosproject.eu\/wp-content\/uploads\/2025\/01\/SOOS_Common-Report_PT.pdf\">PT<\/a>\n<ul>\n<li style=\"text-align: justify;\">FlipBook &#8211; <a href=\"https:\/\/soosproject.eu\/resources\/common-report\/\">EN<\/a> e <a href=\"https:\/\/soosproject.eu\/pt-pt\/resources\/common-report\/\">PT<\/a><\/li>\n<\/ul>\n<\/li>\n<li style=\"text-align: justify;\">Guia de Compet\u00eancias para Jovens &#8211; <a href=\"https:\/\/soosproject.eu\/wp-content\/uploads\/2025\/06\/SOOS_GB2_ENG.pdf\">EN<\/a> e PT\n<ul>\n<li style=\"text-align: justify;\">FlipBook &#8211; <a href=\"https:\/\/soosproject.eu\/resources\/soos-skill-based-guidebook\/\">EN<\/a> e PT<\/li>\n<\/ul>\n<\/li>\n<li style=\"text-align: justify;\">Programa de Voluntariado entre Pares &#8211; <a href=\"https:\/\/soosproject.eu\/wp-content\/uploads\/2025\/09\/SOOS_P2P_EN.pdf\">EN<\/a> e PT\n<ul>\n<li style=\"text-align: justify;\">FlipBook &#8211; <a href=\"https:\/\/soosproject.eu\/soos-peer-to-peer-volunteer-program\/\">EN<\/a> e PT<\/li>\n<\/ul>\n<\/li>\n<\/ul>\n<p>Al\u00e9m destes recursos, ser\u00e3o realizadas diversas atividades que ser\u00e3o divulgadas nas newsletters do Projeto:<\/p>\n<ul>\n<li>Newsletter #1 &#8211; <a href=\"https:\/\/soosproject.eu\/wp-content\/uploads\/2024\/06\/SOOS_-1st-Newsletter-_ENG.pdf\">EN<\/a> e <a href=\"https:\/\/soosproject.eu\/wp-content\/uploads\/2024\/06\/SOOS_-1st-Newsletter-_PT.pdf\">PT<\/a><\/li>\n<li>Newsletter #2 &#8211; <a href=\"https:\/\/soosproject.eu\/wp-content\/uploads\/2024\/11\/SOOS-2nd-Newsletter-_ENG.pdf\">EN<\/a> e <a href=\"https:\/\/soosproject.eu\/wp-content\/uploads\/2024\/11\/SOOS-2nd-Newsletter-_PT.pdf\">PT<\/a><\/li>\n<li>Newsletter #3 &#8211; <a href=\"https:\/\/soosproject.eu\/wp-content\/uploads\/2025\/05\/SOOS-3rd-Newsletter-_ENG.pdf\">EN<\/a> e PT (brevemente em PT)<\/li>\n<li>Newsletter#4 &#8211; <a href=\"https:\/\/soosproject.eu\/wp-content\/uploads\/2025\/08\/SOOS-4th-Newsletter-_ENG.pdf\">EN<\/a> e <a href=\"https:\/\/soosproject.eu\/wp-content\/uploads\/2025\/08\/PT_SOOS-4th-Newsletter.pdf\">PT\u00a0<\/a><\/li>\n<\/ul>\n<p>Para mais informa\u00e7\u00f5es sigam-nos nas redes sociais e visitem o Website do Projeto!!<\/p>\n<p style=\"text-align: justify;\"><strong>Este projeto \u00e9 apoiado no \u00e2mbito do programa europeu Erasmus+<\/strong><\/p>\n<p>[\/et_pb_text][\/et_pb_column][et_pb_column type=&#8221;2_5&#8243; _builder_version=&#8221;4.16&#8243; background_color=&#8221;#ffffff&#8221; custom_padding=&#8221;50px|40px|60px|40px|false|true&#8221; custom_padding_tablet=&#8221;|50px||50px|false|true&#8221; custom_padding_phone=&#8221;&#8221; custom_padding_last_edited=&#8221;on|tablet&#8221; border_radii=&#8221;on|10px|10px|10px|10px&#8221; box_shadow_style=&#8221;preset1&#8243; box_shadow_color=&#8221;rgba(12,113,195,0.13)&#8221; global_colors_info=&#8221;{}&#8221;][et_pb_image src=&#8221;https:\/\/rightchallenge.org\/wp-content\/uploads\/2023\/07\/PT_Co-fundedbytheEU_RGB_POS.png&#8221; title_text=&#8221;PT_Co-fundedbytheEU_RGB_POS&#8221; align=&#8221;center&#8221; _builder_version=&#8221;4.21.0&#8243; _module_preset=&#8221;default&#8221; width=&#8221;60%&#8221; global_colors_info=&#8221;{}&#8221;][\/et_pb_image][et_pb_text _builder_version=&#8221;4.16&#8243; custom_margin=&#8221;||13px|||&#8221; custom_padding=&#8221;16px|||||&#8221; global_colors_info=&#8221;{}&#8221;]<\/p>\n<h3 style=\"text-align: center;\">Parceiros<\/h3>\n<p>[\/et_pb_text][et_pb_blurb title=&#8221;Ayuntamiento de Sedav\u00ed&#8221; url=&#8221;https:\/\/www.sedavi.es\/&#8221; url_new_window=&#8221;on&#8221; image=&#8221;https:\/\/rightchallenge.org\/wp-content\/uploads\/2023\/07\/es-circle-01.png&#8221; icon_placement=&#8221;left&#8221; content_max_width=&#8221;800px&#8221; _builder_version=&#8221;4.27.0&#8243; header_font=&#8221;PT Sans|700|||||||&#8221; header_text_color=&#8221;#000000&#8243; header_font_size=&#8221;17px&#8221; header_line_height=&#8221;1.9em&#8221; locked=&#8221;off&#8221; global_colors_info=&#8221;{}&#8221;][\/et_pb_blurb][et_pb_blurb title=&#8221;Centre for Advancement of Research and Development in Educational Technology LTD &#8211; CARDET&#8221; url=&#8221;https:\/\/cardet.org\/&#8221; url_new_window=&#8221;on&#8221; image=&#8221;https:\/\/rightchallenge.org\/wp-content\/uploads\/2023\/07\/flag-round-250-2.png&#8221; icon_placement=&#8221;left&#8221; content_max_width=&#8221;800px&#8221; _builder_version=&#8221;4.27.0&#8243; header_font=&#8221;PT Sans|700|||||||&#8221; header_text_color=&#8221;#000000&#8243; header_font_size=&#8221;17px&#8221; header_line_height=&#8221;1.9em&#8221; locked=&#8221;off&#8221; global_colors_info=&#8221;{}&#8221;][\/et_pb_blurb][et_pb_blurb title=&#8221;Iniciativas de Futuro para Una Europa Social COOP V&#8221; url=&#8221;https:\/\/ifescoop.eu\/&#8221; url_new_window=&#8221;on&#8221; image=&#8221;https:\/\/rightchallenge.org\/wp-content\/uploads\/2023\/07\/es-circle-01.png&#8221; icon_placement=&#8221;left&#8221; content_max_width=&#8221;800px&#8221; _builder_version=&#8221;4.27.0&#8243; header_font=&#8221;PT Sans|700|||||||&#8221; header_text_color=&#8221;#000000&#8243; header_font_size=&#8221;17px&#8221; header_line_height=&#8221;1.9em&#8221; locked=&#8221;off&#8221; global_colors_info=&#8221;{}&#8221;][\/et_pb_blurb][et_pb_blurb title=&#8221;Exeo Lab Srl&#8221; url=&#8221;https:\/\/www.exeolab.it\/en\/home-exeo-lab-en\/&#8221; url_new_window=&#8221;on&#8221; image=&#8221;https:\/\/rightchallenge.org\/wp-content\/uploads\/2023\/07\/circle-flag-of-italy-free-png.png&#8221; icon_placement=&#8221;left&#8221; content_max_width=&#8221;800px&#8221; _builder_version=&#8221;4.21.2&#8243; header_font=&#8221;PT Sans|700|||||||&#8221; header_text_color=&#8221;#000000&#8243; header_font_size=&#8221;17px&#8221; header_line_height=&#8221;1.9em&#8221; locked=&#8221;off&#8221; global_colors_info=&#8221;{}&#8221;][\/et_pb_blurb][et_pb_blurb title=&#8221;Berlink ETN GMBH&#8221; url=&#8221;https:\/\/www.berlink.eu\/&#8221; url_new_window=&#8221;on&#8221; image=&#8221;https:\/\/rightchallenge.org\/wp-content\/uploads\/2023\/07\/flag-round-250.png&#8221; icon_placement=&#8221;left&#8221; content_max_width=&#8221;800px&#8221; _builder_version=&#8221;4.27.0&#8243; header_font=&#8221;PT Sans|700|||||||&#8221; header_text_color=&#8221;#000000&#8243; header_font_size=&#8221;17px&#8221; header_line_height=&#8221;1.9em&#8221; locked=&#8221;off&#8221; global_colors_info=&#8221;{}&#8221;][\/et_pb_blurb][et_pb_blurb title=&#8221;Website&#8221; url=&#8221;https:\/\/soosproject.eu\/&#8221; url_new_window=&#8221;on&#8221; image=&#8221;https:\/\/rightchallenge.org\/wp-content\/uploads\/2023\/07\/Design-sem-nome-1.png&#8221; icon_placement=&#8221;left&#8221; content_max_width=&#8221;800px&#8221; _builder_version=&#8221;4.27.0&#8243; header_font=&#8221;|700|||||||&#8221; header_text_align=&#8221;left&#8221; header_text_color=&#8221;#0C71C3&#8243; header_font_size=&#8221;18px&#8221; header_line_height=&#8221;1.9em&#8221; body_font=&#8221;|700|||||||&#8221; custom_margin=&#8221;|||77px|false|false&#8221; custom_padding=&#8221;|||10px|false|false&#8221; locked=&#8221;off&#8221; global_colors_info=&#8221;{}&#8221;][\/et_pb_blurb][et_pb_blurb title=&#8221;Facebook&#8221; url=&#8221;https:\/\/www.facebook.com\/SOOSproject\/&#8221; url_new_window=&#8221;on&#8221; image=&#8221;https:\/\/rightchallenge.org\/wp-content\/uploads\/2023\/07\/5968764.png&#8221; icon_placement=&#8221;left&#8221; content_max_width=&#8221;800px&#8221; _builder_version=&#8221;4.27.0&#8243; header_font=&#8221;|700|||||||&#8221; header_text_align=&#8221;left&#8221; header_text_color=&#8221;#0C71C3&#8243; header_font_size=&#8221;18px&#8221; header_line_height=&#8221;1.9em&#8221; body_font=&#8221;|700|||||||&#8221; custom_margin=&#8221;-20px|||88px|false|false&#8221; locked=&#8221;off&#8221; global_colors_info=&#8221;{}&#8221;][\/et_pb_blurb][et_pb_blurb title=&#8221;LinkedIn&#8221; url=&#8221;https:\/\/www.linkedin.com\/company\/soos-sons-of-silence-project\/about\/&#8221; url_new_window=&#8221;on&#8221; image=&#8221;https:\/\/rightchallenge.org\/wp-content\/uploads\/2023\/07\/LinkedIn_icon_circle.svg_.png&#8221; icon_placement=&#8221;left&#8221; content_max_width=&#8221;800px&#8221; _builder_version=&#8221;4.27.0&#8243; header_font=&#8221;|700|||||||&#8221; header_text_align=&#8221;left&#8221; header_text_color=&#8221;#0C71C3&#8243; header_font_size=&#8221;18px&#8221; header_line_height=&#8221;1.9em&#8221; body_font=&#8221;|700|||||||&#8221; custom_margin=&#8221;-20px|||88px|false|false&#8221; locked=&#8221;off&#8221; global_colors_info=&#8221;{}&#8221;][\/et_pb_blurb][\/et_pb_column][\/et_pb_row][\/et_pb_section]<\/p>\n","protected":false},"excerpt":{"rendered":"<p>A viol\u00eancia dom\u00e9stica \u00e9 uma forma de vitimiza\u00e7\u00e3o que implica a exposi\u00e7\u00e3o \u00e0 mesma em casa, quer testemunhando a viol\u00eancia, quer sendo exposto \u00e0s suas consequ\u00eancias. Quando outra pessoa, que n\u00e3o a v\u00edtima direta da viol\u00eancia dom\u00e9stica, \u00e9 afetada pelos maus-tratos, fala-se de exposi\u00e7\u00e3o a contextos de viol\u00eancia dom\u00e9stica. Os jovens podem sofrer efeitos profundos [&hellip;]<\/p>\n","protected":false},"author":2,"featured_media":0,"parent":0,"menu_order":0,"comment_status":"closed","ping_status":"closed","template":"","meta":{"_et_pb_use_builder":"on","_et_pb_old_content":"","_et_gb_content_width":"","_monsterinsights_skip_tracking":false,"_monsterinsights_sitenote_active":false,"_monsterinsights_sitenote_note":"","_monsterinsights_sitenote_category":0,"footnotes":""},"class_list":["post-4268","page","type-page","status-publish","hentry"],"yoast_head":"<!-- This site is optimized with the Yoast SEO plugin v27.6 - https:\/\/yoast.com\/product\/yoast-seo-wordpress\/ -->\n<title>SOOS - SOns Of Silence - Rightchallenge<\/title>\n<meta name=\"robots\" content=\"index, follow, max-snippet:-1, max-image-preview:large, max-video-preview:-1\" \/>\n<link rel=\"canonical\" href=\"https:\/\/rightchallenge.org\/en\/soos-sons-of-silence\/\" \/>\n<meta property=\"og:locale\" content=\"en_GB\" \/>\n<meta property=\"og:type\" content=\"article\" \/>\n<meta property=\"og:title\" content=\"SOOS - SOns Of Silence - Rightchallenge\" \/>\n<meta property=\"og:description\" content=\"A viol\u00eancia dom\u00e9stica \u00e9 uma forma de vitimiza\u00e7\u00e3o que implica a exposi\u00e7\u00e3o \u00e0 mesma em casa, quer testemunhando a viol\u00eancia, quer sendo exposto \u00e0s suas consequ\u00eancias. Quando outra pessoa, que n\u00e3o a v\u00edtima direta da viol\u00eancia dom\u00e9stica, \u00e9 afetada pelos maus-tratos, fala-se de exposi\u00e7\u00e3o a contextos de viol\u00eancia dom\u00e9stica. Os jovens podem sofrer efeitos profundos [&hellip;]\" \/>\n<meta property=\"og:url\" content=\"https:\/\/rightchallenge.org\/en\/soos-sons-of-silence\/\" \/>\n<meta property=\"og:site_name\" content=\"Rightchallenge\" \/>\n<meta property=\"article:modified_time\" content=\"2025-09-19T11:24:58+00:00\" \/>\n<meta name=\"twitter:card\" content=\"summary_large_image\" \/>\n<meta name=\"twitter:label1\" content=\"Estimated reading time\" \/>\n\t<meta name=\"twitter:data1\" content=\"3 minutes\" \/>\n<script type=\"application\/ld+json\" class=\"yoast-schema-graph\">{\"@context\":\"https:\\\/\\\/schema.org\",\"@graph\":[{\"@type\":\"WebPage\",\"@id\":\"https:\\\/\\\/rightchallenge.org\\\/soos-sons-of-silence\\\/\",\"url\":\"https:\\\/\\\/rightchallenge.org\\\/soos-sons-of-silence\\\/\",\"name\":\"SOOS - SOns Of Silence - Rightchallenge\",\"isPartOf\":{\"@id\":\"https:\\\/\\\/rightchallenge.org\\\/#website\"},\"datePublished\":\"2024-03-16T13:04:56+00:00\",\"dateModified\":\"2025-09-19T11:24:58+00:00\",\"breadcrumb\":{\"@id\":\"https:\\\/\\\/rightchallenge.org\\\/soos-sons-of-silence\\\/#breadcrumb\"},\"inLanguage\":\"en-GB\",\"potentialAction\":[{\"@type\":\"ReadAction\",\"target\":[\"https:\\\/\\\/rightchallenge.org\\\/soos-sons-of-silence\\\/\"]}]},{\"@type\":\"BreadcrumbList\",\"@id\":\"https:\\\/\\\/rightchallenge.org\\\/soos-sons-of-silence\\\/#breadcrumb\",\"itemListElement\":[{\"@type\":\"ListItem\",\"position\":1,\"name\":\"In\u00edcio\",\"item\":\"https:\\\/\\\/rightchallenge.org\\\/\"},{\"@type\":\"ListItem\",\"position\":2,\"name\":\"SOOS &#8211; SOns Of Silence\"}]},{\"@type\":\"WebSite\",\"@id\":\"https:\\\/\\\/rightchallenge.org\\\/#website\",\"url\":\"https:\\\/\\\/rightchallenge.org\\\/\",\"name\":\"Rightchallenge\",\"description\":\"Associa\u00e7\u00e3o\",\"potentialAction\":[{\"@type\":\"SearchAction\",\"target\":{\"@type\":\"EntryPoint\",\"urlTemplate\":\"https:\\\/\\\/rightchallenge.org\\\/?s={search_term_string}\"},\"query-input\":{\"@type\":\"PropertyValueSpecification\",\"valueRequired\":true,\"valueName\":\"search_term_string\"}}],\"inLanguage\":\"en-GB\"}]}<\/script>\n<!-- \/ Yoast SEO plugin. -->","yoast_head_json":{"title":"SOOS - SOns Of Silence - Rightchallenge","robots":{"index":"index","follow":"follow","max-snippet":"max-snippet:-1","max-image-preview":"max-image-preview:large","max-video-preview":"max-video-preview:-1"},"canonical":"https:\/\/rightchallenge.org\/en\/soos-sons-of-silence\/","og_locale":"en_GB","og_type":"article","og_title":"SOOS - SOns Of Silence - Rightchallenge","og_description":"A viol\u00eancia dom\u00e9stica \u00e9 uma forma de vitimiza\u00e7\u00e3o que implica a exposi\u00e7\u00e3o \u00e0 mesma em casa, quer testemunhando a viol\u00eancia, quer sendo exposto \u00e0s suas consequ\u00eancias. Quando outra pessoa, que n\u00e3o a v\u00edtima direta da viol\u00eancia dom\u00e9stica, \u00e9 afetada pelos maus-tratos, fala-se de exposi\u00e7\u00e3o a contextos de viol\u00eancia dom\u00e9stica. Os jovens podem sofrer efeitos profundos [&hellip;]","og_url":"https:\/\/rightchallenge.org\/en\/soos-sons-of-silence\/","og_site_name":"Rightchallenge","article_modified_time":"2025-09-19T11:24:58+00:00","twitter_card":"summary_large_image","twitter_misc":{"Estimated reading time":"3 minutes"},"schema":{"@context":"https:\/\/schema.org","@graph":[{"@type":"WebPage","@id":"https:\/\/rightchallenge.org\/soos-sons-of-silence\/","url":"https:\/\/rightchallenge.org\/soos-sons-of-silence\/","name":"SOOS - SOns Of Silence - Rightchallenge","isPartOf":{"@id":"https:\/\/rightchallenge.org\/#website"},"datePublished":"2024-03-16T13:04:56+00:00","dateModified":"2025-09-19T11:24:58+00:00","breadcrumb":{"@id":"https:\/\/rightchallenge.org\/soos-sons-of-silence\/#breadcrumb"},"inLanguage":"en-GB","potentialAction":[{"@type":"ReadAction","target":["https:\/\/rightchallenge.org\/soos-sons-of-silence\/"]}]},{"@type":"BreadcrumbList","@id":"https:\/\/rightchallenge.org\/soos-sons-of-silence\/#breadcrumb","itemListElement":[{"@type":"ListItem","position":1,"name":"In\u00edcio","item":"https:\/\/rightchallenge.org\/"},{"@type":"ListItem","position":2,"name":"SOOS &#8211; SOns Of Silence"}]},{"@type":"WebSite","@id":"https:\/\/rightchallenge.org\/#website","url":"https:\/\/rightchallenge.org\/","name":"Rightchallenge","description":"Associa\u00e7\u00e3o","potentialAction":[{"@type":"SearchAction","target":{"@type":"EntryPoint","urlTemplate":"https:\/\/rightchallenge.org\/?s={search_term_string}"},"query-input":{"@type":"PropertyValueSpecification","valueRequired":true,"valueName":"search_term_string"}}],"inLanguage":"en-GB"}]}},"_links":{"self":[{"href":"https:\/\/rightchallenge.org\/en\/wp-json\/wp\/v2\/pages\/4268","targetHints":{"allow":["GET"]}}],"collection":[{"href":"https:\/\/rightchallenge.org\/en\/wp-json\/wp\/v2\/pages"}],"about":[{"href":"https:\/\/rightchallenge.org\/en\/wp-json\/wp\/v2\/types\/page"}],"author":[{"embeddable":true,"href":"https:\/\/rightchallenge.org\/en\/wp-json\/wp\/v2\/users\/2"}],"replies":[{"embeddable":true,"href":"https:\/\/rightchallenge.org\/en\/wp-json\/wp\/v2\/comments?post=4268"}],"version-history":[{"count":4,"href":"https:\/\/rightchallenge.org\/en\/wp-json\/wp\/v2\/pages\/4268\/revisions"}],"predecessor-version":[{"id":5121,"href":"https:\/\/rightchallenge.org\/en\/wp-json\/wp\/v2\/pages\/4268\/revisions\/5121"}],"wp:attachment":[{"href":"https:\/\/rightchallenge.org\/en\/wp-json\/wp\/v2\/media?parent=4268"}],"curies":[{"name":"wp","href":"https:\/\/api.w.org\/{rel}","templated":true}]}}