{"id":4190,"date":"2024-08-13T17:01:55","date_gmt":"2024-08-13T16:01:55","guid":{"rendered":"https:\/\/rightchallenge.org\/?page_id=4190"},"modified":"2024-08-13T17:01:56","modified_gmt":"2024-08-13T16:01:56","slug":"perma-youth","status":"publish","type":"page","link":"https:\/\/rightchallenge.org\/en\/perma-youth\/","title":{"rendered":"Perma-Youth"},"content":{"rendered":"\n[et_pb_section fb_built=&#8221;1&#8243; admin_label=&#8221;Header&#8221; _builder_version=&#8221;4.21.0&#8243; global_colors_info=&#8221;{}&#8221;][et_pb_row column_structure=&#8221;3_5,2_5&#8243; custom_padding_last_edited=&#8221;off|desktop&#8221; _builder_version=&#8221;4.21.0&#8243; background_enable_color=&#8221;off&#8221; custom_padding_tablet=&#8221;||30px||false|false&#8221; locked=&#8221;off&#8221; global_colors_info=&#8221;{}&#8221;][et_pb_column type=&#8221;3_5&#8243; _builder_version=&#8221;4.16&#8243; custom_padding_tablet=&#8221;||20px||false|false&#8221; custom_padding_phone=&#8221;&#8221; custom_padding_last_edited=&#8221;on|tablet&#8221; global_colors_info=&#8221;{}&#8221;][et_pb_image src=&#8221;https:\/\/rightchallenge.org\/wp-content\/uploads\/2024\/08\/perma-youth-logo.png&#8221; title_text=&#8221;perma youth logo&#8221; align=&#8221;center&#8221; _builder_version=&#8221;4.27.0&#8243; width=&#8221;49%&#8221; global_colors_info=&#8221;{}&#8221;][\/et_pb_image][et_pb_text _builder_version=&#8221;4.27.0&#8243; text_font=&#8221;PT Sans||||||||&#8221; text_text_color=&#8221;#000000&#8243; text_font_size=&#8221;15px&#8221; text_line_height=&#8221;1.9em&#8221; global_colors_info=&#8221;{}&#8221;]<p>&nbsp;<\/p>\n<p>O projeto Perma-Youth \u00e9 o resultado de uma necessidade coletiva entre cinco organiza\u00e7\u00f5es parceiras para promover a troca de conhecimentos e partilhar abordagens bem-sucedidas \u00e0s quest\u00f5es ambientais e \u00e0 educa\u00e7\u00e3o em permacultura. No seu cerne, o Perma-Youth \u00e9 impulsionado pelo objetivo de capacitar os jovens trabalhadores com conhecimentos e compet\u00eancias essenciais para enriquecer o seu envolvimento na educa\u00e7\u00e3o em permacultura. Esta capacita\u00e7\u00e3o permitir-lhes-\u00e1 orientar e apoiar os jovens na gest\u00e3o da consci\u00eancia ambiental, cultivando, em \u00faltima an\u00e1lise, uma gera\u00e7\u00e3o de agentes proactivos de mudan\u00e7a nas suas comunidades.<\/p>\n<p>No centro da vis\u00e3o do projeto est\u00e1 o refor\u00e7o da literacia ambiental dos jovens e o incentivo \u00e0 sua participa\u00e7\u00e3o ativa na promo\u00e7\u00e3o de mudan\u00e7as ambientais positivas. Ao melhorar a qualidade, a inova\u00e7\u00e3o e o reconhecimento do trabalho com jovens, o Perma-Youth introduz novas metodologias, ferramentas e abordagens de aprendizagem, integrando perfeitamente o trabalho digital com jovens no seu enquadramento. Atrav\u00e9s do desenvolvimento de um curr\u00edculo de forma\u00e7\u00e3o e da cria\u00e7\u00e3o de uma plataforma de e-learning, o projeto \u00e9 pioneiro numa abordagem metodol\u00f3gica inovadora, concebida para animadores de juventude, animadores e aspirantes a indiv\u00edduos interessados na educa\u00e7\u00e3o em permacultura.<\/p>\n<p>Composta por cinco ONG empenhadas em promover o desenvolvimento sustent\u00e1vel atrav\u00e9s da educa\u00e7\u00e3o, a parceria incorpora compet\u00eancias diversas, mas complementares. Cada organiza\u00e7\u00e3o parceira traz uma experi\u00eancia \u00fanica que vai desde a gest\u00e3o de projetos liderados pela comunidade \u00e0 defesa do empreendedorismo e da permacultura, ao envolvimento da comunidade e ao apoio ao desenvolvimento profissional.<\/p>\n<p style=\"text-align: justify;\"><span><\/span><\/p>\n<p style=\"text-align: justify;\"><strong>Este projeto \u00e9 co-financiado no \u00e2mbito do programa europeu Erasmus+<\/strong><\/p>[\/et_pb_text][\/et_pb_column][et_pb_column type=&#8221;2_5&#8243; _builder_version=&#8221;4.16&#8243; background_color=&#8221;#ffffff&#8221; custom_padding=&#8221;50px|40px|60px|40px|false|true&#8221; custom_padding_tablet=&#8221;|50px||50px|false|true&#8221; custom_padding_phone=&#8221;&#8221; custom_padding_last_edited=&#8221;on|tablet&#8221; border_radii=&#8221;on|10px|10px|10px|10px&#8221; box_shadow_style=&#8221;preset1&#8243; box_shadow_color=&#8221;rgba(12,113,195,0.13)&#8221; global_colors_info=&#8221;{}&#8221;][et_pb_image src=&#8221;https:\/\/rightchallenge.org\/wp-content\/uploads\/2023\/07\/PT_Co-fundedbytheEU_RGB_POS.png&#8221; title_text=&#8221;PT_Co-fundedbytheEU_RGB_POS&#8221; align=&#8221;center&#8221; _builder_version=&#8221;4.21.0&#8243; _module_preset=&#8221;default&#8221; width=&#8221;60%&#8221; global_colors_info=&#8221;{}&#8221;][\/et_pb_image][et_pb_text _builder_version=&#8221;4.16&#8243; custom_margin=&#8221;||13px|||&#8221; custom_padding=&#8221;16px|||||&#8221; global_colors_info=&#8221;{}&#8221;]<h3 style=\"text-align: center;\">Parceiros<\/h3>[\/et_pb_text][et_pb_blurb title=&#8221;H.R.Y.O HUMAN RIGHTS YOUTH ORGANIZATION&#8221; url=&#8221;https:\/\/www.hryo.org\/&#8221; url_new_window=&#8221;on&#8221; image=&#8221;https:\/\/rightchallenge.org\/wp-content\/uploads\/2023\/07\/circle-flag-of-italy-free-png.png&#8221; icon_placement=&#8221;left&#8221; content_max_width=&#8221;800px&#8221; _builder_version=&#8221;4.27.0&#8243; header_font=&#8221;PT Sans|700|||||||&#8221; header_text_color=&#8221;#000000&#8243; header_font_size=&#8221;17px&#8221; header_line_height=&#8221;1.9em&#8221; locked=&#8221;off&#8221; global_colors_info=&#8221;{}&#8221;][\/et_pb_blurb][et_pb_blurb title=&#8221;The Rural Hub CLG&#8221; url=&#8221;https:\/\/www.theruralhub.ie&#8221; url_new_window=&#8221;on&#8221; image=&#8221;https:\/\/rightchallenge.org\/wp-content\/uploads\/2020\/03\/ireland.png&#8221; icon_placement=&#8221;left&#8221; content_max_width=&#8221;800px&#8221; _builder_version=&#8221;4.27.0&#8243; _module_preset=&#8221;default&#8221; header_font=&#8221;PT Sans|700|||||||&#8221; header_text_color=&#8221;#000000&#8243; header_font_size=&#8221;17px&#8221; header_line_height=&#8221;1.9em&#8221; locked=&#8221;off&#8221; global_colors_info=&#8221;{}&#8221;][\/et_pb_blurb][et_pb_blurb title=&#8221;Permacultura Cantabria&#8221; url=&#8221;https:\/\/www.permaculturacantabria.com\/&#8221; url_new_window=&#8221;on&#8221; image=&#8221;https:\/\/rightchallenge.org\/wp-content\/uploads\/2023\/07\/spain.png&#8221; icon_placement=&#8221;left&#8221; content_max_width=&#8221;800px&#8221; _builder_version=&#8221;4.27.0&#8243; header_font=&#8221;PT Sans|700|||||||&#8221; header_text_color=&#8221;#000000&#8243; header_font_size=&#8221;17px&#8221; header_line_height=&#8221;1.9em&#8221; locked=&#8221;off&#8221; global_colors_info=&#8221;{}&#8221;][\/et_pb_blurb][et_pb_blurb title=&#8221;Cinergies&#8221; url=&#8221;https:\/\/www.cinergies.coop\/&#8221; url_new_window=&#8221;on&#8221; image=&#8221;https:\/\/rightchallenge.org\/wp-content\/uploads\/2023\/07\/flag-round-250-3.png&#8221; icon_placement=&#8221;left&#8221; content_max_width=&#8221;800px&#8221; _builder_version=&#8221;4.27.0&#8243; header_font=&#8221;PT Sans|700|||||||&#8221; header_text_color=&#8221;#000000&#8243; header_font_size=&#8221;17px&#8221; header_line_height=&#8221;1.9em&#8221; locked=&#8221;off&#8221; global_colors_info=&#8221;{}&#8221;][\/et_pb_blurb][\/et_pb_column][\/et_pb_row][\/et_pb_section]\n","protected":false},"excerpt":{"rendered":"<p>&nbsp; O projeto Perma-Youth \u00e9 o resultado de uma necessidade coletiva entre cinco organiza\u00e7\u00f5es parceiras para promover a troca de conhecimentos e partilhar abordagens bem-sucedidas \u00e0s quest\u00f5es ambientais e \u00e0 educa\u00e7\u00e3o em permacultura. No seu cerne, o Perma-Youth \u00e9 impulsionado pelo objetivo de capacitar os jovens trabalhadores com conhecimentos e compet\u00eancias essenciais para enriquecer o [&hellip;]<\/p>\n","protected":false},"author":2,"featured_media":0,"parent":0,"menu_order":0,"comment_status":"closed","ping_status":"closed","template":"","meta":{"_et_pb_use_builder":"on","_et_pb_old_content":"","_et_gb_content_width":"","_monsterinsights_skip_tracking":false,"_monsterinsights_sitenote_active":false,"_monsterinsights_sitenote_note":"","_monsterinsights_sitenote_category":0,"footnotes":""},"class_list":["post-4190","page","type-page","status-publish","hentry"],"yoast_head":"<!-- This site is optimized with the Yoast SEO plugin v27.4 - https:\/\/yoast.com\/product\/yoast-seo-wordpress\/ -->\n<title>Perma-Youth - Rightchallenge<\/title>\n<meta name=\"robots\" content=\"index, follow, max-snippet:-1, max-image-preview:large, max-video-preview:-1\" \/>\n<link rel=\"canonical\" href=\"https:\/\/rightchallenge.org\/en\/perma-youth\/\" \/>\n<meta property=\"og:locale\" content=\"en_GB\" \/>\n<meta property=\"og:type\" content=\"article\" \/>\n<meta property=\"og:title\" content=\"Perma-Youth - Rightchallenge\" \/>\n<meta property=\"og:description\" content=\"&nbsp; O projeto Perma-Youth \u00e9 o resultado de uma necessidade coletiva entre cinco organiza\u00e7\u00f5es parceiras para promover a troca de conhecimentos e partilhar abordagens bem-sucedidas \u00e0s quest\u00f5es ambientais e \u00e0 educa\u00e7\u00e3o em permacultura. No seu cerne, o Perma-Youth \u00e9 impulsionado pelo objetivo de capacitar os jovens trabalhadores com conhecimentos e compet\u00eancias essenciais para enriquecer o [&hellip;]\" \/>\n<meta property=\"og:url\" content=\"https:\/\/rightchallenge.org\/en\/perma-youth\/\" \/>\n<meta property=\"og:site_name\" content=\"Rightchallenge\" \/>\n<meta property=\"article:modified_time\" content=\"2024-08-13T16:01:56+00:00\" \/>\n<meta name=\"twitter:card\" content=\"summary_large_image\" \/>\n<meta name=\"twitter:label1\" content=\"Estimated reading time\" \/>\n\t<meta name=\"twitter:data1\" content=\"3 minutes\" \/>\n<script type=\"application\/ld+json\" class=\"yoast-schema-graph\">{\"@context\":\"https:\\\/\\\/schema.org\",\"@graph\":[{\"@type\":\"WebPage\",\"@id\":\"https:\\\/\\\/rightchallenge.org\\\/perma-youth\\\/\",\"url\":\"https:\\\/\\\/rightchallenge.org\\\/perma-youth\\\/\",\"name\":\"Perma-Youth - Rightchallenge\",\"isPartOf\":{\"@id\":\"https:\\\/\\\/rightchallenge.org\\\/#website\"},\"datePublished\":\"2024-08-13T16:01:55+00:00\",\"dateModified\":\"2024-08-13T16:01:56+00:00\",\"breadcrumb\":{\"@id\":\"https:\\\/\\\/rightchallenge.org\\\/perma-youth\\\/#breadcrumb\"},\"inLanguage\":\"en-GB\",\"potentialAction\":[{\"@type\":\"ReadAction\",\"target\":[\"https:\\\/\\\/rightchallenge.org\\\/perma-youth\\\/\"]}]},{\"@type\":\"BreadcrumbList\",\"@id\":\"https:\\\/\\\/rightchallenge.org\\\/perma-youth\\\/#breadcrumb\",\"itemListElement\":[{\"@type\":\"ListItem\",\"position\":1,\"name\":\"In\u00edcio\",\"item\":\"https:\\\/\\\/rightchallenge.org\\\/\"},{\"@type\":\"ListItem\",\"position\":2,\"name\":\"Perma-Youth\"}]},{\"@type\":\"WebSite\",\"@id\":\"https:\\\/\\\/rightchallenge.org\\\/#website\",\"url\":\"https:\\\/\\\/rightchallenge.org\\\/\",\"name\":\"Rightchallenge\",\"description\":\"Associa\u00e7\u00e3o\",\"potentialAction\":[{\"@type\":\"SearchAction\",\"target\":{\"@type\":\"EntryPoint\",\"urlTemplate\":\"https:\\\/\\\/rightchallenge.org\\\/?s={search_term_string}\"},\"query-input\":{\"@type\":\"PropertyValueSpecification\",\"valueRequired\":true,\"valueName\":\"search_term_string\"}}],\"inLanguage\":\"en-GB\"}]}<\/script>\n<!-- \/ Yoast SEO plugin. -->","yoast_head_json":{"title":"Perma-Youth - Rightchallenge","robots":{"index":"index","follow":"follow","max-snippet":"max-snippet:-1","max-image-preview":"max-image-preview:large","max-video-preview":"max-video-preview:-1"},"canonical":"https:\/\/rightchallenge.org\/en\/perma-youth\/","og_locale":"en_GB","og_type":"article","og_title":"Perma-Youth - Rightchallenge","og_description":"&nbsp; O projeto Perma-Youth \u00e9 o resultado de uma necessidade coletiva entre cinco organiza\u00e7\u00f5es parceiras para promover a troca de conhecimentos e partilhar abordagens bem-sucedidas \u00e0s quest\u00f5es ambientais e \u00e0 educa\u00e7\u00e3o em permacultura. No seu cerne, o Perma-Youth \u00e9 impulsionado pelo objetivo de capacitar os jovens trabalhadores com conhecimentos e compet\u00eancias essenciais para enriquecer o [&hellip;]","og_url":"https:\/\/rightchallenge.org\/en\/perma-youth\/","og_site_name":"Rightchallenge","article_modified_time":"2024-08-13T16:01:56+00:00","twitter_card":"summary_large_image","twitter_misc":{"Estimated reading time":"3 minutes"},"schema":{"@context":"https:\/\/schema.org","@graph":[{"@type":"WebPage","@id":"https:\/\/rightchallenge.org\/perma-youth\/","url":"https:\/\/rightchallenge.org\/perma-youth\/","name":"Perma-Youth - Rightchallenge","isPartOf":{"@id":"https:\/\/rightchallenge.org\/#website"},"datePublished":"2024-08-13T16:01:55+00:00","dateModified":"2024-08-13T16:01:56+00:00","breadcrumb":{"@id":"https:\/\/rightchallenge.org\/perma-youth\/#breadcrumb"},"inLanguage":"en-GB","potentialAction":[{"@type":"ReadAction","target":["https:\/\/rightchallenge.org\/perma-youth\/"]}]},{"@type":"BreadcrumbList","@id":"https:\/\/rightchallenge.org\/perma-youth\/#breadcrumb","itemListElement":[{"@type":"ListItem","position":1,"name":"In\u00edcio","item":"https:\/\/rightchallenge.org\/"},{"@type":"ListItem","position":2,"name":"Perma-Youth"}]},{"@type":"WebSite","@id":"https:\/\/rightchallenge.org\/#website","url":"https:\/\/rightchallenge.org\/","name":"Rightchallenge","description":"Associa\u00e7\u00e3o","potentialAction":[{"@type":"SearchAction","target":{"@type":"EntryPoint","urlTemplate":"https:\/\/rightchallenge.org\/?s={search_term_string}"},"query-input":{"@type":"PropertyValueSpecification","valueRequired":true,"valueName":"search_term_string"}}],"inLanguage":"en-GB"}]}},"_links":{"self":[{"href":"https:\/\/rightchallenge.org\/en\/wp-json\/wp\/v2\/pages\/4190","targetHints":{"allow":["GET"]}}],"collection":[{"href":"https:\/\/rightchallenge.org\/en\/wp-json\/wp\/v2\/pages"}],"about":[{"href":"https:\/\/rightchallenge.org\/en\/wp-json\/wp\/v2\/types\/page"}],"author":[{"embeddable":true,"href":"https:\/\/rightchallenge.org\/en\/wp-json\/wp\/v2\/users\/2"}],"replies":[{"embeddable":true,"href":"https:\/\/rightchallenge.org\/en\/wp-json\/wp\/v2\/comments?post=4190"}],"version-history":[{"count":4,"href":"https:\/\/rightchallenge.org\/en\/wp-json\/wp\/v2\/pages\/4190\/revisions"}],"predecessor-version":[{"id":4205,"href":"https:\/\/rightchallenge.org\/en\/wp-json\/wp\/v2\/pages\/4190\/revisions\/4205"}],"wp:attachment":[{"href":"https:\/\/rightchallenge.org\/en\/wp-json\/wp\/v2\/media?parent=4190"}],"curies":[{"name":"wp","href":"https:\/\/api.w.org\/{rel}","templated":true}]}}