{"id":355,"date":"2020-06-02T14:19:41","date_gmt":"2020-06-02T14:19:41","guid":{"rendered":"https:\/\/rightchallenge.org\/?page_id=355"},"modified":"2023-08-09T16:36:35","modified_gmt":"2023-08-09T15:36:35","slug":"iguideproject","status":"publish","type":"page","link":"https:\/\/rightchallenge.org\/en\/iguideproject\/","title":{"rendered":"iGuide"},"content":{"rendered":"<p>[et_pb_section fb_built=&#8221;1&#8243; admin_label=&#8221;Header&#8221; _builder_version=&#8221;4.16&#8243; custom_margin=&#8221;55px|||||&#8221; global_colors_info=&#8221;{}&#8221;][et_pb_row column_structure=&#8221;3_5,2_5&#8243; custom_padding_last_edited=&#8221;off|desktop&#8221; _builder_version=&#8221;4.16&#8243; background_enable_color=&#8221;off&#8221; custom_padding_tablet=&#8221;||30px||false|false&#8221; locked=&#8221;off&#8221; global_colors_info=&#8221;{}&#8221;][et_pb_column type=&#8221;3_5&#8243; _builder_version=&#8221;4.16&#8243; custom_padding_tablet=&#8221;||20px||false|false&#8221; custom_padding_phone=&#8221;&#8221; custom_padding_last_edited=&#8221;on|tablet&#8221; global_colors_info=&#8221;{}&#8221;][et_pb_image src=&#8221;https:\/\/rightchallenge.org\/wp-content\/uploads\/2020\/06\/iGuide-1.jpg&#8221; title_text=&#8221;iGuide&#8221; align=&#8221;center&#8221; _builder_version=&#8221;4.16&#8243; width=&#8221;49%&#8221; global_colors_info=&#8221;{}&#8221;][\/et_pb_image][et_pb_text _builder_version=&#8221;4.21.0&#8243; text_font=&#8221;PT Sans||||||||&#8221; text_text_color=&#8221;#000000&#8243; text_font_size=&#8221;14px&#8221; text_line_height=&#8221;1.9em&#8221; global_colors_info=&#8221;{}&#8221;]<\/p>\n<p style=\"text-align: justify;\">O projeto <strong>&#8220;iGUIDE&#8221;<\/strong> prop\u00f5e uma abordagem completamente nova para o <strong>desenvolvimento e planeamento de carreiras<\/strong> como disciplina completa com os resultados de aprendizagem necess\u00e1rios a alcan\u00e7ar.<\/p>\n<p style=\"text-align: justify;\">O projeto tem como objetivo promover a mudan\u00e7a de mentalidades prevalecentes em mat\u00e9ria de orienta\u00e7\u00e3o profissional e prop\u00f5e a moderniza\u00e7\u00e3o da oferta de orienta\u00e7\u00e3o profissional de modo a refletir a realidade do mercado de emprego europeu.<\/p>\n<p style=\"text-align: justify;\">Pretende ainda proporcionar a cada aprendiz adulto um conjunto de recursos de auto-forma\u00e7\u00e3o, que pode utilizar para desenvolver as suas compet\u00eancias de planeamento de carreira independentemente dos profissionais da educa\u00e7\u00e3o e da orienta\u00e7\u00e3o.<\/p>\n<p style=\"text-align: justify;\">A capacidade de conceber e planear um percurso de progress\u00e3o de carreira \u00e9 um dos principais fatores determinantes do sucesso para pessoas de todas as idades na Europa e o iGUIDE ajudar\u00e1 as pessoas a desenvolver esta capacidade.<\/p>\n<p style=\"text-align: justify;\"><span style=\"color: #000000;\"><strong>Este projeto \u00e9 apoiado no \u00e2mbito do programa europeu Erasmus+ &#8211; Inova\u00e7\u00e3o<\/strong><\/span><\/p>\n<p>[\/et_pb_text][\/et_pb_column][et_pb_column type=&#8221;2_5&#8243; _builder_version=&#8221;4.16&#8243; background_color=&#8221;#ffffff&#8221; custom_padding=&#8221;50px|40px|60px|40px|false|true&#8221; custom_padding_tablet=&#8221;|50px||50px|false|true&#8221; custom_padding_phone=&#8221;&#8221; custom_padding_last_edited=&#8221;on|tablet&#8221; border_radii=&#8221;on|10px|10px|10px|10px&#8221; box_shadow_style=&#8221;preset1&#8243; box_shadow_color=&#8221;rgba(12,113,195,0.13)&#8221; global_colors_info=&#8221;{}&#8221;][et_pb_image src=&#8221;https:\/\/rightchallenge.org\/wp-content\/uploads\/2023\/07\/PT_Co-fundedbytheEU_RGB_POS.png&#8221; title_text=&#8221;PT_Co-fundedbytheEU_RGB_POS&#8221; align=&#8221;center&#8221; _builder_version=&#8221;4.21.2&#8243; max_width=&#8221;70%&#8221; hover_enabled=&#8221;0&#8243; global_colors_info=&#8221;{}&#8221; sticky_enabled=&#8221;0&#8243;][\/et_pb_image][et_pb_text _builder_version=&#8221;4.16&#8243; custom_margin=&#8221;||13px|||&#8221; custom_padding=&#8221;16px|||||&#8221; global_colors_info=&#8221;{}&#8221;]<\/p>\n<h3 style=\"text-align: center;\">Parceiros<\/h3>\n<p>[\/et_pb_text][et_pb_blurb title=&#8221; OSRODEK SZKOLENIOWO-BADAWCZY INNEO&#8221; url=&#8221;http:\/\/www.inneo.org.pl&#8221; url_new_window=&#8221;on&#8221; image=&#8221;https:\/\/rightchallenge.org\/wp-content\/uploads\/2020\/03\/plflag-2.png&#8221; icon_placement=&#8221;left&#8221; content_max_width=&#8221;800px&#8221; _builder_version=&#8221;4.21.0&#8243; header_font=&#8221;PT Sans||||||||&#8221; header_text_color=&#8221;#000000&#8243; header_font_size=&#8221;14px&#8221; header_line_height=&#8221;1.9em&#8221; locked=&#8221;off&#8221; global_colors_info=&#8221;{}&#8221;][\/et_pb_blurb][et_pb_blurb title=&#8221;FUTURE IN PERSPECTIVE LIMITED&#8221; url=&#8221;http:\/\/www.fipl.eu&#8221; url_new_window=&#8221;on&#8221; image=&#8221;https:\/\/rightchallenge.org\/wp-content\/uploads\/2020\/03\/ireland.png&#8221; icon_placement=&#8221;left&#8221; content_max_width=&#8221;800px&#8221; _builder_version=&#8221;4.21.0&#8243; header_font=&#8221;PT Sans||||||||&#8221; header_text_color=&#8221;#000000&#8243; header_font_size=&#8221;14px&#8221; header_line_height=&#8221;1.9em&#8221; locked=&#8221;off&#8221; global_colors_info=&#8221;{}&#8221;][\/et_pb_blurb][et_pb_blurb title=&#8221;REINTEGRA, z.s.&#8221; url=&#8221;http:\/\/www.reintegra.cz&#8221; url_new_window=&#8221;on&#8221; image=&#8221;https:\/\/rightchallenge.org\/wp-content\/uploads\/2020\/06\/czech-republic.png&#8221; icon_placement=&#8221;left&#8221; content_max_width=&#8221;800px&#8221; _builder_version=&#8221;4.21.0&#8243; header_font=&#8221;PT Sans||||||||&#8221; header_text_color=&#8221;#000000&#8243; header_font_size=&#8221;14px&#8221; header_line_height=&#8221;1.9em&#8221; locked=&#8221;off&#8221; global_colors_info=&#8221;{}&#8221;][\/et_pb_blurb][et_pb_blurb title=&#8221;EMINA P\u00e1lyaorient\u00e1ci\u00f3s Alap\u00edtv\u00e1ny&#8221; url=&#8221;http:\/\/eminafoundation.eu\/&#8221; url_new_window=&#8221;on&#8221; image=&#8221;https:\/\/rightchallenge.org\/wp-content\/uploads\/2020\/06\/hungary.png&#8221; icon_placement=&#8221;left&#8221; content_max_width=&#8221;800px&#8221; _builder_version=&#8221;4.21.0&#8243; header_font=&#8221;PT Sans||||||||&#8221; header_text_color=&#8221;#000000&#8243; header_font_size=&#8221;14px&#8221; header_line_height=&#8221;1.9em&#8221; locked=&#8221;off&#8221; global_colors_info=&#8221;{}&#8221;][\/et_pb_blurb][et_pb_blurb title=&#8221;Asociatia de Dezvoltare Economico-Sociala&#8221; url=&#8221;http:\/\/www.adescda.ro&#8221; url_new_window=&#8221;on&#8221; image=&#8221;https:\/\/rightchallenge.org\/wp-content\/uploads\/2020\/06\/romania.png&#8221; icon_placement=&#8221;left&#8221; content_max_width=&#8221;800px&#8221; _builder_version=&#8221;4.21.0&#8243; header_font=&#8221;PT Sans||||||||&#8221; header_text_color=&#8221;#000000&#8243; header_font_size=&#8221;14px&#8221; header_line_height=&#8221;1.9em&#8221; locked=&#8221;off&#8221; global_colors_info=&#8221;{}&#8221;][\/et_pb_blurb][et_pb_blurb title=&#8221;CENTRE FOR ADVANCEMENT OF RESEARCH AND DEVELOPMENT IN EDUCATIONAL TECHNOLOGY LTD-CARDET&#8221; url=&#8221;http:\/\/www.cardet.org&#8221; url_new_window=&#8221;on&#8221; image=&#8221;https:\/\/rightchallenge.org\/wp-content\/uploads\/2020\/03\/cyprus.png&#8221; icon_placement=&#8221;left&#8221; content_max_width=&#8221;800px&#8221; _builder_version=&#8221;4.21.0&#8243; header_font=&#8221;PT Sans||||||||&#8221; header_text_color=&#8221;#000000&#8243; header_font_size=&#8221;14px&#8221; header_line_height=&#8221;1.9em&#8221; locked=&#8221;off&#8221; global_colors_info=&#8221;{}&#8221;][\/et_pb_blurb][et_pb_blurb title=&#8221;Website&#8221; url=&#8221;https:\/\/iguideproject.eu\/pt\/inicio\/&#8221; url_new_window=&#8221;on&#8221; image=&#8221;https:\/\/rightchallenge.org\/wp-content\/uploads\/2023\/07\/Design-sem-nome-1.png&#8221; icon_placement=&#8221;left&#8221; content_max_width=&#8221;800px&#8221; _builder_version=&#8221;4.21.2&#8243; header_font=&#8221;|700|||||||&#8221; header_text_align=&#8221;left&#8221; header_text_color=&#8221;#0C71C3&#8243; header_font_size=&#8221;18px&#8221; header_line_height=&#8221;1.9em&#8221; body_font=&#8221;|700|||||||&#8221; custom_margin=&#8221;|||77px|false|false&#8221; custom_padding=&#8221;|||10px|false|false&#8221; hover_enabled=&#8221;0&#8243; locked=&#8221;off&#8221; global_colors_info=&#8221;{}&#8221; theme_builder_area=&#8221;post_content&#8221; link_option_url_new_window=&#8221;on&#8221; sticky_enabled=&#8221;0&#8243;][\/et_pb_blurb][et_pb_blurb title=&#8221;Facebook&#8221; url=&#8221;https:\/\/www.facebook.com\/iGuideProject&#8221; url_new_window=&#8221;on&#8221; image=&#8221;https:\/\/rightchallenge.org\/wp-content\/uploads\/2023\/07\/5968764.png&#8221; icon_placement=&#8221;left&#8221; content_max_width=&#8221;800px&#8221; _builder_version=&#8221;4.21.2&#8243; header_font=&#8221;|700|||||||&#8221; header_text_align=&#8221;left&#8221; header_text_color=&#8221;#0C71C3&#8243; header_font_size=&#8221;18px&#8221; header_line_height=&#8221;1.9em&#8221; body_font=&#8221;|700|||||||&#8221; custom_margin=&#8221;-20px|88px||88px|false|true&#8221; hover_enabled=&#8221;0&#8243; locked=&#8221;off&#8221; global_colors_info=&#8221;{}&#8221; theme_builder_area=&#8221;post_content&#8221; link_option_url_new_window=&#8221;on&#8221; sticky_enabled=&#8221;0&#8243;][\/et_pb_blurb][\/et_pb_column][\/et_pb_row][\/et_pb_section]<\/p>\n","protected":false},"excerpt":{"rendered":"<p>O projeto &#8220;iGUIDE&#8221; prop\u00f5e uma abordagem completamente nova para o desenvolvimento e planeamento de carreiras como disciplina completa com os resultados de aprendizagem necess\u00e1rios a alcan\u00e7ar. O projeto tem como objetivo promover a mudan\u00e7a de mentalidades prevalecentes em mat\u00e9ria de orienta\u00e7\u00e3o profissional e prop\u00f5e a moderniza\u00e7\u00e3o da oferta de orienta\u00e7\u00e3o profissional de modo a refletir [&hellip;]<\/p>\n","protected":false},"author":2,"featured_media":0,"parent":0,"menu_order":0,"comment_status":"closed","ping_status":"closed","template":"","meta":{"_et_pb_use_builder":"on","_et_pb_old_content":"","_et_gb_content_width":"","_monsterinsights_skip_tracking":false,"_monsterinsights_sitenote_active":false,"_monsterinsights_sitenote_note":"","_monsterinsights_sitenote_category":0,"footnotes":""},"class_list":["post-355","page","type-page","status-publish","hentry"],"yoast_head":"<!-- This site is optimized with the Yoast SEO plugin v27.6 - https:\/\/yoast.com\/product\/yoast-seo-wordpress\/ -->\n<title>iGuide - Rightchallenge<\/title>\n<meta name=\"robots\" content=\"index, follow, max-snippet:-1, max-image-preview:large, max-video-preview:-1\" \/>\n<link rel=\"canonical\" href=\"https:\/\/rightchallenge.org\/en\/iguideproject\/\" \/>\n<meta property=\"og:locale\" content=\"en_GB\" \/>\n<meta property=\"og:type\" content=\"article\" \/>\n<meta property=\"og:title\" content=\"iGuide - Rightchallenge\" \/>\n<meta property=\"og:description\" content=\"O projeto &quot;iGUIDE&quot; prop\u00f5e uma abordagem completamente nova para o desenvolvimento e planeamento de carreiras como disciplina completa com os resultados de aprendizagem necess\u00e1rios a alcan\u00e7ar. O projeto tem como objetivo promover a mudan\u00e7a de mentalidades prevalecentes em mat\u00e9ria de orienta\u00e7\u00e3o profissional e prop\u00f5e a moderniza\u00e7\u00e3o da oferta de orienta\u00e7\u00e3o profissional de modo a refletir [&hellip;]\" \/>\n<meta property=\"og:url\" content=\"https:\/\/rightchallenge.org\/en\/iguideproject\/\" \/>\n<meta property=\"og:site_name\" content=\"Rightchallenge\" \/>\n<meta property=\"article:modified_time\" content=\"2023-08-09T15:36:35+00:00\" \/>\n<meta name=\"twitter:card\" content=\"summary_large_image\" \/>\n<meta name=\"twitter:label1\" content=\"Estimated reading time\" \/>\n\t<meta name=\"twitter:data1\" content=\"5 minutes\" \/>\n<script type=\"application\/ld+json\" class=\"yoast-schema-graph\">{\"@context\":\"https:\\\/\\\/schema.org\",\"@graph\":[{\"@type\":\"WebPage\",\"@id\":\"https:\\\/\\\/rightchallenge.org\\\/iguideproject\\\/\",\"url\":\"https:\\\/\\\/rightchallenge.org\\\/iguideproject\\\/\",\"name\":\"iGuide - Rightchallenge\",\"isPartOf\":{\"@id\":\"https:\\\/\\\/rightchallenge.org\\\/#website\"},\"datePublished\":\"2020-06-02T14:19:41+00:00\",\"dateModified\":\"2023-08-09T15:36:35+00:00\",\"breadcrumb\":{\"@id\":\"https:\\\/\\\/rightchallenge.org\\\/iguideproject\\\/#breadcrumb\"},\"inLanguage\":\"en-GB\",\"potentialAction\":[{\"@type\":\"ReadAction\",\"target\":[\"https:\\\/\\\/rightchallenge.org\\\/iguideproject\\\/\"]}]},{\"@type\":\"BreadcrumbList\",\"@id\":\"https:\\\/\\\/rightchallenge.org\\\/iguideproject\\\/#breadcrumb\",\"itemListElement\":[{\"@type\":\"ListItem\",\"position\":1,\"name\":\"In\u00edcio\",\"item\":\"https:\\\/\\\/rightchallenge.org\\\/\"},{\"@type\":\"ListItem\",\"position\":2,\"name\":\"iGuide\"}]},{\"@type\":\"WebSite\",\"@id\":\"https:\\\/\\\/rightchallenge.org\\\/#website\",\"url\":\"https:\\\/\\\/rightchallenge.org\\\/\",\"name\":\"Rightchallenge\",\"description\":\"Associa\u00e7\u00e3o\",\"potentialAction\":[{\"@type\":\"SearchAction\",\"target\":{\"@type\":\"EntryPoint\",\"urlTemplate\":\"https:\\\/\\\/rightchallenge.org\\\/?s={search_term_string}\"},\"query-input\":{\"@type\":\"PropertyValueSpecification\",\"valueRequired\":true,\"valueName\":\"search_term_string\"}}],\"inLanguage\":\"en-GB\"}]}<\/script>\n<!-- \/ Yoast SEO plugin. -->","yoast_head_json":{"title":"iGuide - Rightchallenge","robots":{"index":"index","follow":"follow","max-snippet":"max-snippet:-1","max-image-preview":"max-image-preview:large","max-video-preview":"max-video-preview:-1"},"canonical":"https:\/\/rightchallenge.org\/en\/iguideproject\/","og_locale":"en_GB","og_type":"article","og_title":"iGuide - Rightchallenge","og_description":"O projeto \"iGUIDE\" prop\u00f5e uma abordagem completamente nova para o desenvolvimento e planeamento de carreiras como disciplina completa com os resultados de aprendizagem necess\u00e1rios a alcan\u00e7ar. O projeto tem como objetivo promover a mudan\u00e7a de mentalidades prevalecentes em mat\u00e9ria de orienta\u00e7\u00e3o profissional e prop\u00f5e a moderniza\u00e7\u00e3o da oferta de orienta\u00e7\u00e3o profissional de modo a refletir [&hellip;]","og_url":"https:\/\/rightchallenge.org\/en\/iguideproject\/","og_site_name":"Rightchallenge","article_modified_time":"2023-08-09T15:36:35+00:00","twitter_card":"summary_large_image","twitter_misc":{"Estimated reading time":"5 minutes"},"schema":{"@context":"https:\/\/schema.org","@graph":[{"@type":"WebPage","@id":"https:\/\/rightchallenge.org\/iguideproject\/","url":"https:\/\/rightchallenge.org\/iguideproject\/","name":"iGuide - Rightchallenge","isPartOf":{"@id":"https:\/\/rightchallenge.org\/#website"},"datePublished":"2020-06-02T14:19:41+00:00","dateModified":"2023-08-09T15:36:35+00:00","breadcrumb":{"@id":"https:\/\/rightchallenge.org\/iguideproject\/#breadcrumb"},"inLanguage":"en-GB","potentialAction":[{"@type":"ReadAction","target":["https:\/\/rightchallenge.org\/iguideproject\/"]}]},{"@type":"BreadcrumbList","@id":"https:\/\/rightchallenge.org\/iguideproject\/#breadcrumb","itemListElement":[{"@type":"ListItem","position":1,"name":"In\u00edcio","item":"https:\/\/rightchallenge.org\/"},{"@type":"ListItem","position":2,"name":"iGuide"}]},{"@type":"WebSite","@id":"https:\/\/rightchallenge.org\/#website","url":"https:\/\/rightchallenge.org\/","name":"Rightchallenge","description":"Associa\u00e7\u00e3o","potentialAction":[{"@type":"SearchAction","target":{"@type":"EntryPoint","urlTemplate":"https:\/\/rightchallenge.org\/?s={search_term_string}"},"query-input":{"@type":"PropertyValueSpecification","valueRequired":true,"valueName":"search_term_string"}}],"inLanguage":"en-GB"}]}},"_links":{"self":[{"href":"https:\/\/rightchallenge.org\/en\/wp-json\/wp\/v2\/pages\/355","targetHints":{"allow":["GET"]}}],"collection":[{"href":"https:\/\/rightchallenge.org\/en\/wp-json\/wp\/v2\/pages"}],"about":[{"href":"https:\/\/rightchallenge.org\/en\/wp-json\/wp\/v2\/types\/page"}],"author":[{"embeddable":true,"href":"https:\/\/rightchallenge.org\/en\/wp-json\/wp\/v2\/users\/2"}],"replies":[{"embeddable":true,"href":"https:\/\/rightchallenge.org\/en\/wp-json\/wp\/v2\/comments?post=355"}],"version-history":[{"count":12,"href":"https:\/\/rightchallenge.org\/en\/wp-json\/wp\/v2\/pages\/355\/revisions"}],"predecessor-version":[{"id":3427,"href":"https:\/\/rightchallenge.org\/en\/wp-json\/wp\/v2\/pages\/355\/revisions\/3427"}],"wp:attachment":[{"href":"https:\/\/rightchallenge.org\/en\/wp-json\/wp\/v2\/media?parent=355"}],"curies":[{"name":"wp","href":"https:\/\/api.w.org\/{rel}","templated":true}]}}