{"id":3374,"date":"2023-08-09T15:22:42","date_gmt":"2023-08-09T14:22:42","guid":{"rendered":"https:\/\/rightchallenge.org\/?page_id=3374"},"modified":"2023-08-09T15:22:43","modified_gmt":"2023-08-09T14:22:43","slug":"adults-4-future","status":"publish","type":"page","link":"https:\/\/rightchallenge.org\/en\/adults-4-future\/","title":{"rendered":"Adults 4 Future"},"content":{"rendered":"\n[et_pb_section fb_built=&#8221;1&#8243; admin_label=&#8221;Header&#8221; _builder_version=&#8221;4.21.0&#8243; global_colors_info=&#8221;{}&#8221;][et_pb_row column_structure=&#8221;3_5,2_5&#8243; custom_padding_last_edited=&#8221;off|desktop&#8221; _builder_version=&#8221;4.21.0&#8243; background_enable_color=&#8221;off&#8221; custom_padding_tablet=&#8221;||30px||false|false&#8221; locked=&#8221;off&#8221; global_colors_info=&#8221;{}&#8221;][et_pb_column type=&#8221;3_5&#8243; _builder_version=&#8221;4.16&#8243; custom_padding_tablet=&#8221;||20px||false|false&#8221; custom_padding_phone=&#8221;&#8221; custom_padding_last_edited=&#8221;on|tablet&#8221; global_colors_info=&#8221;{}&#8221;][et_pb_image src=&#8221;https:\/\/rightchallenge.org\/wp-content\/uploads\/2023\/08\/logo-a4f.jpeg&#8221; title_text=&#8221;logo-a4f&#8221; align=&#8221;center&#8221; _builder_version=&#8221;4.21.2&#8243; width=&#8221;49%&#8221; global_colors_info=&#8221;{}&#8221;][\/et_pb_image][et_pb_text _builder_version=&#8221;4.21.2&#8243; text_font=&#8221;PT Sans||||||||&#8221; text_text_color=&#8221;#000000&#8243; text_font_size=&#8221;15px&#8221; text_line_height=&#8221;1.9em&#8221; global_colors_info=&#8221;{}&#8221;]<p style=\"text-align: justify;\">O projeto <strong>&#8220;Adults for Future&#8221;<\/strong> visa refor\u00e7ar as capacidades e o apoio do <strong>ativismo verde<\/strong> como base para a <strong>constru\u00e7\u00e3o de resili\u00eancia e um estilo de vida saud\u00e1vel.<\/strong><\/p>\n<p style=\"text-align: justify;\">O projeto visa envolver os <strong>idosos em pr\u00e1ticas ecol\u00f3gicas<\/strong> atrav\u00e9s do ativismo e abordar as v\u00e1rias quest\u00f5es que enfrentam. Destina-se, tamb\u00e9m, a apoiar os educadores de adultos e os centros de educa\u00e7\u00e3o de adultos a envolverem os idosos na educa\u00e7\u00e3o ambiental. Visa igualmente refor\u00e7ar o papel dos idosos na sua participa\u00e7\u00e3o no ambiente na sociedade.<\/p>\n<p style=\"text-align: justify;\">O ativismo verde \u00e9 muitas vezes visto como uma preocupa\u00e7\u00e3o apenas das gera\u00e7\u00f5es mais jovens, enquanto as opini\u00f5es dos adultos mais velhos geralmente n\u00e3o s\u00e3o mencionadas nem fazem parte da perspectiva da educa\u00e7\u00e3o de adultos.<\/p>\n<p style=\"text-align: justify;\">O cons\u00f3rcio realizou uma investiga\u00e7\u00e3o de campo com entrevistas qualitativas em Espanha, Portugal, It\u00e1lia e Chipre para melhor compreender as compet\u00eancias e expectativas dos idosos em diferentes \u00e1reas da sua vida quotidiana, com vista a uma vida mais sustent\u00e1vel (planos de reforma ecol\u00f3gica, consumo de energia, alimentos biol\u00f3gicos, envolvimento da comunidade, barreiras \u00e0 actividade, etc.). O cons\u00f3rcio tamb\u00e9m se envolveu com educadores de adultos no terreno para discutir estas quest\u00f5es.<\/p>\n<p style=\"text-align: justify;\">Nesse sentido, o projeto ir\u00e1 desenvolver os seguintes recursos:<\/p>\n<ul>\n<li style=\"text-align: justify;\">Curso de capacita\u00e7\u00e3o para educadores de adultos com o desenvolvimento de orienta\u00e7\u00f5es estrat\u00e9gicas para a educa\u00e7\u00e3o sustent\u00e1vel nos centros de educa\u00e7\u00e3o de adultos.<\/li>\n<li style=\"text-align: justify;\">Curso online baseado em cen\u00e1rios sobre ativismo ambiental para idosos e atrav\u00e9s de jogos.<\/li>\n<\/ul>\n<p style=\"text-align: justify;\"><strong>Este projeto \u00e9 apoiado no \u00e2mbito do programa europeu Erasmus+<\/strong><\/p>[\/et_pb_text][\/et_pb_column][et_pb_column type=&#8221;2_5&#8243; _builder_version=&#8221;4.16&#8243; background_color=&#8221;#ffffff&#8221; custom_padding=&#8221;50px|40px|60px|40px|false|true&#8221; custom_padding_tablet=&#8221;|50px||50px|false|true&#8221; custom_padding_phone=&#8221;&#8221; custom_padding_last_edited=&#8221;on|tablet&#8221; border_radii=&#8221;on|10px|10px|10px|10px&#8221; box_shadow_style=&#8221;preset1&#8243; box_shadow_color=&#8221;rgba(12,113,195,0.13)&#8221; global_colors_info=&#8221;{}&#8221;][et_pb_image src=&#8221;https:\/\/rightchallenge.org\/wp-content\/uploads\/2023\/07\/PT_Co-fundedbytheEU_RGB_POS.png&#8221; title_text=&#8221;PT_Co-fundedbytheEU_RGB_POS&#8221; align=&#8221;center&#8221; _builder_version=&#8221;4.21.0&#8243; _module_preset=&#8221;default&#8221; width=&#8221;60%&#8221; global_colors_info=&#8221;{}&#8221;][\/et_pb_image][et_pb_text _builder_version=&#8221;4.16&#8243; custom_margin=&#8221;||13px|||&#8221; custom_padding=&#8221;16px|||||&#8221; global_colors_info=&#8221;{}&#8221;]<h3 style=\"text-align: center;\">Parceiros<\/h3>[\/et_pb_text][et_pb_blurb title=&#8221;DomSpain&#8221; url=&#8221;https:\/\/domspain.eu\/&#8221; url_new_window=&#8221;on&#8221; image=&#8221;https:\/\/rightchallenge.org\/wp-content\/uploads\/2023\/07\/es-circle-01.png&#8221; icon_placement=&#8221;left&#8221; content_max_width=&#8221;800px&#8221; _builder_version=&#8221;4.21.2&#8243; header_font=&#8221;PT Sans|700|||||||&#8221; header_text_color=&#8221;#000000&#8243; header_font_size=&#8221;17px&#8221; header_line_height=&#8221;1.9em&#8221; hover_enabled=&#8221;0&#8243; locked=&#8221;off&#8221; global_colors_info=&#8221;{}&#8221; title_text=&#8221;es-circle-01&#8243; sticky_enabled=&#8221;0&#8243;][\/et_pb_blurb][et_pb_blurb title=&#8221;Eurosuccess Consulting&#8221; url=&#8221;https:\/\/www.eurosc.eu\/en\/&#8221; url_new_window=&#8221;on&#8221; image=&#8221;https:\/\/rightchallenge.org\/wp-content\/uploads\/2023\/07\/flag-round-250-2.png&#8221; icon_placement=&#8221;left&#8221; content_max_width=&#8221;800px&#8221; _builder_version=&#8221;4.21.2&#8243; header_font=&#8221;PT Sans|700|||||||&#8221; header_text_color=&#8221;#000000&#8243; header_font_size=&#8221;17px&#8221; header_line_height=&#8221;1.9em&#8221; hover_enabled=&#8221;0&#8243; locked=&#8221;off&#8221; global_colors_info=&#8221;{}&#8221; title_text=&#8221;flag-round-250 (2)&#8221; sticky_enabled=&#8221;0&#8243;][\/et_pb_blurb][et_pb_blurb title=&#8221;Polygonal&#8221; url_new_window=&#8221;on&#8221; image=&#8221;https:\/\/rightchallenge.org\/wp-content\/uploads\/2023\/07\/circle-flag-of-italy-free-png.png&#8221; icon_placement=&#8221;left&#8221; content_max_width=&#8221;800px&#8221; _builder_version=&#8221;4.21.2&#8243; header_font=&#8221;PT Sans|700|||||||&#8221; header_text_color=&#8221;#000000&#8243; header_font_size=&#8221;17px&#8221; header_line_height=&#8221;1.9em&#8221; hover_enabled=&#8221;0&#8243; locked=&#8221;off&#8221; global_colors_info=&#8221;{}&#8221; sticky_enabled=&#8221;0&#8243;][\/et_pb_blurb][et_pb_blurb title=&#8221;Website&#8221; url=&#8221;https:\/\/adultsforfuture.eu\/results&#8221; url_new_window=&#8221;on&#8221; image=&#8221;https:\/\/rightchallenge.org\/wp-content\/uploads\/2023\/07\/Design-sem-nome-1.png&#8221; icon_placement=&#8221;left&#8221; content_max_width=&#8221;800px&#8221; _builder_version=&#8221;4.21.2&#8243; header_font=&#8221;|700|||||||&#8221; header_text_align=&#8221;left&#8221; header_text_color=&#8221;#0C71C3&#8243; header_font_size=&#8221;18px&#8221; header_line_height=&#8221;1.9em&#8221; body_font=&#8221;|700|||||||&#8221; custom_margin=&#8221;|||77px|false|false&#8221; custom_padding=&#8221;|||10px|false|false&#8221; hover_enabled=&#8221;0&#8243; locked=&#8221;off&#8221; global_colors_info=&#8221;{}&#8221; sticky_enabled=&#8221;0&#8243;][\/et_pb_blurb][et_pb_blurb title=&#8221;Facebook&#8221; url=&#8221;https:\/\/adultsforfuture.eu\/results&#8221; url_new_window=&#8221;on&#8221; image=&#8221;https:\/\/rightchallenge.org\/wp-content\/uploads\/2023\/07\/5968764.png&#8221; icon_placement=&#8221;left&#8221; content_max_width=&#8221;800px&#8221; _builder_version=&#8221;4.21.2&#8243; header_font=&#8221;|700|||||||&#8221; header_text_align=&#8221;left&#8221; header_text_color=&#8221;#0C71C3&#8243; header_font_size=&#8221;18px&#8221; header_line_height=&#8221;1.9em&#8221; body_font=&#8221;|700|||||||&#8221; custom_margin=&#8221;-20px|||88px|false|false&#8221; locked=&#8221;off&#8221; global_colors_info=&#8221;{}&#8221;][\/et_pb_blurb][\/et_pb_column][\/et_pb_row][\/et_pb_section]\n","protected":false},"excerpt":{"rendered":"<p>O projeto &#8220;Adults for Future&#8221; visa refor\u00e7ar as capacidades e o apoio do ativismo verde como base para a constru\u00e7\u00e3o de resili\u00eancia e um estilo de vida saud\u00e1vel. O projeto visa envolver os idosos em pr\u00e1ticas ecol\u00f3gicas atrav\u00e9s do ativismo e abordar as v\u00e1rias quest\u00f5es que enfrentam. Destina-se, tamb\u00e9m, a apoiar os educadores de adultos [&hellip;]<\/p>\n","protected":false},"author":2,"featured_media":0,"parent":0,"menu_order":0,"comment_status":"closed","ping_status":"closed","template":"","meta":{"_et_pb_use_builder":"on","_et_pb_old_content":"","_et_gb_content_width":"","_monsterinsights_skip_tracking":false,"_monsterinsights_sitenote_active":false,"_monsterinsights_sitenote_note":"","_monsterinsights_sitenote_category":0,"footnotes":""},"class_list":["post-3374","page","type-page","status-publish","hentry"],"yoast_head":"<!-- This site is optimized with the Yoast SEO plugin v27.3 - https:\/\/yoast.com\/product\/yoast-seo-wordpress\/ -->\n<title>Adults 4 Future - Rightchallenge<\/title>\n<meta name=\"robots\" content=\"index, follow, max-snippet:-1, max-image-preview:large, max-video-preview:-1\" \/>\n<link rel=\"canonical\" href=\"https:\/\/rightchallenge.org\/en\/adults-4-future\/\" \/>\n<meta property=\"og:locale\" content=\"en_GB\" \/>\n<meta property=\"og:type\" content=\"article\" \/>\n<meta property=\"og:title\" content=\"Adults 4 Future - Rightchallenge\" \/>\n<meta property=\"og:description\" content=\"O projeto &quot;Adults for Future&quot; visa refor\u00e7ar as capacidades e o apoio do ativismo verde como base para a constru\u00e7\u00e3o de resili\u00eancia e um estilo de vida saud\u00e1vel. O projeto visa envolver os idosos em pr\u00e1ticas ecol\u00f3gicas atrav\u00e9s do ativismo e abordar as v\u00e1rias quest\u00f5es que enfrentam. Destina-se, tamb\u00e9m, a apoiar os educadores de adultos [&hellip;]\" \/>\n<meta property=\"og:url\" content=\"https:\/\/rightchallenge.org\/en\/adults-4-future\/\" \/>\n<meta property=\"og:site_name\" content=\"Rightchallenge\" \/>\n<meta property=\"article:modified_time\" content=\"2023-08-09T14:22:43+00:00\" \/>\n<meta name=\"twitter:card\" content=\"summary_large_image\" \/>\n<script type=\"application\/ld+json\" class=\"yoast-schema-graph\">{\"@context\":\"https:\\\/\\\/schema.org\",\"@graph\":[{\"@type\":\"WebPage\",\"@id\":\"https:\\\/\\\/rightchallenge.org\\\/adults-4-future\\\/\",\"url\":\"https:\\\/\\\/rightchallenge.org\\\/adults-4-future\\\/\",\"name\":\"Adults 4 Future - Rightchallenge\",\"isPartOf\":{\"@id\":\"https:\\\/\\\/rightchallenge.org\\\/#website\"},\"datePublished\":\"2023-08-09T14:22:42+00:00\",\"dateModified\":\"2023-08-09T14:22:43+00:00\",\"breadcrumb\":{\"@id\":\"https:\\\/\\\/rightchallenge.org\\\/adults-4-future\\\/#breadcrumb\"},\"inLanguage\":\"en-GB\",\"potentialAction\":[{\"@type\":\"ReadAction\",\"target\":[\"https:\\\/\\\/rightchallenge.org\\\/adults-4-future\\\/\"]}]},{\"@type\":\"BreadcrumbList\",\"@id\":\"https:\\\/\\\/rightchallenge.org\\\/adults-4-future\\\/#breadcrumb\",\"itemListElement\":[{\"@type\":\"ListItem\",\"position\":1,\"name\":\"In\u00edcio\",\"item\":\"https:\\\/\\\/rightchallenge.org\\\/\"},{\"@type\":\"ListItem\",\"position\":2,\"name\":\"Adults 4 Future\"}]},{\"@type\":\"WebSite\",\"@id\":\"https:\\\/\\\/rightchallenge.org\\\/#website\",\"url\":\"https:\\\/\\\/rightchallenge.org\\\/\",\"name\":\"Rightchallenge\",\"description\":\"Associa\u00e7\u00e3o\",\"potentialAction\":[{\"@type\":\"SearchAction\",\"target\":{\"@type\":\"EntryPoint\",\"urlTemplate\":\"https:\\\/\\\/rightchallenge.org\\\/?s={search_term_string}\"},\"query-input\":{\"@type\":\"PropertyValueSpecification\",\"valueRequired\":true,\"valueName\":\"search_term_string\"}}],\"inLanguage\":\"en-GB\"}]}<\/script>\n<!-- \/ Yoast SEO plugin. -->","yoast_head_json":{"title":"Adults 4 Future - Rightchallenge","robots":{"index":"index","follow":"follow","max-snippet":"max-snippet:-1","max-image-preview":"max-image-preview:large","max-video-preview":"max-video-preview:-1"},"canonical":"https:\/\/rightchallenge.org\/en\/adults-4-future\/","og_locale":"en_GB","og_type":"article","og_title":"Adults 4 Future - Rightchallenge","og_description":"O projeto \"Adults for Future\" visa refor\u00e7ar as capacidades e o apoio do ativismo verde como base para a constru\u00e7\u00e3o de resili\u00eancia e um estilo de vida saud\u00e1vel. O projeto visa envolver os idosos em pr\u00e1ticas ecol\u00f3gicas atrav\u00e9s do ativismo e abordar as v\u00e1rias quest\u00f5es que enfrentam. Destina-se, tamb\u00e9m, a apoiar os educadores de adultos [&hellip;]","og_url":"https:\/\/rightchallenge.org\/en\/adults-4-future\/","og_site_name":"Rightchallenge","article_modified_time":"2023-08-09T14:22:43+00:00","twitter_card":"summary_large_image","schema":{"@context":"https:\/\/schema.org","@graph":[{"@type":"WebPage","@id":"https:\/\/rightchallenge.org\/adults-4-future\/","url":"https:\/\/rightchallenge.org\/adults-4-future\/","name":"Adults 4 Future - Rightchallenge","isPartOf":{"@id":"https:\/\/rightchallenge.org\/#website"},"datePublished":"2023-08-09T14:22:42+00:00","dateModified":"2023-08-09T14:22:43+00:00","breadcrumb":{"@id":"https:\/\/rightchallenge.org\/adults-4-future\/#breadcrumb"},"inLanguage":"en-GB","potentialAction":[{"@type":"ReadAction","target":["https:\/\/rightchallenge.org\/adults-4-future\/"]}]},{"@type":"BreadcrumbList","@id":"https:\/\/rightchallenge.org\/adults-4-future\/#breadcrumb","itemListElement":[{"@type":"ListItem","position":1,"name":"In\u00edcio","item":"https:\/\/rightchallenge.org\/"},{"@type":"ListItem","position":2,"name":"Adults 4 Future"}]},{"@type":"WebSite","@id":"https:\/\/rightchallenge.org\/#website","url":"https:\/\/rightchallenge.org\/","name":"Rightchallenge","description":"Associa\u00e7\u00e3o","potentialAction":[{"@type":"SearchAction","target":{"@type":"EntryPoint","urlTemplate":"https:\/\/rightchallenge.org\/?s={search_term_string}"},"query-input":{"@type":"PropertyValueSpecification","valueRequired":true,"valueName":"search_term_string"}}],"inLanguage":"en-GB"}]}},"_links":{"self":[{"href":"https:\/\/rightchallenge.org\/en\/wp-json\/wp\/v2\/pages\/3374","targetHints":{"allow":["GET"]}}],"collection":[{"href":"https:\/\/rightchallenge.org\/en\/wp-json\/wp\/v2\/pages"}],"about":[{"href":"https:\/\/rightchallenge.org\/en\/wp-json\/wp\/v2\/types\/page"}],"author":[{"embeddable":true,"href":"https:\/\/rightchallenge.org\/en\/wp-json\/wp\/v2\/users\/2"}],"replies":[{"embeddable":true,"href":"https:\/\/rightchallenge.org\/en\/wp-json\/wp\/v2\/comments?post=3374"}],"version-history":[{"count":4,"href":"https:\/\/rightchallenge.org\/en\/wp-json\/wp\/v2\/pages\/3374\/revisions"}],"predecessor-version":[{"id":3382,"href":"https:\/\/rightchallenge.org\/en\/wp-json\/wp\/v2\/pages\/3374\/revisions\/3382"}],"wp:attachment":[{"href":"https:\/\/rightchallenge.org\/en\/wp-json\/wp\/v2\/media?parent=3374"}],"curies":[{"name":"wp","href":"https:\/\/api.w.org\/{rel}","templated":true}]}}