{"id":3041,"date":"2023-07-13T11:16:00","date_gmt":"2023-07-13T10:16:00","guid":{"rendered":"https:\/\/rightchallenge.org\/?page_id=3041"},"modified":"2023-08-09T15:53:48","modified_gmt":"2023-08-09T14:53:48","slug":"stop-racism","status":"publish","type":"page","link":"https:\/\/rightchallenge.org\/en\/stop-racism\/","title":{"rendered":"Stop-Racism"},"content":{"rendered":"<p>[et_pb_section fb_built=&#8221;1&#8243; admin_label=&#8221;Header&#8221; _builder_version=&#8221;4.16&#8243; global_colors_info=&#8221;{}&#8221;][et_pb_row column_structure=&#8221;3_5,2_5&#8243; custom_padding_last_edited=&#8221;off|desktop&#8221; _builder_version=&#8221;4.16&#8243; background_enable_color=&#8221;off&#8221; custom_padding_tablet=&#8221;||30px||false|false&#8221; locked=&#8221;off&#8221; global_colors_info=&#8221;{}&#8221;][et_pb_column type=&#8221;3_5&#8243; _builder_version=&#8221;4.16&#8243; custom_padding_tablet=&#8221;||20px||false|false&#8221; custom_padding_phone=&#8221;&#8221; custom_padding_last_edited=&#8221;on|tablet&#8221; global_colors_info=&#8221;{}&#8221;][et_pb_image src=&#8221;https:\/\/rightchallenge.org\/wp-content\/uploads\/2023\/07\/STOP-RACISM-PRIMARY-LOGO.png&#8221; title_text=&#8221;STOP RACISM PRIMARY LOGO&#8221; align=&#8221;center&#8221; _builder_version=&#8221;4.21.0&#8243; width=&#8221;49%&#8221; global_colors_info=&#8221;{}&#8221;][\/et_pb_image][et_pb_text _builder_version=&#8221;4.21.2&#8243; text_font=&#8221;PT Sans||||||||&#8221; text_text_color=&#8221;#000000&#8243; text_font_size=&#8221;15px&#8221; text_line_height=&#8221;1.9em&#8221; global_colors_info=&#8221;{}&#8221;]<\/p>\n<p style=\"text-align: justify;\">O projeto <strong>&#8220;Stop-Racism: A Journey Towards Intercultural Understanding&#8221;<\/strong> surgiu como uma necessidade, cada vez mais acentuada, decorrente do processo da migra\u00e7\u00e3o e do fen\u00f3meno do multiculturalismo, de cultivar, n\u00e3o s\u00f3 a toler\u00e2ncia, mas a curiosidade, empatia, aceita\u00e7\u00e3o, e, fundamentalmente, a intera\u00e7\u00e3o entre diferentes grupos \u00e9tnico-raciais, por forma a promover o enriquecimento cultural e a igualdade de oportunidades.<\/p>\n<p style=\"text-align: justify;\">O seu objetivo consiste na <strong>educa\u00e7\u00e3o intercultural de jovens, atrav\u00e9s de serious games e ferramentas de gamifica\u00e7\u00e3o<\/strong>, para promover compet\u00eancias e rela\u00e7\u00f5es interculturais, toler\u00e2ncia, respeito pela diversidade e n\u00e3o discrimina\u00e7\u00e3o, a fim de encorajar a flexibilidade cognitiva, mitigar comportamentos intolerantes e promover a intera\u00e7\u00e3o intercultural.<\/p>\n<p style=\"text-align: justify;\">O projeto prev\u00ea os seguintes resultados:<\/p>\n<ul>\n<li style=\"text-align: justify;\">Framework de Compet\u00eancias Interculturais.<\/li>\n<li style=\"text-align: justify;\">Curr\u00edculo de Forma\u00e7\u00e3o de Literacia Intercultural.<\/li>\n<li style=\"text-align: justify;\">Workshop Stop-Racism, dirigido a jovens, com utiliza\u00e7\u00e3o de serious games, ferramentas de gamifica\u00e7\u00e3o e de uma plataforma e-learning.<\/li>\n<li style=\"text-align: justify;\">Toolkit com recomenda\u00e7\u00f5es e materiais, dirigidos a professores e educadores de jovens.<\/li>\n<li style=\"text-align: justify;\">Campanhas de Sensibiliza\u00e7\u00e3o, onde ser\u00e3o disseminados os resultados em cada pa\u00eds parceiros.<\/li>\n<\/ul>\n<p style=\"text-align: justify;\"><strong>Este projeto \u00e9 apoiado no \u00e2mbito do programa europeu Erasmus+<\/strong><\/p>\n<p>[\/et_pb_text][\/et_pb_column][et_pb_column type=&#8221;2_5&#8243; _builder_version=&#8221;4.16&#8243; background_color=&#8221;#ffffff&#8221; custom_padding=&#8221;50px|40px|60px|40px|false|true&#8221; custom_padding_tablet=&#8221;|50px||50px|false|true&#8221; custom_padding_phone=&#8221;&#8221; custom_padding_last_edited=&#8221;on|tablet&#8221; border_radii=&#8221;on|10px|10px|10px|10px&#8221; box_shadow_style=&#8221;preset1&#8243; box_shadow_color=&#8221;rgba(12,113,195,0.13)&#8221; global_colors_info=&#8221;{}&#8221;][et_pb_image src=&#8221;https:\/\/rightchallenge.org\/wp-content\/uploads\/2023\/07\/PT_Co-fundedbytheEU_RGB_POS.png&#8221; title_text=&#8221;PT_Co-fundedbytheEU_RGB_POS&#8221; align=&#8221;center&#8221; _builder_version=&#8221;4.21.2&#8243; max_width=&#8221;70%&#8221; global_colors_info=&#8221;{}&#8221;][\/et_pb_image][et_pb_text _builder_version=&#8221;4.21.0&#8243; custom_margin=&#8221;||13px|||&#8221; custom_padding=&#8221;16px|||||&#8221; global_colors_info=&#8221;{}&#8221;]<\/p>\n<h3 style=\"text-align: center;\">Parceiros<\/h3>\n<p>[\/et_pb_text][et_pb_blurb title=&#8221;Sosu Ostjylland&#8221; url_new_window=&#8221;on&#8221; image=&#8221;https:\/\/rightchallenge.org\/wp-content\/uploads\/2022\/10\/bandeira-de-dinamarca-pais-em-europa-108583369.jpg&#8221; icon_placement=&#8221;left&#8221; content_max_width=&#8221;800px&#8221; _builder_version=&#8221;4.21.2&#8243; header_font=&#8221;PT Sans|700|||||||&#8221; header_text_color=&#8221;#000000&#8243; header_font_size=&#8221;17px&#8221; header_line_height=&#8221;1.9em&#8221; hover_enabled=&#8221;0&#8243; locked=&#8221;off&#8221; global_colors_info=&#8221;{}&#8221; sticky_enabled=&#8221;0&#8243;][\/et_pb_blurb][et_pb_blurb title=&#8221;Innovation Hive&#8221; url=&#8221;http:\/\/www.fipl.eu&#8221; url_new_window=&#8221;on&#8221; image=&#8221;https:\/\/rightchallenge.org\/wp-content\/uploads\/2022\/10\/icone-liso-redondo-do-vetor-da-bandeira-de-grecia-106768211.jpg&#8221; icon_placement=&#8221;left&#8221; content_max_width=&#8221;800px&#8221; _builder_version=&#8221;4.21.2&#8243; header_font=&#8221;PT Sans|700|||||||&#8221; header_text_color=&#8221;#000000&#8243; header_font_size=&#8221;17px&#8221; header_line_height=&#8221;1.9em&#8221; hover_enabled=&#8221;0&#8243; locked=&#8221;off&#8221; global_colors_info=&#8221;{}&#8221; sticky_enabled=&#8221;0&#8243;][\/et_pb_blurb][et_pb_blurb title=&#8221;Innovation Bee&#8221; url=&#8221;http:\/\/www.nevladnik.info\/si\/&#8221; url_new_window=&#8221;on&#8221; image=&#8221;https:\/\/rightchallenge.org\/wp-content\/uploads\/2022\/10\/icone-liso-redondo-do-vetor-da-bandeira-de-grecia-106768211.jpg&#8221; icon_placement=&#8221;left&#8221; content_max_width=&#8221;800px&#8221; _builder_version=&#8221;4.21.2&#8243; header_font=&#8221;PT Sans|700|||||||&#8221; header_text_color=&#8221;#000000&#8243; header_font_size=&#8221;17px&#8221; header_line_height=&#8221;1.9em&#8221; locked=&#8221;off&#8221; global_colors_info=&#8221;{}&#8221;][\/et_pb_blurb][et_pb_blurb title=&#8221;C.I.P. Citizens In Power&#8221; url=&#8221;http:\/\/utveckling.regionorebrolan.se\/sv\/energikontoret\/&#8221; url_new_window=&#8221;on&#8221; image=&#8221;https:\/\/rightchallenge.org\/wp-content\/uploads\/2022\/10\/bola-de-vidro-com-bandeira-chipre-icone-modelo-esfera-redonda-simbolo-nacional-esferas-d-abstratas-realistas-brilhantes-219867208.jpg&#8221; icon_placement=&#8221;left&#8221; content_max_width=&#8221;800px&#8221; _builder_version=&#8221;4.21.2&#8243; header_font=&#8221;PT Sans|700|||||||&#8221; header_text_color=&#8221;#000000&#8243; header_font_size=&#8221;17px&#8221; header_line_height=&#8221;1.9em&#8221; hover_enabled=&#8221;0&#8243; locked=&#8221;off&#8221; global_colors_info=&#8221;{}&#8221; sticky_enabled=&#8221;0&#8243;][\/et_pb_blurb][et_pb_blurb title=&#8221;Pnevma LLC&#8221; url_new_window=&#8221;on&#8221; image=&#8221;https:\/\/rightchallenge.org\/wp-content\/uploads\/2020\/06\/bulgaria.png&#8221; icon_placement=&#8221;left&#8221; content_max_width=&#8221;800px&#8221; _builder_version=&#8221;4.21.2&#8243; header_font=&#8221;PT Sans|700|||||||&#8221; header_text_color=&#8221;#000000&#8243; header_font_size=&#8221;17px&#8221; header_line_height=&#8221;1.9em&#8221; hover_enabled=&#8221;0&#8243; locked=&#8221;off&#8221; global_colors_info=&#8221;{}&#8221; sticky_enabled=&#8221;0&#8243;][\/et_pb_blurb][et_pb_blurb title=&#8221;Website&#8221; url=&#8221;https:\/\/aaa-eu.eu\/&#8221; url_new_window=&#8221;on&#8221; image=&#8221;https:\/\/rightchallenge.org\/wp-content\/uploads\/2023\/07\/Design-sem-nome-1.png&#8221; icon_placement=&#8221;left&#8221; content_max_width=&#8221;800px&#8221; disabled_on=&#8221;on|on|on&#8221; _builder_version=&#8221;4.21.0&#8243; header_font=&#8221;|700|||||||&#8221; header_text_align=&#8221;left&#8221; header_text_color=&#8221;#0C71C3&#8243; header_font_size=&#8221;18px&#8221; header_line_height=&#8221;1.9em&#8221; body_font=&#8221;|700|||||||&#8221; custom_margin=&#8221;|||77px|false|false&#8221; custom_padding=&#8221;|||10px|false|false&#8221; disabled=&#8221;on&#8221; locked=&#8221;off&#8221; global_colors_info=&#8221;{}&#8221;][\/et_pb_blurb][et_pb_blurb title=&#8221;Facebook&#8221; url=&#8221;https:\/\/www.facebook.com\/stoprac.projecteu\/&#8221; url_new_window=&#8221;on&#8221; image=&#8221;https:\/\/rightchallenge.org\/wp-content\/uploads\/2023\/07\/5968764.png&#8221; icon_placement=&#8221;left&#8221; content_max_width=&#8221;800px&#8221; _builder_version=&#8221;4.21.2&#8243; header_font=&#8221;|700|||||||&#8221; header_text_align=&#8221;left&#8221; header_text_color=&#8221;#0C71C3&#8243; header_font_size=&#8221;18px&#8221; header_line_height=&#8221;1.9em&#8221; body_font=&#8221;|700|||||||&#8221; custom_margin=&#8221;-20px|88px||88px|false|true&#8221; locked=&#8221;off&#8221; global_colors_info=&#8221;{}&#8221;][\/et_pb_blurb][et_pb_blurb title=&#8221;Instagram&#8221; url=&#8221;https:\/\/www.instagram.com\/stopracism.project\/&#8221; url_new_window=&#8221;on&#8221; image=&#8221;https:\/\/rightchallenge.org\/wp-content\/uploads\/2023\/07\/2080304.png&#8221; icon_placement=&#8221;left&#8221; content_max_width=&#8221;800px&#8221; _builder_version=&#8221;4.21.2&#8243; header_font=&#8221;|700|||||||&#8221; header_text_align=&#8221;left&#8221; header_text_color=&#8221;#0C71C3&#8243; header_font_size=&#8221;18px&#8221; header_line_height=&#8221;1.9em&#8221; body_font=&#8221;|700|||||||&#8221; custom_margin=&#8221;-20px|||88px|false|false&#8221; locked=&#8221;off&#8221; global_colors_info=&#8221;{}&#8221;][\/et_pb_blurb][et_pb_blurb title=&#8221;Twitter&#8221; url=&#8221;https:\/\/twitter.com\/i\/flow\/login?redirect_after_login=%2FStopRacismEU&#8221; url_new_window=&#8221;on&#8221; image=&#8221;https:\/\/rightchallenge.org\/wp-content\/uploads\/2023\/07\/Design-sem-nome-1-1.png&#8221; icon_placement=&#8221;left&#8221; content_max_width=&#8221;800px&#8221; _builder_version=&#8221;4.21.2&#8243; header_font=&#8221;|700|||||||&#8221; header_text_align=&#8221;left&#8221; header_text_color=&#8221;#0C71C3&#8243; header_font_size=&#8221;18px&#8221; header_line_height=&#8221;1.9em&#8221; body_font=&#8221;|700|||||||&#8221; custom_margin=&#8221;-20px|||88px|false|false&#8221; locked=&#8221;off&#8221; global_colors_info=&#8221;{}&#8221;][\/et_pb_blurb][\/et_pb_column][\/et_pb_row][\/et_pb_section]<\/p>\n","protected":false},"excerpt":{"rendered":"<p>O projeto &#8220;Stop-Racism: A Journey Towards Intercultural Understanding&#8221; surgiu como uma necessidade, cada vez mais acentuada, decorrente do processo da migra\u00e7\u00e3o e do fen\u00f3meno do multiculturalismo, de cultivar, n\u00e3o s\u00f3 a toler\u00e2ncia, mas a curiosidade, empatia, aceita\u00e7\u00e3o, e, fundamentalmente, a intera\u00e7\u00e3o entre diferentes grupos \u00e9tnico-raciais, por forma a promover o enriquecimento cultural e a igualdade [&hellip;]<\/p>\n","protected":false},"author":2,"featured_media":0,"parent":0,"menu_order":0,"comment_status":"closed","ping_status":"closed","template":"","meta":{"_et_pb_use_builder":"on","_et_pb_old_content":"","_et_gb_content_width":"","_monsterinsights_skip_tracking":false,"_monsterinsights_sitenote_active":false,"_monsterinsights_sitenote_note":"","_monsterinsights_sitenote_category":0,"footnotes":""},"class_list":["post-3041","page","type-page","status-publish","hentry"],"yoast_head":"<!-- This site is optimized with the Yoast SEO plugin v27.3 - https:\/\/yoast.com\/product\/yoast-seo-wordpress\/ -->\n<title>Stop-Racism - Rightchallenge<\/title>\n<meta name=\"robots\" content=\"index, follow, max-snippet:-1, max-image-preview:large, max-video-preview:-1\" \/>\n<link rel=\"canonical\" href=\"https:\/\/rightchallenge.org\/en\/stop-racism\/\" \/>\n<meta property=\"og:locale\" content=\"en_GB\" \/>\n<meta property=\"og:type\" content=\"article\" \/>\n<meta property=\"og:title\" content=\"Stop-Racism - Rightchallenge\" \/>\n<meta property=\"og:description\" content=\"O projeto &quot;Stop-Racism: A Journey Towards Intercultural Understanding&quot; surgiu como uma necessidade, cada vez mais acentuada, decorrente do processo da migra\u00e7\u00e3o e do fen\u00f3meno do multiculturalismo, de cultivar, n\u00e3o s\u00f3 a toler\u00e2ncia, mas a curiosidade, empatia, aceita\u00e7\u00e3o, e, fundamentalmente, a intera\u00e7\u00e3o entre diferentes grupos \u00e9tnico-raciais, por forma a promover o enriquecimento cultural e a igualdade [&hellip;]\" \/>\n<meta property=\"og:url\" content=\"https:\/\/rightchallenge.org\/en\/stop-racism\/\" \/>\n<meta property=\"og:site_name\" content=\"Rightchallenge\" \/>\n<meta property=\"article:modified_time\" content=\"2023-08-09T14:53:48+00:00\" \/>\n<meta name=\"twitter:card\" content=\"summary_large_image\" \/>\n<meta name=\"twitter:label1\" content=\"Estimated reading time\" \/>\n\t<meta name=\"twitter:data1\" content=\"2 minutes\" \/>\n<script type=\"application\/ld+json\" class=\"yoast-schema-graph\">{\"@context\":\"https:\\\/\\\/schema.org\",\"@graph\":[{\"@type\":\"WebPage\",\"@id\":\"https:\\\/\\\/rightchallenge.org\\\/stop-racism\\\/\",\"url\":\"https:\\\/\\\/rightchallenge.org\\\/stop-racism\\\/\",\"name\":\"Stop-Racism - Rightchallenge\",\"isPartOf\":{\"@id\":\"https:\\\/\\\/rightchallenge.org\\\/#website\"},\"datePublished\":\"2023-07-13T10:16:00+00:00\",\"dateModified\":\"2023-08-09T14:53:48+00:00\",\"breadcrumb\":{\"@id\":\"https:\\\/\\\/rightchallenge.org\\\/stop-racism\\\/#breadcrumb\"},\"inLanguage\":\"en-GB\",\"potentialAction\":[{\"@type\":\"ReadAction\",\"target\":[\"https:\\\/\\\/rightchallenge.org\\\/stop-racism\\\/\"]}]},{\"@type\":\"BreadcrumbList\",\"@id\":\"https:\\\/\\\/rightchallenge.org\\\/stop-racism\\\/#breadcrumb\",\"itemListElement\":[{\"@type\":\"ListItem\",\"position\":1,\"name\":\"In\u00edcio\",\"item\":\"https:\\\/\\\/rightchallenge.org\\\/\"},{\"@type\":\"ListItem\",\"position\":2,\"name\":\"Stop-Racism\"}]},{\"@type\":\"WebSite\",\"@id\":\"https:\\\/\\\/rightchallenge.org\\\/#website\",\"url\":\"https:\\\/\\\/rightchallenge.org\\\/\",\"name\":\"Rightchallenge\",\"description\":\"Associa\u00e7\u00e3o\",\"potentialAction\":[{\"@type\":\"SearchAction\",\"target\":{\"@type\":\"EntryPoint\",\"urlTemplate\":\"https:\\\/\\\/rightchallenge.org\\\/?s={search_term_string}\"},\"query-input\":{\"@type\":\"PropertyValueSpecification\",\"valueRequired\":true,\"valueName\":\"search_term_string\"}}],\"inLanguage\":\"en-GB\"}]}<\/script>\n<!-- \/ Yoast SEO plugin. -->","yoast_head_json":{"title":"Stop-Racism - Rightchallenge","robots":{"index":"index","follow":"follow","max-snippet":"max-snippet:-1","max-image-preview":"max-image-preview:large","max-video-preview":"max-video-preview:-1"},"canonical":"https:\/\/rightchallenge.org\/en\/stop-racism\/","og_locale":"en_GB","og_type":"article","og_title":"Stop-Racism - Rightchallenge","og_description":"O projeto \"Stop-Racism: A Journey Towards Intercultural Understanding\" surgiu como uma necessidade, cada vez mais acentuada, decorrente do processo da migra\u00e7\u00e3o e do fen\u00f3meno do multiculturalismo, de cultivar, n\u00e3o s\u00f3 a toler\u00e2ncia, mas a curiosidade, empatia, aceita\u00e7\u00e3o, e, fundamentalmente, a intera\u00e7\u00e3o entre diferentes grupos \u00e9tnico-raciais, por forma a promover o enriquecimento cultural e a igualdade [&hellip;]","og_url":"https:\/\/rightchallenge.org\/en\/stop-racism\/","og_site_name":"Rightchallenge","article_modified_time":"2023-08-09T14:53:48+00:00","twitter_card":"summary_large_image","twitter_misc":{"Estimated reading time":"2 minutes"},"schema":{"@context":"https:\/\/schema.org","@graph":[{"@type":"WebPage","@id":"https:\/\/rightchallenge.org\/stop-racism\/","url":"https:\/\/rightchallenge.org\/stop-racism\/","name":"Stop-Racism - Rightchallenge","isPartOf":{"@id":"https:\/\/rightchallenge.org\/#website"},"datePublished":"2023-07-13T10:16:00+00:00","dateModified":"2023-08-09T14:53:48+00:00","breadcrumb":{"@id":"https:\/\/rightchallenge.org\/stop-racism\/#breadcrumb"},"inLanguage":"en-GB","potentialAction":[{"@type":"ReadAction","target":["https:\/\/rightchallenge.org\/stop-racism\/"]}]},{"@type":"BreadcrumbList","@id":"https:\/\/rightchallenge.org\/stop-racism\/#breadcrumb","itemListElement":[{"@type":"ListItem","position":1,"name":"In\u00edcio","item":"https:\/\/rightchallenge.org\/"},{"@type":"ListItem","position":2,"name":"Stop-Racism"}]},{"@type":"WebSite","@id":"https:\/\/rightchallenge.org\/#website","url":"https:\/\/rightchallenge.org\/","name":"Rightchallenge","description":"Associa\u00e7\u00e3o","potentialAction":[{"@type":"SearchAction","target":{"@type":"EntryPoint","urlTemplate":"https:\/\/rightchallenge.org\/?s={search_term_string}"},"query-input":{"@type":"PropertyValueSpecification","valueRequired":true,"valueName":"search_term_string"}}],"inLanguage":"en-GB"}]}},"_links":{"self":[{"href":"https:\/\/rightchallenge.org\/en\/wp-json\/wp\/v2\/pages\/3041","targetHints":{"allow":["GET"]}}],"collection":[{"href":"https:\/\/rightchallenge.org\/en\/wp-json\/wp\/v2\/pages"}],"about":[{"href":"https:\/\/rightchallenge.org\/en\/wp-json\/wp\/v2\/types\/page"}],"author":[{"embeddable":true,"href":"https:\/\/rightchallenge.org\/en\/wp-json\/wp\/v2\/users\/2"}],"replies":[{"embeddable":true,"href":"https:\/\/rightchallenge.org\/en\/wp-json\/wp\/v2\/comments?post=3041"}],"version-history":[{"count":7,"href":"https:\/\/rightchallenge.org\/en\/wp-json\/wp\/v2\/pages\/3041\/revisions"}],"predecessor-version":[{"id":3396,"href":"https:\/\/rightchallenge.org\/en\/wp-json\/wp\/v2\/pages\/3041\/revisions\/3396"}],"wp:attachment":[{"href":"https:\/\/rightchallenge.org\/en\/wp-json\/wp\/v2\/media?parent=3041"}],"curies":[{"name":"wp","href":"https:\/\/api.w.org\/{rel}","templated":true}]}}