{"id":2992,"date":"2023-06-27T15:06:44","date_gmt":"2023-06-27T14:06:44","guid":{"rendered":"https:\/\/rightchallenge.org\/?page_id=2992"},"modified":"2024-11-05T11:44:53","modified_gmt":"2024-11-05T10:44:53","slug":"aaa-activism-against-ableism","status":"publish","type":"page","link":"https:\/\/rightchallenge.org\/en\/aaa-activism-against-ableism\/","title":{"rendered":"AAA &#8211; Activism Against Ableism"},"content":{"rendered":"<p>[et_pb_section fb_built=&#8221;1&#8243; admin_label=&#8221;Header&#8221; _builder_version=&#8221;4.21.0&#8243; global_colors_info=&#8221;{}&#8221;][et_pb_row column_structure=&#8221;3_5,2_5&#8243; custom_padding_last_edited=&#8221;off|desktop&#8221; _builder_version=&#8221;4.21.0&#8243; background_enable_color=&#8221;off&#8221; custom_padding_tablet=&#8221;||30px||false|false&#8221; locked=&#8221;off&#8221; global_colors_info=&#8221;{}&#8221;][et_pb_column type=&#8221;3_5&#8243; _builder_version=&#8221;4.16&#8243; custom_padding_tablet=&#8221;||20px||false|false&#8221; custom_padding_phone=&#8221;&#8221; custom_padding_last_edited=&#8221;on|tablet&#8221; global_colors_info=&#8221;{}&#8221;][et_pb_image src=&#8221;https:\/\/rightchallenge.org\/wp-content\/uploads\/2023\/05\/AAA_Logo_CMYK_20cm_transp.png&#8221; title_text=&#8221;AAA_Logo_CMYK_20cm_transp&#8221; align=&#8221;center&#8221; _builder_version=&#8221;4.21.0&#8243; width=&#8221;49%&#8221; global_colors_info=&#8221;{}&#8221;][\/et_pb_image][et_pb_text _builder_version=&#8221;4.27.2&#8243; text_font=&#8221;PT Sans||||||||&#8221; text_text_color=&#8221;#000000&#8243; text_font_size=&#8221;15px&#8221; text_line_height=&#8221;1.9em&#8221; hover_enabled=&#8221;0&#8243; global_colors_info=&#8221;{}&#8221; sticky_enabled=&#8221;0&#8243;]<\/p>\n<p style=\"text-align: justify;\">O Projeto <strong>&#8220;AAA &#8211; Activism Against Ableism&#8221;<\/strong> nasceu da necessidade de <strong>combater a realidade da discrimina\u00e7\u00e3o que afeta as pessoas com diversidade funcional<\/strong>, negando-lhes o reconhecimento, o respeito e a igualdade de oportunidades na sociedade.<\/p>\n<p style=\"text-align: justify;\">O Projeto visa <strong>promover a sensibiliza\u00e7\u00e3o social para a defici\u00eancia e apoiar os jovens cidad\u00e3os europeus com diversidade funcional<\/strong> a tornarem-se <strong>social e politicamente ativos<\/strong>, atrav\u00e9s do desenvolvimento de metodologias e estrat\u00e9gias de interven\u00e7\u00e3o participativa.<\/p>\n<p style=\"text-align: justify;\">Desta forma, pretende-se que os participantes possam:<\/p>\n<ul>\n<li style=\"text-align: justify;\">Reconhecer a rela\u00e7\u00e3o entre as suas experi\u00eancias individuais de exclus\u00e3o e as estruturas sociais e pol\u00edticas que as originam e reproduzem;<\/li>\n<li style=\"text-align: justify;\">Desenvolver capacidades para participar politicamente na sociedade e reivindicar os seus direitos e necessidades;<\/li>\n<li style=\"text-align: justify;\">Empoderar-se coletivamente e representar as suas vozes e perspetivas.<\/li>\n<\/ul>\n<p style=\"text-align: justify;\">O Projeto ir\u00e1 produzir os seguintes resultados:<\/p>\n<ul>\n<li style=\"text-align: justify;\">Uma rede europeia e ecossistemas nacionais que promovam a colabora\u00e7\u00e3o entre os diferentes atores envolvidos na tem\u00e1tica da defici\u00eancia;\u00a0<\/li>\n<li style=\"text-align: justify;\">Uma metodologia inovadora para promover a participa\u00e7\u00e3o pol\u00edtica de jovens cidad\u00e3os com diversidade funcional, com base em princ\u00edpios de educa\u00e7\u00e3o n\u00e3o formal e aprendizagem experiencial <a href=\"https:\/\/aaa-eu.eu\/download\/656\/?tmstv=1722551000\">PT<\/a> e <a href=\"https:\/\/aaa-eu.eu\/download\/650\/?tmstv=1722550947\">EN.<\/a><\/li>\n<li style=\"text-align: justify;\">Um manual pr\u00e1tico \u201cAtivismo Contra o Capacitismo\u201d para t\u00e9cnicos da juventude, que apresente as ferramentas e recursos necess\u00e1rios para implementar a metodologia proposta <a href=\"https:\/\/aaa-eu.eu\/download\/601\/?tmstv=1722547534\">PT<\/a> e <a href=\"https:\/\/aaa-eu.eu\/download\/589\/?tmstv=1722547333\">EN.<\/a><\/li>\n<li style=\"text-align: justify;\">Um Plano de Aulas &#8220;Ativismo contra o capacitismo&#8221; para t\u00e9cnicos de juventude, com base no manual para fornecer recursos, materiais e atividades para implementar o programa de forma\u00e7\u00e3o com os t\u00e9cnicos de juventude atrav\u00e9s de abordagens inovadoras, pr\u00e1ticas e centradas no pr\u00f3prio indiv\u00edduo <a href=\"https:\/\/aaa-eu.eu\/download\/632\/?tmstv=1722549355\">PT<\/a> e <a href=\"https:\/\/aaa-eu.eu\/download\/627\/?tmstv=1722549310\">EN.<\/a><\/li>\n<li style=\"text-align: justify;\">Um documento de orienta\u00e7\u00f5es pol\u00edticas \u201cAtivismo contra o Capacitismo\u201d: reflex\u00f5es e propostas para a pr\u00e1tica e desenvolvimento de pol\u00edticas que promovam a inclus\u00e3o, a participa\u00e7\u00e3o social e pol\u00edtica e o combate ao capacitismo <a href=\"https:\/\/aaa-eu.eu\/wp-content\/uploads\/2024\/10\/AAA_FINAL-VERSION-POLICY-PAPER-V2_portuguese.pdf\">PT<\/a> e <a href=\"https:\/\/aaa-eu.eu\/wp-content\/uploads\/2024\/10\/AAA_FINAL-VERSION_POLICY-PAPER_V2.pdf\">EN.<\/a><\/li>\n<\/ul>\n<p style=\"text-align: justify;\">Durante a implementa\u00e7\u00e3o do projeto que decorreu de <strong>1 de setembro de 2022 a 31 de agosto de 2024<\/strong> foram elaboradas <strong>4 newsletters<\/strong> nas quais foi poss\u00edvel consultar o estado das atividades de implementa\u00e7\u00e3o e conhecer as novidades do projeto. Pode consult\u00e1-las nos seguintes links:<\/p>\n<ul>\n<li><strong>Newsletter #1<\/strong> <a href=\"https:\/\/aaa-eu.eu\/download\/1014\/?tmstv=1729180219\">PT<\/a> e <a href=\"https:\/\/aaa-eu.eu\/newsletter\/#\">EN<\/a><\/li>\n<li><strong>Newsletter #2<\/strong> <a href=\"https:\/\/aaa-eu.eu\/download\/1016\/?tmstv=1729180369\">PT<\/a> e <a href=\"https:\/\/aaa-eu.eu\/newsletter\/#\">EN<\/a><\/li>\n<li><strong>Newsletter #3<\/strong> <a href=\"https:\/\/aaa-eu.eu\/download\/1028\/?tmstv=1729180287\">PT<\/a> e <a href=\"https:\/\/aaa-eu.eu\/newsletter\/#\">EN<\/a><\/li>\n<li><strong>Newsletter #4<\/strong> <a href=\"https:\/\/aaa-eu.eu\/download\/1253\/?tmstv=1729255930\">PT<\/a> e <a href=\"https:\/\/aaa-eu.eu\/newsletter\/#\">EN<\/a><\/li>\n<\/ul>\n<p style=\"text-align: justify;\"><strong>Este projeto foi apoiado no \u00e2mbito do programa europeu Erasmus+<\/strong><\/p>\n<p>[\/et_pb_text][\/et_pb_column][et_pb_column type=&#8221;2_5&#8243; _builder_version=&#8221;4.16&#8243; background_color=&#8221;#ffffff&#8221; custom_padding=&#8221;50px|40px|60px|40px|false|true&#8221; custom_padding_tablet=&#8221;|50px||50px|false|true&#8221; custom_padding_phone=&#8221;&#8221; custom_padding_last_edited=&#8221;on|tablet&#8221; border_radii=&#8221;on|10px|10px|10px|10px&#8221; box_shadow_style=&#8221;preset1&#8243; box_shadow_color=&#8221;rgba(12,113,195,0.13)&#8221; global_colors_info=&#8221;{}&#8221;][et_pb_image src=&#8221;https:\/\/rightchallenge.org\/wp-content\/uploads\/2023\/07\/PT_Co-fundedbytheEU_RGB_POS.png&#8221; title_text=&#8221;PT_Co-fundedbytheEU_RGB_POS&#8221; align=&#8221;center&#8221; _builder_version=&#8221;4.21.0&#8243; _module_preset=&#8221;default&#8221; width=&#8221;60%&#8221; global_colors_info=&#8221;{}&#8221;][\/et_pb_image][et_pb_text _builder_version=&#8221;4.16&#8243; custom_margin=&#8221;||13px|||&#8221; custom_padding=&#8221;16px|||||&#8221; global_colors_info=&#8221;{}&#8221;]<\/p>\n<h3 style=\"text-align: center;\">Parceiros<\/h3>\n<p>[\/et_pb_text][et_pb_blurb title=&#8221;Iserundschmidt GmbH&#8221; url=&#8221;https:\/\/www.iserundschmidt.de\/&#8221; url_new_window=&#8221;on&#8221; image=&#8221;https:\/\/rightchallenge.org\/wp-content\/uploads\/2023\/07\/flag-round-250.png&#8221; icon_placement=&#8221;left&#8221; content_max_width=&#8221;800px&#8221; _builder_version=&#8221;4.27.2&#8243; header_font=&#8221;PT Sans|700|||||||&#8221; header_text_color=&#8221;#000000&#8243; header_font_size=&#8221;17px&#8221; header_line_height=&#8221;1.9em&#8221; hover_enabled=&#8221;0&#8243; locked=&#8221;off&#8221; global_colors_info=&#8221;{}&#8221; sticky_enabled=&#8221;0&#8243;][\/et_pb_blurb][et_pb_blurb title=&#8221;Future in Perspective Limited&#8221; url=&#8221;https:\/\/futureinperspective.com\/&#8221; url_new_window=&#8221;on&#8221; image=&#8221;https:\/\/rightchallenge.org\/wp-content\/uploads\/2023\/07\/flag-round-250-1.png&#8221; icon_placement=&#8221;left&#8221; content_max_width=&#8221;800px&#8221; _builder_version=&#8221;4.27.2&#8243; header_font=&#8221;PT Sans|700|||||||&#8221; header_text_color=&#8221;#000000&#8243; header_font_size=&#8221;17px&#8221; header_line_height=&#8221;1.9em&#8221; hover_enabled=&#8221;0&#8243; locked=&#8221;off&#8221; global_colors_info=&#8221;{}&#8221; sticky_enabled=&#8221;0&#8243;][\/et_pb_blurb][et_pb_blurb title=&#8221;Exeo Lab Srl&#8221; url=&#8221;https:\/\/www.exeolab.it\/en\/home-exeo-lab-en\/&#8221; url_new_window=&#8221;on&#8221; image=&#8221;https:\/\/rightchallenge.org\/wp-content\/uploads\/2023\/07\/circle-flag-of-italy-free-png.png&#8221; icon_placement=&#8221;left&#8221; content_max_width=&#8221;800px&#8221; _builder_version=&#8221;4.27.2&#8243; header_font=&#8221;PT Sans|700|||||||&#8221; header_text_color=&#8221;#000000&#8243; header_font_size=&#8221;17px&#8221; header_line_height=&#8221;1.9em&#8221; hover_enabled=&#8221;0&#8243; locked=&#8221;off&#8221; global_colors_info=&#8221;{}&#8221; sticky_enabled=&#8221;0&#8243;][\/et_pb_blurb][et_pb_blurb title=&#8221;Synthesis Center for Research and Education Limited&#8221; url=&#8221;https:\/\/www.synthesis-center.org\/&#8221; url_new_window=&#8221;on&#8221; image=&#8221;https:\/\/rightchallenge.org\/wp-content\/uploads\/2023\/07\/flag-round-250-2.png&#8221; icon_placement=&#8221;left&#8221; content_max_width=&#8221;800px&#8221; _builder_version=&#8221;4.27.2&#8243; header_font=&#8221;PT Sans|700|||||||&#8221; header_text_color=&#8221;#000000&#8243; header_font_size=&#8221;17px&#8221; header_line_height=&#8221;1.9em&#8221; hover_enabled=&#8221;0&#8243; locked=&#8221;off&#8221; global_colors_info=&#8221;{}&#8221; sticky_enabled=&#8221;0&#8243;][\/et_pb_blurb][et_pb_blurb title=&#8221;Connectus M.IKE&#8221; url=&#8221;https:\/\/connectus.eu\/&#8221; url_new_window=&#8221;on&#8221; image=&#8221;https:\/\/rightchallenge.org\/wp-content\/uploads\/2023\/07\/flag-round-250-3.png&#8221; icon_placement=&#8221;left&#8221; content_max_width=&#8221;800px&#8221; _builder_version=&#8221;4.27.2&#8243; header_font=&#8221;PT Sans|700|||||||&#8221; header_text_color=&#8221;#000000&#8243; header_font_size=&#8221;17px&#8221; header_line_height=&#8221;1.9em&#8221; hover_enabled=&#8221;0&#8243; locked=&#8221;off&#8221; global_colors_info=&#8221;{}&#8221; sticky_enabled=&#8221;0&#8243;][\/et_pb_blurb][et_pb_blurb title=&#8221;Ayuntamiento de Quart de Poblet&#8221; url=&#8221;https:\/\/quartdepoblet.es\/&#8221; url_new_window=&#8221;on&#8221; image=&#8221;https:\/\/rightchallenge.org\/wp-content\/uploads\/2023\/07\/es-circle-01.png&#8221; icon_placement=&#8221;left&#8221; content_max_width=&#8221;800px&#8221; _builder_version=&#8221;4.27.2&#8243; header_font=&#8221;PT Sans|700|||||||&#8221; header_text_color=&#8221;#000000&#8243; header_font_size=&#8221;17px&#8221; header_line_height=&#8221;1.9em&#8221; hover_enabled=&#8221;0&#8243; locked=&#8221;off&#8221; global_colors_info=&#8221;{}&#8221; sticky_enabled=&#8221;0&#8243;][\/et_pb_blurb][et_pb_blurb title=&#8221;Website&#8221; url=&#8221;https:\/\/aaa-eu.eu\/&#8221; url_new_window=&#8221;on&#8221; image=&#8221;https:\/\/rightchallenge.org\/wp-content\/uploads\/2023\/07\/Design-sem-nome-1.png&#8221; icon_placement=&#8221;left&#8221; content_max_width=&#8221;800px&#8221; _builder_version=&#8221;4.27.2&#8243; header_font=&#8221;|700|||||||&#8221; header_text_align=&#8221;left&#8221; header_text_color=&#8221;#0C71C3&#8243; header_font_size=&#8221;18px&#8221; header_line_height=&#8221;1.9em&#8221; body_font=&#8221;|700|||||||&#8221; custom_margin=&#8221;|||77px|false|false&#8221; custom_padding=&#8221;|||10px|false|false&#8221; hover_enabled=&#8221;0&#8243; locked=&#8221;off&#8221; global_colors_info=&#8221;{}&#8221; sticky_enabled=&#8221;0&#8243;][\/et_pb_blurb][et_pb_blurb title=&#8221;Facebook&#8221; url=&#8221;https:\/\/www.facebook.com\/profile.php?id=100089272537328&#8243; url_new_window=&#8221;on&#8221; image=&#8221;https:\/\/rightchallenge.org\/wp-content\/uploads\/2023\/07\/5968764.png&#8221; icon_placement=&#8221;left&#8221; content_max_width=&#8221;800px&#8221; _builder_version=&#8221;4.27.2&#8243; header_font=&#8221;|700|||||||&#8221; header_text_align=&#8221;left&#8221; header_text_color=&#8221;#0C71C3&#8243; header_font_size=&#8221;18px&#8221; header_line_height=&#8221;1.9em&#8221; body_font=&#8221;|700|||||||&#8221; custom_margin=&#8221;-20px|||88px|false|false&#8221; hover_enabled=&#8221;0&#8243; locked=&#8221;off&#8221; global_colors_info=&#8221;{}&#8221; sticky_enabled=&#8221;0&#8243;][\/et_pb_blurb][et_pb_blurb title=&#8221;Instagram&#8221; url=&#8221;https:\/\/www.instagram.com\/_aaa_project\/&#8221; url_new_window=&#8221;on&#8221; image=&#8221;https:\/\/rightchallenge.org\/wp-content\/uploads\/2023\/07\/2080304.png&#8221; icon_placement=&#8221;left&#8221; content_max_width=&#8221;800px&#8221; _builder_version=&#8221;4.27.2&#8243; header_font=&#8221;|700|||||||&#8221; header_text_align=&#8221;left&#8221; header_text_color=&#8221;#0C71C3&#8243; header_font_size=&#8221;18px&#8221; header_line_height=&#8221;1.9em&#8221; body_font=&#8221;|700|||||||&#8221; custom_margin=&#8221;-20px|||88px|false|false&#8221; hover_enabled=&#8221;0&#8243; locked=&#8221;off&#8221; global_colors_info=&#8221;{}&#8221; sticky_enabled=&#8221;0&#8243;][\/et_pb_blurb][et_pb_blurb title=&#8221;Twitter X&#8221; url=&#8221;https:\/\/x.com\/AAA_erasmusplus&#8221; url_new_window=&#8221;on&#8221; image=&#8221;https:\/\/rightchallenge.org\/wp-content\/uploads\/2024\/11\/criativo-6594672c68fb9MDIvMDEvMjAyNCAxNmg0Mg.jpg&#8221; icon_placement=&#8221;left&#8221; content_max_width=&#8221;800px&#8221; _builder_version=&#8221;4.27.2&#8243; header_font=&#8221;|700|||||||&#8221; header_text_align=&#8221;left&#8221; header_text_color=&#8221;#0C71C3&#8243; header_font_size=&#8221;18px&#8221; header_line_height=&#8221;1.9em&#8221; body_font=&#8221;|700|||||||&#8221; custom_margin=&#8221;-20px|||88px|false|false&#8221; hover_enabled=&#8221;0&#8243; locked=&#8221;off&#8221; global_colors_info=&#8221;{}&#8221; sticky_enabled=&#8221;0&#8243; title_text=&#8221;criativo-6594672c68fb9MDIvMDEvMjAyNCAxNmg0Mg==&#8221;][\/et_pb_blurb][\/et_pb_column][\/et_pb_row][\/et_pb_section]<\/p>\n","protected":false},"excerpt":{"rendered":"<p>O Projeto &#8220;AAA &#8211; Activism Against Ableism&#8221; nasceu da necessidade de combater a realidade da discrimina\u00e7\u00e3o que afeta as pessoas com diversidade funcional, negando-lhes o reconhecimento, o respeito e a igualdade de oportunidades na sociedade. O Projeto visa promover a sensibiliza\u00e7\u00e3o social para a defici\u00eancia e apoiar os jovens cidad\u00e3os europeus com diversidade funcional a [&hellip;]<\/p>\n","protected":false},"author":2,"featured_media":0,"parent":0,"menu_order":0,"comment_status":"closed","ping_status":"closed","template":"","meta":{"_et_pb_use_builder":"on","_et_pb_old_content":"","_et_gb_content_width":"","_monsterinsights_skip_tracking":false,"_monsterinsights_sitenote_active":false,"_monsterinsights_sitenote_note":"","_monsterinsights_sitenote_category":0,"footnotes":""},"class_list":["post-2992","page","type-page","status-publish","hentry"],"yoast_head":"<!-- This site is optimized with the Yoast SEO plugin v27.3 - https:\/\/yoast.com\/product\/yoast-seo-wordpress\/ -->\n<title>AAA - Activism Against Ableism - Rightchallenge<\/title>\n<meta name=\"robots\" content=\"index, follow, max-snippet:-1, max-image-preview:large, max-video-preview:-1\" \/>\n<link rel=\"canonical\" href=\"https:\/\/rightchallenge.org\/en\/aaa-activism-against-ableism\/\" \/>\n<meta property=\"og:locale\" content=\"en_GB\" \/>\n<meta property=\"og:type\" content=\"article\" \/>\n<meta property=\"og:title\" content=\"AAA - Activism Against Ableism - Rightchallenge\" \/>\n<meta property=\"og:description\" content=\"O Projeto &quot;AAA - Activism Against Ableism&quot; nasceu da necessidade de combater a realidade da discrimina\u00e7\u00e3o que afeta as pessoas com diversidade funcional, negando-lhes o reconhecimento, o respeito e a igualdade de oportunidades na sociedade. O Projeto visa promover a sensibiliza\u00e7\u00e3o social para a defici\u00eancia e apoiar os jovens cidad\u00e3os europeus com diversidade funcional a [&hellip;]\" \/>\n<meta property=\"og:url\" content=\"https:\/\/rightchallenge.org\/en\/aaa-activism-against-ableism\/\" \/>\n<meta property=\"og:site_name\" content=\"Rightchallenge\" \/>\n<meta property=\"article:modified_time\" content=\"2024-11-05T10:44:53+00:00\" \/>\n<meta name=\"twitter:card\" content=\"summary_large_image\" \/>\n<meta name=\"twitter:label1\" content=\"Estimated reading time\" \/>\n\t<meta name=\"twitter:data1\" content=\"3 minutes\" \/>\n<script type=\"application\/ld+json\" class=\"yoast-schema-graph\">{\"@context\":\"https:\\\/\\\/schema.org\",\"@graph\":[{\"@type\":\"WebPage\",\"@id\":\"https:\\\/\\\/rightchallenge.org\\\/aaa-activism-against-ableism\\\/\",\"url\":\"https:\\\/\\\/rightchallenge.org\\\/aaa-activism-against-ableism\\\/\",\"name\":\"AAA - Activism Against Ableism - Rightchallenge\",\"isPartOf\":{\"@id\":\"https:\\\/\\\/rightchallenge.org\\\/#website\"},\"datePublished\":\"2023-06-27T14:06:44+00:00\",\"dateModified\":\"2024-11-05T10:44:53+00:00\",\"breadcrumb\":{\"@id\":\"https:\\\/\\\/rightchallenge.org\\\/aaa-activism-against-ableism\\\/#breadcrumb\"},\"inLanguage\":\"en-GB\",\"potentialAction\":[{\"@type\":\"ReadAction\",\"target\":[\"https:\\\/\\\/rightchallenge.org\\\/aaa-activism-against-ableism\\\/\"]}]},{\"@type\":\"BreadcrumbList\",\"@id\":\"https:\\\/\\\/rightchallenge.org\\\/aaa-activism-against-ableism\\\/#breadcrumb\",\"itemListElement\":[{\"@type\":\"ListItem\",\"position\":1,\"name\":\"In\u00edcio\",\"item\":\"https:\\\/\\\/rightchallenge.org\\\/\"},{\"@type\":\"ListItem\",\"position\":2,\"name\":\"AAA &#8211; Activism Against Ableism\"}]},{\"@type\":\"WebSite\",\"@id\":\"https:\\\/\\\/rightchallenge.org\\\/#website\",\"url\":\"https:\\\/\\\/rightchallenge.org\\\/\",\"name\":\"Rightchallenge\",\"description\":\"Associa\u00e7\u00e3o\",\"potentialAction\":[{\"@type\":\"SearchAction\",\"target\":{\"@type\":\"EntryPoint\",\"urlTemplate\":\"https:\\\/\\\/rightchallenge.org\\\/?s={search_term_string}\"},\"query-input\":{\"@type\":\"PropertyValueSpecification\",\"valueRequired\":true,\"valueName\":\"search_term_string\"}}],\"inLanguage\":\"en-GB\"}]}<\/script>\n<!-- \/ Yoast SEO plugin. -->","yoast_head_json":{"title":"AAA - Activism Against Ableism - Rightchallenge","robots":{"index":"index","follow":"follow","max-snippet":"max-snippet:-1","max-image-preview":"max-image-preview:large","max-video-preview":"max-video-preview:-1"},"canonical":"https:\/\/rightchallenge.org\/en\/aaa-activism-against-ableism\/","og_locale":"en_GB","og_type":"article","og_title":"AAA - Activism Against Ableism - Rightchallenge","og_description":"O Projeto \"AAA - Activism Against Ableism\" nasceu da necessidade de combater a realidade da discrimina\u00e7\u00e3o que afeta as pessoas com diversidade funcional, negando-lhes o reconhecimento, o respeito e a igualdade de oportunidades na sociedade. O Projeto visa promover a sensibiliza\u00e7\u00e3o social para a defici\u00eancia e apoiar os jovens cidad\u00e3os europeus com diversidade funcional a [&hellip;]","og_url":"https:\/\/rightchallenge.org\/en\/aaa-activism-against-ableism\/","og_site_name":"Rightchallenge","article_modified_time":"2024-11-05T10:44:53+00:00","twitter_card":"summary_large_image","twitter_misc":{"Estimated reading time":"3 minutes"},"schema":{"@context":"https:\/\/schema.org","@graph":[{"@type":"WebPage","@id":"https:\/\/rightchallenge.org\/aaa-activism-against-ableism\/","url":"https:\/\/rightchallenge.org\/aaa-activism-against-ableism\/","name":"AAA - Activism Against Ableism - Rightchallenge","isPartOf":{"@id":"https:\/\/rightchallenge.org\/#website"},"datePublished":"2023-06-27T14:06:44+00:00","dateModified":"2024-11-05T10:44:53+00:00","breadcrumb":{"@id":"https:\/\/rightchallenge.org\/aaa-activism-against-ableism\/#breadcrumb"},"inLanguage":"en-GB","potentialAction":[{"@type":"ReadAction","target":["https:\/\/rightchallenge.org\/aaa-activism-against-ableism\/"]}]},{"@type":"BreadcrumbList","@id":"https:\/\/rightchallenge.org\/aaa-activism-against-ableism\/#breadcrumb","itemListElement":[{"@type":"ListItem","position":1,"name":"In\u00edcio","item":"https:\/\/rightchallenge.org\/"},{"@type":"ListItem","position":2,"name":"AAA &#8211; Activism Against Ableism"}]},{"@type":"WebSite","@id":"https:\/\/rightchallenge.org\/#website","url":"https:\/\/rightchallenge.org\/","name":"Rightchallenge","description":"Associa\u00e7\u00e3o","potentialAction":[{"@type":"SearchAction","target":{"@type":"EntryPoint","urlTemplate":"https:\/\/rightchallenge.org\/?s={search_term_string}"},"query-input":{"@type":"PropertyValueSpecification","valueRequired":true,"valueName":"search_term_string"}}],"inLanguage":"en-GB"}]}},"_links":{"self":[{"href":"https:\/\/rightchallenge.org\/en\/wp-json\/wp\/v2\/pages\/2992","targetHints":{"allow":["GET"]}}],"collection":[{"href":"https:\/\/rightchallenge.org\/en\/wp-json\/wp\/v2\/pages"}],"about":[{"href":"https:\/\/rightchallenge.org\/en\/wp-json\/wp\/v2\/types\/page"}],"author":[{"embeddable":true,"href":"https:\/\/rightchallenge.org\/en\/wp-json\/wp\/v2\/users\/2"}],"replies":[{"embeddable":true,"href":"https:\/\/rightchallenge.org\/en\/wp-json\/wp\/v2\/comments?post=2992"}],"version-history":[{"count":10,"href":"https:\/\/rightchallenge.org\/en\/wp-json\/wp\/v2\/pages\/2992\/revisions"}],"predecessor-version":[{"id":4374,"href":"https:\/\/rightchallenge.org\/en\/wp-json\/wp\/v2\/pages\/2992\/revisions\/4374"}],"wp:attachment":[{"href":"https:\/\/rightchallenge.org\/en\/wp-json\/wp\/v2\/media?parent=2992"}],"curies":[{"name":"wp","href":"https:\/\/api.w.org\/{rel}","templated":true}]}}