{"id":2963,"date":"2023-06-26T15:09:40","date_gmt":"2023-06-26T14:09:40","guid":{"rendered":"https:\/\/rightchallenge.org\/?page_id=2963"},"modified":"2024-05-09T17:34:29","modified_gmt":"2024-05-09T16:34:29","slug":"digital4all","status":"publish","type":"page","link":"https:\/\/rightchallenge.org\/en\/digital4all\/","title":{"rendered":"Digital4All"},"content":{"rendered":"<p>[et_pb_section fb_built=&#8221;1&#8243; admin_label=&#8221;Header&#8221; _builder_version=&#8221;4.16&#8243; global_colors_info=&#8221;{}&#8221;][et_pb_row column_structure=&#8221;3_5,2_5&#8243; custom_padding_last_edited=&#8221;off|desktop&#8221; _builder_version=&#8221;4.21.0&#8243; background_enable_color=&#8221;off&#8221; custom_padding_tablet=&#8221;||30px||false|false&#8221; locked=&#8221;off&#8221; global_colors_info=&#8221;{}&#8221;][et_pb_column type=&#8221;3_5&#8243; _builder_version=&#8221;4.16&#8243; custom_padding_tablet=&#8221;||20px||false|false&#8221; custom_padding_phone=&#8221;&#8221; custom_padding_last_edited=&#8221;on|tablet&#8221; global_colors_info=&#8221;{}&#8221;][et_pb_image src=&#8221;https:\/\/rightchallenge.org\/wp-content\/uploads\/2023\/06\/Logo-color.png&#8221; title_text=&#8221;Logo (color)&#8221; align=&#8221;center&#8221; _builder_version=&#8221;4.21.0&#8243; width=&#8221;65%&#8221; custom_margin=&#8221;-150px||-125px||false|false&#8221; global_colors_info=&#8221;{}&#8221;][\/et_pb_image][et_pb_text _builder_version=&#8221;4.21.2&#8243; text_font=&#8221;PT Sans||||||||&#8221; text_text_color=&#8221;#000000&#8243; text_font_size=&#8221;15px&#8221; text_line_height=&#8221;1.9em&#8221; global_colors_info=&#8221;{}&#8221;]<\/p>\n<p style=\"text-align: justify;\">O projeto <strong>&#8220;Digital4All \u2013 Construir um Mundo Digital para Todos&#8221;<\/strong> visa capacitar, sob modelos comportamentais e cognitivos, <strong>pessoas que trabalham com jovens migrantes<\/strong>, de modo que estes sejam <strong>capazes de questionar e avaliar criticamente a informa\u00e7\u00e3o divulgada digitalmente<\/strong>, e assim, sejam mais resilientes a not\u00edcias falsas.<\/p>\n<p style=\"text-align: justify;\">O projeto prev\u00ea que pessoas que trabalham com jovens migrantes obtenham um conhecimento conceptual sobre o tema das compet\u00eancias digitais, preparando-os para potenciar, (nos jovens migrantes) estrat\u00e9gias motivacionais e de pensamento cr\u00edtico para questionar a informa\u00e7\u00e3o online, e assim, facilitar a sua inclus\u00e3o num pa\u00eds totalmente novo, com especificidades culturais, pol\u00edticas e sociais diferentes.<\/p>\n<p style=\"text-align: justify;\">Os principais grupos-alvo constituem, assim, as pessoas que trabalham com jovens migrantes e migrantes no geral.<\/p>\n<p style=\"text-align: justify;\">Na implementa\u00e7\u00e3o do projeto, iremos desenvolver os seguintes resultados:<\/p>\n<ul>\n<li style=\"text-align: justify;\">Materiais de Capacita\u00e7\u00e3o para pessoas que trabalham com migrantes (Materiais em <a href=\"https:\/\/drive.google.com\/drive\/u\/0\/folders\/147Rq2RE_gYAP0eYCzPHsYlBJAg-dcOPA\">EN<\/a>).<\/li>\n<li style=\"text-align: justify;\">Um Relat\u00f3rio de Necessidades dos jovens migrantes (Relat\u00f3rio Nacional em <a href=\"https:\/\/drive.google.com\/drive\/u\/0\/folders\/1ae8NfBdXCv6vMUBjcIJc2ZGH159kdqBe\">PT e EN; <\/a>Relat\u00f3rio Internacional em <a href=\"https:\/\/drive.google.com\/drive\/u\/0\/folders\/1nWWzEFUhtK4bvzR3K3l0FL6OG15E8mDx\">PT<\/a> e <a href=\"https:\/\/drive.google.com\/drive\/u\/0\/folders\/1YTKyZIlJGwvdY4M5Syix2jJK3DKuPh69\">EN<\/a>).\n<p><a href=\"https:\/\/drive.google.com\/drive\/u\/0\/folders\/1ae8NfBdXCv6vMUBjcIJc2ZGH159kdqBe\"><\/a><\/p>\n<\/li>\n<li style=\"text-align: justify;\">Um Curso de Forma\u00e7\u00e3o Transnacional \u201cConstruir um Mundo Digital para Todos\u201d dirigido a pessoas que trabalham com migrantes.<\/li>\n<li style=\"text-align: justify;\">Pilotagem dos materiais do Curso de Forma\u00e7\u00e3o Transnacional \u201cContruir um Mundo Digital para Todos\u201d em jovens migrantes.<\/li>\n<li style=\"text-align: justify;\">Uma Confer\u00eancia Nacional, com apresenta\u00e7\u00e3o de todos os resultados do projeto a popula\u00e7\u00f5es locais, organiza\u00e7\u00f5es relevantes, jovens formadores, jovens migrantes e outros interessados.<\/li>\n<\/ul>\n<p><span style=\"color: #000000;\"><strong>Este projeto \u00e9 apoiado no \u00e2mbito do programa europeu Erasmus+ <\/strong><\/span><\/p>\n<p>[\/et_pb_text][\/et_pb_column][et_pb_column type=&#8221;2_5&#8243; _builder_version=&#8221;4.16&#8243; background_color=&#8221;#ffffff&#8221; custom_padding=&#8221;50px|40px|60px|40px|false|true&#8221; custom_padding_tablet=&#8221;|50px||50px|false|true&#8221; custom_padding_phone=&#8221;&#8221; custom_padding_last_edited=&#8221;on|tablet&#8221; border_radii=&#8221;on|10px|10px|10px|10px&#8221; box_shadow_style=&#8221;preset1&#8243; box_shadow_color=&#8221;rgba(12,113,195,0.13)&#8221; global_colors_info=&#8221;{}&#8221;][et_pb_image src=&#8221;https:\/\/rightchallenge.org\/wp-content\/uploads\/2023\/07\/PT_Co-fundedbytheEU_RGB_POS.png&#8221; title_text=&#8221;PT_Co-fundedbytheEU_RGB_POS&#8221; align=&#8221;center&#8221; _builder_version=&#8221;4.21.0&#8243; _module_preset=&#8221;default&#8221; width=&#8221;60%&#8221; global_colors_info=&#8221;{}&#8221;][\/et_pb_image][et_pb_text _builder_version=&#8221;4.16&#8243; custom_margin=&#8221;||13px|||&#8221; custom_padding=&#8221;16px|||||&#8221; global_colors_info=&#8221;{}&#8221;]<\/p>\n<h3 style=\"text-align: center;\">Parceiros<\/h3>\n<p>[\/et_pb_text][et_pb_blurb title=&#8221;KulturLife&#8221; url=&#8221;http:\/\/www.kultur-life.de&#8221; url_new_window=&#8221;on&#8221; image=&#8221;https:\/\/rightchallenge.org\/wp-content\/uploads\/2023\/07\/flag-round-250.png&#8221; icon_placement=&#8221;left&#8221; content_max_width=&#8221;800px&#8221; _builder_version=&#8221;4.21.2&#8243; header_font=&#8221;PT Sans|700|||||||&#8221; header_text_color=&#8221;#000000&#8243; header_font_size=&#8221;17px&#8221; header_line_height=&#8221;1.9em&#8221; locked=&#8221;off&#8221; global_colors_info=&#8221;{}&#8221;][\/et_pb_blurb][et_pb_blurb title=&#8221;Centre for Advancement of Research and Development in Educational Technology LTD &#8211; CARDET&#8221; url=&#8221;http:\/\/www.cardet.org&#8221; url_new_window=&#8221;on&#8221; image=&#8221;https:\/\/rightchallenge.org\/wp-content\/uploads\/2023\/07\/flag-round-250-2.png&#8221; icon_placement=&#8221;left&#8221; content_max_width=&#8221;800px&#8221; _builder_version=&#8221;4.21.2&#8243; header_font=&#8221;PT Sans|700|||||||&#8221; header_text_color=&#8221;#000000&#8243; header_font_size=&#8221;17px&#8221; header_line_height=&#8221;1.9em&#8221; locked=&#8221;off&#8221; global_colors_info=&#8221;{}&#8221;][\/et_pb_blurb][et_pb_blurb title=&#8221;Mobilizing Expertise AB&#8221; url=&#8221;http:\/\/www.mexpert.se&#8221; url_new_window=&#8221;on&#8221; image=&#8221;https:\/\/rightchallenge.org\/wp-content\/uploads\/2023\/07\/197564.png&#8221; icon_placement=&#8221;left&#8221; content_max_width=&#8221;800px&#8221; _builder_version=&#8221;4.21.2&#8243; header_font=&#8221;PT Sans|700|||||||&#8221; header_text_color=&#8221;#000000&#8243; header_font_size=&#8221;17px&#8221; header_line_height=&#8221;1.9em&#8221; locked=&#8221;off&#8221; global_colors_info=&#8221;{}&#8221;][\/et_pb_blurb][et_pb_blurb title=&#8221;NGO %22Non-Formal Education for Youth%22 IZB (Institut f\u00fcr Zukunft und Bildung)&#8221; url_new_window=&#8221;on&#8221; image=&#8221;https:\/\/rightchallenge.org\/wp-content\/uploads\/2023\/07\/transferir.png&#8221; icon_placement=&#8221;left&#8221; content_max_width=&#8221;800px&#8221; _builder_version=&#8221;4.21.2&#8243; header_font=&#8221;PT Sans|700|||||||&#8221; header_text_color=&#8221;#000000&#8243; header_font_size=&#8221;17px&#8221; header_line_height=&#8221;1.9em&#8221; locked=&#8221;off&#8221; global_colors_info=&#8221;{}&#8221;][\/et_pb_blurb][et_pb_blurb title=&#8221;Einrichtung mit Rechtspers\u00f6nlichke it an der BHAK M\u00fcrzzuschlag&#8221; url_new_window=&#8221;on&#8221; image=&#8221;https:\/\/rightchallenge.org\/wp-content\/uploads\/2023\/07\/197447.png&#8221; icon_placement=&#8221;left&#8221; content_max_width=&#8221;800px&#8221; _builder_version=&#8221;4.21.2&#8243; header_font=&#8221;PT Sans|700|||||||&#8221; header_text_color=&#8221;#000000&#8243; header_font_size=&#8221;17px&#8221; header_line_height=&#8221;1.9em&#8221; locked=&#8221;off&#8221; global_colors_info=&#8221;{}&#8221;][\/et_pb_blurb][et_pb_blurb title=&#8221;Instagram&#8221; url=&#8221;https:\/\/www.instagram.com\/digital4all_2023\/&#8221; url_new_window=&#8221;on&#8221; image=&#8221;https:\/\/rightchallenge.org\/wp-content\/uploads\/2023\/07\/2080304.png&#8221; icon_placement=&#8221;left&#8221; content_max_width=&#8221;800px&#8221; _builder_version=&#8221;4.21.0&#8243; header_font=&#8221;|700|||||||&#8221; header_text_align=&#8221;left&#8221; header_text_color=&#8221;#0C71C3&#8243; header_font_size=&#8221;18px&#8221; header_line_height=&#8221;1.9em&#8221; body_font=&#8221;|700|||||||&#8221; custom_margin=&#8221;|||77px|false|false&#8221; custom_padding=&#8221;|||10px|false|false&#8221; locked=&#8221;off&#8221; global_colors_info=&#8221;{}&#8221;][\/et_pb_blurb][et_pb_blurb title=&#8221;Website&#8221; url=&#8221;https:\/\/digital4all-project.eu\/pt-pt\/&#8221; url_new_window=&#8221;on&#8221; image=&#8221;https:\/\/rightchallenge.org\/wp-content\/uploads\/2024\/05\/website-icon.png&#8221; icon_placement=&#8221;left&#8221; content_max_width=&#8221;800px&#8221; _builder_version=&#8221;4.25.1&#8243; header_font=&#8221;|700|||||||&#8221; header_text_align=&#8221;left&#8221; header_text_color=&#8221;#0C71C3&#8243; header_font_size=&#8221;18px&#8221; header_line_height=&#8221;1.9em&#8221; body_font=&#8221;|700|||||||&#8221; custom_margin=&#8221;|||77px|false|false&#8221; custom_padding=&#8221;|||10px|false|false&#8221; hover_enabled=&#8221;0&#8243; locked=&#8221;off&#8221; global_colors_info=&#8221;{}&#8221; sticky_enabled=&#8221;0&#8243; title_text=&#8221;website icon&#8221;][\/et_pb_blurb][\/et_pb_column][\/et_pb_row][\/et_pb_section]<\/p>\n","protected":false},"excerpt":{"rendered":"<p>O projeto &#8220;Digital4All \u2013 Construir um Mundo Digital para Todos&#8221; visa capacitar, sob modelos comportamentais e cognitivos, pessoas que trabalham com jovens migrantes, de modo que estes sejam capazes de questionar e avaliar criticamente a informa\u00e7\u00e3o divulgada digitalmente, e assim, sejam mais resilientes a not\u00edcias falsas. O projeto prev\u00ea que pessoas que trabalham com jovens [&hellip;]<\/p>\n","protected":false},"author":2,"featured_media":0,"parent":0,"menu_order":0,"comment_status":"closed","ping_status":"closed","template":"","meta":{"_et_pb_use_builder":"on","_et_pb_old_content":"","_et_gb_content_width":"","_monsterinsights_skip_tracking":false,"_monsterinsights_sitenote_active":false,"_monsterinsights_sitenote_note":"","_monsterinsights_sitenote_category":0,"footnotes":""},"class_list":["post-2963","page","type-page","status-publish","hentry"],"yoast_head":"<!-- This site is optimized with the Yoast SEO plugin v27.3 - https:\/\/yoast.com\/product\/yoast-seo-wordpress\/ -->\n<title>Digital4All - Rightchallenge<\/title>\n<meta name=\"robots\" content=\"index, follow, max-snippet:-1, max-image-preview:large, max-video-preview:-1\" \/>\n<link rel=\"canonical\" href=\"https:\/\/rightchallenge.org\/en\/digital4all\/\" \/>\n<meta property=\"og:locale\" content=\"en_GB\" \/>\n<meta property=\"og:type\" content=\"article\" \/>\n<meta property=\"og:title\" content=\"Digital4All - Rightchallenge\" \/>\n<meta property=\"og:description\" content=\"O projeto &quot;Digital4All \u2013 Construir um Mundo Digital para Todos&quot; visa capacitar, sob modelos comportamentais e cognitivos, pessoas que trabalham com jovens migrantes, de modo que estes sejam capazes de questionar e avaliar criticamente a informa\u00e7\u00e3o divulgada digitalmente, e assim, sejam mais resilientes a not\u00edcias falsas. O projeto prev\u00ea que pessoas que trabalham com jovens [&hellip;]\" \/>\n<meta property=\"og:url\" content=\"https:\/\/rightchallenge.org\/en\/digital4all\/\" \/>\n<meta property=\"og:site_name\" content=\"Rightchallenge\" \/>\n<meta property=\"article:modified_time\" content=\"2024-05-09T16:34:29+00:00\" \/>\n<meta name=\"twitter:card\" content=\"summary_large_image\" \/>\n<meta name=\"twitter:label1\" content=\"Estimated reading time\" \/>\n\t<meta name=\"twitter:data1\" content=\"5 minutes\" \/>\n<script type=\"application\/ld+json\" class=\"yoast-schema-graph\">{\"@context\":\"https:\\\/\\\/schema.org\",\"@graph\":[{\"@type\":\"WebPage\",\"@id\":\"https:\\\/\\\/rightchallenge.org\\\/digital4all\\\/\",\"url\":\"https:\\\/\\\/rightchallenge.org\\\/digital4all\\\/\",\"name\":\"Digital4All - Rightchallenge\",\"isPartOf\":{\"@id\":\"https:\\\/\\\/rightchallenge.org\\\/#website\"},\"datePublished\":\"2023-06-26T14:09:40+00:00\",\"dateModified\":\"2024-05-09T16:34:29+00:00\",\"breadcrumb\":{\"@id\":\"https:\\\/\\\/rightchallenge.org\\\/digital4all\\\/#breadcrumb\"},\"inLanguage\":\"en-GB\",\"potentialAction\":[{\"@type\":\"ReadAction\",\"target\":[\"https:\\\/\\\/rightchallenge.org\\\/digital4all\\\/\"]}]},{\"@type\":\"BreadcrumbList\",\"@id\":\"https:\\\/\\\/rightchallenge.org\\\/digital4all\\\/#breadcrumb\",\"itemListElement\":[{\"@type\":\"ListItem\",\"position\":1,\"name\":\"In\u00edcio\",\"item\":\"https:\\\/\\\/rightchallenge.org\\\/\"},{\"@type\":\"ListItem\",\"position\":2,\"name\":\"Digital4All\"}]},{\"@type\":\"WebSite\",\"@id\":\"https:\\\/\\\/rightchallenge.org\\\/#website\",\"url\":\"https:\\\/\\\/rightchallenge.org\\\/\",\"name\":\"Rightchallenge\",\"description\":\"Associa\u00e7\u00e3o\",\"potentialAction\":[{\"@type\":\"SearchAction\",\"target\":{\"@type\":\"EntryPoint\",\"urlTemplate\":\"https:\\\/\\\/rightchallenge.org\\\/?s={search_term_string}\"},\"query-input\":{\"@type\":\"PropertyValueSpecification\",\"valueRequired\":true,\"valueName\":\"search_term_string\"}}],\"inLanguage\":\"en-GB\"}]}<\/script>\n<!-- \/ Yoast SEO plugin. -->","yoast_head_json":{"title":"Digital4All - Rightchallenge","robots":{"index":"index","follow":"follow","max-snippet":"max-snippet:-1","max-image-preview":"max-image-preview:large","max-video-preview":"max-video-preview:-1"},"canonical":"https:\/\/rightchallenge.org\/en\/digital4all\/","og_locale":"en_GB","og_type":"article","og_title":"Digital4All - Rightchallenge","og_description":"O projeto \"Digital4All \u2013 Construir um Mundo Digital para Todos\" visa capacitar, sob modelos comportamentais e cognitivos, pessoas que trabalham com jovens migrantes, de modo que estes sejam capazes de questionar e avaliar criticamente a informa\u00e7\u00e3o divulgada digitalmente, e assim, sejam mais resilientes a not\u00edcias falsas. O projeto prev\u00ea que pessoas que trabalham com jovens [&hellip;]","og_url":"https:\/\/rightchallenge.org\/en\/digital4all\/","og_site_name":"Rightchallenge","article_modified_time":"2024-05-09T16:34:29+00:00","twitter_card":"summary_large_image","twitter_misc":{"Estimated reading time":"5 minutes"},"schema":{"@context":"https:\/\/schema.org","@graph":[{"@type":"WebPage","@id":"https:\/\/rightchallenge.org\/digital4all\/","url":"https:\/\/rightchallenge.org\/digital4all\/","name":"Digital4All - Rightchallenge","isPartOf":{"@id":"https:\/\/rightchallenge.org\/#website"},"datePublished":"2023-06-26T14:09:40+00:00","dateModified":"2024-05-09T16:34:29+00:00","breadcrumb":{"@id":"https:\/\/rightchallenge.org\/digital4all\/#breadcrumb"},"inLanguage":"en-GB","potentialAction":[{"@type":"ReadAction","target":["https:\/\/rightchallenge.org\/digital4all\/"]}]},{"@type":"BreadcrumbList","@id":"https:\/\/rightchallenge.org\/digital4all\/#breadcrumb","itemListElement":[{"@type":"ListItem","position":1,"name":"In\u00edcio","item":"https:\/\/rightchallenge.org\/"},{"@type":"ListItem","position":2,"name":"Digital4All"}]},{"@type":"WebSite","@id":"https:\/\/rightchallenge.org\/#website","url":"https:\/\/rightchallenge.org\/","name":"Rightchallenge","description":"Associa\u00e7\u00e3o","potentialAction":[{"@type":"SearchAction","target":{"@type":"EntryPoint","urlTemplate":"https:\/\/rightchallenge.org\/?s={search_term_string}"},"query-input":{"@type":"PropertyValueSpecification","valueRequired":true,"valueName":"search_term_string"}}],"inLanguage":"en-GB"}]}},"_links":{"self":[{"href":"https:\/\/rightchallenge.org\/en\/wp-json\/wp\/v2\/pages\/2963","targetHints":{"allow":["GET"]}}],"collection":[{"href":"https:\/\/rightchallenge.org\/en\/wp-json\/wp\/v2\/pages"}],"about":[{"href":"https:\/\/rightchallenge.org\/en\/wp-json\/wp\/v2\/types\/page"}],"author":[{"embeddable":true,"href":"https:\/\/rightchallenge.org\/en\/wp-json\/wp\/v2\/users\/2"}],"replies":[{"embeddable":true,"href":"https:\/\/rightchallenge.org\/en\/wp-json\/wp\/v2\/comments?post=2963"}],"version-history":[{"count":6,"href":"https:\/\/rightchallenge.org\/en\/wp-json\/wp\/v2\/pages\/2963\/revisions"}],"predecessor-version":[{"id":3923,"href":"https:\/\/rightchallenge.org\/en\/wp-json\/wp\/v2\/pages\/2963\/revisions\/3923"}],"wp:attachment":[{"href":"https:\/\/rightchallenge.org\/en\/wp-json\/wp\/v2\/media?parent=2963"}],"curies":[{"name":"wp","href":"https:\/\/api.w.org\/{rel}","templated":true}]}}