{"id":2708,"date":"2023-05-04T12:23:18","date_gmt":"2023-05-04T11:23:18","guid":{"rendered":"https:\/\/rightchallenge.org\/?page_id=2708"},"modified":"2024-11-13T17:44:50","modified_gmt":"2024-11-13T16:44:50","slug":"inclusivehubs","status":"publish","type":"page","link":"https:\/\/rightchallenge.org\/en\/inclusivehubs\/","title":{"rendered":"INCLUSIVE HUBS"},"content":{"rendered":"<p>[et_pb_section fb_built=&#8221;1&#8243; admin_label=&#8221;Header&#8221; _builder_version=&#8221;4.16&#8243; global_colors_info=&#8221;{}&#8221;][et_pb_row column_structure=&#8221;3_5,2_5&#8243; custom_padding_last_edited=&#8221;off|desktop&#8221; _builder_version=&#8221;4.16&#8243; background_enable_color=&#8221;off&#8221; custom_padding_tablet=&#8221;||30px||false|false&#8221; locked=&#8221;off&#8221; global_colors_info=&#8221;{}&#8221;][et_pb_column type=&#8221;3_5&#8243; _builder_version=&#8221;4.16&#8243; custom_padding_tablet=&#8221;||20px||false|false&#8221; custom_padding_phone=&#8221;&#8221; custom_padding_last_edited=&#8221;on|tablet&#8221; global_colors_info=&#8221;{}&#8221;][et_pb_image src=&#8221;https:\/\/rightchallenge.org\/wp-content\/uploads\/2023\/05\/Color-logo-no-background.png&#8221; title_text=&#8221;Color logo &#8211; no background&#8221; align=&#8221;center&#8221; _builder_version=&#8221;4.21.0&#8243; _module_preset=&#8221;default&#8221; width=&#8221;72%&#8221; global_colors_info=&#8221;{}&#8221;][\/et_pb_image][et_pb_text _builder_version=&#8221;4.21.2&#8243; text_font=&#8221;PT Sans||||||||&#8221; text_text_color=&#8221;#000000&#8243; text_font_size=&#8221;15px&#8221; text_line_height=&#8221;1.9em&#8221; global_colors_info=&#8221;{}&#8221;]<\/p>\n<p style=\"text-align: justify;\">\n<p style=\"text-align: justify;\">O projeto &#8220;<strong>Inclusive Hubs<\/strong>&#8221; procura atenuar os <strong>desafios enfrentados<\/strong> por <strong>alunos migrantes em ambiente escolar<\/strong>, concentrando-se na educa\u00e7\u00e3o, media\u00e7\u00e3o cultural, sa\u00fade e bem-estar destes, e transformando quatro <strong>escolas<\/strong> (uma em cada pa\u00eds parceiro) em <strong>hubs\/centros de inclus\u00e3o<\/strong>.<\/p>\n<p style=\"text-align: justify;\">Para al\u00e9m deste objetivo final, Inclusive Hubs tem ainda como objetivos: <strong>(1)<\/strong> <strong>capacitar l\u00edderes escolares, professores, funcion\u00e1rios e atores locais<\/strong>, de forma a estes apoiarem de forma mais eficaz e consciente a inclus\u00e3o dos alunos migrantes no sistema educacional e na sociedade em geral; <strong>(2)<\/strong> Desenvolver as <strong>compet\u00eancias lingu\u00edsticas<\/strong>, o <strong>bem-estar<\/strong> e a resili\u00eancia dos <strong>alunos migrantes e respetivas fam\u00edlias<\/strong>; e <strong>(3)<\/strong> Oferecer <strong>recursos aos pais<\/strong> migrantes para atuarem como mediadores culturais nas escolas.<\/p>\n<p style=\"text-align: justify;\">Os resultados deste projeto incluem:<\/p>\n<ul>\n<li><strong>Relat\u00f3rio<\/strong> conjunto que identifique o <strong>estado atual da investiga\u00e7\u00e3o e as barreiras<\/strong> \u00e0 inclus\u00e3o; <a href=\"https:\/\/inclusivehubs.eu\/reports_pt\/\">PT<\/a> e <a href=\"https:\/\/inclusivehubs.eu\/reports\/\">EN<\/a><\/li>\n<li>&#8220;<strong>Toolkit<\/strong>&#8221; sobre com tornar as escolas em centros de inclus\u00e3o; <a href=\"https:\/\/inclusivehubs.eu\/toolkit_pt\/\">PT<\/a> e <a href=\"https:\/\/inclusivehubs.eu\/toolkit\/\">EN<\/a><\/li>\n<li><strong>Curr\u00edculo<\/strong> que aborde as tem\u00e1ticas mais relevantes e recursos acerca da inclus\u00e3o para trabalhadores da \u00e1rea; <a href=\"https:\/\/inclusivehubs.eu\/curriculum_pt\/\">PT<\/a> e <a href=\"https:\/\/inclusivehubs.eu\/curriculum\/\">EN<\/a><\/li>\n<li><strong>Relat\u00f3rio politico<\/strong> com recomenda\u00e7\u00f5es pr\u00e1ticas e planos de a\u00e7\u00e3o para cada pa\u00eds parceiro; <a href=\"https:\/\/inclusivehubs.eu\/policy-paper_pt\/\">PT<\/a> e <a href=\"https:\/\/inclusivehubs.eu\/policy-paper\/\">EN<\/a><\/li>\n<li>Desenvolvimento de quatro escolas em <strong>centros de inclus\u00e3o<\/strong> (uma em cada pa\u00eds parceiro).\u00a0<\/li>\n<\/ul>\n<p>Durante a implementa\u00e7\u00e3o do projeto<span>\u00a0<\/span>foram elaboradas 4 newsletters com as novidades do projeto, atividades decorridas e a ocorrer e foi poss\u00edvel ainda documentar os passos do projeto. Para ter acesso, visite os seguintes links:<\/p>\n<ul>\n<li><strong>Newsletter #1<span>\u00a0<\/span><\/strong><\/li>\n<li><strong>Newsletter #2\u00a0<\/strong><\/li>\n<li><strong>Newsletter #3\u00a0<\/strong><\/li>\n<li><strong>Newsletter #4<span>\u00a0 <\/span><\/strong><\/li>\n<li><a href=\"https:\/\/inclusivehubs.eu\/news_pt\/\">PT<\/a> e <a href=\"https:\/\/inclusivehubs.eu\/news\/\">EN<\/a><strong><span><\/span><\/strong><\/li>\n<\/ul>\n<p><strong><span><\/span><\/strong><\/p>\n<p><quillbot-extension-portal><span style=\"color: #000000;\"><strong>Este projeto \u00e9 apoiado no \u00e2mbito do programa europeu Erasmus+ <\/strong><\/span><\/quillbot-extension-portal><quillbot-extension-portal><\/quillbot-extension-portal><\/p>\n<p>[\/et_pb_text][\/et_pb_column][et_pb_column type=&#8221;2_5&#8243; _builder_version=&#8221;4.16&#8243; background_color=&#8221;#ffffff&#8221; custom_padding=&#8221;50px|40px|60px|40px|false|true&#8221; custom_padding_tablet=&#8221;|50px||50px|false|true&#8221; custom_padding_phone=&#8221;&#8221; custom_padding_last_edited=&#8221;on|tablet&#8221; border_radii=&#8221;on|10px|10px|10px|10px&#8221; box_shadow_style=&#8221;preset1&#8243; box_shadow_color=&#8221;rgba(12,113,195,0.13)&#8221; global_colors_info=&#8221;{}&#8221;][et_pb_image src=&#8221;https:\/\/rightchallenge.org\/wp-content\/uploads\/2023\/07\/PT_Co-fundedbytheEU_RGB_POS.png&#8221; title_text=&#8221;PT_Co-fundedbytheEU_RGB_POS&#8221; align=&#8221;center&#8221; _builder_version=&#8221;4.21.0&#8243; _module_preset=&#8221;default&#8221; width=&#8221;60%&#8221; global_colors_info=&#8221;{}&#8221;][\/et_pb_image][et_pb_text _builder_version=&#8221;4.21.0&#8243; text_font=&#8221;PT Sans||||||||&#8221; custom_margin=&#8221;||13px|||&#8221; custom_padding=&#8221;16px|||||&#8221; global_colors_info=&#8221;{}&#8221;]<\/p>\n<h3 style=\"text-align: center;\">Parceiros<\/h3>\n<p>[\/et_pb_text][et_pb_blurb title=&#8221;\u00c5AU &#8211; \u00c5bo Akademi University&#8221; url=&#8221;https:\/\/www.abo.fi\/en\/&#8221; url_new_window=&#8221;on&#8221; image=&#8221;https:\/\/rightchallenge.org\/wp-content\/uploads\/2020\/06\/finland.png&#8221; icon_placement=&#8221;left&#8221; content_max_width=&#8221;800px&#8221; _builder_version=&#8221;4.21.2&#8243; header_font=&#8221;PT Sans|700|||||||&#8221; header_text_color=&#8221;#000000&#8243; header_font_size=&#8221;17px&#8221; header_line_height=&#8221;1.9em&#8221; locked=&#8221;off&#8221; global_colors_info=&#8221;{}&#8221;][\/et_pb_blurb][et_pb_blurb title=&#8221;N\u00c4RPES &#8211; N\u00e4rpes stad Bildningsavdelningen&#8221; url=&#8221;https:\/\/www.narpes.fi\/&#8221; url_new_window=&#8221;on&#8221; image=&#8221;https:\/\/rightchallenge.org\/wp-content\/uploads\/2023\/07\/197585.png&#8221; icon_placement=&#8221;left&#8221; content_max_width=&#8221;800px&#8221; _builder_version=&#8221;4.21.2&#8243; header_font=&#8221;PT Sans|700|||||||&#8221; header_text_color=&#8221;#000000&#8243; header_font_size=&#8221;17px&#8221; header_line_height=&#8221;1.9em&#8221; locked=&#8221;off&#8221; global_colors_info=&#8221;{}&#8221;][\/et_pb_blurb][et_pb_blurb title=&#8221;Centre for Advancement of Research and Development in Educational Technology LTD &#8211; CARDET &#8221; url=&#8221;https:\/\/www.cardet.org\/&#8221; url_new_window=&#8221;on&#8221; image=&#8221;https:\/\/rightchallenge.org\/wp-content\/uploads\/2023\/07\/flag-round-250-2.png&#8221; icon_placement=&#8221;left&#8221; content_max_width=&#8221;800px&#8221; _builder_version=&#8221;4.21.2&#8243; header_font=&#8221;PT Sans|700|||||||&#8221; header_text_color=&#8221;#000000&#8243; header_font_size=&#8221;17px&#8221; header_line_height=&#8221;1.9em&#8221; locked=&#8221;off&#8221; global_colors_info=&#8221;{}&#8221;][\/et_pb_blurb][et_pb_blurb title=&#8221;KMOP \u2013 Education and Innovation Hub&#8221; url=&#8221;https:\/\/www.kmop.gr\/&#8221; url_new_window=&#8221;on&#8221; image=&#8221;https:\/\/rightchallenge.org\/wp-content\/uploads\/2023\/07\/flag-round-250-3.png&#8221; icon_placement=&#8221;left&#8221; content_max_width=&#8221;800px&#8221; _builder_version=&#8221;4.21.2&#8243; header_font=&#8221;PT Sans|700|||||||&#8221; header_text_color=&#8221;#000000&#8243; header_font_size=&#8221;17px&#8221; header_line_height=&#8221;1.9em&#8221; locked=&#8221;off&#8221; global_colors_info=&#8221;{}&#8221;][\/et_pb_blurb][et_pb_blurb title=&#8221;Institute of Development LTD &#8211; (NEOPHYTOS CH CHARALAMBOUS)&#8221; url=&#8221;https:\/\/iodevelopment.eu\/&#8221; url_new_window=&#8221;on&#8221; image=&#8221;https:\/\/rightchallenge.org\/wp-content\/uploads\/2023\/07\/flag-round-250-2.png&#8221; icon_placement=&#8221;left&#8221; content_max_width=&#8221;800px&#8221; _builder_version=&#8221;4.21.2&#8243; header_font=&#8221;PT Sans|700|||||||&#8221; header_text_color=&#8221;#000000&#8243; header_font_size=&#8221;17px&#8221; header_line_height=&#8221;1.9em&#8221; locked=&#8221;off&#8221; global_colors_info=&#8221;{}&#8221;][\/et_pb_blurb][et_pb_blurb title=&#8221;Website&#8221; url=&#8221;https:\/\/inclusivehubs.eu\/&#8221; url_new_window=&#8221;on&#8221; image=&#8221;https:\/\/rightchallenge.org\/wp-content\/uploads\/2023\/07\/Design-sem-nome-1.png&#8221; icon_placement=&#8221;left&#8221; content_max_width=&#8221;800px&#8221; _builder_version=&#8221;4.21.0&#8243; header_font=&#8221;|700|||||||&#8221; header_text_align=&#8221;left&#8221; header_text_color=&#8221;#0C71C3&#8243; header_font_size=&#8221;18px&#8221; header_line_height=&#8221;1.9em&#8221; body_font=&#8221;|700|||||||&#8221; custom_margin=&#8221;|||77px|false|false&#8221; custom_padding=&#8221;|||10px|false|false&#8221; locked=&#8221;off&#8221; global_colors_info=&#8221;{}&#8221;][\/et_pb_blurb][et_pb_blurb title=&#8221;Facebook&#8221; url=&#8221;https:\/\/www.facebook.com\/SchoolsAs.InclusiveHubs\/&#8221; url_new_window=&#8221;on&#8221; image=&#8221;https:\/\/rightchallenge.org\/wp-content\/uploads\/2023\/07\/5968764.png&#8221; icon_placement=&#8221;left&#8221; content_max_width=&#8221;800px&#8221; _builder_version=&#8221;4.21.0&#8243; header_font=&#8221;|700|||||||&#8221; header_text_align=&#8221;left&#8221; header_text_color=&#8221;#0C71C3&#8243; header_font_size=&#8221;18px&#8221; header_line_height=&#8221;1.9em&#8221; body_font=&#8221;|700|||||||&#8221; custom_margin=&#8221;-20px|88px||88px|false|true&#8221; locked=&#8221;off&#8221; global_colors_info=&#8221;{}&#8221;][\/et_pb_blurb][\/et_pb_column][\/et_pb_row][\/et_pb_section]<\/p>\n","protected":false},"excerpt":{"rendered":"<p>O projeto &#8220;Inclusive Hubs&#8221; procura atenuar os desafios enfrentados por alunos migrantes em ambiente escolar, concentrando-se na educa\u00e7\u00e3o, media\u00e7\u00e3o cultural, sa\u00fade e bem-estar destes, e transformando quatro escolas (uma em cada pa\u00eds parceiro) em hubs\/centros de inclus\u00e3o. Para al\u00e9m deste objetivo final, Inclusive Hubs tem ainda como objetivos: (1) capacitar l\u00edderes escolares, professores, funcion\u00e1rios e [&hellip;]<\/p>\n","protected":false},"author":2,"featured_media":0,"parent":0,"menu_order":0,"comment_status":"closed","ping_status":"closed","template":"","meta":{"_et_pb_use_builder":"on","_et_pb_old_content":"","_et_gb_content_width":"","_monsterinsights_skip_tracking":false,"_monsterinsights_sitenote_active":false,"_monsterinsights_sitenote_note":"","_monsterinsights_sitenote_category":0,"footnotes":""},"class_list":["post-2708","page","type-page","status-publish","hentry"],"yoast_head":"<!-- This site is optimized with the Yoast SEO plugin v27.3 - https:\/\/yoast.com\/product\/yoast-seo-wordpress\/ -->\n<title>INCLUSIVE HUBS - Rightchallenge<\/title>\n<meta name=\"robots\" content=\"index, follow, max-snippet:-1, max-image-preview:large, max-video-preview:-1\" \/>\n<link rel=\"canonical\" href=\"https:\/\/rightchallenge.org\/en\/inclusivehubs\/\" \/>\n<meta property=\"og:locale\" content=\"en_GB\" \/>\n<meta property=\"og:type\" content=\"article\" \/>\n<meta property=\"og:title\" content=\"INCLUSIVE HUBS - Rightchallenge\" \/>\n<meta property=\"og:description\" content=\"O projeto &quot;Inclusive Hubs&quot; procura atenuar os desafios enfrentados por alunos migrantes em ambiente escolar, concentrando-se na educa\u00e7\u00e3o, media\u00e7\u00e3o cultural, sa\u00fade e bem-estar destes, e transformando quatro escolas (uma em cada pa\u00eds parceiro) em hubs\/centros de inclus\u00e3o. Para al\u00e9m deste objetivo final, Inclusive Hubs tem ainda como objetivos: (1) capacitar l\u00edderes escolares, professores, funcion\u00e1rios e [&hellip;]\" \/>\n<meta property=\"og:url\" content=\"https:\/\/rightchallenge.org\/en\/inclusivehubs\/\" \/>\n<meta property=\"og:site_name\" content=\"Rightchallenge\" \/>\n<meta property=\"article:modified_time\" content=\"2024-11-13T16:44:50+00:00\" \/>\n<meta name=\"twitter:card\" content=\"summary_large_image\" \/>\n<meta name=\"twitter:label1\" content=\"Estimated reading time\" \/>\n\t<meta name=\"twitter:data1\" content=\"3 minutes\" \/>\n<script type=\"application\/ld+json\" class=\"yoast-schema-graph\">{\"@context\":\"https:\\\/\\\/schema.org\",\"@graph\":[{\"@type\":\"WebPage\",\"@id\":\"https:\\\/\\\/rightchallenge.org\\\/inclusivehubs\\\/\",\"url\":\"https:\\\/\\\/rightchallenge.org\\\/inclusivehubs\\\/\",\"name\":\"INCLUSIVE HUBS - Rightchallenge\",\"isPartOf\":{\"@id\":\"https:\\\/\\\/rightchallenge.org\\\/#website\"},\"datePublished\":\"2023-05-04T11:23:18+00:00\",\"dateModified\":\"2024-11-13T16:44:50+00:00\",\"breadcrumb\":{\"@id\":\"https:\\\/\\\/rightchallenge.org\\\/inclusivehubs\\\/#breadcrumb\"},\"inLanguage\":\"en-GB\",\"potentialAction\":[{\"@type\":\"ReadAction\",\"target\":[\"https:\\\/\\\/rightchallenge.org\\\/inclusivehubs\\\/\"]}]},{\"@type\":\"BreadcrumbList\",\"@id\":\"https:\\\/\\\/rightchallenge.org\\\/inclusivehubs\\\/#breadcrumb\",\"itemListElement\":[{\"@type\":\"ListItem\",\"position\":1,\"name\":\"In\u00edcio\",\"item\":\"https:\\\/\\\/rightchallenge.org\\\/\"},{\"@type\":\"ListItem\",\"position\":2,\"name\":\"INCLUSIVE HUBS\"}]},{\"@type\":\"WebSite\",\"@id\":\"https:\\\/\\\/rightchallenge.org\\\/#website\",\"url\":\"https:\\\/\\\/rightchallenge.org\\\/\",\"name\":\"Rightchallenge\",\"description\":\"Associa\u00e7\u00e3o\",\"potentialAction\":[{\"@type\":\"SearchAction\",\"target\":{\"@type\":\"EntryPoint\",\"urlTemplate\":\"https:\\\/\\\/rightchallenge.org\\\/?s={search_term_string}\"},\"query-input\":{\"@type\":\"PropertyValueSpecification\",\"valueRequired\":true,\"valueName\":\"search_term_string\"}}],\"inLanguage\":\"en-GB\"}]}<\/script>\n<!-- \/ Yoast SEO plugin. -->","yoast_head_json":{"title":"INCLUSIVE HUBS - Rightchallenge","robots":{"index":"index","follow":"follow","max-snippet":"max-snippet:-1","max-image-preview":"max-image-preview:large","max-video-preview":"max-video-preview:-1"},"canonical":"https:\/\/rightchallenge.org\/en\/inclusivehubs\/","og_locale":"en_GB","og_type":"article","og_title":"INCLUSIVE HUBS - Rightchallenge","og_description":"O projeto \"Inclusive Hubs\" procura atenuar os desafios enfrentados por alunos migrantes em ambiente escolar, concentrando-se na educa\u00e7\u00e3o, media\u00e7\u00e3o cultural, sa\u00fade e bem-estar destes, e transformando quatro escolas (uma em cada pa\u00eds parceiro) em hubs\/centros de inclus\u00e3o. Para al\u00e9m deste objetivo final, Inclusive Hubs tem ainda como objetivos: (1) capacitar l\u00edderes escolares, professores, funcion\u00e1rios e [&hellip;]","og_url":"https:\/\/rightchallenge.org\/en\/inclusivehubs\/","og_site_name":"Rightchallenge","article_modified_time":"2024-11-13T16:44:50+00:00","twitter_card":"summary_large_image","twitter_misc":{"Estimated reading time":"3 minutes"},"schema":{"@context":"https:\/\/schema.org","@graph":[{"@type":"WebPage","@id":"https:\/\/rightchallenge.org\/inclusivehubs\/","url":"https:\/\/rightchallenge.org\/inclusivehubs\/","name":"INCLUSIVE HUBS - Rightchallenge","isPartOf":{"@id":"https:\/\/rightchallenge.org\/#website"},"datePublished":"2023-05-04T11:23:18+00:00","dateModified":"2024-11-13T16:44:50+00:00","breadcrumb":{"@id":"https:\/\/rightchallenge.org\/inclusivehubs\/#breadcrumb"},"inLanguage":"en-GB","potentialAction":[{"@type":"ReadAction","target":["https:\/\/rightchallenge.org\/inclusivehubs\/"]}]},{"@type":"BreadcrumbList","@id":"https:\/\/rightchallenge.org\/inclusivehubs\/#breadcrumb","itemListElement":[{"@type":"ListItem","position":1,"name":"In\u00edcio","item":"https:\/\/rightchallenge.org\/"},{"@type":"ListItem","position":2,"name":"INCLUSIVE HUBS"}]},{"@type":"WebSite","@id":"https:\/\/rightchallenge.org\/#website","url":"https:\/\/rightchallenge.org\/","name":"Rightchallenge","description":"Associa\u00e7\u00e3o","potentialAction":[{"@type":"SearchAction","target":{"@type":"EntryPoint","urlTemplate":"https:\/\/rightchallenge.org\/?s={search_term_string}"},"query-input":{"@type":"PropertyValueSpecification","valueRequired":true,"valueName":"search_term_string"}}],"inLanguage":"en-GB"}]}},"_links":{"self":[{"href":"https:\/\/rightchallenge.org\/en\/wp-json\/wp\/v2\/pages\/2708","targetHints":{"allow":["GET"]}}],"collection":[{"href":"https:\/\/rightchallenge.org\/en\/wp-json\/wp\/v2\/pages"}],"about":[{"href":"https:\/\/rightchallenge.org\/en\/wp-json\/wp\/v2\/types\/page"}],"author":[{"embeddable":true,"href":"https:\/\/rightchallenge.org\/en\/wp-json\/wp\/v2\/users\/2"}],"replies":[{"embeddable":true,"href":"https:\/\/rightchallenge.org\/en\/wp-json\/wp\/v2\/comments?post=2708"}],"version-history":[{"count":6,"href":"https:\/\/rightchallenge.org\/en\/wp-json\/wp\/v2\/pages\/2708\/revisions"}],"predecessor-version":[{"id":4450,"href":"https:\/\/rightchallenge.org\/en\/wp-json\/wp\/v2\/pages\/2708\/revisions\/4450"}],"wp:attachment":[{"href":"https:\/\/rightchallenge.org\/en\/wp-json\/wp\/v2\/media?parent=2708"}],"curies":[{"name":"wp","href":"https:\/\/api.w.org\/{rel}","templated":true}]}}