{"id":2579,"date":"2023-03-20T19:05:25","date_gmt":"2023-03-20T18:05:25","guid":{"rendered":"https:\/\/rightchallenge.org\/?page_id=2579"},"modified":"2024-11-13T17:18:06","modified_gmt":"2024-11-13T16:18:06","slug":"networks4inclusion","status":"publish","type":"page","link":"https:\/\/rightchallenge.org\/en\/networks4inclusion\/","title":{"rendered":"NETWORKS4INCLUSION"},"content":{"rendered":"<p>[et_pb_section fb_built=&#8221;1&#8243; admin_label=&#8221;Header&#8221; _builder_version=&#8221;4.16&#8243; global_colors_info=&#8221;{}&#8221;][et_pb_row column_structure=&#8221;3_5,2_5&#8243; custom_padding_last_edited=&#8221;off|desktop&#8221; _builder_version=&#8221;4.16&#8243; background_enable_color=&#8221;off&#8221; custom_padding_tablet=&#8221;||30px||false|false&#8221; locked=&#8221;off&#8221; global_colors_info=&#8221;{}&#8221;][et_pb_column type=&#8221;3_5&#8243; _builder_version=&#8221;4.16&#8243; custom_padding_tablet=&#8221;||20px||false|false&#8221; custom_padding_phone=&#8221;&#8221; custom_padding_last_edited=&#8221;on|tablet&#8221; global_colors_info=&#8221;{}&#8221;][et_pb_image src=&#8221;https:\/\/rightchallenge.org\/wp-content\/uploads\/2023\/05\/Logo-NETworks4inclusion.png&#8221; align=&#8221;center&#8221; _builder_version=&#8221;4.21.0&#8243; _module_preset=&#8221;default&#8221; width=&#8221;50%&#8221; global_colors_info=&#8221;{}&#8221;][\/et_pb_image][et_pb_text _builder_version=&#8221;4.21.2&#8243; text_font=&#8221;PT Sans||||||||&#8221; text_text_color=&#8221;#000000&#8243; text_font_size=&#8221;15px&#8221; text_line_height=&#8221;1.9em&#8221; global_colors_info=&#8221;{}&#8221;]<\/p>\n<p style=\"text-align: justify;\">\u00a0O projeto &#8220;<strong>NETworks4Inclusion&#8221;<\/strong> pretende <strong>articular a interven\u00e7\u00e3o social<\/strong> de diferentes entidades, p\u00fablicas e privadas, e tornar, posteriormente, os resultados desta articula\u00e7\u00e3o acess\u00edveis atrav\u00e9s de um f\u00f3rum especializado. Atrav\u00e9s deste processo partilhado e din\u00e2mico, procura-se a adequa\u00e7\u00e3o de uma interven\u00e7\u00e3o devidamente planeada e efetiva, com o objetivo de convergir esfor\u00e7os para a promo\u00e7\u00e3o do desenvolvimento e coes\u00e3o social.<\/p>\n<p style=\"text-align: justify;\">A n\u00edvel <strong>local<\/strong> de cada parceria, o projeto pretende <strong>formar educadores adultos<\/strong> a construir um novo tipo de parceria entre institui\u00e7\u00f5es privadas e p\u00fablicas a agir na mesma \u00e1rea, combinando objetivos e a\u00e7\u00f5es desenvolvidas pelos diferentes agentes locais e aprimorando recursos locais.<\/p>\n<p style=\"text-align: justify;\">Os resultados deste projeto incluem os seguintes materiais:<\/p>\n<ul>\n<li style=\"text-align: justify;\"><strong>Guia<\/strong> de Interven\u00e7\u00e3o Social; <a href=\"https:\/\/networks4inclusionportal.eu\/guide-for-social-intervention\/\">EN<\/a> e <a href=\"https:\/\/networks4inclusionportal.eu\/pt\/guide-for-social-intervention\/\">PT<\/a><\/li>\n<li style=\"text-align: justify;\"><strong>Curso e Manual de Forma\u00e7\u00e3o<\/strong> de Estrat\u00e9gias de Desenvolvimento Social; <a href=\"https:\/\/networks4inclusionportal.eu\/training-course-and-handbook-social-development-strategy\/\">EN<\/a> e <a href=\"https:\/\/networks4inclusionportal.eu\/pt\/training-course-and-handbook-social-development-strategy\/\">PT\u00a0<\/a><\/li>\n<li style=\"text-align: justify;\">&#8220;<strong>Toolkit<\/strong>&#8221; de Boas Pr\u00e1ticas; <a href=\"https:\/\/networks4inclusionportal.eu\/best-practices-toolkit\/\">EN<\/a> e <a href=\"https:\/\/networks4inclusionportal.eu\/pt\/best-practices-toolkit\/\">PT<\/a><\/li>\n<li style=\"text-align: justify;\"><strong>Plataforma E-Learning<\/strong>, onde todos os materiais anteriores ficar\u00e3o publicamente dispon\u00edveis. <a href=\"https:\/\/networks4inclusionportal.eu\/\">EN<\/a> e <a href=\"https:\/\/networks4inclusionportal.eu\/pt\/\">PT<\/a><\/li>\n<\/ul>\n<p>Durante a implementa\u00e7\u00e3o do projeto foram elaboradas 4 newsletters com as novidades do projeto, atividades decorridas e a ocorrer e foi poss\u00edvel ainda documentar os passos do projeto. Para ter acesso, visite os seguintes links:<\/p>\n<ul>\n<li><strong>Newsletter #1<span>\u00a0<\/span><\/strong><a href=\"https:\/\/networks4inclusion.eu\/wp-content\/uploads\/2023\/06\/PT_RC_NETworks4Inclusion_Newsletter1-.pdf\">PT<span>\u00a0<\/span><\/a>e<span>\u00a0<\/span><a href=\"https:\/\/networks4inclusion.eu\/wp-content\/uploads\/2023\/06\/EN_NETworks4Inclusion_Newsletter1.pdf#\">EN<\/a><\/li>\n<li><strong>Newsletter #2\u00a0<\/strong><a href=\"https:\/\/networks4inclusion.eu\/wp-content\/uploads\/2023\/11\/PT-NETworks4inclusion-2a-Newsletter-1.pdf\">PT<span>\u00a0<\/span><\/a>e<span>\u00a0<\/span><a href=\"https:\/\/networks4inclusion.eu\/wp-content\/uploads\/2023\/11\/NETworks4Inclusion-Newsletter-2_EN.pdf\">EN<\/a><\/li>\n<li><strong>Newsletter #3\u00a0<\/strong><a href=\"https:\/\/networks4inclusion.eu\/wp-content\/uploads\/2024\/05\/NETworks4Inclusion-Newsletter-3-_EN-pt.pdf\">PT<span>\u00a0<\/span><\/a>e<span>\u00a0<\/span><a href=\"https:\/\/networks4inclusion.eu\/wp-content\/uploads\/2024\/05\/NETworks4Inclusion-Newsletter-3-_EN.pdf\">EN<\/a><\/li>\n<li><strong>Newsletter #4<span>\u00a0<\/span><\/strong><a href=\"https:\/\/networks4inclusionportal.eu\/wp-content\/uploads\/2024\/09\/PT-NETworks4Inclusion-Newsletter-4-_OG.pdf\">PT<\/a> e <a href=\"https:\/\/networks4inclusionportal.eu\/wp-content\/uploads\/2024\/09\/NETworks4Inclusion-Newsletter-4-_EN.pdf\">EN<\/a><\/li>\n<\/ul>\n<p><span style=\"color: #000000;\"><strong>Este projeto \u00e9 apoiado no \u00e2mbito do programa europeu Erasmus+ <\/strong><\/span><\/p>\n<p><quillbot-extension-portal><\/quillbot-extension-portal><\/p>\n<p><quillbot-extension-portal><\/quillbot-extension-portal><\/p>\n<p>[\/et_pb_text][\/et_pb_column][et_pb_column type=&#8221;2_5&#8243; _builder_version=&#8221;4.16&#8243; background_color=&#8221;#ffffff&#8221; custom_padding=&#8221;50px|40px|60px|40px|false|true&#8221; custom_padding_tablet=&#8221;|50px||50px|false|true&#8221; custom_padding_phone=&#8221;&#8221; custom_padding_last_edited=&#8221;on|tablet&#8221; border_radii=&#8221;on|10px|10px|10px|10px&#8221; box_shadow_style=&#8221;preset1&#8243; box_shadow_color=&#8221;rgba(12,113,195,0.13)&#8221; global_colors_info=&#8221;{}&#8221;][et_pb_image src=&#8221;https:\/\/rightchallenge.org\/wp-content\/uploads\/2023\/07\/PT_Co-fundedbytheEU_RGB_POS.png&#8221; title_text=&#8221;PT_Co-fundedbytheEU_RGB_POS&#8221; align=&#8221;center&#8221; _builder_version=&#8221;4.21.0&#8243; _module_preset=&#8221;default&#8221; width=&#8221;60%&#8221; global_colors_info=&#8221;{}&#8221;][\/et_pb_image][et_pb_text _builder_version=&#8221;4.16&#8243; custom_margin=&#8221;||13px|||&#8221; custom_padding=&#8221;16px|||||&#8221; global_colors_info=&#8221;{}&#8221;]<\/p>\n<h3 style=\"text-align: center;\">Parceiros<\/h3>\n<p>[\/et_pb_text][et_pb_blurb title=&#8221;CBE &#8211; Sud Luberon Val de Durance&#8221; url=&#8221;https:\/\/www.cbesudluberon.com\/&#8221; url_new_window=&#8221;on&#8221; image=&#8221;https:\/\/rightchallenge.org\/wp-content\/uploads\/2020\/03\/france.png&#8221; icon_placement=&#8221;left&#8221; content_max_width=&#8221;800px&#8221; _builder_version=&#8221;4.21.2&#8243; header_font=&#8221;PT Sans|700|||||||&#8221; header_text_color=&#8221;#000000&#8243; header_font_size=&#8221;17px&#8221; header_line_height=&#8221;1.9em&#8221; locked=&#8221;off&#8221; global_colors_info=&#8221;{}&#8221;][\/et_pb_blurb][et_pb_blurb title=&#8221;Comune di Mesagne&#8221; url=&#8221;https:\/\/www.comune.mesagne.br.it\/&#8221; url_new_window=&#8221;on&#8221; image=&#8221;https:\/\/rightchallenge.org\/wp-content\/uploads\/2020\/05\/italy.png&#8221; icon_placement=&#8221;left&#8221; content_max_width=&#8221;800px&#8221; _builder_version=&#8221;4.21.2&#8243; header_font=&#8221;PT Sans|700|||||||&#8221; header_text_color=&#8221;#000000&#8243; header_font_size=&#8221;17px&#8221; header_line_height=&#8221;1.9em&#8221; locked=&#8221;off&#8221; global_colors_info=&#8221;{}&#8221;][\/et_pb_blurb][et_pb_blurb title=&#8221;KulturLife&#8221; url=&#8221;https:\/\/kultur-life.de\/&#8221; url_new_window=&#8221;on&#8221; image=&#8221;https:\/\/rightchallenge.org\/wp-content\/uploads\/2023\/07\/flag-round-250.png&#8221; icon_placement=&#8221;left&#8221; content_max_width=&#8221;800px&#8221; _builder_version=&#8221;4.21.2&#8243; header_font=&#8221;PT Sans|700|||||||&#8221; header_text_color=&#8221;#000000&#8243; header_font_size=&#8221;17px&#8221; header_line_height=&#8221;1.9em&#8221; locked=&#8221;off&#8221; global_colors_info=&#8221;{}&#8221;][\/et_pb_blurb][et_pb_blurb title=&#8221;Spectrum Research Centre CLG&#8221; url=&#8221;https:\/\/spectrumresearchcentre.com\/&#8221; url_new_window=&#8221;on&#8221; image=&#8221;https:\/\/rightchallenge.org\/wp-content\/uploads\/2023\/07\/flag-round-250-1.png&#8221; icon_placement=&#8221;left&#8221; content_max_width=&#8221;800px&#8221; _builder_version=&#8221;4.21.2&#8243; header_font=&#8221;PT Sans|700|||||||&#8221; header_text_color=&#8221;#000000&#8243; header_font_size=&#8221;17px&#8221; header_line_height=&#8221;1.9em&#8221; locked=&#8221;off&#8221; global_colors_info=&#8221;{}&#8221;][\/et_pb_blurb][et_pb_blurb title=&#8221;Quarter Mediation&#8221; url=&#8221;https:\/\/www.quartermediation.eu\/home\/&#8221; url_new_window=&#8221;on&#8221; image=&#8221;https:\/\/rightchallenge.org\/wp-content\/uploads\/2023\/07\/circle-flag-of-netherlands-free-png.webp&#8221; icon_placement=&#8221;left&#8221; content_max_width=&#8221;800px&#8221; _builder_version=&#8221;4.21.2&#8243; header_font=&#8221;PT Sans|700|||||||&#8221; header_text_color=&#8221;#000000&#8243; header_font_size=&#8221;17px&#8221; header_line_height=&#8221;1.9em&#8221; locked=&#8221;off&#8221; global_colors_info=&#8221;{}&#8221;][\/et_pb_blurb][et_pb_blurb title=&#8221;Fundaci\u00f3n Pascual Tom\u00e1s&#8221; url=&#8221;http:\/\/www.fundaciopascualtomas.org&#8221; url_new_window=&#8221;on&#8221; image=&#8221;https:\/\/rightchallenge.org\/wp-content\/uploads\/2023\/07\/es-circle-01.png&#8221; icon_placement=&#8221;left&#8221; content_max_width=&#8221;800px&#8221; _builder_version=&#8221;4.21.2&#8243; header_font=&#8221;PT Sans|700|||||||&#8221; header_text_color=&#8221;#000000&#8243; header_font_size=&#8221;17px&#8221; header_line_height=&#8221;1.9em&#8221; locked=&#8221;off&#8221; global_colors_info=&#8221;{}&#8221; border_radii__hover_enabled=&#8221;on|desktop&#8221;][\/et_pb_blurb][et_pb_blurb title=&#8221;Website&#8221; url=&#8221;https:\/\/networks4inclusion.eu\/&#8221; url_new_window=&#8221;on&#8221; image=&#8221;https:\/\/rightchallenge.org\/wp-content\/uploads\/2023\/07\/Design-sem-nome-1.png&#8221; icon_placement=&#8221;left&#8221; content_max_width=&#8221;800px&#8221; _builder_version=&#8221;4.21.0&#8243; header_font=&#8221;|700|||||||&#8221; header_text_align=&#8221;left&#8221; header_text_color=&#8221;#0C71C3&#8243; header_font_size=&#8221;18px&#8221; header_line_height=&#8221;1.9em&#8221; body_font=&#8221;|700|||||||&#8221; custom_margin=&#8221;|||77px|false|false&#8221; custom_padding=&#8221;|||10px|false|false&#8221; locked=&#8221;off&#8221; global_colors_info=&#8221;{}&#8221;][\/et_pb_blurb][et_pb_blurb title=&#8221;Facebook&#8221; url=&#8221;https:\/\/www.facebook.com\/NETworks4inclusion\/&#8221; url_new_window=&#8221;on&#8221; image=&#8221;https:\/\/rightchallenge.org\/wp-content\/uploads\/2023\/07\/5968764.png&#8221; icon_placement=&#8221;left&#8221; content_max_width=&#8221;800px&#8221; _builder_version=&#8221;4.21.0&#8243; header_font=&#8221;|700|||||||&#8221; header_text_align=&#8221;left&#8221; header_text_color=&#8221;#0C71C3&#8243; header_font_size=&#8221;18px&#8221; header_line_height=&#8221;1.9em&#8221; body_font=&#8221;|700|||||||&#8221; custom_margin=&#8221;-20px|88px||88px|false|true&#8221; locked=&#8221;off&#8221; global_colors_info=&#8221;{}&#8221;][\/et_pb_blurb][\/et_pb_column][\/et_pb_row][\/et_pb_section]<\/p>\n","protected":false},"excerpt":{"rendered":"<p>\u00a0O projeto &#8220;NETworks4Inclusion&#8221; pretende articular a interven\u00e7\u00e3o social de diferentes entidades, p\u00fablicas e privadas, e tornar, posteriormente, os resultados desta articula\u00e7\u00e3o acess\u00edveis atrav\u00e9s de um f\u00f3rum especializado. Atrav\u00e9s deste processo partilhado e din\u00e2mico, procura-se a adequa\u00e7\u00e3o de uma interven\u00e7\u00e3o devidamente planeada e efetiva, com o objetivo de convergir esfor\u00e7os para a promo\u00e7\u00e3o do desenvolvimento e [&hellip;]<\/p>\n","protected":false},"author":2,"featured_media":0,"parent":0,"menu_order":0,"comment_status":"closed","ping_status":"closed","template":"","meta":{"_et_pb_use_builder":"on","_et_pb_old_content":"","_et_gb_content_width":"","_monsterinsights_skip_tracking":false,"_monsterinsights_sitenote_active":false,"_monsterinsights_sitenote_note":"","_monsterinsights_sitenote_category":0,"footnotes":""},"class_list":["post-2579","page","type-page","status-publish","hentry"],"yoast_head":"<!-- This site is optimized with the Yoast SEO plugin v27.3 - https:\/\/yoast.com\/product\/yoast-seo-wordpress\/ -->\n<title>NETWORKS4INCLUSION - Rightchallenge<\/title>\n<meta name=\"robots\" content=\"index, follow, max-snippet:-1, max-image-preview:large, max-video-preview:-1\" \/>\n<link rel=\"canonical\" href=\"https:\/\/rightchallenge.org\/en\/networks4inclusion\/\" \/>\n<meta property=\"og:locale\" content=\"en_GB\" \/>\n<meta property=\"og:type\" content=\"article\" \/>\n<meta property=\"og:title\" content=\"NETWORKS4INCLUSION - Rightchallenge\" \/>\n<meta property=\"og:description\" content=\"\u00a0O projeto &quot;NETworks4Inclusion&quot; pretende articular a interven\u00e7\u00e3o social de diferentes entidades, p\u00fablicas e privadas, e tornar, posteriormente, os resultados desta articula\u00e7\u00e3o acess\u00edveis atrav\u00e9s de um f\u00f3rum especializado. Atrav\u00e9s deste processo partilhado e din\u00e2mico, procura-se a adequa\u00e7\u00e3o de uma interven\u00e7\u00e3o devidamente planeada e efetiva, com o objetivo de convergir esfor\u00e7os para a promo\u00e7\u00e3o do desenvolvimento e [&hellip;]\" \/>\n<meta property=\"og:url\" content=\"https:\/\/rightchallenge.org\/en\/networks4inclusion\/\" \/>\n<meta property=\"og:site_name\" content=\"Rightchallenge\" \/>\n<meta property=\"article:modified_time\" content=\"2024-11-13T16:18:06+00:00\" \/>\n<meta name=\"twitter:card\" content=\"summary_large_image\" \/>\n<meta name=\"twitter:label1\" content=\"Estimated reading time\" \/>\n\t<meta name=\"twitter:data1\" content=\"3 minutes\" \/>\n<script type=\"application\/ld+json\" class=\"yoast-schema-graph\">{\"@context\":\"https:\\\/\\\/schema.org\",\"@graph\":[{\"@type\":\"WebPage\",\"@id\":\"https:\\\/\\\/rightchallenge.org\\\/networks4inclusion\\\/\",\"url\":\"https:\\\/\\\/rightchallenge.org\\\/networks4inclusion\\\/\",\"name\":\"NETWORKS4INCLUSION - Rightchallenge\",\"isPartOf\":{\"@id\":\"https:\\\/\\\/rightchallenge.org\\\/#website\"},\"datePublished\":\"2023-03-20T18:05:25+00:00\",\"dateModified\":\"2024-11-13T16:18:06+00:00\",\"breadcrumb\":{\"@id\":\"https:\\\/\\\/rightchallenge.org\\\/networks4inclusion\\\/#breadcrumb\"},\"inLanguage\":\"en-GB\",\"potentialAction\":[{\"@type\":\"ReadAction\",\"target\":[\"https:\\\/\\\/rightchallenge.org\\\/networks4inclusion\\\/\"]}]},{\"@type\":\"BreadcrumbList\",\"@id\":\"https:\\\/\\\/rightchallenge.org\\\/networks4inclusion\\\/#breadcrumb\",\"itemListElement\":[{\"@type\":\"ListItem\",\"position\":1,\"name\":\"In\u00edcio\",\"item\":\"https:\\\/\\\/rightchallenge.org\\\/\"},{\"@type\":\"ListItem\",\"position\":2,\"name\":\"NETWORKS4INCLUSION\"}]},{\"@type\":\"WebSite\",\"@id\":\"https:\\\/\\\/rightchallenge.org\\\/#website\",\"url\":\"https:\\\/\\\/rightchallenge.org\\\/\",\"name\":\"Rightchallenge\",\"description\":\"Associa\u00e7\u00e3o\",\"potentialAction\":[{\"@type\":\"SearchAction\",\"target\":{\"@type\":\"EntryPoint\",\"urlTemplate\":\"https:\\\/\\\/rightchallenge.org\\\/?s={search_term_string}\"},\"query-input\":{\"@type\":\"PropertyValueSpecification\",\"valueRequired\":true,\"valueName\":\"search_term_string\"}}],\"inLanguage\":\"en-GB\"}]}<\/script>\n<!-- \/ Yoast SEO plugin. -->","yoast_head_json":{"title":"NETWORKS4INCLUSION - Rightchallenge","robots":{"index":"index","follow":"follow","max-snippet":"max-snippet:-1","max-image-preview":"max-image-preview:large","max-video-preview":"max-video-preview:-1"},"canonical":"https:\/\/rightchallenge.org\/en\/networks4inclusion\/","og_locale":"en_GB","og_type":"article","og_title":"NETWORKS4INCLUSION - Rightchallenge","og_description":"\u00a0O projeto \"NETworks4Inclusion\" pretende articular a interven\u00e7\u00e3o social de diferentes entidades, p\u00fablicas e privadas, e tornar, posteriormente, os resultados desta articula\u00e7\u00e3o acess\u00edveis atrav\u00e9s de um f\u00f3rum especializado. Atrav\u00e9s deste processo partilhado e din\u00e2mico, procura-se a adequa\u00e7\u00e3o de uma interven\u00e7\u00e3o devidamente planeada e efetiva, com o objetivo de convergir esfor\u00e7os para a promo\u00e7\u00e3o do desenvolvimento e [&hellip;]","og_url":"https:\/\/rightchallenge.org\/en\/networks4inclusion\/","og_site_name":"Rightchallenge","article_modified_time":"2024-11-13T16:18:06+00:00","twitter_card":"summary_large_image","twitter_misc":{"Estimated reading time":"3 minutes"},"schema":{"@context":"https:\/\/schema.org","@graph":[{"@type":"WebPage","@id":"https:\/\/rightchallenge.org\/networks4inclusion\/","url":"https:\/\/rightchallenge.org\/networks4inclusion\/","name":"NETWORKS4INCLUSION - Rightchallenge","isPartOf":{"@id":"https:\/\/rightchallenge.org\/#website"},"datePublished":"2023-03-20T18:05:25+00:00","dateModified":"2024-11-13T16:18:06+00:00","breadcrumb":{"@id":"https:\/\/rightchallenge.org\/networks4inclusion\/#breadcrumb"},"inLanguage":"en-GB","potentialAction":[{"@type":"ReadAction","target":["https:\/\/rightchallenge.org\/networks4inclusion\/"]}]},{"@type":"BreadcrumbList","@id":"https:\/\/rightchallenge.org\/networks4inclusion\/#breadcrumb","itemListElement":[{"@type":"ListItem","position":1,"name":"In\u00edcio","item":"https:\/\/rightchallenge.org\/"},{"@type":"ListItem","position":2,"name":"NETWORKS4INCLUSION"}]},{"@type":"WebSite","@id":"https:\/\/rightchallenge.org\/#website","url":"https:\/\/rightchallenge.org\/","name":"Rightchallenge","description":"Associa\u00e7\u00e3o","potentialAction":[{"@type":"SearchAction","target":{"@type":"EntryPoint","urlTemplate":"https:\/\/rightchallenge.org\/?s={search_term_string}"},"query-input":{"@type":"PropertyValueSpecification","valueRequired":true,"valueName":"search_term_string"}}],"inLanguage":"en-GB"}]}},"_links":{"self":[{"href":"https:\/\/rightchallenge.org\/en\/wp-json\/wp\/v2\/pages\/2579","targetHints":{"allow":["GET"]}}],"collection":[{"href":"https:\/\/rightchallenge.org\/en\/wp-json\/wp\/v2\/pages"}],"about":[{"href":"https:\/\/rightchallenge.org\/en\/wp-json\/wp\/v2\/types\/page"}],"author":[{"embeddable":true,"href":"https:\/\/rightchallenge.org\/en\/wp-json\/wp\/v2\/users\/2"}],"replies":[{"embeddable":true,"href":"https:\/\/rightchallenge.org\/en\/wp-json\/wp\/v2\/comments?post=2579"}],"version-history":[{"count":13,"href":"https:\/\/rightchallenge.org\/en\/wp-json\/wp\/v2\/pages\/2579\/revisions"}],"predecessor-version":[{"id":4444,"href":"https:\/\/rightchallenge.org\/en\/wp-json\/wp\/v2\/pages\/2579\/revisions\/4444"}],"wp:attachment":[{"href":"https:\/\/rightchallenge.org\/en\/wp-json\/wp\/v2\/media?parent=2579"}],"curies":[{"name":"wp","href":"https:\/\/api.w.org\/{rel}","templated":true}]}}