{"id":2539,"date":"2023-03-20T17:10:43","date_gmt":"2023-03-20T16:10:43","guid":{"rendered":"https:\/\/rightchallenge.org\/?page_id=2539"},"modified":"2024-09-17T13:03:39","modified_gmt":"2024-09-17T12:03:39","slug":"recap","status":"publish","type":"page","link":"https:\/\/rightchallenge.org\/en\/recap\/","title":{"rendered":"ReCAP"},"content":{"rendered":"<p>[et_pb_section fb_built=&#8221;1&#8243; admin_label=&#8221;Header&#8221; _builder_version=&#8221;4.16&#8243; global_colors_info=&#8221;{}&#8221;][et_pb_row column_structure=&#8221;3_5,2_5&#8243; custom_padding_last_edited=&#8221;off|desktop&#8221; _builder_version=&#8221;4.16&#8243; background_enable_color=&#8221;off&#8221; custom_padding_tablet=&#8221;||30px||false|false&#8221; locked=&#8221;off&#8221; global_colors_info=&#8221;{}&#8221;][et_pb_column type=&#8221;3_5&#8243; _builder_version=&#8221;4.16&#8243; custom_padding_tablet=&#8221;||20px||false|false&#8221; custom_padding_phone=&#8221;&#8221; custom_padding_last_edited=&#8221;on|tablet&#8221; global_colors_info=&#8221;{}&#8221;][et_pb_image src=&#8221;https:\/\/rightchallenge.org\/wp-content\/uploads\/2023\/03\/RECAP-logo-transparent-background.png&#8221; title_text=&#8221;RECAP logo &#8211; transparent background&#8221; align=&#8221;center&#8221; _builder_version=&#8221;4.20.2&#8243; width=&#8221;49%&#8221; global_colors_info=&#8221;{}&#8221;][\/et_pb_image][et_pb_text _builder_version=&#8221;4.27.0&#8243; text_font=&#8221;PT Sans||||||||&#8221; text_text_color=&#8221;#000000&#8243; text_font_size=&#8221;15px&#8221; text_line_height=&#8221;1.9em&#8221; hover_enabled=&#8221;0&#8243; global_colors_info=&#8221;{}&#8221; sticky_enabled=&#8221;0&#8243;]<\/p>\n<p>O projeto &#8220;<strong>ReCAP<\/strong> <strong>&#8211; <\/strong><strong>Recupera\u00e7\u00e3o da inclus\u00e3o atrav\u00e9s da criatividade ap\u00f3s uma pandemia&#8221; <\/strong>visa apoiar o envolvimento ativo e a participa\u00e7\u00e3o c\u00edvica dos jovens, atrav\u00e9s de atividades de aprendizagem n\u00e3o-formais, com especial \u00eanfase nos jovens com menos oportunidades.<\/p>\n<p>O objetivo final do projeto \u00e9 promover a inclus\u00e3o social e o envolvimento c\u00edvico dos jovens (14 -29), em particular daqueles em situa\u00e7\u00e3o de desvantagem social, atrav\u00e9s da utiliza\u00e7\u00e3o de ferramentas art\u00edsticas e culturais.<\/p>\n<p>Os resultados deste projeto ser\u00e3o:<\/p>\n<ul>\n<li>Question\u00e1rio e relat\u00f3rio do contexto local e de an\u00e1lise de necessidades (com institui\u00e7\u00f5es que trabalhem com jovens) &#8211; <a href=\"https:\/\/drive.google.com\/file\/d\/1qAmfmOsdZYdoK88WrVFf-Y1haAnumBQk\/view?usp=drive_link\">PT<\/a> e <a href=\"https:\/\/drive.google.com\/file\/d\/1Qn3Tt-rP1KmVN8Zd5yevpI_AA2oCETzK\/view?usp=sharing\">EN<\/a><\/li>\n<li>Toolbox de Arte e Cultura, para profissionais que trabalhem com jovens (youth workers) &#8211; <a href=\"https:\/\/drive.google.com\/file\/d\/1avjx9-5BrKIurE4Iny5icTpcT6FVG1Si\/view?usp=drive_link\">PT<\/a> e <a href=\"https:\/\/drive.google.com\/file\/d\/1JVlfyPvNGIVivuLESRu-QmkOvma7ZP2O\/view?usp=sharing\">EN<\/a><\/li>\n<li>Programa para a inclus\u00e3o social dos jovens atrav\u00e9s da arte e da cultura num contexto p\u00f3s-pand\u00e9mico &#8211; <a href=\"https:\/\/drive.google.com\/file\/d\/1SxALHmtGjHE0ZA9V33ZQ4pQseyWOmszb\/view?usp=sharing\">PT<\/a> e <a href=\"https:\/\/drive.google.com\/file\/d\/1Fy_JeShisaVnJjBq9o4eOcr_4F9It2ge\/view?usp=sharing\">EN<\/a><\/li>\n<\/ul>\n<p><span style=\"color: #000000;\"><strong>Este projeto \u00e9 apoiado no \u00e2mbito do programa europeu Erasmus+<\/strong><\/span><span><\/span><\/p>\n<p><quillbot-extension-portal><\/quillbot-extension-portal><\/p>\n<p>[\/et_pb_text][\/et_pb_column][et_pb_column type=&#8221;2_5&#8243; _builder_version=&#8221;4.16&#8243; background_color=&#8221;#ffffff&#8221; custom_padding=&#8221;50px|40px|60px|40px|false|true&#8221; custom_padding_tablet=&#8221;|50px||50px|false|true&#8221; custom_padding_phone=&#8221;&#8221; custom_padding_last_edited=&#8221;on|tablet&#8221; border_radii=&#8221;on|10px|10px|10px|10px&#8221; box_shadow_style=&#8221;preset1&#8243; box_shadow_color=&#8221;rgba(12,113,195,0.13)&#8221; global_colors_info=&#8221;{}&#8221;][et_pb_image src=&#8221;https:\/\/rightchallenge.org\/wp-content\/uploads\/2023\/03\/EN-Co-Funded-by-the-EU_PANTONE.png&#8221; title_text=&#8221;EN Co-Funded by the EU_PANTONE&#8221; align=&#8221;center&#8221; _builder_version=&#8221;4.20.2&#8243; max_width=&#8221;70%&#8221; global_colors_info=&#8221;{}&#8221;][\/et_pb_image][et_pb_text _builder_version=&#8221;4.16&#8243; custom_margin=&#8221;||13px|||&#8221; custom_padding=&#8221;16px|||||&#8221; global_colors_info=&#8221;{}&#8221;]<\/p>\n<h3 style=\"text-align: center;\">Parceiros<\/h3>\n<p>[\/et_pb_text][et_pb_blurb title=&#8221;Association Des Agences De La Democratie Locale \u2013 ALDA &#8221; url=&#8221;http:\/\/www.alda-europe.eu&#8221; url_new_window=&#8221;on&#8221; image=&#8221;https:\/\/rightchallenge.org\/wp-content\/uploads\/2023\/03\/Franca.png&#8221; icon_placement=&#8221;left&#8221; content_max_width=&#8221;800px&#8221; _builder_version=&#8221;4.21.2&#8243; header_font=&#8221;PT Sans|700|||||||&#8221; header_text_color=&#8221;#000000&#8243; header_font_size=&#8221;17px&#8221; header_line_height=&#8221;1.9em&#8221; locked=&#8221;off&#8221; global_colors_info=&#8221;{}&#8221;][\/et_pb_blurb][et_pb_blurb title=&#8221;RightChallenge &#8211; Associa\u00e7\u00e3o&#8221; url=&#8221;http:\/\/www.rightchallenge.org&#8221; url_new_window=&#8221;on&#8221; image=&#8221;https:\/\/rightchallenge.org\/wp-content\/uploads\/2023\/03\/Portugal.png&#8221; icon_placement=&#8221;left&#8221; content_max_width=&#8221;800px&#8221; _builder_version=&#8221;4.21.2&#8243; header_font=&#8221;PT Sans|700|||||||&#8221; header_text_color=&#8221;#000000&#8243; header_font_size=&#8221;17px&#8221; header_line_height=&#8221;1.9em&#8221; locked=&#8221;off&#8221; global_colors_info=&#8221;{}&#8221;][\/et_pb_blurb][et_pb_blurb title=&#8221;CESIE&#8221; url=&#8221;http:\/\/www.cesie.org&#8221; url_new_window=&#8221;on&#8221; image=&#8221;https:\/\/rightchallenge.org\/wp-content\/uploads\/2023\/03\/Italia.png&#8221; icon_placement=&#8221;left&#8221; content_max_width=&#8221;800px&#8221; _builder_version=&#8221;4.21.2&#8243; header_font=&#8221;PT Sans|700|||||||&#8221; header_text_color=&#8221;#000000&#8243; header_font_size=&#8221;17px&#8221; header_line_height=&#8221;1.9em&#8221; locked=&#8221;off&#8221; global_colors_info=&#8221;{}&#8221;][\/et_pb_blurb][et_pb_blurb title=&#8221;La Piccionaia S.C.S&#8221; url=&#8221;http:\/\/www.piccionaia.it&#8221; url_new_window=&#8221;on&#8221; image=&#8221;https:\/\/rightchallenge.org\/wp-content\/uploads\/2023\/03\/Italia.png&#8221; icon_placement=&#8221;left&#8221; content_max_width=&#8221;800px&#8221; _builder_version=&#8221;4.21.2&#8243; header_font=&#8221;PT Sans|700|||||||&#8221; header_text_color=&#8221;#000000&#8243; header_font_size=&#8221;17px&#8221; header_line_height=&#8221;1.9em&#8221; locked=&#8221;off&#8221; global_colors_info=&#8221;{}&#8221;][\/et_pb_blurb][et_pb_blurb title=&#8221;Solidaridad Sin Fronteras &#8221; url=&#8221;http:\/\/www.ssf.org.es&#8221; url_new_window=&#8221;on&#8221; image=&#8221;https:\/\/rightchallenge.org\/wp-content\/uploads\/2023\/03\/Espanha.png&#8221; icon_placement=&#8221;left&#8221; content_max_width=&#8221;800px&#8221; _builder_version=&#8221;4.21.2&#8243; header_font=&#8221;PT Sans|700|||||||&#8221; header_text_color=&#8221;#000000&#8243; header_font_size=&#8221;17px&#8221; header_line_height=&#8221;1.9em&#8221; locked=&#8221;off&#8221; global_colors_info=&#8221;{}&#8221;][\/et_pb_blurb][et_pb_blurb title=&#8221;Center For Sustainable Communities Development&#8221; url=&#8221;http:\/\/www.cscd-bg.org&#8221; url_new_window=&#8221;on&#8221; image=&#8221;https:\/\/rightchallenge.org\/wp-content\/uploads\/2023\/03\/Bulgaria.png&#8221; icon_placement=&#8221;left&#8221; content_max_width=&#8221;800px&#8221; _builder_version=&#8221;4.21.2&#8243; header_font=&#8221;PT Sans|700|||||||&#8221; header_text_color=&#8221;#000000&#8243; header_font_size=&#8221;17px&#8221; header_line_height=&#8221;1.9em&#8221; locked=&#8221;off&#8221; global_colors_info=&#8221;{}&#8221;][\/et_pb_blurb][et_pb_blurb title=&#8221;Asociata A.R.T. Fusion&#8221; url=&#8221;http:\/\/www.artfusion.ro&#8221; url_new_window=&#8221;on&#8221; image=&#8221;https:\/\/rightchallenge.org\/wp-content\/uploads\/2023\/03\/Romenia.png&#8221; icon_placement=&#8221;left&#8221; content_max_width=&#8221;800px&#8221; _builder_version=&#8221;4.21.2&#8243; header_font=&#8221;PT Sans|700|||||||&#8221; header_text_color=&#8221;#000000&#8243; header_font_size=&#8221;17px&#8221; header_line_height=&#8221;1.9em&#8221; locked=&#8221;off&#8221; global_colors_info=&#8221;{}&#8221; border_radii__hover_enabled=&#8221;on|desktop&#8221;][\/et_pb_blurb][et_pb_blurb title=&#8221;Fundatia Centrul Parteneriat Pentru Egalitate&#8221; url=&#8221;http:\/\/www.cpe.ro&#8221; url_new_window=&#8221;on&#8221; image=&#8221;https:\/\/rightchallenge.org\/wp-content\/uploads\/2023\/03\/Romenia.png&#8221; icon_placement=&#8221;left&#8221; content_max_width=&#8221;800px&#8221; _builder_version=&#8221;4.21.2&#8243; header_font=&#8221;PT Sans|700|||||||&#8221; header_text_color=&#8221;#000000&#8243; header_font_size=&#8221;17px&#8221; header_line_height=&#8221;1.9em&#8221; locked=&#8221;off&#8221; global_colors_info=&#8221;{}&#8221; border_radii__hover_enabled=&#8221;on|desktop&#8221;][\/et_pb_blurb][et_pb_blurb title=&#8221;ALIFS &#8211; Association Du Lien Interculturel Familial El Social&#8221; url=&#8221;http:\/\/www.alifs.fr\/&#8221; url_new_window=&#8221;on&#8221; image=&#8221;https:\/\/rightchallenge.org\/wp-content\/uploads\/2023\/03\/Franca.png&#8221; icon_placement=&#8221;left&#8221; content_max_width=&#8221;800px&#8221; _builder_version=&#8221;4.21.2&#8243; header_font=&#8221;PT Sans|700|||||||&#8221; header_text_color=&#8221;#000000&#8243; header_font_size=&#8221;17px&#8221; header_line_height=&#8221;1.9em&#8221; locked=&#8221;off&#8221; global_colors_info=&#8221;{}&#8221; border_radii__hover_enabled=&#8221;on|desktop&#8221;][\/et_pb_blurb][et_pb_blurb title=&#8221;Kyklisis &#8211; Astiki Mi Kerdoskopiki Etaireia&#8221; url=&#8221;http:\/\/www.cyclisis.gr&#8221; url_new_window=&#8221;on&#8221; image=&#8221;https:\/\/rightchallenge.org\/wp-content\/uploads\/2023\/03\/Grecia.png&#8221; icon_placement=&#8221;left&#8221; content_max_width=&#8221;800px&#8221; _builder_version=&#8221;4.21.2&#8243; header_font=&#8221;PT Sans|700|||||||&#8221; header_text_color=&#8221;#000000&#8243; header_font_size=&#8221;17px&#8221; header_line_height=&#8221;1.9em&#8221; border_width_all_image=&#8221;0px&#8221; border_style_all_image=&#8221;none&#8221; locked=&#8221;off&#8221; global_colors_info=&#8221;{}&#8221; border_radii__hover_enabled=&#8221;on|desktop&#8221; border_radii_image__hover_enabled=&#8221;off|desktop&#8221;][\/et_pb_blurb][et_pb_blurb title=&#8221;Website&#8221; url=&#8221;https:\/\/www.alda-europe.eu\/progetto\/recap-inclusion-creativity-pandemic\/&#8221; url_new_window=&#8221;on&#8221; image=&#8221;https:\/\/rightchallenge.org\/wp-content\/uploads\/2023\/07\/Design-sem-nome-1.png&#8221; icon_placement=&#8221;left&#8221; content_max_width=&#8221;800px&#8221; _builder_version=&#8221;4.21.2&#8243; header_font=&#8221;|700|||||||&#8221; header_text_align=&#8221;left&#8221; header_text_color=&#8221;#0C71C3&#8243; header_font_size=&#8221;18px&#8221; header_line_height=&#8221;1.9em&#8221; body_font=&#8221;|700|||||||&#8221; custom_margin=&#8221;|||77px|false|false&#8221; custom_padding=&#8221;|||10px|false|false&#8221; locked=&#8221;off&#8221; global_colors_info=&#8221;{}&#8221;][\/et_pb_blurb][\/et_pb_column][\/et_pb_row][\/et_pb_section]<\/p>\n","protected":false},"excerpt":{"rendered":"<p>O projeto &#8220;ReCAP &#8211; Recupera\u00e7\u00e3o da inclus\u00e3o atrav\u00e9s da criatividade ap\u00f3s uma pandemia&#8221; visa apoiar o envolvimento ativo e a participa\u00e7\u00e3o c\u00edvica dos jovens, atrav\u00e9s de atividades de aprendizagem n\u00e3o-formais, com especial \u00eanfase nos jovens com menos oportunidades. O objetivo final do projeto \u00e9 promover a inclus\u00e3o social e o envolvimento c\u00edvico dos jovens (14 [&hellip;]<\/p>\n","protected":false},"author":2,"featured_media":0,"parent":0,"menu_order":0,"comment_status":"closed","ping_status":"closed","template":"","meta":{"_et_pb_use_builder":"on","_et_pb_old_content":"","_et_gb_content_width":"","_monsterinsights_skip_tracking":false,"_monsterinsights_sitenote_active":false,"_monsterinsights_sitenote_note":"","_monsterinsights_sitenote_category":0,"footnotes":""},"class_list":["post-2539","page","type-page","status-publish","hentry"],"yoast_head":"<!-- This site is optimized with the Yoast SEO plugin v27.3 - https:\/\/yoast.com\/product\/yoast-seo-wordpress\/ -->\n<title>ReCAP - Rightchallenge<\/title>\n<meta name=\"robots\" content=\"index, follow, max-snippet:-1, max-image-preview:large, max-video-preview:-1\" \/>\n<link rel=\"canonical\" href=\"https:\/\/rightchallenge.org\/en\/recap\/\" \/>\n<meta property=\"og:locale\" content=\"en_GB\" \/>\n<meta property=\"og:type\" content=\"article\" \/>\n<meta property=\"og:title\" content=\"ReCAP - Rightchallenge\" \/>\n<meta property=\"og:description\" content=\"O projeto &quot;ReCAP - Recupera\u00e7\u00e3o da inclus\u00e3o atrav\u00e9s da criatividade ap\u00f3s uma pandemia&quot; visa apoiar o envolvimento ativo e a participa\u00e7\u00e3o c\u00edvica dos jovens, atrav\u00e9s de atividades de aprendizagem n\u00e3o-formais, com especial \u00eanfase nos jovens com menos oportunidades. O objetivo final do projeto \u00e9 promover a inclus\u00e3o social e o envolvimento c\u00edvico dos jovens (14 [&hellip;]\" \/>\n<meta property=\"og:url\" content=\"https:\/\/rightchallenge.org\/en\/recap\/\" \/>\n<meta property=\"og:site_name\" content=\"Rightchallenge\" \/>\n<meta property=\"article:modified_time\" content=\"2024-09-17T12:03:39+00:00\" \/>\n<meta name=\"twitter:card\" content=\"summary_large_image\" \/>\n<meta name=\"twitter:label1\" content=\"Estimated reading time\" \/>\n\t<meta name=\"twitter:data1\" content=\"3 minutes\" \/>\n<script type=\"application\/ld+json\" class=\"yoast-schema-graph\">{\"@context\":\"https:\\\/\\\/schema.org\",\"@graph\":[{\"@type\":\"WebPage\",\"@id\":\"https:\\\/\\\/rightchallenge.org\\\/recap\\\/\",\"url\":\"https:\\\/\\\/rightchallenge.org\\\/recap\\\/\",\"name\":\"ReCAP - Rightchallenge\",\"isPartOf\":{\"@id\":\"https:\\\/\\\/rightchallenge.org\\\/#website\"},\"datePublished\":\"2023-03-20T16:10:43+00:00\",\"dateModified\":\"2024-09-17T12:03:39+00:00\",\"breadcrumb\":{\"@id\":\"https:\\\/\\\/rightchallenge.org\\\/recap\\\/#breadcrumb\"},\"inLanguage\":\"en-GB\",\"potentialAction\":[{\"@type\":\"ReadAction\",\"target\":[\"https:\\\/\\\/rightchallenge.org\\\/recap\\\/\"]}]},{\"@type\":\"BreadcrumbList\",\"@id\":\"https:\\\/\\\/rightchallenge.org\\\/recap\\\/#breadcrumb\",\"itemListElement\":[{\"@type\":\"ListItem\",\"position\":1,\"name\":\"In\u00edcio\",\"item\":\"https:\\\/\\\/rightchallenge.org\\\/\"},{\"@type\":\"ListItem\",\"position\":2,\"name\":\"ReCAP\"}]},{\"@type\":\"WebSite\",\"@id\":\"https:\\\/\\\/rightchallenge.org\\\/#website\",\"url\":\"https:\\\/\\\/rightchallenge.org\\\/\",\"name\":\"Rightchallenge\",\"description\":\"Associa\u00e7\u00e3o\",\"potentialAction\":[{\"@type\":\"SearchAction\",\"target\":{\"@type\":\"EntryPoint\",\"urlTemplate\":\"https:\\\/\\\/rightchallenge.org\\\/?s={search_term_string}\"},\"query-input\":{\"@type\":\"PropertyValueSpecification\",\"valueRequired\":true,\"valueName\":\"search_term_string\"}}],\"inLanguage\":\"en-GB\"}]}<\/script>\n<!-- \/ Yoast SEO plugin. -->","yoast_head_json":{"title":"ReCAP - Rightchallenge","robots":{"index":"index","follow":"follow","max-snippet":"max-snippet:-1","max-image-preview":"max-image-preview:large","max-video-preview":"max-video-preview:-1"},"canonical":"https:\/\/rightchallenge.org\/en\/recap\/","og_locale":"en_GB","og_type":"article","og_title":"ReCAP - Rightchallenge","og_description":"O projeto \"ReCAP - Recupera\u00e7\u00e3o da inclus\u00e3o atrav\u00e9s da criatividade ap\u00f3s uma pandemia\" visa apoiar o envolvimento ativo e a participa\u00e7\u00e3o c\u00edvica dos jovens, atrav\u00e9s de atividades de aprendizagem n\u00e3o-formais, com especial \u00eanfase nos jovens com menos oportunidades. O objetivo final do projeto \u00e9 promover a inclus\u00e3o social e o envolvimento c\u00edvico dos jovens (14 [&hellip;]","og_url":"https:\/\/rightchallenge.org\/en\/recap\/","og_site_name":"Rightchallenge","article_modified_time":"2024-09-17T12:03:39+00:00","twitter_card":"summary_large_image","twitter_misc":{"Estimated reading time":"3 minutes"},"schema":{"@context":"https:\/\/schema.org","@graph":[{"@type":"WebPage","@id":"https:\/\/rightchallenge.org\/recap\/","url":"https:\/\/rightchallenge.org\/recap\/","name":"ReCAP - Rightchallenge","isPartOf":{"@id":"https:\/\/rightchallenge.org\/#website"},"datePublished":"2023-03-20T16:10:43+00:00","dateModified":"2024-09-17T12:03:39+00:00","breadcrumb":{"@id":"https:\/\/rightchallenge.org\/recap\/#breadcrumb"},"inLanguage":"en-GB","potentialAction":[{"@type":"ReadAction","target":["https:\/\/rightchallenge.org\/recap\/"]}]},{"@type":"BreadcrumbList","@id":"https:\/\/rightchallenge.org\/recap\/#breadcrumb","itemListElement":[{"@type":"ListItem","position":1,"name":"In\u00edcio","item":"https:\/\/rightchallenge.org\/"},{"@type":"ListItem","position":2,"name":"ReCAP"}]},{"@type":"WebSite","@id":"https:\/\/rightchallenge.org\/#website","url":"https:\/\/rightchallenge.org\/","name":"Rightchallenge","description":"Associa\u00e7\u00e3o","potentialAction":[{"@type":"SearchAction","target":{"@type":"EntryPoint","urlTemplate":"https:\/\/rightchallenge.org\/?s={search_term_string}"},"query-input":{"@type":"PropertyValueSpecification","valueRequired":true,"valueName":"search_term_string"}}],"inLanguage":"en-GB"}]}},"_links":{"self":[{"href":"https:\/\/rightchallenge.org\/en\/wp-json\/wp\/v2\/pages\/2539","targetHints":{"allow":["GET"]}}],"collection":[{"href":"https:\/\/rightchallenge.org\/en\/wp-json\/wp\/v2\/pages"}],"about":[{"href":"https:\/\/rightchallenge.org\/en\/wp-json\/wp\/v2\/types\/page"}],"author":[{"embeddable":true,"href":"https:\/\/rightchallenge.org\/en\/wp-json\/wp\/v2\/users\/2"}],"replies":[{"embeddable":true,"href":"https:\/\/rightchallenge.org\/en\/wp-json\/wp\/v2\/comments?post=2539"}],"version-history":[{"count":6,"href":"https:\/\/rightchallenge.org\/en\/wp-json\/wp\/v2\/pages\/2539\/revisions"}],"predecessor-version":[{"id":4295,"href":"https:\/\/rightchallenge.org\/en\/wp-json\/wp\/v2\/pages\/2539\/revisions\/4295"}],"wp:attachment":[{"href":"https:\/\/rightchallenge.org\/en\/wp-json\/wp\/v2\/media?parent=2539"}],"curies":[{"name":"wp","href":"https:\/\/api.w.org\/{rel}","templated":true}]}}