{"id":2522,"date":"2023-03-20T17:06:20","date_gmt":"2023-03-20T16:06:20","guid":{"rendered":"https:\/\/rightchallenge.org\/?page_id=2522"},"modified":"2024-11-28T15:44:51","modified_gmt":"2024-11-28T14:44:51","slug":"one-step-up","status":"publish","type":"page","link":"https:\/\/rightchallenge.org\/en\/one-step-up\/","title":{"rendered":"ONE STEP UP"},"content":{"rendered":"<p>[et_pb_section fb_built=&#8221;1&#8243; admin_label=&#8221;Header&#8221; _builder_version=&#8221;4.16&#8243; global_colors_info=&#8221;{}&#8221;][et_pb_row column_structure=&#8221;1_3,1_3,1_3&#8243; custom_padding_last_edited=&#8221;off|desktop&#8221; _builder_version=&#8221;4.16&#8243; background_enable_color=&#8221;off&#8221; custom_padding_tablet=&#8221;||30px||false|false&#8221; locked=&#8221;off&#8221; global_colors_info=&#8221;{}&#8221;][et_pb_column _builder_version=&#8221;4.27.3&#8243; _module_preset=&#8221;default&#8221; type=&#8221;1_3&#8243;][\/et_pb_column][et_pb_column type=&#8221;1_3&#8243; _builder_version=&#8221;4.16&#8243; custom_padding_tablet=&#8221;||20px||false|false&#8221; custom_padding_phone=&#8221;&#8221; custom_padding_last_edited=&#8221;on|tablet&#8221; global_colors_info=&#8221;{}&#8221;][et_pb_image src=&#8221;https:\/\/rightchallenge.org\/wp-content\/uploads\/2023\/03\/One-Step-Up-Logo.png&#8221; title_text=&#8221;One Step Up Logo&#8221; align=&#8221;center&#8221; _builder_version=&#8221;4.21.0&#8243; width=&#8221;49%&#8221; custom_margin=&#8221;-80px||-1px||false|false&#8221; global_colors_info=&#8221;{}&#8221;][\/et_pb_image][et_pb_text _builder_version=&#8221;4.21.2&#8243; text_font=&#8221;PT Sans||||||||&#8221; text_text_color=&#8221;#000000&#8243; text_font_size=&#8221;15px&#8221; text_line_height=&#8221;1.9em&#8221; global_colors_info=&#8221;{}&#8221;]<\/p>\n<p style=\"text-align: justify;\">\n<p style=\"text-align: justify;\">O projeto <strong>&#8220;ONE-STEP-UP \u2013 Desenvolver Aptid\u00f5es e Compet\u00eancias com Adultos Marginalizados&#8221;<\/strong> visa apoiar alunos europeus <strong>pouco qualificados em idade adulta<\/strong>, incentivando-os na sua reintegra\u00e7\u00e3o na educa\u00e7\u00e3o e forma\u00e7\u00e3o, atrav\u00e9s de abordagens de <span style=\"text-decoration: underline;\"><strong>Micro-aprendizagem<\/strong><\/span> que tornaram a educa\u00e7\u00e3o de adultos acess\u00edvel e flex\u00edvel, e encorajaram uma maior participa\u00e7\u00e3o.<\/p>\n<p style=\"text-align: justify;\">O projeto tem como principais resultados:<\/p>\n<ul>\n<li style=\"text-align: justify;\">Cria\u00e7\u00e3o de Toolbox de Micro-Aprendizagem para educadores.<\/li>\n<li style=\"text-align: justify;\">Recursos de Micro-aprendizagem &#8211; Conjunto de recursos de Micro-aprendizagem em multim\u00e9dia.<\/li>\n<li style=\"text-align: justify;\">Manual do Educador de Adultos &#8211; Possibilitar a utiliza\u00e7\u00e3o dos recursos de Micro-aprendizagem desenvolvidos neste projeto com os adultos pouco qualificados.<\/li>\n<li style=\"text-align: justify;\">Forma\u00e7\u00e3o de Desenvolvimento Profissional para Educadores de Adultos de Primeira Linha &#8211; Programa de Forma\u00e7\u00e3o Cont\u00ednua adaptado a educadores de adultos com \u00eanfase espec\u00edfica em abordagens n\u00e3o tradicionais.<\/li>\n<li style=\"text-align: justify;\">ONE-STEP UP MOOC &#8211; Um espa\u00e7o online que dar\u00e1 acesso a todos os materiais de aprendizagem e que ficar\u00e3o dispon\u00edveis como Recursos Educativos Abertos (OER).<\/li>\n<li style=\"text-align: justify;\">Relat\u00f3rio de Recomenda\u00e7\u00f5es Pr\u00e1ticas e Pol\u00edticas<\/li>\n<\/ul>\n<p style=\"text-align: justify;\"><strong>Este projeto \u00e9 apoiado no \u00e2mbito do programa europeu Erasmus+<\/strong><\/p>\n<p style=\"text-align: justify;\"><a href=\"https:\/\/one-step-up.eduprojects.eu\/wp-content\/uploads\/2024\/10\/ONE-STEP-UP-Newsletter-1_PT.pdf\"><strong>#1Newsletter<\/strong><\/a><\/p>\n<p style=\"text-align: justify;\"><a href=\"https:\/\/one-step-up.eduprojects.eu\/wp-content\/uploads\/2024\/06\/ONE-STEP-UP-Newsletter-2_PT.pdf\"><strong>#2Newsletter<\/strong><\/a><\/p>\n<p style=\"text-align: justify;\"><a href=\"https:\/\/one-step-up.eduprojects.eu\/wp-content\/uploads\/2024\/10\/ONE-STEP-UP-Newsletter-3_PT.pdf\"><strong>#3Newsletter<\/strong><\/a><\/p>\n<p style=\"text-align: justify;\"><a href=\"https:\/\/one-step-up.eduprojects.eu\/wp-content\/uploads\/2024\/09\/ONE-STEP-UP-Newsletter-4_PT.pdf\"><strong>#4Newsletter<\/strong><\/a><\/p>\n<p style=\"text-align: justify;\"><strong><\/strong><\/p>\n<p style=\"text-align: justify;\"><strong><\/strong><\/p>\n<p>[\/et_pb_text][\/et_pb_column][et_pb_column type=&#8221;1_3&#8243; _builder_version=&#8221;4.16&#8243; background_color=&#8221;#ffffff&#8221; custom_padding=&#8221;50px|40px|60px|40px|false|true&#8221; custom_padding_tablet=&#8221;|50px||50px|false|true&#8221; custom_padding_phone=&#8221;&#8221; custom_padding_last_edited=&#8221;on|tablet&#8221; border_radii=&#8221;on|10px|10px|10px|10px&#8221; box_shadow_style=&#8221;preset1&#8243; box_shadow_color=&#8221;rgba(12,113,195,0.13)&#8221; global_colors_info=&#8221;{}&#8221;][et_pb_image src=&#8221;https:\/\/rightchallenge.org\/wp-content\/uploads\/2023\/07\/PT_Co-fundedbytheEU_RGB_POS.png&#8221; title_text=&#8221;PT_Co-fundedbytheEU_RGB_POS&#8221; align=&#8221;center&#8221; _builder_version=&#8221;4.21.0&#8243; _module_preset=&#8221;default&#8221; width=&#8221;60%&#8221; global_colors_info=&#8221;{}&#8221;][\/et_pb_image][et_pb_text _builder_version=&#8221;4.16&#8243; custom_margin=&#8221;||13px|||&#8221; custom_padding=&#8221;16px|||||&#8221; global_colors_info=&#8221;{}&#8221;]<\/p>\n<h3 style=\"text-align: center;\">Parceiros<\/h3>\n<p>[\/et_pb_text][et_pb_blurb title=&#8221;Vsi Inovaciju Biuras&#8221; url=&#8221;http:\/\/www.inovacijubiuras.lt\/lt\/&#8221; url_new_window=&#8221;on&#8221; image=&#8221;https:\/\/rightchallenge.org\/wp-content\/uploads\/2023\/07\/Flag_of_Lithuania_Flat_Round-2048&#215;2048-1.png&#8221; icon_placement=&#8221;left&#8221; content_max_width=&#8221;800px&#8221; _builder_version=&#8221;4.21.2&#8243; header_font=&#8221;PT Sans|700|||||||&#8221; header_text_color=&#8221;#000000&#8243; header_font_size=&#8221;17px&#8221; header_line_height=&#8221;1.9em&#8221; custom_padding=&#8221;0px|||||&#8221; locked=&#8221;off&#8221; global_colors_info=&#8221;{}&#8221;][\/et_pb_blurb][et_pb_blurb title=&#8221;Future in Perspective Limited&#8221; url=&#8221;http:\/\/www.fipl.eu&#8221; url_new_window=&#8221;on&#8221; image=&#8221;https:\/\/rightchallenge.org\/wp-content\/uploads\/2023\/07\/flag-round-250-1.png&#8221; icon_placement=&#8221;left&#8221; content_max_width=&#8221;800px&#8221; _builder_version=&#8221;4.21.2&#8243; header_font=&#8221;PT Sans|700|||||||&#8221; header_text_color=&#8221;#000000&#8243; header_font_size=&#8221;17px&#8221; header_line_height=&#8221;1.9em&#8221; min_height=&#8221;4.4px&#8221; custom_margin=&#8221;14px|||||&#8221; custom_padding=&#8221;0px||0px|||&#8221; locked=&#8221;off&#8221; global_colors_info=&#8221;{}&#8221;][\/et_pb_blurb][et_pb_blurb title=&#8221;Acumen&#8221; url=&#8221;http:\/\/www.acumen-training.pl\/&#8221; url_new_window=&#8221;on&#8221; image=&#8221;https:\/\/rightchallenge.org\/wp-content\/uploads\/2023\/07\/pl-circle-01.png&#8221; icon_placement=&#8221;left&#8221; content_max_width=&#8221;800px&#8221; _builder_version=&#8221;4.21.2&#8243; header_font=&#8221;PT Sans|700|||||||&#8221; header_text_color=&#8221;#000000&#8243; header_font_size=&#8221;17px&#8221; header_line_height=&#8221;1.9em&#8221; locked=&#8221;off&#8221; global_colors_info=&#8221;{}&#8221;][\/et_pb_blurb][et_pb_blurb title=&#8221;Ustanova Za Obrazovanje Odraslih &#8211; DANTE&#8221; url=&#8221;https:\/\/dante-ri.hr\/&#8221; url_new_window=&#8221;on&#8221; image=&#8221;https:\/\/rightchallenge.org\/wp-content\/uploads\/2023\/07\/flag-round-250-4.png&#8221; icon_placement=&#8221;left&#8221; content_max_width=&#8221;800px&#8221; _builder_version=&#8221;4.21.2&#8243; header_font=&#8221;PT Sans|700|||||||&#8221; header_text_color=&#8221;#000000&#8243; header_font_size=&#8221;17px&#8221; header_line_height=&#8221;1.9em&#8221; locked=&#8221;off&#8221; global_colors_info=&#8221;{}&#8221;][\/et_pb_blurb][et_pb_blurb title=&#8221;Solution: Solidarit\u00e9 &#038; Inclusion&#8221; url=&#8221;https:\/\/associationsolution.org\/&#8221; url_new_window=&#8221;on&#8221; image=&#8221;https:\/\/rightchallenge.org\/wp-content\/uploads\/2023\/07\/197560.png&#8221; icon_placement=&#8221;left&#8221; content_max_width=&#8221;800px&#8221; _builder_version=&#8221;4.21.2&#8243; header_font=&#8221;PT Sans|700|||||||&#8221; header_text_color=&#8221;#000000&#8243; header_font_size=&#8221;17px&#8221; header_line_height=&#8221;1.9em&#8221; locked=&#8221;off&#8221; global_colors_info=&#8221;{}&#8221;][\/et_pb_blurb][et_pb_blurb title=&#8221;Reintegra, Z.S. &#8221; url=&#8221;https:\/\/www.reintegra.cz\/&#8221; url_new_window=&#8221;on&#8221; image=&#8221;https:\/\/rightchallenge.org\/wp-content\/uploads\/2023\/07\/cz-circle-01.png&#8221; icon_placement=&#8221;left&#8221; content_max_width=&#8221;800px&#8221; _builder_version=&#8221;4.21.2&#8243; header_font=&#8221;PT Sans|700|||||||&#8221; header_text_color=&#8221;#000000&#8243; header_font_size=&#8221;17px&#8221; header_line_height=&#8221;1.9em&#8221; locked=&#8221;off&#8221; global_colors_info=&#8221;{}&#8221;][\/et_pb_blurb][et_pb_blurb title=&#8221;Centre for Advancement of Research and Development in Educational Technology LTD &#8211; CARDET&#8221; url=&#8221;http:\/\/www.cardet.org&#8221; url_new_window=&#8221;on&#8221; image=&#8221;https:\/\/rightchallenge.org\/wp-content\/uploads\/2023\/07\/flag-round-250-2.png&#8221; icon_placement=&#8221;left&#8221; content_max_width=&#8221;800px&#8221; _builder_version=&#8221;4.21.2&#8243; header_font=&#8221;PT Sans|700|||||||&#8221; header_text_color=&#8221;#000000&#8243; header_font_size=&#8221;17px&#8221; header_line_height=&#8221;1.9em&#8221; locked=&#8221;off&#8221; global_colors_info=&#8221;{}&#8221;][\/et_pb_blurb][et_pb_blurb title=&#8221;Website&#8221; url=&#8221;https:\/\/one-step-up.eduprojects.eu\/&#8221; url_new_window=&#8221;on&#8221; image=&#8221;https:\/\/rightchallenge.org\/wp-content\/uploads\/2023\/07\/Design-sem-nome-1.png&#8221; icon_placement=&#8221;left&#8221; content_max_width=&#8221;800px&#8221; _builder_version=&#8221;4.21.2&#8243; header_font=&#8221;|700|||||||&#8221; header_text_align=&#8221;left&#8221; header_text_color=&#8221;#0C71C3&#8243; header_font_size=&#8221;18px&#8221; header_line_height=&#8221;1.9em&#8221; body_font=&#8221;|700|||||||&#8221; custom_margin=&#8221;|||77px|false|false&#8221; custom_padding=&#8221;|||10px|false|false&#8221; link_option_url_new_window=&#8221;on&#8221; locked=&#8221;off&#8221; global_colors_info=&#8221;{}&#8221;][\/et_pb_blurb][et_pb_blurb title=&#8221;Facebook&#8221; url=&#8221;https:\/\/www.facebook.com\/onestepupproject&#8221; url_new_window=&#8221;on&#8221; image=&#8221;https:\/\/rightchallenge.org\/wp-content\/uploads\/2023\/07\/5968764.png&#8221; icon_placement=&#8221;left&#8221; content_max_width=&#8221;800px&#8221; _builder_version=&#8221;4.21.2&#8243; header_font=&#8221;|700|||||||&#8221; header_text_align=&#8221;left&#8221; header_text_color=&#8221;#0C71C3&#8243; header_font_size=&#8221;18px&#8221; header_line_height=&#8221;1.9em&#8221; body_font=&#8221;|700|||||||&#8221; custom_margin=&#8221;-20px|88px||88px|false|true&#8221; link_option_url_new_window=&#8221;on&#8221; locked=&#8221;off&#8221; global_colors_info=&#8221;{}&#8221;][\/et_pb_blurb][\/et_pb_column][\/et_pb_row][et_pb_row _builder_version=&#8221;4.27.3&#8243; _module_preset=&#8221;default&#8221;][et_pb_column _builder_version=&#8221;4.27.3&#8243; _module_preset=&#8221;default&#8221; type=&#8221;4_4&#8243;][\/et_pb_column][\/et_pb_row][\/et_pb_section]<\/p>\n","protected":false},"excerpt":{"rendered":"<p>O projeto &#8220;ONE-STEP-UP \u2013 Desenvolver Aptid\u00f5es e Compet\u00eancias com Adultos Marginalizados&#8221; visa apoiar alunos europeus pouco qualificados em idade adulta, incentivando-os na sua reintegra\u00e7\u00e3o na educa\u00e7\u00e3o e forma\u00e7\u00e3o, atrav\u00e9s de abordagens de Micro-aprendizagem que tornaram a educa\u00e7\u00e3o de adultos acess\u00edvel e flex\u00edvel, e encorajaram uma maior participa\u00e7\u00e3o. O projeto tem como principais resultados: Cria\u00e7\u00e3o de [&hellip;]<\/p>\n","protected":false},"author":2,"featured_media":0,"parent":0,"menu_order":0,"comment_status":"closed","ping_status":"closed","template":"","meta":{"_et_pb_use_builder":"on","_et_pb_old_content":"","_et_gb_content_width":"","_monsterinsights_skip_tracking":false,"_monsterinsights_sitenote_active":false,"_monsterinsights_sitenote_note":"","_monsterinsights_sitenote_category":0,"footnotes":""},"class_list":["post-2522","page","type-page","status-publish","hentry"],"yoast_head":"<!-- This site is optimized with the Yoast SEO plugin v27.3 - https:\/\/yoast.com\/product\/yoast-seo-wordpress\/ -->\n<title>ONE STEP UP - Rightchallenge<\/title>\n<meta name=\"robots\" content=\"index, follow, max-snippet:-1, max-image-preview:large, max-video-preview:-1\" \/>\n<link rel=\"canonical\" href=\"https:\/\/rightchallenge.org\/en\/one-step-up\/\" \/>\n<meta property=\"og:locale\" content=\"en_GB\" \/>\n<meta property=\"og:type\" content=\"article\" \/>\n<meta property=\"og:title\" content=\"ONE STEP UP - Rightchallenge\" \/>\n<meta property=\"og:description\" content=\"O projeto &quot;ONE-STEP-UP \u2013 Desenvolver Aptid\u00f5es e Compet\u00eancias com Adultos Marginalizados&quot; visa apoiar alunos europeus pouco qualificados em idade adulta, incentivando-os na sua reintegra\u00e7\u00e3o na educa\u00e7\u00e3o e forma\u00e7\u00e3o, atrav\u00e9s de abordagens de Micro-aprendizagem que tornaram a educa\u00e7\u00e3o de adultos acess\u00edvel e flex\u00edvel, e encorajaram uma maior participa\u00e7\u00e3o. O projeto tem como principais resultados: Cria\u00e7\u00e3o de [&hellip;]\" \/>\n<meta property=\"og:url\" content=\"https:\/\/rightchallenge.org\/en\/one-step-up\/\" \/>\n<meta property=\"og:site_name\" content=\"Rightchallenge\" \/>\n<meta property=\"article:modified_time\" content=\"2024-11-28T14:44:51+00:00\" \/>\n<meta name=\"twitter:card\" content=\"summary_large_image\" \/>\n<meta name=\"twitter:label1\" content=\"Estimated reading time\" \/>\n\t<meta name=\"twitter:data1\" content=\"4 minutes\" \/>\n<script type=\"application\/ld+json\" class=\"yoast-schema-graph\">{\"@context\":\"https:\\\/\\\/schema.org\",\"@graph\":[{\"@type\":\"WebPage\",\"@id\":\"https:\\\/\\\/rightchallenge.org\\\/one-step-up\\\/\",\"url\":\"https:\\\/\\\/rightchallenge.org\\\/one-step-up\\\/\",\"name\":\"ONE STEP UP - Rightchallenge\",\"isPartOf\":{\"@id\":\"https:\\\/\\\/rightchallenge.org\\\/#website\"},\"datePublished\":\"2023-03-20T16:06:20+00:00\",\"dateModified\":\"2024-11-28T14:44:51+00:00\",\"breadcrumb\":{\"@id\":\"https:\\\/\\\/rightchallenge.org\\\/one-step-up\\\/#breadcrumb\"},\"inLanguage\":\"en-GB\",\"potentialAction\":[{\"@type\":\"ReadAction\",\"target\":[\"https:\\\/\\\/rightchallenge.org\\\/one-step-up\\\/\"]}]},{\"@type\":\"BreadcrumbList\",\"@id\":\"https:\\\/\\\/rightchallenge.org\\\/one-step-up\\\/#breadcrumb\",\"itemListElement\":[{\"@type\":\"ListItem\",\"position\":1,\"name\":\"In\u00edcio\",\"item\":\"https:\\\/\\\/rightchallenge.org\\\/\"},{\"@type\":\"ListItem\",\"position\":2,\"name\":\"ONE STEP UP\"}]},{\"@type\":\"WebSite\",\"@id\":\"https:\\\/\\\/rightchallenge.org\\\/#website\",\"url\":\"https:\\\/\\\/rightchallenge.org\\\/\",\"name\":\"Rightchallenge\",\"description\":\"Associa\u00e7\u00e3o\",\"potentialAction\":[{\"@type\":\"SearchAction\",\"target\":{\"@type\":\"EntryPoint\",\"urlTemplate\":\"https:\\\/\\\/rightchallenge.org\\\/?s={search_term_string}\"},\"query-input\":{\"@type\":\"PropertyValueSpecification\",\"valueRequired\":true,\"valueName\":\"search_term_string\"}}],\"inLanguage\":\"en-GB\"}]}<\/script>\n<!-- \/ Yoast SEO plugin. -->","yoast_head_json":{"title":"ONE STEP UP - Rightchallenge","robots":{"index":"index","follow":"follow","max-snippet":"max-snippet:-1","max-image-preview":"max-image-preview:large","max-video-preview":"max-video-preview:-1"},"canonical":"https:\/\/rightchallenge.org\/en\/one-step-up\/","og_locale":"en_GB","og_type":"article","og_title":"ONE STEP UP - Rightchallenge","og_description":"O projeto \"ONE-STEP-UP \u2013 Desenvolver Aptid\u00f5es e Compet\u00eancias com Adultos Marginalizados\" visa apoiar alunos europeus pouco qualificados em idade adulta, incentivando-os na sua reintegra\u00e7\u00e3o na educa\u00e7\u00e3o e forma\u00e7\u00e3o, atrav\u00e9s de abordagens de Micro-aprendizagem que tornaram a educa\u00e7\u00e3o de adultos acess\u00edvel e flex\u00edvel, e encorajaram uma maior participa\u00e7\u00e3o. O projeto tem como principais resultados: Cria\u00e7\u00e3o de [&hellip;]","og_url":"https:\/\/rightchallenge.org\/en\/one-step-up\/","og_site_name":"Rightchallenge","article_modified_time":"2024-11-28T14:44:51+00:00","twitter_card":"summary_large_image","twitter_misc":{"Estimated reading time":"4 minutes"},"schema":{"@context":"https:\/\/schema.org","@graph":[{"@type":"WebPage","@id":"https:\/\/rightchallenge.org\/one-step-up\/","url":"https:\/\/rightchallenge.org\/one-step-up\/","name":"ONE STEP UP - Rightchallenge","isPartOf":{"@id":"https:\/\/rightchallenge.org\/#website"},"datePublished":"2023-03-20T16:06:20+00:00","dateModified":"2024-11-28T14:44:51+00:00","breadcrumb":{"@id":"https:\/\/rightchallenge.org\/one-step-up\/#breadcrumb"},"inLanguage":"en-GB","potentialAction":[{"@type":"ReadAction","target":["https:\/\/rightchallenge.org\/one-step-up\/"]}]},{"@type":"BreadcrumbList","@id":"https:\/\/rightchallenge.org\/one-step-up\/#breadcrumb","itemListElement":[{"@type":"ListItem","position":1,"name":"In\u00edcio","item":"https:\/\/rightchallenge.org\/"},{"@type":"ListItem","position":2,"name":"ONE STEP UP"}]},{"@type":"WebSite","@id":"https:\/\/rightchallenge.org\/#website","url":"https:\/\/rightchallenge.org\/","name":"Rightchallenge","description":"Associa\u00e7\u00e3o","potentialAction":[{"@type":"SearchAction","target":{"@type":"EntryPoint","urlTemplate":"https:\/\/rightchallenge.org\/?s={search_term_string}"},"query-input":{"@type":"PropertyValueSpecification","valueRequired":true,"valueName":"search_term_string"}}],"inLanguage":"en-GB"}]}},"_links":{"self":[{"href":"https:\/\/rightchallenge.org\/en\/wp-json\/wp\/v2\/pages\/2522","targetHints":{"allow":["GET"]}}],"collection":[{"href":"https:\/\/rightchallenge.org\/en\/wp-json\/wp\/v2\/pages"}],"about":[{"href":"https:\/\/rightchallenge.org\/en\/wp-json\/wp\/v2\/types\/page"}],"author":[{"embeddable":true,"href":"https:\/\/rightchallenge.org\/en\/wp-json\/wp\/v2\/users\/2"}],"replies":[{"embeddable":true,"href":"https:\/\/rightchallenge.org\/en\/wp-json\/wp\/v2\/comments?post=2522"}],"version-history":[{"count":11,"href":"https:\/\/rightchallenge.org\/en\/wp-json\/wp\/v2\/pages\/2522\/revisions"}],"predecessor-version":[{"id":4520,"href":"https:\/\/rightchallenge.org\/en\/wp-json\/wp\/v2\/pages\/2522\/revisions\/4520"}],"wp:attachment":[{"href":"https:\/\/rightchallenge.org\/en\/wp-json\/wp\/v2\/media?parent=2522"}],"curies":[{"name":"wp","href":"https:\/\/api.w.org\/{rel}","templated":true}]}}