{"id":2500,"date":"2023-03-15T16:23:24","date_gmt":"2023-03-15T15:23:24","guid":{"rendered":"https:\/\/rightchallenge.org\/?page_id=2500"},"modified":"2024-11-05T13:08:23","modified_gmt":"2024-11-05T12:08:23","slug":"career-compass","status":"publish","type":"page","link":"https:\/\/rightchallenge.org\/en\/career-compass\/","title":{"rendered":"Career Compass &#8211; Finding Career Roadmaps for a New Era"},"content":{"rendered":"<p>[et_pb_section fb_built=&#8221;1&#8243; admin_label=&#8221;Header&#8221; _builder_version=&#8221;4.16&#8243; global_colors_info=&#8221;{}&#8221;][et_pb_row column_structure=&#8221;3_5,2_5&#8243; custom_padding_last_edited=&#8221;off|desktop&#8221; _builder_version=&#8221;4.16&#8243; background_enable_color=&#8221;off&#8221; custom_padding_tablet=&#8221;||30px||false|false&#8221; locked=&#8221;off&#8221; global_colors_info=&#8221;{}&#8221;][et_pb_column type=&#8221;3_5&#8243; _builder_version=&#8221;4.16&#8243; custom_padding_tablet=&#8221;||20px||false|false&#8221; custom_padding_phone=&#8221;&#8221; custom_padding_last_edited=&#8221;on|tablet&#8221; global_colors_info=&#8221;{}&#8221;][et_pb_image src=&#8221;https:\/\/rightchallenge.org\/wp-content\/uploads\/2023\/03\/Logo-JPG-scaled.jpg&#8221; title_text=&#8221;Logo JPG&#8221; _builder_version=&#8221;4.21.0&#8243; _module_preset=&#8221;default&#8221; custom_margin=&#8221;-200px||-100px||false|false&#8221; global_colors_info=&#8221;{}&#8221;][\/et_pb_image][et_pb_text _builder_version=&#8221;4.27.2&#8243; text_font=&#8221;PT Sans||||||||&#8221; text_text_color=&#8221;#000000&#8243; text_font_size=&#8221;15px&#8221; text_line_height=&#8221;1.9em&#8221; hover_enabled=&#8221;0&#8243; global_colors_info=&#8221;{}&#8221; sticky_enabled=&#8221;0&#8243;]<\/p>\n<p style=\"text-align: justify;\"><quillbot-extension-portal><\/quillbot-extension-portal>O projeto <strong>&#8220;Career Compass &#8211; Encontrar orienta\u00e7\u00f5es de carreira para uma nova era&#8221;<\/strong> visa apoiar os jovens adultos nas comunidades a desenvolverem as suas capacidades de <strong>gest\u00e3o e resili\u00eancia de carreira<\/strong> para a sociedade p\u00f3s-pand\u00e9mica, e para o mercado de trabalho. Especificamente, o objetivo \u00e9 <strong>melhorar a presta\u00e7\u00e3o de orienta\u00e7\u00e3o ao longo da vida<\/strong> nas nossas regi\u00f5es, e <strong>melhorar a sua integra\u00e7\u00e3o em estruturas de aprendizagem<\/strong> ao longo da vida, atrav\u00e9s do desenvolvimento de um conjunto de <strong>40 recursos de microaprendizagem ligados ao Quadro Escoc\u00eas de Compet\u00eancias de Gest\u00e3o de Carreiras<\/strong>, e apoiar o desenvolvimento de sinergias locais entre setores educativos.<\/p>\n<p><quillbot-extension-portal><\/quillbot-extension-portal><\/p>\n<p style=\"text-align: justify;\">O Career Compass ir\u00e1 desenvolver um modelo de execu\u00e7\u00e3o abrangente para uma nova interven\u00e7\u00e3o de planeamento de carreira para apoiar os jovens adultos que abandonaram a educa\u00e7\u00e3o formal, sofreram perdas de emprego induzidas pela pandemia ou est\u00e3o atualmente em empregos vulner\u00e1veis. Adotar\u00e1 uma abordagem <em>ab initio<\/em> para desenvolver estes novos recursos a n\u00edveis introdut\u00f3rios e avan\u00e7ados.<\/p>\n<p style=\"text-align: justify;\">No decorrer da implementa\u00e7\u00e3o do projeto, ir\u00e3o ser desenvolvidos os seguintes recursos:<\/p>\n<ul>\n<li style=\"text-align: justify;\">Recursos de Carreira para Jovens Adultos\n<ul>\n<li style=\"text-align: justify;\"><a href=\"https:\/\/careercompassmooc.eu\/pt\/career-model-canvas\/\">Modelo de Carreira<\/a>\n<ul>\n<li style=\"text-align: justify;\">Manual dos Alunos <a href=\"http:\/\/careercompassmooc.eu\/wp-content\/uploads\/2024\/08\/Career-Compass-WP2-Learners-Handbook-PT.pdf\">PT<\/a> e <a href=\"http:\/\/careercompassmooc.eu\/wp-content\/uploads\/2024\/08\/Career-Compass-WP2-Learners-Handbook-EN.pdf\">EN<\/a><\/li>\n<li style=\"text-align: justify;\">Manual dos Educadores <a href=\"http:\/\/careercompassmooc.eu\/wp-content\/uploads\/2024\/08\/Career-Compass-WP2-Educators-Handbook-PT.pdf\">PT<\/a> e <a href=\"http:\/\/careercompassmooc.eu\/wp-content\/uploads\/2024\/08\/Career-Compass-WP2-Educators-Handbook-EN.pdf\">EN<\/a><\/li>\n<li style=\"text-align: justify;\">Modelo de Neg\u00f3cio Canvas <a href=\"http:\/\/careercompassmooc.eu\/wp-content\/uploads\/2024\/09\/Career-Compass_WP2-Career-Model-Canvas_PT.pptx.pptx.pdf\">PT<\/a> e <a href=\"http:\/\/careercompassmooc.eu\/wp-content\/uploads\/2024\/04\/Career-Compass_WP2-Career-Model-Canvas-FIP.pptx.pdf\">EN<\/a><\/li>\n<\/ul>\n<\/li>\n<li style=\"text-align: justify;\"><a href=\"https:\/\/careercompassmooc.eu\/pt\/career-management-resources\/\">Recursos de Gest\u00e3o de Carreira<\/a>\n<ul>\n<li style=\"text-align: justify;\">&#8220;<em>Autocuidado<\/em>&#8221; <a href=\"https:\/\/careercompassmooc.eu\/pt\/career-management-resources\/#sect5\">PT<\/a> e <a href=\"https:\/\/careercompassmooc.eu\/career-management-resources\/#sect5\">EN<\/a><\/li>\n<li style=\"text-align: justify;\">&#8220;<em>Eu<\/em>&#8221; <a href=\"https:\/\/careercompassmooc.eu\/pt\/career-management-resources\/#sect1\">PT<\/a> e <a href=\"https:\/\/careercompassmooc.eu\/career-management-resources\/#sect1\">EN<\/a><\/li>\n<li style=\"text-align: justify;\">&#8220;<em>Pontos Fortes<\/em>&#8221; <a href=\"https:\/\/careercompassmooc.eu\/pt\/career-management-resources\/#sect4\">PT<\/a> e <a href=\"https:\/\/careercompassmooc.eu\/career-management-resources\/#sect4\">EN<\/a><\/li>\n<li style=\"text-align: justify;\">&#8220;<em>Horizontes<\/em>&#8221; <a href=\"https:\/\/careercompassmooc.eu\/pt\/career-management-resources\/#sect2\">PT<\/a> e <a href=\"https:\/\/careercompassmooc.eu\/career-management-resources\/#sect2\">EN<\/a><\/li>\n<li style=\"text-align: justify;\">&#8220;<em>Redes<\/em>&#8221; <a href=\"https:\/\/careercompassmooc.eu\/pt\/career-management-resources\/#sect3\">PT<\/a> e <a href=\"https:\/\/careercompassmooc.eu\/career-management-resources\/#sect3\">EN<\/a><\/li>\n<\/ul>\n<\/li>\n<\/ul>\n<\/li>\n<li style=\"text-align: justify;\">Forma\u00e7\u00e3o de Desenvolvimento Profissional Career Compass para Profissionais de Educa\u00e7\u00e3o e Orienta\u00e7\u00e3o de Adultos <a href=\"http:\/\/careercompassmooc.eu\/wp-content\/uploads\/2024\/10\/Career-Compass-WP3-In-Service-Training-Program-PT.pdf\">PT<\/a> e <a href=\"http:\/\/careercompassmooc.eu\/wp-content\/uploads\/2024\/07\/Career-Compass-WP3-In-Service-Training-Program-EN.pdf\">EN<\/a><\/li>\n<\/ul>\n<p style=\"text-align: justify;\">Durante a implementa\u00e7\u00e3o do projeto que decorreu entre o dia <strong>1 de novembro de 2022 e o dia 31 de outubro de 2024<\/strong> foram elaboradas 4 newsletters com as novidades do projeto, atividades decorridas e a ocorrer e foi poss\u00edvel ainda documentar os passos do projeto. Para ter acesso, visite os seguintes links:<\/p>\n<ul>\n<li style=\"text-align: justify;\"><strong>Newsletter #1 <\/strong><a href=\"http:\/\/careercompassproject.eu\/wp-content\/uploads\/2023\/09\/CAREER-COMPASS-1st-Newsletter-Portuguese.pdf\">PT<\/a> e <a href=\"http:\/\/careercompassproject.eu\/wp-content\/uploads\/2023\/09\/CAREER-COMPASS-1st-Newsletter-English.pdf\">EN<\/a><\/li>\n<li style=\"text-align: justify;\"><strong>Newsletter #2\u00a0<\/strong><a href=\"http:\/\/careercompassproject.eu\/wp-content\/uploads\/2024\/07\/Career-Compass-Newsletter-2_EN.pdf\">PT<\/a> e <a href=\"http:\/\/careercompassproject.eu\/wp-content\/uploads\/2024\/07\/Career-Compass-Newsletter-2_EN.pdf\">EN<\/a><\/li>\n<li style=\"text-align: justify;\"><strong>Newsletter #3\u00a0<\/strong><a href=\"http:\/\/careercompassproject.eu\/wp-content\/uploads\/2024\/07\/CAREER-COMPASS-3rd-Newsletter-English.pdf\">PT<\/a> e <a href=\"http:\/\/careercompassproject.eu\/wp-content\/uploads\/2024\/07\/CAREER-COMPASS-3rd-Newsletter-English.pdf\">EN<\/a><\/li>\n<li style=\"text-align: justify;\"><strong>Newsletter #4 <\/strong>PT e EN<\/li>\n<\/ul>\n<p><span style=\"color: #000000;\"><strong>Este projeto foi apoiado no \u00e2mbito do programa europeu Erasmus+ <\/strong><\/span><\/p>\n<p>[\/et_pb_text][\/et_pb_column][et_pb_column type=&#8221;2_5&#8243; _builder_version=&#8221;4.16&#8243; background_color=&#8221;#ffffff&#8221; custom_padding=&#8221;50px|40px|60px|40px|false|true&#8221; custom_padding_tablet=&#8221;|50px||50px|false|true&#8221; custom_padding_phone=&#8221;&#8221; custom_padding_last_edited=&#8221;on|tablet&#8221; border_radii=&#8221;on|10px|10px|10px|10px&#8221; box_shadow_style=&#8221;preset1&#8243; box_shadow_color=&#8221;rgba(12,113,195,0.13)&#8221; global_colors_info=&#8221;{}&#8221;][et_pb_image src=&#8221;https:\/\/rightchallenge.org\/wp-content\/uploads\/2023\/07\/PT_Co-fundedbytheEU_RGB_POS.png&#8221; title_text=&#8221;PT_Co-fundedbytheEU_RGB_POS&#8221; align=&#8221;center&#8221; _builder_version=&#8221;4.21.0&#8243; _module_preset=&#8221;default&#8221; width=&#8221;60%&#8221; global_colors_info=&#8221;{}&#8221;][\/et_pb_image][et_pb_text _builder_version=&#8221;4.16&#8243; custom_margin=&#8221;||13px|||&#8221; custom_padding=&#8221;16px|||||&#8221; global_colors_info=&#8221;{}&#8221;]<\/p>\n<h3 style=\"text-align: center;\">Parceiros<\/h3>\n<p>[\/et_pb_text][et_pb_blurb title=&#8221;RightNow Group&#8221; url=&#8221;http:\/\/www.thorvald.eu&#8221; url_new_window=&#8221;on&#8221; image=&#8221;https:\/\/rightchallenge.org\/wp-content\/uploads\/2023\/07\/circle-flag-of-iceland-free-png.png&#8221; icon_placement=&#8221;left&#8221; content_max_width=&#8221;800px&#8221; _builder_version=&#8221;4.27.2&#8243; header_font=&#8221;PT Sans|700|||||||&#8221; header_text_color=&#8221;#000000&#8243; header_font_size=&#8221;17px&#8221; header_line_height=&#8221;1.9em&#8221; locked=&#8221;off&#8221; global_colors_info=&#8221;{}&#8221;][\/et_pb_blurb][et_pb_blurb title=&#8221;Future in Perspective Limited&#8221; url=&#8221;http:\/\/www.futureinperspective.com&#8221; url_new_window=&#8221;on&#8221; image=&#8221;https:\/\/rightchallenge.org\/wp-content\/uploads\/2023\/07\/flag-round-250-1.png&#8221; icon_placement=&#8221;left&#8221; content_max_width=&#8221;800px&#8221; _builder_version=&#8221;4.27.2&#8243; header_font=&#8221;PT Sans|700|||||||&#8221; header_text_color=&#8221;#000000&#8243; header_font_size=&#8221;17px&#8221; header_line_height=&#8221;1.9em&#8221; locked=&#8221;off&#8221; global_colors_info=&#8221;{}&#8221;][\/et_pb_blurb][et_pb_blurb title=&#8221;Institute of Development LDT (NEOPHYTOS CH CHARALAMBOUS)&#8221; url=&#8221;https:\/\/iodevelopment.eu\/&#8221; url_new_window=&#8221;on&#8221; image=&#8221;https:\/\/rightchallenge.org\/wp-content\/uploads\/2023\/07\/flag-round-250-2.png&#8221; icon_placement=&#8221;left&#8221; content_max_width=&#8221;800px&#8221; _builder_version=&#8221;4.27.2&#8243; header_font=&#8221;PT Sans|700|||||||&#8221; header_text_color=&#8221;#000000&#8243; header_font_size=&#8221;17px&#8221; header_line_height=&#8221;1.9em&#8221; locked=&#8221;off&#8221; global_colors_info=&#8221;{}&#8221;][\/et_pb_blurb][et_pb_blurb title=&#8221;Iniciativas de Futuro para una Europa Social COOP V&#8221; url=&#8221;http:\/\/www.ifescoop.eu&#8221; url_new_window=&#8221;on&#8221; image=&#8221;https:\/\/rightchallenge.org\/wp-content\/uploads\/2023\/07\/es-circle-01.png&#8221; icon_placement=&#8221;left&#8221; content_max_width=&#8221;800px&#8221; _builder_version=&#8221;4.27.2&#8243; header_font=&#8221;PT Sans|700|||||||&#8221; header_text_color=&#8221;#000000&#8243; header_font_size=&#8221;17px&#8221; header_line_height=&#8221;1.9em&#8221; locked=&#8221;off&#8221; global_colors_info=&#8221;{}&#8221;][\/et_pb_blurb][et_pb_blurb title=&#8221;Ustanova za obrazovanje odraslih Dante&#8221; url=&#8221;http:\/\/www.dante-ri.hr&#8221; url_new_window=&#8221;on&#8221; image=&#8221;https:\/\/rightchallenge.org\/wp-content\/uploads\/2023\/07\/flag-round-250-4.png&#8221; icon_placement=&#8221;left&#8221; content_max_width=&#8221;800px&#8221; _builder_version=&#8221;4.27.2&#8243; header_font=&#8221;PT Sans|700|||||||&#8221; header_text_color=&#8221;#000000&#8243; header_font_size=&#8221;17px&#8221; header_line_height=&#8221;1.9em&#8221; locked=&#8221;off&#8221; global_colors_info=&#8221;{}&#8221;][\/et_pb_blurb][et_pb_blurb title=&#8221;Aliance Lektoru a Konzultantu&#8221; url=&#8221;http:\/\/www.trainers-alliance.eu&#8221; url_new_window=&#8221;on&#8221; image=&#8221;https:\/\/rightchallenge.org\/wp-content\/uploads\/2023\/07\/cz-circle-01.png&#8221; icon_placement=&#8221;left&#8221; content_max_width=&#8221;800px&#8221; _builder_version=&#8221;4.27.2&#8243; header_font=&#8221;PT Sans|700|||||||&#8221; header_text_color=&#8221;#000000&#8243; header_font_size=&#8221;17px&#8221; header_line_height=&#8221;1.9em&#8221; locked=&#8221;off&#8221; global_colors_info=&#8221;{}&#8221;][\/et_pb_blurb][et_pb_blurb title=&#8221;O\u015brodek Szkoleniowo-Badawczy INNEO&#8221; url=&#8221;http:\/\/www.inneo.org.pl&#8221; url_new_window=&#8221;on&#8221; image=&#8221;https:\/\/rightchallenge.org\/wp-content\/uploads\/2023\/07\/pl-circle-01.png&#8221; icon_placement=&#8221;left&#8221; content_max_width=&#8221;800px&#8221; _builder_version=&#8221;4.27.2&#8243; header_font=&#8221;PT Sans|700|||||||&#8221; header_text_color=&#8221;#000000&#8243; header_font_size=&#8221;17px&#8221; header_line_height=&#8221;1.9em&#8221; locked=&#8221;off&#8221; global_colors_info=&#8221;{}&#8221;][\/et_pb_blurb][et_pb_blurb title=&#8221;Website&#8221; url=&#8221;https:\/\/careercompassproject.eu\/&#8221; url_new_window=&#8221;on&#8221; image=&#8221;https:\/\/rightchallenge.org\/wp-content\/uploads\/2024\/05\/website-icon.png&#8221; icon_placement=&#8221;left&#8221; content_max_width=&#8221;800px&#8221; _builder_version=&#8221;4.27.2&#8243; header_font=&#8221;|700|||||||&#8221; header_text_align=&#8221;left&#8221; header_text_color=&#8221;#0C71C3&#8243; header_font_size=&#8221;18px&#8221; header_line_height=&#8221;1.9em&#8221; body_font=&#8221;|700|||||||&#8221; custom_margin=&#8221;|||77px|false|false&#8221; custom_padding=&#8221;|||10px|false|false&#8221; locked=&#8221;off&#8221; global_colors_info=&#8221;{}&#8221;][\/et_pb_blurb][et_pb_blurb title=&#8221;MOOC Platform&#8221; url=&#8221;https:\/\/careercompassmooc.eu\/&#8221; url_new_window=&#8221;on&#8221; image=&#8221;https:\/\/rightchallenge.org\/wp-content\/uploads\/2024\/11\/mooc.png&#8221; icon_placement=&#8221;left&#8221; content_max_width=&#8221;800px&#8221; _builder_version=&#8221;4.27.2&#8243; header_font=&#8221;|700|||||||&#8221; header_text_align=&#8221;left&#8221; header_text_color=&#8221;#0C71C3&#8243; header_font_size=&#8221;18px&#8221; header_line_height=&#8221;1.9em&#8221; body_font=&#8221;|700|||||||&#8221; custom_margin=&#8221;|||77px|false|false&#8221; custom_padding=&#8221;|||10px|false|false&#8221; locked=&#8221;off&#8221; global_colors_info=&#8221;{}&#8221;][\/et_pb_blurb][et_pb_blurb title=&#8221;Facebook&#8221; url=&#8221;https:\/\/www.facebook.com\/profile.php?id=100090201098808&#8243; url_new_window=&#8221;on&#8221; image=&#8221;https:\/\/rightchallenge.org\/wp-content\/uploads\/2023\/07\/5968764.png&#8221; icon_placement=&#8221;left&#8221; content_max_width=&#8221;800px&#8221; _builder_version=&#8221;4.27.2&#8243; header_font=&#8221;|700|||||||&#8221; header_text_align=&#8221;left&#8221; header_text_color=&#8221;#0C71C3&#8243; header_font_size=&#8221;18px&#8221; header_line_height=&#8221;1.9em&#8221; body_font=&#8221;|700|||||||&#8221; custom_margin=&#8221;|||77px|false|false&#8221; custom_padding=&#8221;|||10px|false|false&#8221; locked=&#8221;off&#8221; global_colors_info=&#8221;{}&#8221;][\/et_pb_blurb][et_pb_blurb title=&#8221;YouTube&#8221; url=&#8221;https:\/\/www.youtube.com\/@careercompasserasmusproject&#8221; url_new_window=&#8221;on&#8221; image=&#8221;https:\/\/rightchallenge.org\/wp-content\/uploads\/2024\/11\/youtube-logo-png-46016-1.png&#8221; icon_placement=&#8221;left&#8221; content_max_width=&#8221;800px&#8221; _builder_version=&#8221;4.27.2&#8243; header_font=&#8221;|700|||||||&#8221; header_text_align=&#8221;left&#8221; header_text_color=&#8221;#0C71C3&#8243; header_font_size=&#8221;18px&#8221; header_line_height=&#8221;1.9em&#8221; body_font=&#8221;|700|||||||&#8221; custom_margin=&#8221;|||77px|false|false&#8221; custom_padding=&#8221;|||10px|false|false&#8221; locked=&#8221;off&#8221; global_colors_info=&#8221;{}&#8221;][\/et_pb_blurb][\/et_pb_column][\/et_pb_row][\/et_pb_section]<\/p>\n","protected":false},"excerpt":{"rendered":"<p>O projeto &#8220;Career Compass &#8211; Encontrar orienta\u00e7\u00f5es de carreira para uma nova era&#8221; visa apoiar os jovens adultos nas comunidades a desenvolverem as suas capacidades de gest\u00e3o e resili\u00eancia de carreira para a sociedade p\u00f3s-pand\u00e9mica, e para o mercado de trabalho. Especificamente, o objetivo \u00e9 melhorar a presta\u00e7\u00e3o de orienta\u00e7\u00e3o ao longo da vida nas [&hellip;]<\/p>\n","protected":false},"author":2,"featured_media":0,"parent":0,"menu_order":0,"comment_status":"closed","ping_status":"closed","template":"","meta":{"_et_pb_use_builder":"on","_et_pb_old_content":"","_et_gb_content_width":"","_monsterinsights_skip_tracking":false,"_monsterinsights_sitenote_active":false,"_monsterinsights_sitenote_note":"","_monsterinsights_sitenote_category":0,"footnotes":""},"class_list":["post-2500","page","type-page","status-publish","hentry"],"yoast_head":"<!-- This site is optimized with the Yoast SEO plugin v27.3 - https:\/\/yoast.com\/product\/yoast-seo-wordpress\/ -->\n<title>Career Compass - Finding Career Roadmaps for a New Era - Rightchallenge<\/title>\n<meta name=\"robots\" content=\"index, follow, max-snippet:-1, max-image-preview:large, max-video-preview:-1\" \/>\n<link rel=\"canonical\" href=\"https:\/\/rightchallenge.org\/en\/career-compass\/\" \/>\n<meta property=\"og:locale\" content=\"en_GB\" \/>\n<meta property=\"og:type\" content=\"article\" \/>\n<meta property=\"og:title\" content=\"Career Compass - Finding Career Roadmaps for a New Era - Rightchallenge\" \/>\n<meta property=\"og:description\" content=\"O projeto &quot;Career Compass - Encontrar orienta\u00e7\u00f5es de carreira para uma nova era&quot; visa apoiar os jovens adultos nas comunidades a desenvolverem as suas capacidades de gest\u00e3o e resili\u00eancia de carreira para a sociedade p\u00f3s-pand\u00e9mica, e para o mercado de trabalho. Especificamente, o objetivo \u00e9 melhorar a presta\u00e7\u00e3o de orienta\u00e7\u00e3o ao longo da vida nas [&hellip;]\" \/>\n<meta property=\"og:url\" content=\"https:\/\/rightchallenge.org\/en\/career-compass\/\" \/>\n<meta property=\"og:site_name\" content=\"Rightchallenge\" \/>\n<meta property=\"article:modified_time\" content=\"2024-11-05T12:08:23+00:00\" \/>\n<meta name=\"twitter:card\" content=\"summary_large_image\" \/>\n<meta name=\"twitter:label1\" content=\"Estimated reading time\" \/>\n\t<meta name=\"twitter:data1\" content=\"3 minutes\" \/>\n<script type=\"application\/ld+json\" class=\"yoast-schema-graph\">{\"@context\":\"https:\\\/\\\/schema.org\",\"@graph\":[{\"@type\":\"WebPage\",\"@id\":\"https:\\\/\\\/rightchallenge.org\\\/career-compass\\\/\",\"url\":\"https:\\\/\\\/rightchallenge.org\\\/career-compass\\\/\",\"name\":\"Career Compass - Finding Career Roadmaps for a New Era - Rightchallenge\",\"isPartOf\":{\"@id\":\"https:\\\/\\\/rightchallenge.org\\\/#website\"},\"datePublished\":\"2023-03-15T15:23:24+00:00\",\"dateModified\":\"2024-11-05T12:08:23+00:00\",\"breadcrumb\":{\"@id\":\"https:\\\/\\\/rightchallenge.org\\\/career-compass\\\/#breadcrumb\"},\"inLanguage\":\"en-GB\",\"potentialAction\":[{\"@type\":\"ReadAction\",\"target\":[\"https:\\\/\\\/rightchallenge.org\\\/career-compass\\\/\"]}]},{\"@type\":\"BreadcrumbList\",\"@id\":\"https:\\\/\\\/rightchallenge.org\\\/career-compass\\\/#breadcrumb\",\"itemListElement\":[{\"@type\":\"ListItem\",\"position\":1,\"name\":\"In\u00edcio\",\"item\":\"https:\\\/\\\/rightchallenge.org\\\/\"},{\"@type\":\"ListItem\",\"position\":2,\"name\":\"Career Compass &#8211; Finding Career Roadmaps for a New Era\"}]},{\"@type\":\"WebSite\",\"@id\":\"https:\\\/\\\/rightchallenge.org\\\/#website\",\"url\":\"https:\\\/\\\/rightchallenge.org\\\/\",\"name\":\"Rightchallenge\",\"description\":\"Associa\u00e7\u00e3o\",\"potentialAction\":[{\"@type\":\"SearchAction\",\"target\":{\"@type\":\"EntryPoint\",\"urlTemplate\":\"https:\\\/\\\/rightchallenge.org\\\/?s={search_term_string}\"},\"query-input\":{\"@type\":\"PropertyValueSpecification\",\"valueRequired\":true,\"valueName\":\"search_term_string\"}}],\"inLanguage\":\"en-GB\"}]}<\/script>\n<!-- \/ Yoast SEO plugin. -->","yoast_head_json":{"title":"Career Compass - Finding Career Roadmaps for a New Era - Rightchallenge","robots":{"index":"index","follow":"follow","max-snippet":"max-snippet:-1","max-image-preview":"max-image-preview:large","max-video-preview":"max-video-preview:-1"},"canonical":"https:\/\/rightchallenge.org\/en\/career-compass\/","og_locale":"en_GB","og_type":"article","og_title":"Career Compass - Finding Career Roadmaps for a New Era - Rightchallenge","og_description":"O projeto \"Career Compass - Encontrar orienta\u00e7\u00f5es de carreira para uma nova era\" visa apoiar os jovens adultos nas comunidades a desenvolverem as suas capacidades de gest\u00e3o e resili\u00eancia de carreira para a sociedade p\u00f3s-pand\u00e9mica, e para o mercado de trabalho. Especificamente, o objetivo \u00e9 melhorar a presta\u00e7\u00e3o de orienta\u00e7\u00e3o ao longo da vida nas [&hellip;]","og_url":"https:\/\/rightchallenge.org\/en\/career-compass\/","og_site_name":"Rightchallenge","article_modified_time":"2024-11-05T12:08:23+00:00","twitter_card":"summary_large_image","twitter_misc":{"Estimated reading time":"3 minutes"},"schema":{"@context":"https:\/\/schema.org","@graph":[{"@type":"WebPage","@id":"https:\/\/rightchallenge.org\/career-compass\/","url":"https:\/\/rightchallenge.org\/career-compass\/","name":"Career Compass - Finding Career Roadmaps for a New Era - Rightchallenge","isPartOf":{"@id":"https:\/\/rightchallenge.org\/#website"},"datePublished":"2023-03-15T15:23:24+00:00","dateModified":"2024-11-05T12:08:23+00:00","breadcrumb":{"@id":"https:\/\/rightchallenge.org\/career-compass\/#breadcrumb"},"inLanguage":"en-GB","potentialAction":[{"@type":"ReadAction","target":["https:\/\/rightchallenge.org\/career-compass\/"]}]},{"@type":"BreadcrumbList","@id":"https:\/\/rightchallenge.org\/career-compass\/#breadcrumb","itemListElement":[{"@type":"ListItem","position":1,"name":"In\u00edcio","item":"https:\/\/rightchallenge.org\/"},{"@type":"ListItem","position":2,"name":"Career Compass &#8211; Finding Career Roadmaps for a New Era"}]},{"@type":"WebSite","@id":"https:\/\/rightchallenge.org\/#website","url":"https:\/\/rightchallenge.org\/","name":"Rightchallenge","description":"Associa\u00e7\u00e3o","potentialAction":[{"@type":"SearchAction","target":{"@type":"EntryPoint","urlTemplate":"https:\/\/rightchallenge.org\/?s={search_term_string}"},"query-input":{"@type":"PropertyValueSpecification","valueRequired":true,"valueName":"search_term_string"}}],"inLanguage":"en-GB"}]}},"_links":{"self":[{"href":"https:\/\/rightchallenge.org\/en\/wp-json\/wp\/v2\/pages\/2500","targetHints":{"allow":["GET"]}}],"collection":[{"href":"https:\/\/rightchallenge.org\/en\/wp-json\/wp\/v2\/pages"}],"about":[{"href":"https:\/\/rightchallenge.org\/en\/wp-json\/wp\/v2\/types\/page"}],"author":[{"embeddable":true,"href":"https:\/\/rightchallenge.org\/en\/wp-json\/wp\/v2\/users\/2"}],"replies":[{"embeddable":true,"href":"https:\/\/rightchallenge.org\/en\/wp-json\/wp\/v2\/comments?post=2500"}],"version-history":[{"count":13,"href":"https:\/\/rightchallenge.org\/en\/wp-json\/wp\/v2\/pages\/2500\/revisions"}],"predecessor-version":[{"id":4385,"href":"https:\/\/rightchallenge.org\/en\/wp-json\/wp\/v2\/pages\/2500\/revisions\/4385"}],"wp:attachment":[{"href":"https:\/\/rightchallenge.org\/en\/wp-json\/wp\/v2\/media?parent=2500"}],"curies":[{"name":"wp","href":"https:\/\/api.w.org\/{rel}","templated":true}]}}