{"id":2487,"date":"2023-03-07T18:40:09","date_gmt":"2023-03-07T17:40:09","guid":{"rendered":"https:\/\/rightchallenge.org\/?page_id=2487"},"modified":"2024-06-17T10:02:22","modified_gmt":"2024-06-17T09:02:22","slug":"iadliber-project","status":"publish","type":"page","link":"https:\/\/rightchallenge.org\/en\/iadliber-project\/","title":{"rendered":"IADLiber Project"},"content":{"rendered":"<p>[et_pb_section fb_built=&#8221;1&#8243; admin_label=&#8221;Header&#8221; _builder_version=&#8221;4.16&#8243; global_colors_info=&#8221;{}&#8221;][et_pb_row column_structure=&#8221;3_5,2_5&#8243; custom_padding_last_edited=&#8221;off|desktop&#8221; _builder_version=&#8221;4.16&#8243; background_enable_color=&#8221;off&#8221; custom_padding_tablet=&#8221;||30px||false|false&#8221; hover_enabled=&#8221;0&#8243; locked=&#8221;off&#8221; global_colors_info=&#8221;{}&#8221; sticky_enabled=&#8221;0&#8243;][et_pb_column type=&#8221;3_5&#8243; _builder_version=&#8221;4.16&#8243; custom_padding_tablet=&#8221;||20px||false|false&#8221; custom_padding_phone=&#8221;&#8221; custom_padding_last_edited=&#8221;on|tablet&#8221; global_colors_info=&#8221;{}&#8221;][et_pb_image src=&#8221;https:\/\/rightchallenge.org\/wp-content\/uploads\/2023\/03\/Logo.png&#8221; title_text=&#8221;Logo&#8221; align=&#8221;center&#8221; _builder_version=&#8221;4.21.0&#8243; width=&#8221;44%&#8221; custom_margin=&#8221;-106px||-60px||false|false&#8221; global_colors_info=&#8221;{}&#8221;][\/et_pb_image][et_pb_text _builder_version=&#8221;4.21.2&#8243; text_font=&#8221;PT Sans||||||||&#8221; text_text_color=&#8221;#000000&#8243; text_font_size=&#8221;15px&#8221; text_line_height=&#8221;1.9em&#8221; global_colors_info=&#8221;{}&#8221;]<\/p>\n<p style=\"text-align: justify;\">O projeto <strong>&#8220;IADliber &#8211; Raising competences of adult educators as a means for adults liberation from internet addiction disorder&#8221;<\/strong> visa apoiar os educadores adultos que t\u00eam menos oportunidades nos seus esfor\u00e7os para melhorar as suas <strong>capacidades de diagn\u00f3stico e combater a adi\u00e7\u00e3o da Internet.<\/strong><\/p>\n<p style=\"text-align: justify;\">A adi\u00e7\u00e3o da Internet \u00e9 um termo amplo que abrange uma gama de comportamentos e problemas de controlo de impulsos que envolvem a Internet, o computador pessoal, o telem\u00f3vel e outras tecnologias.<\/p>\n<p style=\"text-align: justify;\">O objetivo do projeto <strong>IADliber<\/strong> \u00e9 desenvolver as seguintes compet\u00eancias:<\/p>\n<ul>\n<li style=\"text-align: justify;\">T\u00e9cnicas de reconhecimento e de rea\u00e7\u00e3o ao v\u00edcio da Internet<\/li>\n<li style=\"text-align: justify;\">Tipos de IAD e o grau de agravamento da doen\u00e7a<\/li>\n<li style=\"text-align: justify;\">Formas e princ\u00edpios de falar com um adulto viciado<\/li>\n<li style=\"text-align: justify;\">Aten\u00e7\u00e3o<\/li>\n<li style=\"text-align: justify;\">Outros m\u00e9todos de focaliza\u00e7\u00e3o<\/li>\n<li style=\"text-align: justify;\">Autoconsciencializa\u00e7\u00e3o e avalia\u00e7\u00e3o fi\u00e1vel da situa\u00e7\u00e3o<\/li>\n<li style=\"text-align: justify;\">IAD &#8211; preven\u00e7\u00e3o<\/li>\n<\/ul>\n<p style=\"text-align: justify;\">Os principais grupos-alvo do projeto <strong>IADliber<\/strong> s\u00e3o <strong>educadores de adultos<\/strong> que trabalhem especialmente com <strong>grupos desfavorecidos e pessoas com menos oportunidades<\/strong> (pessoas pouco qualificadas, desempregados, adultos em risco de pobreza, etc.).<\/p>\n<p style=\"text-align: justify;\">O projeto ter\u00e1 como principais resultados:<\/p>\n<ul>\n<li style=\"text-align: justify;\"><strong><span>WP2: IADliber Survival Kit &#8211; <a href=\"https:\/\/iadliber.erasmus.site\/wp-content\/uploads\/2024\/05\/WP2.A2-IADliber-Survival-Kit-EN.pdf\">ENG<\/a> <\/span><\/strong>e<a href=\"https:\/\/iadliber.erasmus.site\/wp-content\/uploads\/2024\/05\/WP2.A2-IADliber-Survival-Kit-PT.pdf\"><strong><span> PT<\/span><\/strong><\/a><\/li>\n<li style=\"text-align: justify;\"><strong><span>WP3: IADliber Mobile App &#8211; Android <\/span><\/strong>e<strong><span> IOS <\/span><\/strong>(Brevemente dispon\u00edvel)<\/li>\n<\/ul>\n<p style=\"text-align: justify;\">Consulte as newsletters do Projeto e esteja a par de todas as novidades e atividades que est\u00e3o a decorrer.<strong><\/strong><\/p>\n<ul>\n<li style=\"text-align: justify;\"><strong>Newsletter #1<\/strong> &#8211; <a href=\"https:\/\/iadliber.erasmus.site\/wp-content\/uploads\/2023\/06\/1st-Newsletter-english.pdf\">ENG<\/a> e <a href=\"https:\/\/iadliber.erasmus.site\/wp-content\/uploads\/2023\/06\/IADLiber-Newsletter-1_PT.pdf\">PT<\/a><\/li>\n<li style=\"text-align: justify;\"><strong>Newsletter #2<\/strong> &#8211; <a href=\"https:\/\/iadliber.erasmus.site\/wp-content\/uploads\/2024\/02\/IADliber-Newsletter-2_EN.pdf\">ENG<\/a> e <a href=\"https:\/\/iadliber.erasmus.site\/wp-content\/uploads\/2024\/02\/IADliber-Newsletter-2_PT.pdf\">PT<\/a><\/li>\n<li style=\"text-align: justify;\"><strong>Newsletter #3<\/strong> &#8211; <a href=\"https:\/\/iadliber.erasmus.site\/wp-content\/uploads\/2024\/06\/IADliber_Newsletter-3_EN.pdf\">ENG<\/a> e <a href=\"https:\/\/iadliber.erasmus.site\/wp-content\/uploads\/2024\/06\/IADliber_Newsletter-3_PT.pdf\">PT<\/a><\/li>\n<\/ul>\n<p><strong>Este projeto \u00e9 apoiado no \u00e2mbito do programa europeu Erasmus+<\/strong><\/p>\n<p style=\"text-align: justify;\">\n<p style=\"text-align: justify;\"><strong><\/strong><\/p>\n<p>[\/et_pb_text][\/et_pb_column][et_pb_column type=&#8221;2_5&#8243; _builder_version=&#8221;4.16&#8243; background_color=&#8221;#ffffff&#8221; custom_padding=&#8221;50px|40px|60px|40px|false|true&#8221; custom_padding_tablet=&#8221;|50px||50px|false|true&#8221; custom_padding_phone=&#8221;&#8221; custom_padding_last_edited=&#8221;on|tablet&#8221; border_radii=&#8221;on|10px|10px|10px|10px&#8221; box_shadow_style=&#8221;preset1&#8243; box_shadow_color=&#8221;rgba(12,113,195,0.13)&#8221; global_colors_info=&#8221;{}&#8221;][et_pb_image src=&#8221;https:\/\/rightchallenge.org\/wp-content\/uploads\/2023\/07\/PT_Co-fundedbytheEU_RGB_POS.png&#8221; title_text=&#8221;PT_Co-fundedbytheEU_RGB_POS&#8221; align=&#8221;center&#8221; _builder_version=&#8221;4.21.0&#8243; _module_preset=&#8221;default&#8221; width=&#8221;60%&#8221; global_colors_info=&#8221;{}&#8221;][\/et_pb_image][et_pb_text _builder_version=&#8221;4.16&#8243; custom_margin=&#8221;||13px|||&#8221; custom_padding=&#8221;16px|||||&#8221; global_colors_info=&#8221;{}&#8221;]<\/p>\n<h3 style=\"text-align: center;\">Parceiros<\/h3>\n<p>[\/et_pb_text][et_pb_blurb title=&#8221;Asociatia de Dezvoltare Economico-Sociala&#8221; url=&#8221;https:\/\/www.facebook.com\/ADESCDA\/&#8221; url_new_window=&#8221;on&#8221; image=&#8221;https:\/\/rightchallenge.org\/wp-content\/uploads\/2023\/07\/flag-round-250-7.png&#8221; icon_placement=&#8221;left&#8221; content_max_width=&#8221;800px&#8221; _builder_version=&#8221;4.22.0&#8243; header_font=&#8221;PT Sans|700|||||||&#8221; header_text_color=&#8221;#000000&#8243; header_font_size=&#8221;17px&#8221; header_line_height=&#8221;1.9em&#8221; locked=&#8221;off&#8221; global_colors_info=&#8221;{}&#8221;][\/et_pb_blurb][et_pb_blurb title=&#8221;Stowarzyszeni e Centrum Wspierania Edukacji i Przedsiebiorcz Osci&#8221; url=&#8221;http:\/\/www.cwep.eu&#8221; url_new_window=&#8221;on&#8221; image=&#8221;https:\/\/rightchallenge.org\/wp-content\/uploads\/2023\/07\/pl-circle-01.png&#8221; icon_placement=&#8221;left&#8221; content_max_width=&#8221;800px&#8221; _builder_version=&#8221;4.22.0&#8243; header_font=&#8221;PT Sans|700|||||||&#8221; header_text_color=&#8221;#000000&#8243; header_font_size=&#8221;17px&#8221; header_line_height=&#8221;1.9em&#8221; locked=&#8221;off&#8221; global_colors_info=&#8221;{}&#8221;][\/et_pb_blurb][et_pb_blurb title=&#8221;Centre for Education&#8221; url=&#8221;http:\/\/www.centre4education.com\/&#8221; url_new_window=&#8221;on&#8221; image=&#8221;https:\/\/rightchallenge.org\/wp-content\/uploads\/2023\/07\/es-circle-01.png&#8221; icon_placement=&#8221;left&#8221; content_max_width=&#8221;800px&#8221; _builder_version=&#8221;4.22.0&#8243; header_font=&#8221;PT Sans|700|||||||&#8221; header_text_color=&#8221;#000000&#8243; header_font_size=&#8221;17px&#8221; header_line_height=&#8221;1.9em&#8221; locked=&#8221;off&#8221; global_colors_info=&#8221;{}&#8221;][\/et_pb_blurb][et_pb_blurb title=&#8221;Dekaplus Business Services LTD&#8221; url=&#8221;http:\/\/www.dekaplus.eu&#8221; url_new_window=&#8221;on&#8221; image=&#8221;https:\/\/rightchallenge.org\/wp-content\/uploads\/2023\/07\/flag-round-250-2.png&#8221; icon_placement=&#8221;left&#8221; content_max_width=&#8221;800px&#8221; _builder_version=&#8221;4.22.0&#8243; header_font=&#8221;PT Sans|700|||||||&#8221; header_text_color=&#8221;#000000&#8243; header_font_size=&#8221;17px&#8221; header_line_height=&#8221;1.9em&#8221; locked=&#8221;off&#8221; global_colors_info=&#8221;{}&#8221;][\/et_pb_blurb][et_pb_blurb title=&#8221;Istanbul Valiligi&#8221; url=&#8221;http:\/\/www.istanbul.gov.tr\/&#8221; url_new_window=&#8221;on&#8221; image=&#8221;https:\/\/rightchallenge.org\/wp-content\/uploads\/2023\/07\/tr-circle-01.png&#8221; icon_placement=&#8221;left&#8221; content_max_width=&#8221;800px&#8221; _builder_version=&#8221;4.22.0&#8243; header_font=&#8221;PT Sans|700|||||||&#8221; header_text_color=&#8221;#000000&#8243; header_font_size=&#8221;17px&#8221; header_line_height=&#8221;1.9em&#8221; locked=&#8221;off&#8221; global_colors_info=&#8221;{}&#8221;][\/et_pb_blurb][et_pb_blurb title=&#8221;Macdac Enginerring Consultancy Bureau LTD &#8211; MECB&#8221; url=&#8221;http:\/\/www.mecb.com.mt\/eu&#8221; url_new_window=&#8221;on&#8221; image=&#8221;https:\/\/rightchallenge.org\/wp-content\/uploads\/2023\/07\/flag-round-250-8.png&#8221; icon_placement=&#8221;left&#8221; content_max_width=&#8221;800px&#8221; _builder_version=&#8221;4.22.0&#8243; header_font=&#8221;PT Sans|700|||||||&#8221; header_text_color=&#8221;#000000&#8243; header_font_size=&#8221;17px&#8221; header_line_height=&#8221;1.9em&#8221; locked=&#8221;off&#8221; global_colors_info=&#8221;{}&#8221;][\/et_pb_blurb][et_pb_blurb title=&#8221;Website&#8221; url=&#8221;https:\/\/iadliber.erasmus.site\/pt\/&#8221; url_new_window=&#8221;on&#8221; image=&#8221;https:\/\/rightchallenge.org\/wp-content\/uploads\/2023\/07\/Design-sem-nome-1.png&#8221; icon_placement=&#8221;left&#8221; content_max_width=&#8221;800px&#8221; _builder_version=&#8221;4.22.0&#8243; header_font=&#8221;|700|||||||&#8221; header_text_align=&#8221;left&#8221; header_text_color=&#8221;#0C71C3&#8243; header_font_size=&#8221;18px&#8221; header_line_height=&#8221;1.9em&#8221; body_font=&#8221;|700|||||||&#8221; transform_translate=&#8221;0px|15px&#8221; custom_margin=&#8221;|||77px|false|false&#8221; custom_padding=&#8221;|||10px|false|false&#8221; link_option_url_new_window=&#8221;on&#8221; locked=&#8221;off&#8221; global_colors_info=&#8221;{}&#8221;][\/et_pb_blurb][et_pb_blurb title=&#8221;Facebook&#8221; url=&#8221;https:\/\/www.facebook.com\/profile.php?id=100089186394498&#8243; url_new_window=&#8221;on&#8221; image=&#8221;https:\/\/rightchallenge.org\/wp-content\/uploads\/2023\/07\/5968764.png&#8221; icon_placement=&#8221;left&#8221; content_max_width=&#8221;800px&#8221; _builder_version=&#8221;4.21.0&#8243; header_font=&#8221;|700|||||||&#8221; header_text_align=&#8221;left&#8221; header_text_color=&#8221;#0C71C3&#8243; header_font_size=&#8221;18px&#8221; header_line_height=&#8221;1.9em&#8221; body_font=&#8221;|700|||||||&#8221; custom_margin=&#8221;|||77px|false|false&#8221; custom_padding=&#8221;|||10px|false|false&#8221; locked=&#8221;off&#8221; global_colors_info=&#8221;{}&#8221;][\/et_pb_blurb][et_pb_blurb title=&#8221;LinkedIn&#8221; url=&#8221;https:\/\/www.linkedin.com\/company\/iadliber-project\/&#8221; url_new_window=&#8221;on&#8221; image=&#8221;https:\/\/rightchallenge.org\/wp-content\/uploads\/2023\/07\/LinkedIn_icon_circle.svg_.png&#8221; icon_placement=&#8221;left&#8221; content_max_width=&#8221;800px&#8221; _builder_version=&#8221;4.21.0&#8243; header_font=&#8221;|700|||||||&#8221; header_text_align=&#8221;left&#8221; header_text_color=&#8221;#0C71C3&#8243; header_font_size=&#8221;18px&#8221; header_line_height=&#8221;1.9em&#8221; body_font=&#8221;|700|||||||&#8221; custom_margin=&#8221;-20px|||88px|false|false&#8221; locked=&#8221;off&#8221; global_colors_info=&#8221;{}&#8221;][\/et_pb_blurb][\/et_pb_column][\/et_pb_row][\/et_pb_section]<\/p>\n","protected":false},"excerpt":{"rendered":"<p>O projeto &#8220;IADliber &#8211; Raising competences of adult educators as a means for adults liberation from internet addiction disorder&#8221; visa apoiar os educadores adultos que t\u00eam menos oportunidades nos seus esfor\u00e7os para melhorar as suas capacidades de diagn\u00f3stico e combater a adi\u00e7\u00e3o da Internet. A adi\u00e7\u00e3o da Internet \u00e9 um termo amplo que abrange uma [&hellip;]<\/p>\n","protected":false},"author":2,"featured_media":0,"parent":0,"menu_order":0,"comment_status":"closed","ping_status":"closed","template":"","meta":{"_et_pb_use_builder":"on","_et_pb_old_content":"","_et_gb_content_width":"","_monsterinsights_skip_tracking":false,"_monsterinsights_sitenote_active":false,"_monsterinsights_sitenote_note":"","_monsterinsights_sitenote_category":0,"footnotes":""},"class_list":["post-2487","page","type-page","status-publish","hentry"],"yoast_head":"<!-- This site is optimized with the Yoast SEO plugin v27.5 - https:\/\/yoast.com\/product\/yoast-seo-wordpress\/ -->\n<title>IADLiber Project - Rightchallenge<\/title>\n<meta name=\"robots\" content=\"index, follow, max-snippet:-1, max-image-preview:large, max-video-preview:-1\" \/>\n<link rel=\"canonical\" href=\"https:\/\/rightchallenge.org\/en\/iadliber-project\/\" \/>\n<meta property=\"og:locale\" content=\"en_GB\" \/>\n<meta property=\"og:type\" content=\"article\" \/>\n<meta property=\"og:title\" content=\"IADLiber Project - Rightchallenge\" \/>\n<meta property=\"og:description\" content=\"O projeto &quot;IADliber - Raising competences of adult educators as a means for adults liberation from internet addiction disorder&quot; visa apoiar os educadores adultos que t\u00eam menos oportunidades nos seus esfor\u00e7os para melhorar as suas capacidades de diagn\u00f3stico e combater a adi\u00e7\u00e3o da Internet. A adi\u00e7\u00e3o da Internet \u00e9 um termo amplo que abrange uma [&hellip;]\" \/>\n<meta property=\"og:url\" content=\"https:\/\/rightchallenge.org\/en\/iadliber-project\/\" \/>\n<meta property=\"og:site_name\" content=\"Rightchallenge\" \/>\n<meta property=\"article:modified_time\" content=\"2024-06-17T09:02:22+00:00\" \/>\n<meta name=\"twitter:card\" content=\"summary_large_image\" \/>\n<meta name=\"twitter:label1\" content=\"Estimated reading time\" \/>\n\t<meta name=\"twitter:data1\" content=\"3 minutes\" \/>\n<script type=\"application\/ld+json\" class=\"yoast-schema-graph\">{\"@context\":\"https:\\\/\\\/schema.org\",\"@graph\":[{\"@type\":\"WebPage\",\"@id\":\"https:\\\/\\\/rightchallenge.org\\\/iadliber-project\\\/\",\"url\":\"https:\\\/\\\/rightchallenge.org\\\/iadliber-project\\\/\",\"name\":\"IADLiber Project - Rightchallenge\",\"isPartOf\":{\"@id\":\"https:\\\/\\\/rightchallenge.org\\\/#website\"},\"datePublished\":\"2023-03-07T17:40:09+00:00\",\"dateModified\":\"2024-06-17T09:02:22+00:00\",\"breadcrumb\":{\"@id\":\"https:\\\/\\\/rightchallenge.org\\\/iadliber-project\\\/#breadcrumb\"},\"inLanguage\":\"en-GB\",\"potentialAction\":[{\"@type\":\"ReadAction\",\"target\":[\"https:\\\/\\\/rightchallenge.org\\\/iadliber-project\\\/\"]}]},{\"@type\":\"BreadcrumbList\",\"@id\":\"https:\\\/\\\/rightchallenge.org\\\/iadliber-project\\\/#breadcrumb\",\"itemListElement\":[{\"@type\":\"ListItem\",\"position\":1,\"name\":\"In\u00edcio\",\"item\":\"https:\\\/\\\/rightchallenge.org\\\/\"},{\"@type\":\"ListItem\",\"position\":2,\"name\":\"IADLiber Project\"}]},{\"@type\":\"WebSite\",\"@id\":\"https:\\\/\\\/rightchallenge.org\\\/#website\",\"url\":\"https:\\\/\\\/rightchallenge.org\\\/\",\"name\":\"Rightchallenge\",\"description\":\"Associa\u00e7\u00e3o\",\"potentialAction\":[{\"@type\":\"SearchAction\",\"target\":{\"@type\":\"EntryPoint\",\"urlTemplate\":\"https:\\\/\\\/rightchallenge.org\\\/?s={search_term_string}\"},\"query-input\":{\"@type\":\"PropertyValueSpecification\",\"valueRequired\":true,\"valueName\":\"search_term_string\"}}],\"inLanguage\":\"en-GB\"}]}<\/script>\n<!-- \/ Yoast SEO plugin. -->","yoast_head_json":{"title":"IADLiber Project - Rightchallenge","robots":{"index":"index","follow":"follow","max-snippet":"max-snippet:-1","max-image-preview":"max-image-preview:large","max-video-preview":"max-video-preview:-1"},"canonical":"https:\/\/rightchallenge.org\/en\/iadliber-project\/","og_locale":"en_GB","og_type":"article","og_title":"IADLiber Project - Rightchallenge","og_description":"O projeto \"IADliber - Raising competences of adult educators as a means for adults liberation from internet addiction disorder\" visa apoiar os educadores adultos que t\u00eam menos oportunidades nos seus esfor\u00e7os para melhorar as suas capacidades de diagn\u00f3stico e combater a adi\u00e7\u00e3o da Internet. A adi\u00e7\u00e3o da Internet \u00e9 um termo amplo que abrange uma [&hellip;]","og_url":"https:\/\/rightchallenge.org\/en\/iadliber-project\/","og_site_name":"Rightchallenge","article_modified_time":"2024-06-17T09:02:22+00:00","twitter_card":"summary_large_image","twitter_misc":{"Estimated reading time":"3 minutes"},"schema":{"@context":"https:\/\/schema.org","@graph":[{"@type":"WebPage","@id":"https:\/\/rightchallenge.org\/iadliber-project\/","url":"https:\/\/rightchallenge.org\/iadliber-project\/","name":"IADLiber Project - Rightchallenge","isPartOf":{"@id":"https:\/\/rightchallenge.org\/#website"},"datePublished":"2023-03-07T17:40:09+00:00","dateModified":"2024-06-17T09:02:22+00:00","breadcrumb":{"@id":"https:\/\/rightchallenge.org\/iadliber-project\/#breadcrumb"},"inLanguage":"en-GB","potentialAction":[{"@type":"ReadAction","target":["https:\/\/rightchallenge.org\/iadliber-project\/"]}]},{"@type":"BreadcrumbList","@id":"https:\/\/rightchallenge.org\/iadliber-project\/#breadcrumb","itemListElement":[{"@type":"ListItem","position":1,"name":"In\u00edcio","item":"https:\/\/rightchallenge.org\/"},{"@type":"ListItem","position":2,"name":"IADLiber Project"}]},{"@type":"WebSite","@id":"https:\/\/rightchallenge.org\/#website","url":"https:\/\/rightchallenge.org\/","name":"Rightchallenge","description":"Associa\u00e7\u00e3o","potentialAction":[{"@type":"SearchAction","target":{"@type":"EntryPoint","urlTemplate":"https:\/\/rightchallenge.org\/?s={search_term_string}"},"query-input":{"@type":"PropertyValueSpecification","valueRequired":true,"valueName":"search_term_string"}}],"inLanguage":"en-GB"}]}},"_links":{"self":[{"href":"https:\/\/rightchallenge.org\/en\/wp-json\/wp\/v2\/pages\/2487","targetHints":{"allow":["GET"]}}],"collection":[{"href":"https:\/\/rightchallenge.org\/en\/wp-json\/wp\/v2\/pages"}],"about":[{"href":"https:\/\/rightchallenge.org\/en\/wp-json\/wp\/v2\/types\/page"}],"author":[{"embeddable":true,"href":"https:\/\/rightchallenge.org\/en\/wp-json\/wp\/v2\/users\/2"}],"replies":[{"embeddable":true,"href":"https:\/\/rightchallenge.org\/en\/wp-json\/wp\/v2\/comments?post=2487"}],"version-history":[{"count":12,"href":"https:\/\/rightchallenge.org\/en\/wp-json\/wp\/v2\/pages\/2487\/revisions"}],"predecessor-version":[{"id":3943,"href":"https:\/\/rightchallenge.org\/en\/wp-json\/wp\/v2\/pages\/2487\/revisions\/3943"}],"wp:attachment":[{"href":"https:\/\/rightchallenge.org\/en\/wp-json\/wp\/v2\/media?parent=2487"}],"curies":[{"name":"wp","href":"https:\/\/api.w.org\/{rel}","templated":true}]}}