{"id":2471,"date":"2023-03-03T12:07:35","date_gmt":"2023-03-03T11:07:35","guid":{"rendered":"https:\/\/rightchallenge.org\/?page_id=2471"},"modified":"2023-03-03T12:11:15","modified_gmt":"2023-03-03T11:11:15","slug":"politica-de-cookies","status":"publish","type":"page","link":"https:\/\/rightchallenge.org\/en\/politica-de-cookies\/","title":{"rendered":"Cookie Policy"},"content":{"rendered":"<p>[et_pb_section fb_built=&#8221;1&#8243; _builder_version=&#8221;4.16&#8243; _module_preset=&#8221;default&#8221; global_colors_info=&#8221;{}&#8221;][et_pb_row _builder_version=&#8221;4.16&#8243; _module_preset=&#8221;default&#8221; global_colors_info=&#8221;{}&#8221;][et_pb_column type=&#8221;4_4&#8243; _builder_version=&#8221;4.16&#8243; _module_preset=&#8221;default&#8221; global_colors_info=&#8221;{}&#8221;][et_pb_text _builder_version=&#8221;4.20.0&#8243; _module_preset=&#8221;default&#8221; text_font_size=&#8221;14px&#8221; text_orientation=&#8221;justified&#8221; global_colors_info=&#8221;{}&#8221;]<\/p>\n<p><strong>POL\u00cdTICA DE COOKIES<\/strong><\/p>\n<p>by Rightchallenge | Mar\u00e7o 3, 2023<\/p>\n<p>&nbsp;<\/p>\n<p>\u00daltima atualiza\u00e7\u00e3o: 03\/03\/2023<\/p>\n<p>&nbsp;<\/p>\n<p><strong>O que s\u00e3o Cookies? <\/strong><\/p>\n<p>Os cookies s\u00e3o pequenos ficheiros de texto enviados para o seu computador ou dispositivo m\u00f3vel quando visita websites. Os cookies ajudam os websites a armazenar e recuperar informa\u00e7\u00e3o sobre os seus h\u00e1bitos de navega\u00e7\u00e3o por forma a personalizar a navega\u00e7\u00e3o de acordo com as suas prefer\u00eancias\u200b<\/p>\n<p><strong>Que tipos de cookies utiliza o nosso website?<\/strong><\/p>\n<p><strong>Cookies de sess\u00e3o: <\/strong>s\u00e3o cookies tempor\u00e1rias que permanecem em arquivo de cookies do navegador at\u00e9 que este abandone a p\u00e1gina web, pelo que n\u00e3o fica qualquer registo no disco r\u00edgido do utilizador. A Informa\u00e7\u00e3o recolhida por estes cookies servem para analisar padr\u00f5es de tr\u00e1fego do site. Em \u00faltima an\u00e1lise, isso permite-nos melhorar o conte\u00fado e melhorar a usabilidade do site.<\/p>\n<p><strong>Cookies de an\u00e1lise: <\/strong>S\u00e3o aqueles que bem tratados por n\u00f3s ou por terceiros, nos permitem quantificar o n\u00famero de utilizadores e realizar a medi\u00e7\u00e3o e an\u00e1lise estat\u00edstica de como os utilizadores usam o servi\u00e7o oferecido. Examinamos a sua navega\u00e7\u00e3o no nosso site, com o objetivo de melhorar o fornecimento dos servi\u00e7os que lhe disponibilizamos.<\/p>\n<p><strong>Cookies publicit\u00e1rias: <\/strong>S\u00e3o aqueles que tratadas por n\u00f3s ou por terceiros, nos permitem gerir de uma forma mais eficaz a oferta de espa\u00e7os publicit\u00e1rios que existem no site, podendo analisar os seus h\u00e1bitos de navega\u00e7\u00e3o e mostrar-lhe publicidade relacionada com o seu perfil de navega\u00e7\u00e3o.<\/p>\n<p><strong>Quais s\u00e3o os cookies que utilizamos no nosso site? <\/strong><\/p>\n<p>Cookies pr\u00f3prias:<\/p>\n<ul>\n<li>Cookies de sess\u00e3o<\/li>\n<li>Armazenam a informa\u00e7\u00e3o de categoria para mostrar as p\u00e1ginas de forma mais r\u00e1pida<\/li>\n<li>Indicam se est\u00e1 atualmente logado no site<\/li>\n<li>IDs de sess\u00e3o no servidor<\/li>\n<li>Informa\u00e7\u00f5es sobre pesquisas<\/li>\n<li>Indicam se o utilizador autoriza o uso de cookies<\/li>\n<\/ul>\n<p>Cookies de terceiros:<\/p>\n<ul>\n<li>Utilizados para distinguir utilizadores e sess\u00f5es<\/li>\n<li>Utilizadas para determinar novas visitas, sess\u00f5es<\/li>\n<li>Armazenam a fonte de tr\u00e1fego para explicar como o utilizador chega ao site<\/li>\n<li>Utilizam-se para identificar utilizadores e prevenir usos fraudulentos de dados de utilizadores e proteger dados de utilizadores de terceiros<\/li>\n<li>Utilizadas para personalizar publicidade em redes de Publisher<\/li>\n<li>Permitem ao site recordar prefer\u00eancias de navega\u00e7\u00e3o, idioma, regi\u00e3o<\/li>\n<\/ul>\n<p>Outras:<\/p>\n<ul>\n<li>Anal\u00edticas web e v\u00eddeos<\/li>\n<li>Determina que servidor mostra a informa\u00e7\u00e3o ao utilizador<\/li>\n<li>Segue as sess\u00f5es ativas<\/li>\n<li>Determina se as cookies est\u00e3o ativas<\/li>\n<li>Mede o tempo de resposta dos utilizadores<\/li>\n<li>Identifica quantas vezes nos visitou um utilizador<\/li>\n<li>Permitem saber se \u00e9 a primeira visita ao site ou n\u00e3o<\/li>\n<\/ul>\n<p>\u00a0\u00a0\u00a0 <strong>O que implica n\u00e3o autorizar o uso de cookies?<\/strong><\/p>\n<p>Se preferir n\u00e3o permitir cookies tem a possibilidade de desativar os cookies no navegador de internet (browser) que utiliza, mas dever\u00e1 ter em conta que poder\u00e1 impedir que algumas p\u00e1ginas Web sejam apresentadas corretamente.<\/p>\n<p><strong>\u00a0Como configurar o meu navegador?<\/strong><\/p>\n<p><strong>Google Chrome<\/strong><\/p>\n<ol>\n<li>Clique no \u00edcone do menu do Google Chrome.<\/li>\n<li>Selecione Configura\u00e7\u00f5es.<\/li>\n<li>Na parte inferior da p\u00e1gina, clique em Mostrar configura\u00e7\u00f5es avan\u00e7adas.<\/li>\n<li>Na se\u00e7\u00e3o &#8220;Privacidade&#8221;, clique em Configura\u00e7\u00f5es de conte\u00fado.<\/li>\n<li>Ativar ou desativar cookies:<\/li>\n<ol>\n<li>Para ativar os cookies, selecione Permitir a configura\u00e7\u00e3o de dados locais (recomendado).<\/li>\n<li>Para desativar os cookies, selecione Bloquear as configura\u00e7\u00f5es de quaisquer dados por sites.<\/li>\n<\/ol>\n<\/ol>\n<p>&nbsp;<\/p>\n<p><strong>Internet Explorer<\/strong><\/p>\n<ol>\n<li>Abrir o Internet Explorer clicando no bot\u00e3o Iniciar\u00a0 e, em seguida, clicando em Internet Explorer.<\/li>\n<li>Clique no bot\u00e3o Ferramentas e, em seguida, clique em Op\u00e7\u00f5es da Internet.<\/li>\n<li>Clique no separador Privacidade e, em Defini\u00e7\u00f5es, mova o controlo de deslize para o topo para bloquear todos os cookies ou para o fundo para permitir todos os cookies e, em seguida, clique em OK.<\/li>\n<\/ol>\n<p><strong>Firefox<\/strong><\/p>\n<ol>\n<li>Selecione Ferramentas &gt; Op\u00e7\u00f5es e aceda ao painel Privacidade.<\/li>\n<li>No menu Guardar at\u00e9, selecione a op\u00e7\u00e3o fechar o Firefox.<\/li>\n<\/ol>\n<p>Se deseja permitir aos sites em que confia a possibilidade de armazenar cookies permanentemente (por exemplo, para permitir a autentica\u00e7\u00e3o autom\u00e1tica num determinado site), pressione Exce\u00e7\u00f5es\u2026 introduza o endere\u00e7o do site e pressione Permitir.<\/p>\n<p>&nbsp;<\/p>\n<p><strong>Safari<\/strong><\/p>\n<ol>\n<li>Clique em &#8220;Edit&#8221; (Editar);<\/li>\n<li>Selecione &#8220;Preferences&#8221; (Prefer\u00eancias);<\/li>\n<li>No painel superior, selecione o \u00edcone &#8220;Security&#8221; (Seguran\u00e7a)<\/li>\n<li>Na sec\u00e7\u00e3o &#8220;Accept Cookies&#8221; (Aceitar cookies), selecione &#8220;Never&#8221;(Nunca).<\/li>\n<\/ol>\n<p>&nbsp;<\/p>\n<p><strong>Opera<\/strong><\/p>\n<ol>\n<li>Clique em Settings<\/li>\n<li>Selecione Preferences &gt; Advanced &gt; Cookies &gt; Enable or disable cookies<\/li>\n<\/ol>\n<p>&nbsp;<\/p>\n<p>[\/et_pb_text][\/et_pb_column][\/et_pb_row][\/et_pb_section]<\/p>\n","protected":false},"excerpt":{"rendered":"<p>POL\u00cdTICA DE COOKIES by Rightchallenge | Mar\u00e7o 3, 2023 &nbsp; \u00daltima atualiza\u00e7\u00e3o: 03\/03\/2023 &nbsp; O que s\u00e3o Cookies? Os cookies s\u00e3o pequenos ficheiros de texto enviados para o seu computador ou dispositivo m\u00f3vel quando visita websites. Os cookies ajudam os websites a armazenar e recuperar informa\u00e7\u00e3o sobre os seus h\u00e1bitos de navega\u00e7\u00e3o por forma a [&hellip;]<\/p>\n","protected":false},"author":2,"featured_media":0,"parent":0,"menu_order":0,"comment_status":"closed","ping_status":"closed","template":"","meta":{"_et_pb_use_builder":"on","_et_pb_old_content":"","_et_gb_content_width":"","_monsterinsights_skip_tracking":false,"_monsterinsights_sitenote_active":false,"_monsterinsights_sitenote_note":"","_monsterinsights_sitenote_category":0,"footnotes":""},"class_list":["post-2471","page","type-page","status-publish","hentry"],"yoast_head":"<!-- This site is optimized with the Yoast SEO plugin v27.4 - https:\/\/yoast.com\/product\/yoast-seo-wordpress\/ -->\n<title>Pol\u00edtica de Cookies - Rightchallenge<\/title>\n<meta name=\"robots\" content=\"index, follow, max-snippet:-1, max-image-preview:large, max-video-preview:-1\" \/>\n<link rel=\"canonical\" href=\"https:\/\/rightchallenge.org\/en\/politica-de-cookies\/\" \/>\n<meta property=\"og:locale\" content=\"en_GB\" \/>\n<meta property=\"og:type\" content=\"article\" \/>\n<meta property=\"og:title\" content=\"Pol\u00edtica de Cookies - Rightchallenge\" \/>\n<meta property=\"og:description\" content=\"POL\u00cdTICA DE COOKIES by Rightchallenge | Mar\u00e7o 3, 2023 &nbsp; \u00daltima atualiza\u00e7\u00e3o: 03\/03\/2023 &nbsp; O que s\u00e3o Cookies? Os cookies s\u00e3o pequenos ficheiros de texto enviados para o seu computador ou dispositivo m\u00f3vel quando visita websites. Os cookies ajudam os websites a armazenar e recuperar informa\u00e7\u00e3o sobre os seus h\u00e1bitos de navega\u00e7\u00e3o por forma a [&hellip;]\" \/>\n<meta property=\"og:url\" content=\"https:\/\/rightchallenge.org\/en\/politica-de-cookies\/\" \/>\n<meta property=\"og:site_name\" content=\"Rightchallenge\" \/>\n<meta property=\"article:modified_time\" content=\"2023-03-03T11:11:15+00:00\" \/>\n<meta name=\"twitter:card\" content=\"summary_large_image\" \/>\n<meta name=\"twitter:label1\" content=\"Estimated reading time\" \/>\n\t<meta name=\"twitter:data1\" content=\"7 minutes\" \/>\n<script type=\"application\/ld+json\" class=\"yoast-schema-graph\">{\"@context\":\"https:\\\/\\\/schema.org\",\"@graph\":[{\"@type\":\"WebPage\",\"@id\":\"https:\\\/\\\/rightchallenge.org\\\/politica-de-cookies\\\/\",\"url\":\"https:\\\/\\\/rightchallenge.org\\\/politica-de-cookies\\\/\",\"name\":\"Pol\u00edtica de Cookies - Rightchallenge\",\"isPartOf\":{\"@id\":\"https:\\\/\\\/rightchallenge.org\\\/#website\"},\"datePublished\":\"2023-03-03T11:07:35+00:00\",\"dateModified\":\"2023-03-03T11:11:15+00:00\",\"breadcrumb\":{\"@id\":\"https:\\\/\\\/rightchallenge.org\\\/politica-de-cookies\\\/#breadcrumb\"},\"inLanguage\":\"en-GB\",\"potentialAction\":[{\"@type\":\"ReadAction\",\"target\":[\"https:\\\/\\\/rightchallenge.org\\\/politica-de-cookies\\\/\"]}]},{\"@type\":\"BreadcrumbList\",\"@id\":\"https:\\\/\\\/rightchallenge.org\\\/politica-de-cookies\\\/#breadcrumb\",\"itemListElement\":[{\"@type\":\"ListItem\",\"position\":1,\"name\":\"In\u00edcio\",\"item\":\"https:\\\/\\\/rightchallenge.org\\\/\"},{\"@type\":\"ListItem\",\"position\":2,\"name\":\"Pol\u00edtica de Cookies\"}]},{\"@type\":\"WebSite\",\"@id\":\"https:\\\/\\\/rightchallenge.org\\\/#website\",\"url\":\"https:\\\/\\\/rightchallenge.org\\\/\",\"name\":\"Rightchallenge\",\"description\":\"Associa\u00e7\u00e3o\",\"potentialAction\":[{\"@type\":\"SearchAction\",\"target\":{\"@type\":\"EntryPoint\",\"urlTemplate\":\"https:\\\/\\\/rightchallenge.org\\\/?s={search_term_string}\"},\"query-input\":{\"@type\":\"PropertyValueSpecification\",\"valueRequired\":true,\"valueName\":\"search_term_string\"}}],\"inLanguage\":\"en-GB\"}]}<\/script>\n<!-- \/ Yoast SEO plugin. -->","yoast_head_json":{"title":"Pol\u00edtica de Cookies - Rightchallenge","robots":{"index":"index","follow":"follow","max-snippet":"max-snippet:-1","max-image-preview":"max-image-preview:large","max-video-preview":"max-video-preview:-1"},"canonical":"https:\/\/rightchallenge.org\/en\/politica-de-cookies\/","og_locale":"en_GB","og_type":"article","og_title":"Pol\u00edtica de Cookies - Rightchallenge","og_description":"POL\u00cdTICA DE COOKIES by Rightchallenge | Mar\u00e7o 3, 2023 &nbsp; \u00daltima atualiza\u00e7\u00e3o: 03\/03\/2023 &nbsp; O que s\u00e3o Cookies? Os cookies s\u00e3o pequenos ficheiros de texto enviados para o seu computador ou dispositivo m\u00f3vel quando visita websites. Os cookies ajudam os websites a armazenar e recuperar informa\u00e7\u00e3o sobre os seus h\u00e1bitos de navega\u00e7\u00e3o por forma a [&hellip;]","og_url":"https:\/\/rightchallenge.org\/en\/politica-de-cookies\/","og_site_name":"Rightchallenge","article_modified_time":"2023-03-03T11:11:15+00:00","twitter_card":"summary_large_image","twitter_misc":{"Estimated reading time":"7 minutes"},"schema":{"@context":"https:\/\/schema.org","@graph":[{"@type":"WebPage","@id":"https:\/\/rightchallenge.org\/politica-de-cookies\/","url":"https:\/\/rightchallenge.org\/politica-de-cookies\/","name":"Pol\u00edtica de Cookies - Rightchallenge","isPartOf":{"@id":"https:\/\/rightchallenge.org\/#website"},"datePublished":"2023-03-03T11:07:35+00:00","dateModified":"2023-03-03T11:11:15+00:00","breadcrumb":{"@id":"https:\/\/rightchallenge.org\/politica-de-cookies\/#breadcrumb"},"inLanguage":"en-GB","potentialAction":[{"@type":"ReadAction","target":["https:\/\/rightchallenge.org\/politica-de-cookies\/"]}]},{"@type":"BreadcrumbList","@id":"https:\/\/rightchallenge.org\/politica-de-cookies\/#breadcrumb","itemListElement":[{"@type":"ListItem","position":1,"name":"In\u00edcio","item":"https:\/\/rightchallenge.org\/"},{"@type":"ListItem","position":2,"name":"Pol\u00edtica de Cookies"}]},{"@type":"WebSite","@id":"https:\/\/rightchallenge.org\/#website","url":"https:\/\/rightchallenge.org\/","name":"Rightchallenge","description":"Associa\u00e7\u00e3o","potentialAction":[{"@type":"SearchAction","target":{"@type":"EntryPoint","urlTemplate":"https:\/\/rightchallenge.org\/?s={search_term_string}"},"query-input":{"@type":"PropertyValueSpecification","valueRequired":true,"valueName":"search_term_string"}}],"inLanguage":"en-GB"}]}},"_links":{"self":[{"href":"https:\/\/rightchallenge.org\/en\/wp-json\/wp\/v2\/pages\/2471","targetHints":{"allow":["GET"]}}],"collection":[{"href":"https:\/\/rightchallenge.org\/en\/wp-json\/wp\/v2\/pages"}],"about":[{"href":"https:\/\/rightchallenge.org\/en\/wp-json\/wp\/v2\/types\/page"}],"author":[{"embeddable":true,"href":"https:\/\/rightchallenge.org\/en\/wp-json\/wp\/v2\/users\/2"}],"replies":[{"embeddable":true,"href":"https:\/\/rightchallenge.org\/en\/wp-json\/wp\/v2\/comments?post=2471"}],"version-history":[{"count":3,"href":"https:\/\/rightchallenge.org\/en\/wp-json\/wp\/v2\/pages\/2471\/revisions"}],"predecessor-version":[{"id":2478,"href":"https:\/\/rightchallenge.org\/en\/wp-json\/wp\/v2\/pages\/2471\/revisions\/2478"}],"wp:attachment":[{"href":"https:\/\/rightchallenge.org\/en\/wp-json\/wp\/v2\/media?parent=2471"}],"curies":[{"name":"wp","href":"https:\/\/api.w.org\/{rel}","templated":true}]}}