{"id":2454,"date":"2023-01-13T13:02:11","date_gmt":"2023-01-13T12:02:11","guid":{"rendered":"https:\/\/rightchallenge.org\/?page_id=2454"},"modified":"2023-08-14T17:31:36","modified_gmt":"2023-08-14T16:31:36","slug":"whow-women-home-working","status":"publish","type":"page","link":"https:\/\/rightchallenge.org\/en\/whow-women-home-working\/","title":{"rendered":"WHOW &#8211; Women Home Working"},"content":{"rendered":"<p>[et_pb_section fb_built=&#8221;1&#8243; admin_label=&#8221;Header&#8221; _builder_version=&#8221;4.16&#8243; global_colors_info=&#8221;{}&#8221;][et_pb_row column_structure=&#8221;3_5,2_5&#8243; custom_padding_last_edited=&#8221;off|desktop&#8221; _builder_version=&#8221;4.16&#8243; background_enable_color=&#8221;off&#8221; custom_padding_tablet=&#8221;||30px||false|false&#8221; locked=&#8221;off&#8221; global_colors_info=&#8221;{}&#8221;][et_pb_column type=&#8221;3_5&#8243; _builder_version=&#8221;4.16&#8243; custom_padding_tablet=&#8221;||20px||false|false&#8221; custom_padding_phone=&#8221;&#8221; custom_padding_last_edited=&#8221;on|tablet&#8221; global_colors_info=&#8221;{}&#8221;][et_pb_image src=&#8221;https:\/\/rightchallenge.org\/wp-content\/uploads\/2023\/01\/whow-esecutivo.jpg&#8221; title_text=&#8221;whow esecutivo&#8221; align=&#8221;center&#8221; _builder_version=&#8221;4.19.4&#8243; width=&#8221;49%&#8221; global_colors_info=&#8221;{}&#8221;][\/et_pb_image][et_pb_text _builder_version=&#8221;4.21.2&#8243; text_font=&#8221;PT Sans||||||||&#8221; text_text_color=&#8221;#000000&#8243; text_font_size=&#8221;15px&#8221; text_line_height=&#8221;1.9em&#8221; global_colors_info=&#8221;{}&#8221;]<\/p>\n<p style=\"text-align: justify;\">O projeto &#8220;<strong>WHOW &#8211; Women Home Working&#8221;<\/strong> centra-se nos jovens, particularmente nas <strong>mulheres jovens<\/strong> que se tornaram m\u00e3es\u00a0 muito novas e que sofreram uma interrup\u00e7\u00e3o na sua educa\u00e7\u00e3o, forma\u00e7\u00e3o, ou percurso profissional.<\/p>\n<p style=\"text-align: justify;\">Esta pausa traduziu-se em compet\u00eancias e\u00a0conhecimentos que precisam de ser completados ou atualizados para voltarem a entrar no mercado de trabalho.<\/p>\n<p style=\"text-align: justify;\">A forma\u00e7\u00e3o digital e de secretariado proposta pelo projecto WHOW oferece os conhecimentos necess\u00e1rios para conduzir atividades a partir das suas casas e permite a estas jovens m\u00e3es iniciar uma atividade online, quer como trabalhadoras por conta de outrem, quer como trabalhadoras independentes.<\/p>\n<p style=\"text-align: justify;\">Por conseguinte, o projeto retoma o tema da empregabilidade das mulheres e da igualdade de acesso \u00e0 forma\u00e7\u00e3o como jovens m\u00e3es. De facto, estas jovens m\u00e3es est\u00e3o por vezes em transi\u00e7\u00e3o ap\u00f3s a sua maternidade e o regresso ao mercado de trabalho pode ser dificil.<\/p>\n<p style=\"text-align: justify;\">O projecto WHOW aborda esta lacuna ao oferecer forma\u00e7\u00e3o em compet\u00eancias digitais e de secretariado, que foram muito populares durante a pandemia. O projecto WHOW prop\u00f5e ainda um aspeto inovador que consiste em oferecer uma resposta ao problema dos cuidados infantis.<\/p>\n<p><span><span style=\"color: #000000;\"><strong>Este projeto \u00e9 apoiado no \u00e2mbito do programa europeu Erasmus+<\/strong><\/span><\/span><\/p>\n<p>[\/et_pb_text][\/et_pb_column][et_pb_column type=&#8221;2_5&#8243; _builder_version=&#8221;4.16&#8243; background_color=&#8221;#ffffff&#8221; custom_padding=&#8221;50px|40px|60px|40px|false|true&#8221; custom_padding_tablet=&#8221;|50px||50px|false|true&#8221; custom_padding_phone=&#8221;&#8221; custom_padding_last_edited=&#8221;on|tablet&#8221; border_radii=&#8221;on|10px|10px|10px|10px&#8221; box_shadow_style=&#8221;preset1&#8243; box_shadow_color=&#8221;rgba(12,113,195,0.13)&#8221; global_colors_info=&#8221;{}&#8221;][et_pb_image src=&#8221;https:\/\/rightchallenge.org\/wp-content\/uploads\/2023\/07\/PT_Co-fundedbytheEU_RGB_POS.png&#8221; title_text=&#8221;PT_Co-fundedbytheEU_RGB_POS&#8221; align=&#8221;center&#8221; _builder_version=&#8221;4.21.2&#8243; max_width=&#8221;70%&#8221; global_colors_info=&#8221;{}&#8221;][\/et_pb_image][et_pb_text _builder_version=&#8221;4.16&#8243; custom_margin=&#8221;||13px|||&#8221; custom_padding=&#8221;16px|||||&#8221; global_colors_info=&#8221;{}&#8221;]<\/p>\n<h3 style=\"text-align: center;\">Parceiros<\/h3>\n<p>[\/et_pb_text][et_pb_blurb title=&#8221;Gip Formation ET Insertion Profissionnelle de L&#8217;Academie de Nice&#8221; url=&#8221;https:\/\/forpro-paca.com\/GIP-FIPAN.html&#8221; url_new_window=&#8221;on&#8221; image=&#8221;https:\/\/rightchallenge.org\/wp-content\/uploads\/2023\/01\/bandeira-redonda-de-france-icone-do-vetor-da-franca-121295212.jpg&#8221; icon_placement=&#8221;left&#8221; content_max_width=&#8221;800px&#8221; _builder_version=&#8221;4.22.0&#8243; header_font=&#8221;PT Sans|700|||||||&#8221; header_text_color=&#8221;#000000&#8243; header_font_size=&#8221;17px&#8221; header_line_height=&#8221;1.9em&#8221; locked=&#8221;off&#8221; global_colors_info=&#8221;{}&#8221;][\/et_pb_blurb][et_pb_blurb title=&#8221;Exeo Lab Srl&#8221; url=&#8221;http:\/\/www.exeolab.it&#8221; url_new_window=&#8221;on&#8221; image=&#8221;https:\/\/rightchallenge.org\/wp-content\/uploads\/2022\/10\/bandeira-redonda-de-italy-134105867.jpg&#8221; icon_placement=&#8221;left&#8221; content_max_width=&#8221;800px&#8221; _builder_version=&#8221;4.21.2&#8243; header_font=&#8221;PT Sans|700|||||||&#8221; header_text_color=&#8221;#000000&#8243; header_font_size=&#8221;17px&#8221; header_line_height=&#8221;1.9em&#8221; locked=&#8221;off&#8221; global_colors_info=&#8221;{}&#8221;][\/et_pb_blurb][et_pb_blurb title=&#8221;Synthesis Center For Research and Education Limited&#8221; url=&#8221;https:\/\/www.synthesis-center.org\/&#8221; url_new_window=&#8221;on&#8221; image=&#8221;https:\/\/rightchallenge.org\/wp-content\/uploads\/2022\/10\/bola-de-vidro-com-bandeira-chipre-icone-modelo-esfera-redonda-simbolo-nacional-esferas-d-abstratas-realistas-brilhantes-219867208.jpg&#8221; icon_placement=&#8221;left&#8221; content_max_width=&#8221;800px&#8221; _builder_version=&#8221;4.22.0&#8243; header_font=&#8221;PT Sans|700|||||||&#8221; header_text_color=&#8221;#000000&#8243; header_font_size=&#8221;17px&#8221; header_line_height=&#8221;1.9em&#8221; locked=&#8221;off&#8221; global_colors_info=&#8221;{}&#8221;][\/et_pb_blurb][et_pb_blurb title=&#8221;DRAMBLYS&#8221; url=&#8221;https:\/\/dramblys.org\/&#8221; url_new_window=&#8221;on&#8221; image=&#8221;https:\/\/rightchallenge.org\/wp-content\/uploads\/2023\/01\/bandeira-da-forma-redonda-espanha-101199592.jpg&#8221; icon_placement=&#8221;left&#8221; content_max_width=&#8221;800px&#8221; _builder_version=&#8221;4.22.0&#8243; header_font=&#8221;PT Sans|700|||||||&#8221; header_text_color=&#8221;#000000&#8243; header_font_size=&#8221;17px&#8221; header_line_height=&#8221;1.9em&#8221; locked=&#8221;off&#8221; global_colors_info=&#8221;{}&#8221;][\/et_pb_blurb][et_pb_blurb title=&#8221;Website&#8221; url=&#8221;https:\/\/womenhomeworking.eu\/&#8221; url_new_window=&#8221;on&#8221; image=&#8221;https:\/\/rightchallenge.org\/wp-content\/uploads\/2023\/07\/Design-sem-nome-1.png&#8221; icon_placement=&#8221;left&#8221; content_max_width=&#8221;800px&#8221; disabled_on=&#8221;off|off|off&#8221; _builder_version=&#8221;4.22.0&#8243; header_font=&#8221;|700|||||||&#8221; header_text_align=&#8221;left&#8221; header_text_color=&#8221;#0C71C3&#8243; header_font_size=&#8221;18px&#8221; header_line_height=&#8221;1.9em&#8221; body_font=&#8221;|700|||||||&#8221; custom_margin=&#8221;|||77px|false|false&#8221; custom_padding=&#8221;|||10px|false|false&#8221; locked=&#8221;off&#8221; global_colors_info=&#8221;{}&#8221;][\/et_pb_blurb][et_pb_blurb title=&#8221;Facebook&#8221; url=&#8221;https:\/\/www.facebook.com\/profile.php?id=100089794172680&#8243; url_new_window=&#8221;on&#8221; image=&#8221;https:\/\/rightchallenge.org\/wp-content\/uploads\/2023\/07\/5968764.png&#8221; icon_placement=&#8221;left&#8221; content_max_width=&#8221;800px&#8221; _builder_version=&#8221;4.22.0&#8243; header_font=&#8221;|700|||||||&#8221; header_text_align=&#8221;left&#8221; header_text_color=&#8221;#0C71C3&#8243; header_font_size=&#8221;18px&#8221; header_line_height=&#8221;1.9em&#8221; body_font=&#8221;|700|||||||&#8221; custom_margin=&#8221;-20px|88px||88px|false|true&#8221; link_option_url_new_window=&#8221;on&#8221; locked=&#8221;off&#8221; global_colors_info=&#8221;{}&#8221;][\/et_pb_blurb][et_pb_blurb title=&#8221;LinkedIn&#8221; url=&#8221;https:\/\/www.linkedin.com\/in\/women-home-working-erasmus-project-a9201a262\/&#8221; url_new_window=&#8221;on&#8221; image=&#8221;https:\/\/rightchallenge.org\/wp-content\/uploads\/2023\/07\/LinkedIn_icon_circle.svg_.png&#8221; icon_placement=&#8221;left&#8221; content_max_width=&#8221;800px&#8221; _builder_version=&#8221;4.22.0&#8243; header_font=&#8221;|700|||||||&#8221; header_text_align=&#8221;left&#8221; header_text_color=&#8221;#0C71C3&#8243; header_font_size=&#8221;18px&#8221; header_line_height=&#8221;1.9em&#8221; body_font=&#8221;|700|||||||&#8221; custom_margin=&#8221;-20px|88px||88px|false|true&#8221; link_option_url_new_window=&#8221;on&#8221; locked=&#8221;off&#8221; global_colors_info=&#8221;{}&#8221;][\/et_pb_blurb][\/et_pb_column][\/et_pb_row][\/et_pb_section]<\/p>\n","protected":false},"excerpt":{"rendered":"<p>O projeto &#8220;WHOW &#8211; Women Home Working&#8221; centra-se nos jovens, particularmente nas mulheres jovens que se tornaram m\u00e3es\u00a0 muito novas e que sofreram uma interrup\u00e7\u00e3o na sua educa\u00e7\u00e3o, forma\u00e7\u00e3o, ou percurso profissional. Esta pausa traduziu-se em compet\u00eancias e\u00a0conhecimentos que precisam de ser completados ou atualizados para voltarem a entrar no mercado de trabalho. A forma\u00e7\u00e3o [&hellip;]<\/p>\n","protected":false},"author":2,"featured_media":0,"parent":0,"menu_order":0,"comment_status":"closed","ping_status":"closed","template":"","meta":{"_et_pb_use_builder":"on","_et_pb_old_content":"","_et_gb_content_width":"","_monsterinsights_skip_tracking":false,"_monsterinsights_sitenote_active":false,"_monsterinsights_sitenote_note":"","_monsterinsights_sitenote_category":0,"footnotes":""},"class_list":["post-2454","page","type-page","status-publish","hentry"],"yoast_head":"<!-- This site is optimized with the Yoast SEO plugin v27.5 - https:\/\/yoast.com\/product\/yoast-seo-wordpress\/ -->\n<title>WHOW - Women Home Working - Rightchallenge<\/title>\n<meta name=\"robots\" content=\"index, follow, max-snippet:-1, max-image-preview:large, max-video-preview:-1\" \/>\n<link rel=\"canonical\" href=\"https:\/\/rightchallenge.org\/en\/whow-women-home-working\/\" \/>\n<meta property=\"og:locale\" content=\"en_GB\" \/>\n<meta property=\"og:type\" content=\"article\" \/>\n<meta property=\"og:title\" content=\"WHOW - Women Home Working - Rightchallenge\" \/>\n<meta property=\"og:description\" content=\"O projeto &quot;WHOW - Women Home Working&quot; centra-se nos jovens, particularmente nas mulheres jovens que se tornaram m\u00e3es\u00a0 muito novas e que sofreram uma interrup\u00e7\u00e3o na sua educa\u00e7\u00e3o, forma\u00e7\u00e3o, ou percurso profissional. Esta pausa traduziu-se em compet\u00eancias e\u00a0conhecimentos que precisam de ser completados ou atualizados para voltarem a entrar no mercado de trabalho. A forma\u00e7\u00e3o [&hellip;]\" \/>\n<meta property=\"og:url\" content=\"https:\/\/rightchallenge.org\/en\/whow-women-home-working\/\" \/>\n<meta property=\"og:site_name\" content=\"Rightchallenge\" \/>\n<meta property=\"article:modified_time\" content=\"2023-08-14T16:31:36+00:00\" \/>\n<meta name=\"twitter:card\" content=\"summary_large_image\" \/>\n<meta name=\"twitter:label1\" content=\"Estimated reading time\" \/>\n\t<meta name=\"twitter:data1\" content=\"3 minutes\" \/>\n<script type=\"application\/ld+json\" class=\"yoast-schema-graph\">{\"@context\":\"https:\\\/\\\/schema.org\",\"@graph\":[{\"@type\":\"WebPage\",\"@id\":\"https:\\\/\\\/rightchallenge.org\\\/whow-women-home-working\\\/\",\"url\":\"https:\\\/\\\/rightchallenge.org\\\/whow-women-home-working\\\/\",\"name\":\"WHOW - Women Home Working - Rightchallenge\",\"isPartOf\":{\"@id\":\"https:\\\/\\\/rightchallenge.org\\\/#website\"},\"datePublished\":\"2023-01-13T12:02:11+00:00\",\"dateModified\":\"2023-08-14T16:31:36+00:00\",\"breadcrumb\":{\"@id\":\"https:\\\/\\\/rightchallenge.org\\\/whow-women-home-working\\\/#breadcrumb\"},\"inLanguage\":\"en-GB\",\"potentialAction\":[{\"@type\":\"ReadAction\",\"target\":[\"https:\\\/\\\/rightchallenge.org\\\/whow-women-home-working\\\/\"]}]},{\"@type\":\"BreadcrumbList\",\"@id\":\"https:\\\/\\\/rightchallenge.org\\\/whow-women-home-working\\\/#breadcrumb\",\"itemListElement\":[{\"@type\":\"ListItem\",\"position\":1,\"name\":\"In\u00edcio\",\"item\":\"https:\\\/\\\/rightchallenge.org\\\/\"},{\"@type\":\"ListItem\",\"position\":2,\"name\":\"WHOW &#8211; Women Home Working\"}]},{\"@type\":\"WebSite\",\"@id\":\"https:\\\/\\\/rightchallenge.org\\\/#website\",\"url\":\"https:\\\/\\\/rightchallenge.org\\\/\",\"name\":\"Rightchallenge\",\"description\":\"Associa\u00e7\u00e3o\",\"potentialAction\":[{\"@type\":\"SearchAction\",\"target\":{\"@type\":\"EntryPoint\",\"urlTemplate\":\"https:\\\/\\\/rightchallenge.org\\\/?s={search_term_string}\"},\"query-input\":{\"@type\":\"PropertyValueSpecification\",\"valueRequired\":true,\"valueName\":\"search_term_string\"}}],\"inLanguage\":\"en-GB\"}]}<\/script>\n<!-- \/ Yoast SEO plugin. -->","yoast_head_json":{"title":"WHOW - Women Home Working - Rightchallenge","robots":{"index":"index","follow":"follow","max-snippet":"max-snippet:-1","max-image-preview":"max-image-preview:large","max-video-preview":"max-video-preview:-1"},"canonical":"https:\/\/rightchallenge.org\/en\/whow-women-home-working\/","og_locale":"en_GB","og_type":"article","og_title":"WHOW - Women Home Working - Rightchallenge","og_description":"O projeto \"WHOW - Women Home Working\" centra-se nos jovens, particularmente nas mulheres jovens que se tornaram m\u00e3es\u00a0 muito novas e que sofreram uma interrup\u00e7\u00e3o na sua educa\u00e7\u00e3o, forma\u00e7\u00e3o, ou percurso profissional. Esta pausa traduziu-se em compet\u00eancias e\u00a0conhecimentos que precisam de ser completados ou atualizados para voltarem a entrar no mercado de trabalho. A forma\u00e7\u00e3o [&hellip;]","og_url":"https:\/\/rightchallenge.org\/en\/whow-women-home-working\/","og_site_name":"Rightchallenge","article_modified_time":"2023-08-14T16:31:36+00:00","twitter_card":"summary_large_image","twitter_misc":{"Estimated reading time":"3 minutes"},"schema":{"@context":"https:\/\/schema.org","@graph":[{"@type":"WebPage","@id":"https:\/\/rightchallenge.org\/whow-women-home-working\/","url":"https:\/\/rightchallenge.org\/whow-women-home-working\/","name":"WHOW - Women Home Working - Rightchallenge","isPartOf":{"@id":"https:\/\/rightchallenge.org\/#website"},"datePublished":"2023-01-13T12:02:11+00:00","dateModified":"2023-08-14T16:31:36+00:00","breadcrumb":{"@id":"https:\/\/rightchallenge.org\/whow-women-home-working\/#breadcrumb"},"inLanguage":"en-GB","potentialAction":[{"@type":"ReadAction","target":["https:\/\/rightchallenge.org\/whow-women-home-working\/"]}]},{"@type":"BreadcrumbList","@id":"https:\/\/rightchallenge.org\/whow-women-home-working\/#breadcrumb","itemListElement":[{"@type":"ListItem","position":1,"name":"In\u00edcio","item":"https:\/\/rightchallenge.org\/"},{"@type":"ListItem","position":2,"name":"WHOW &#8211; Women Home Working"}]},{"@type":"WebSite","@id":"https:\/\/rightchallenge.org\/#website","url":"https:\/\/rightchallenge.org\/","name":"Rightchallenge","description":"Associa\u00e7\u00e3o","potentialAction":[{"@type":"SearchAction","target":{"@type":"EntryPoint","urlTemplate":"https:\/\/rightchallenge.org\/?s={search_term_string}"},"query-input":{"@type":"PropertyValueSpecification","valueRequired":true,"valueName":"search_term_string"}}],"inLanguage":"en-GB"}]}},"_links":{"self":[{"href":"https:\/\/rightchallenge.org\/en\/wp-json\/wp\/v2\/pages\/2454","targetHints":{"allow":["GET"]}}],"collection":[{"href":"https:\/\/rightchallenge.org\/en\/wp-json\/wp\/v2\/pages"}],"about":[{"href":"https:\/\/rightchallenge.org\/en\/wp-json\/wp\/v2\/types\/page"}],"author":[{"embeddable":true,"href":"https:\/\/rightchallenge.org\/en\/wp-json\/wp\/v2\/users\/2"}],"replies":[{"embeddable":true,"href":"https:\/\/rightchallenge.org\/en\/wp-json\/wp\/v2\/comments?post=2454"}],"version-history":[{"count":8,"href":"https:\/\/rightchallenge.org\/en\/wp-json\/wp\/v2\/pages\/2454\/revisions"}],"predecessor-version":[{"id":3481,"href":"https:\/\/rightchallenge.org\/en\/wp-json\/wp\/v2\/pages\/2454\/revisions\/3481"}],"wp:attachment":[{"href":"https:\/\/rightchallenge.org\/en\/wp-json\/wp\/v2\/media?parent=2454"}],"curies":[{"name":"wp","href":"https:\/\/api.w.org\/{rel}","templated":true}]}}