{"id":2444,"date":"2023-01-13T12:50:39","date_gmt":"2023-01-13T11:50:39","guid":{"rendered":"https:\/\/rightchallenge.org\/?page_id=2444"},"modified":"2024-12-17T14:06:21","modified_gmt":"2024-12-17T13:06:21","slug":"finpower","status":"publish","type":"page","link":"https:\/\/rightchallenge.org\/en\/finpower\/","title":{"rendered":"FINPOWER"},"content":{"rendered":"<p>[et_pb_section fb_built=&#8221;1&#8243; admin_label=&#8221;Header&#8221; _builder_version=&#8221;4.16&#8243; global_colors_info=&#8221;{}&#8221;][et_pb_row column_structure=&#8221;3_5,2_5&#8243; custom_padding_last_edited=&#8221;off|desktop&#8221; _builder_version=&#8221;4.16&#8243; background_enable_color=&#8221;off&#8221; custom_padding_tablet=&#8221;||30px||false|false&#8221; locked=&#8221;off&#8221; global_colors_info=&#8221;{}&#8221;][et_pb_column type=&#8221;3_5&#8243; _builder_version=&#8221;4.16&#8243; custom_padding_tablet=&#8221;||20px||false|false&#8221; custom_padding_phone=&#8221;&#8221; custom_padding_last_edited=&#8221;on|tablet&#8221; global_colors_info=&#8221;{}&#8221;][et_pb_image src=&#8221;https:\/\/rightchallenge.org\/wp-content\/uploads\/2023\/01\/EPSLogo-2.png&#8221; title_text=&#8221;EPSLogo-2&#8243; align=&#8221;center&#8221; _builder_version=&#8221;4.21.0&#8243; width=&#8221;27%&#8221; custom_margin=&#8221;-47px||23px||false|false&#8221; global_colors_info=&#8221;{}&#8221;][\/et_pb_image][et_pb_text _builder_version=&#8221;4.27.4&#8243; text_font=&#8221;PT Sans||||||||&#8221; text_text_color=&#8221;#000000&#8243; text_font_size=&#8221;15px&#8221; text_line_height=&#8221;1.9em&#8221; hover_enabled=&#8221;0&#8243; global_colors_info=&#8221;{}&#8221; sticky_enabled=&#8221;0&#8243;]<\/p>\n<p style=\"text-align: justify;\">O projeto <strong>&#8220;FINPOWER &#8211; Capacitar as mulheres para a sustentabilidade financeira atrav\u00e9s da microaprendizagem&#8221;<\/strong> pretende refor\u00e7ar a <strong>literacia financeira das mulheres<\/strong> de forma sustent\u00e1vel, para poderem otimizar a sua tomada de decis\u00f5es.<\/p>\n<p style=\"text-align: justify;\">Com o conhecimento adquirido no desenvolvimento deste projeto, as mulheres ir\u00e3o <strong>aumentar os seus recursos de gest\u00e3o financeira e refor\u00e7ar a sua autoestima e confian\u00e7a<\/strong> nas suas capacidades financeiras para participar igualmente na sociedade moderna.<\/p>\n<p style=\"text-align: justify;\">A <strong>literacia financeira<\/strong> \u00e9 essencial para a economia, equil\u00edbrio financeiro e para o seu desenvolvimento. Uma elevada literacia financeira permite \u00e0s pessoas gerir melhor os seus problemas financeiros, e apresentar um melhor desempenho na escolha da sua carreira.<\/p>\n<p style=\"text-align: justify;\">Em toda a UE, existem ainda lacunas significativas entre mulheres e homens em termos de n\u00edveis de literacia financeira, o que est\u00e1 a deixar as mulheres numa situa\u00e7\u00e3o de desvantagem em termos gerais.<\/p>\n<p style=\"text-align: justify;\">O principal objetivo do projeto \u00e9 <strong>aumentar as capacidades das mulheres em literacia financeira<\/strong>, incluindo os \u00faltimos desenvolvimentos importantes neste campo (sustentabilidade, bens virtuais, criptocurr\u00eancias, etc.) a fim de fortalecer a sua literacia financeira.<\/p>\n<p>No decorrer da implementa\u00e7\u00e3o do projeto, foram desenvolvidos os seguintes recursos:<\/p>\n<ul>\n<li>Cat\u00e1logo de lacunas FINPOWER: <a href=\"https:\/\/drive.google.com\/file\/d\/1JjROaHT2iT8cceI2mBOnLjohH1-YAjyp\/view?usp=sharing\">PT<\/a> e <a href=\"https:\/\/finpower.fh-joanneum.at\/wp-content\/uploads\/2023\/04\/FINPOWER_Gaps-Catalogue.pdf\">EN<\/a><\/li>\n<li>Guia de microaprendizagem FINPOWER: <a href=\"https:\/\/drive.google.com\/file\/d\/1X0MC9-yIPXBwf8RTEBbTWuswmBZ3T3Fu\/view?usp=sharing\">PT<\/a> e <a href=\"https:\/\/finpower.fh-joanneum.at\/wp-content\/uploads\/2023\/10\/FINPOWER-Microlearning-Guide.pdf\">EN<\/a><\/li>\n<li>FINPOWER Pacote de compet\u00eancias para a vida: <a href=\"https:\/\/drive.google.com\/file\/d\/16fI6vmsbFT7l2Xgu02ztTy2XguIzPPGY\/view?usp=sharing\">PT<\/a> e <a href=\"https:\/\/docs.google.com\/document\/d\/1kfiWeM6F3gK_qxbxSuwNpSnBCML-2wwa\/edit?usp=sharing&amp;ouid=111928835051686232998&amp;rtpof=true&amp;sd=true\">EN<\/a><\/li>\n<li>Academia de Finan\u00e7as Sustent\u00e1veis FINPOWER: <a href=\"https:\/\/schooloffinance.fh-joanneum.at\/courses\/copy-of-finpower-course-1\">PT<\/a> e <a href=\"https:\/\/finpower.fh-joanneum.at\/course\/\">EN<\/a><\/li>\n<li>Recomenda\u00e7\u00f5es de pol\u00edticas da FINPOWER: <a href=\"https:\/\/drive.google.com\/file\/d\/19JHT58QDEeyKTMNR5qFJMb9l_Qk-eW-G\/view?usp=sharing\">PT<\/a> e <a href=\"https:\/\/docs.google.com\/document\/d\/1ft3L2odp7tgaDoccPiscmxxnHuFS_OZr\/edit?usp=sharing&amp;ouid=111928835051686232998&amp;rtpof=true&amp;sd=true\">EN<\/a><\/li>\n<\/ul>\n<p>Durante a implementa\u00e7\u00e3o do projeto que decorreu entre o dia<span>\u00a0<\/span><strong>1 de novembro de 2022 e o dia 31 de outubro de 2024,<\/strong><span>\u00a0<\/span>foram elaboradas 4 newsletters com as novidades do projeto, atividades decorridas e a ocorrer e foi poss\u00edvel ainda documentar os passos do projeto. Para ter acesso, visite os seguintes links:<\/p>\n<ul>\n<li><strong>Newsletter #1<span>\u00a0<\/span><\/strong><a href=\"https:\/\/drive.google.com\/file\/d\/1D-Hix5bHaxkBLzfNDnvIlA3OJF2hc-fn\/view?usp=sharing\">PT<span>\u00a0<\/span><\/a>e<span>\u00a0<\/span><a href=\"https:\/\/drive.google.com\/file\/d\/1lkpFLIiGoSAWWzO7quNhkul2gTePNqaV\/view?usp=sharing\">EN<\/a><\/li>\n<li><strong>Newsletter #2\u00a0<\/strong><a href=\"https:\/\/drive.google.com\/file\/d\/1XCt9Zs6iGXMJOMvLo1Cvv-O78915vYI0\/view?usp=sharing\">PT<span>\u00a0<\/span><\/a>e<span>\u00a0<\/span><a href=\"https:\/\/drive.google.com\/file\/d\/18AvOzrH2MNSah5aG-gHiKrNQb_h-gHpm\/view?usp=sharing\">EN<\/a><\/li>\n<li><strong>Newsletter #3\u00a0<\/strong><a href=\"https:\/\/drive.google.com\/file\/d\/1rNCbM2xivOchvHPJUeDDhH1My_Jjlkn-\/view?usp=sharing\">PT<span>\u00a0<\/span><\/a>e<span>\u00a0<\/span><a href=\"https:\/\/drive.google.com\/file\/d\/1-NCG793GWZmWwqK42WJ599Iw7oOkrfQt\/view?usp=sharing\">EN<\/a><\/li>\n<li><strong>Newsletter #4<span>\u00a0<\/span><\/strong><a href=\"https:\/\/drive.google.com\/file\/d\/1hG1yNiJvryM6dxxyJ9cEFkeFqSyybfik\/view?usp=sharing\">PT<\/a> e <a href=\"https:\/\/drive.google.com\/file\/d\/1Lr2ghlBVzLNkCAj0mY7luYuh3JhKCdW_\/view?usp=sharing\">EN<\/a><\/li>\n<\/ul>\n<p><span><strong>Este projeto foi apoiado no \u00e2mbito do programa europeu Erasmus+<\/strong><\/span><\/p>\n<p>[\/et_pb_text][\/et_pb_column][et_pb_column type=&#8221;2_5&#8243; _builder_version=&#8221;4.16&#8243; background_color=&#8221;#ffffff&#8221; custom_padding=&#8221;50px|40px|60px|40px|false|true&#8221; custom_padding_tablet=&#8221;|50px||50px|false|true&#8221; custom_padding_phone=&#8221;&#8221; custom_padding_last_edited=&#8221;on|tablet&#8221; border_radii=&#8221;on|10px|10px|10px|10px&#8221; box_shadow_style=&#8221;preset1&#8243; box_shadow_color=&#8221;rgba(12,113,195,0.13)&#8221; global_colors_info=&#8221;{}&#8221;][et_pb_image src=&#8221;https:\/\/rightchallenge.org\/wp-content\/uploads\/2023\/07\/PT_Co-fundedbytheEU_RGB_POS.png&#8221; title_text=&#8221;PT_Co-fundedbytheEU_RGB_POS&#8221; align=&#8221;center&#8221; _builder_version=&#8221;4.21.0&#8243; _module_preset=&#8221;default&#8221; width=&#8221;60%&#8221; global_colors_info=&#8221;{}&#8221;][\/et_pb_image][et_pb_text _builder_version=&#8221;4.16&#8243; custom_margin=&#8221;||13px|||&#8221; custom_padding=&#8221;16px|||||&#8221; global_colors_info=&#8221;{}&#8221;]<\/p>\n<h3 style=\"text-align: center;\">Parceiros<\/h3>\n<p>[\/et_pb_text][et_pb_blurb title=&#8221;FH Joanneum Gesellschaft MBH&#8221; url=&#8221;http:\/\/www.fhjoanneum.at&#8221; url_new_window=&#8221;on&#8221; image=&#8221;https:\/\/rightchallenge.org\/wp-content\/uploads\/2023\/01\/14635906-bandeira-redonda-da-austria-ilustracaoial-vetor.jpg&#8221; icon_placement=&#8221;left&#8221; content_max_width=&#8221;800px&#8221; _builder_version=&#8221;4.27.4&#8243; header_font=&#8221;PT Sans|700|||||||&#8221; header_text_color=&#8221;#000000&#8243; header_font_size=&#8221;17px&#8221; header_line_height=&#8221;1.9em&#8221; hover_enabled=&#8221;0&#8243; locked=&#8221;off&#8221; global_colors_info=&#8221;{}&#8221; sticky_enabled=&#8221;0&#8243;][\/et_pb_blurb][et_pb_blurb title=&#8221;Innovation Education Lab&#8221; url=&#8221;https:\/\/innoedulab.eu\/&#8221; url_new_window=&#8221;on&#8221; image=&#8221;https:\/\/rightchallenge.org\/wp-content\/uploads\/2022\/10\/bandeira-redonda-de-romenia-134377757.jpg&#8221; icon_placement=&#8221;left&#8221; content_max_width=&#8221;800px&#8221; _builder_version=&#8221;4.27.4&#8243; header_font=&#8221;PT Sans|700|||||||&#8221; header_text_color=&#8221;#000000&#8243; header_font_size=&#8221;17px&#8221; header_line_height=&#8221;1.9em&#8221; hover_enabled=&#8221;0&#8243; locked=&#8221;off&#8221; global_colors_info=&#8221;{}&#8221; sticky_enabled=&#8221;0&#8243;][\/et_pb_blurb][et_pb_blurb title=&#8221;FRAMEWORK associazione culturale&#8221; url=&#8221;http:\/\/www.aframework.it&#8221; url_new_window=&#8221;on&#8221; image=&#8221;https:\/\/rightchallenge.org\/wp-content\/uploads\/2022\/10\/bandeira-redonda-de-italy-134105867.jpg&#8221; icon_placement=&#8221;left&#8221; content_max_width=&#8221;800px&#8221; _builder_version=&#8221;4.27.4&#8243; header_font=&#8221;PT Sans|700|||||||&#8221; header_text_color=&#8221;#000000&#8243; header_font_size=&#8221;17px&#8221; header_line_height=&#8221;1.9em&#8221; hover_enabled=&#8221;0&#8243; locked=&#8221;off&#8221; global_colors_info=&#8221;{}&#8221; sticky_enabled=&#8221;0&#8243;][\/et_pb_blurb][et_pb_blurb title=&#8221;Vitale Tecnologie Comunicazione &#8211; VITECO SRL&#8221; url=&#8221;https:\/\/www.vitecoelearning.eu\/&#8221; url_new_window=&#8221;on&#8221; image=&#8221;https:\/\/rightchallenge.org\/wp-content\/uploads\/2022\/10\/bandeira-redonda-de-italy-134105867.jpg&#8221; icon_placement=&#8221;left&#8221; content_max_width=&#8221;800px&#8221; _builder_version=&#8221;4.27.4&#8243; header_font=&#8221;PT Sans|700|||||||&#8221; header_text_color=&#8221;#000000&#8243; header_font_size=&#8221;17px&#8221; header_line_height=&#8221;1.9em&#8221; hover_enabled=&#8221;0&#8243; locked=&#8221;off&#8221; global_colors_info=&#8221;{}&#8221; sticky_enabled=&#8221;0&#8243;][\/et_pb_blurb][et_pb_blurb title=&#8221;VsI Ziniu kodas&#8221; url=&#8221;http:\/\/www.ziniukodas.lt&#8221; url_new_window=&#8221;on&#8221; image=&#8221;https:\/\/rightchallenge.org\/wp-content\/uploads\/2023\/01\/5720306-redondo-bandeira-da-lituania-icone-isolado-em-fundo-branco-a-bandeira-da-lituania-em-circulo-gratis-vetor.jpg&#8221; icon_placement=&#8221;left&#8221; content_max_width=&#8221;800px&#8221; _builder_version=&#8221;4.27.4&#8243; header_font=&#8221;PT Sans|700|||||||&#8221; header_text_color=&#8221;#000000&#8243; header_font_size=&#8221;17px&#8221; header_line_height=&#8221;1.9em&#8221; hover_enabled=&#8221;0&#8243; locked=&#8221;off&#8221; global_colors_info=&#8221;{}&#8221; sticky_enabled=&#8221;0&#8243;][\/et_pb_blurb][et_pb_blurb title=&#8221;DOBA Fakulteta za uporabne poslovne in druzbene studije Maribor&#8221; url=&#8221;http:\/\/www.fakulteta.doba.si&#8221; url_new_window=&#8221;on&#8221; image=&#8221;https:\/\/rightchallenge.org\/wp-content\/uploads\/2022\/10\/icone-liso-redondo-do-vetor-da-bandeira-de-eslovenia-114055806.jpg&#8221; icon_placement=&#8221;left&#8221; content_max_width=&#8221;800px&#8221; _builder_version=&#8221;4.27.4&#8243; header_font=&#8221;PT Sans|700|||||||&#8221; header_text_color=&#8221;#000000&#8243; header_font_size=&#8221;17px&#8221; header_line_height=&#8221;1.9em&#8221; hover_enabled=&#8221;0&#8243; locked=&#8221;off&#8221; global_colors_info=&#8221;{}&#8221; sticky_enabled=&#8221;0&#8243;][\/et_pb_blurb][et_pb_blurb title=&#8221;Facebook&#8221; url=&#8221;https:\/\/www.facebook.com\/finpowerEUproject\/&#8221; url_new_window=&#8221;on&#8221; image=&#8221;https:\/\/rightchallenge.org\/wp-content\/uploads\/2023\/07\/5968764.png&#8221; icon_placement=&#8221;left&#8221; content_max_width=&#8221;800px&#8221; _builder_version=&#8221;4.27.4&#8243; header_font=&#8221;|700|||||||&#8221; header_text_align=&#8221;left&#8221; header_text_color=&#8221;#0C71C3&#8243; header_font_size=&#8221;18px&#8221; header_line_height=&#8221;1.9em&#8221; body_font=&#8221;|700|||||||&#8221; custom_margin=&#8221;|||77px|false|false&#8221; custom_padding=&#8221;|||10px|false|false&#8221; hover_enabled=&#8221;0&#8243; locked=&#8221;off&#8221; global_colors_info=&#8221;{}&#8221; sticky_enabled=&#8221;0&#8243;][\/et_pb_blurb][et_pb_blurb title=&#8221;LinkedIn&#8221; url=&#8221;https:\/\/www.linkedin.com\/showcase\/finpower-erasmus-project\/&#8221; url_new_window=&#8221;on&#8221; image=&#8221;https:\/\/rightchallenge.org\/wp-content\/uploads\/2023\/07\/LinkedIn_icon_circle.svg_.png&#8221; icon_placement=&#8221;left&#8221; content_max_width=&#8221;800px&#8221; _builder_version=&#8221;4.27.4&#8243; header_font=&#8221;|700|||||||&#8221; header_text_align=&#8221;left&#8221; header_text_color=&#8221;#0C71C3&#8243; header_font_size=&#8221;18px&#8221; header_line_height=&#8221;1.9em&#8221; body_font=&#8221;|700|||||||&#8221; custom_margin=&#8221;-20px|||88px|false|false&#8221; hover_enabled=&#8221;0&#8243; locked=&#8221;off&#8221; global_colors_info=&#8221;{}&#8221; sticky_enabled=&#8221;0&#8243;][\/et_pb_blurb][et_pb_blurb title=&#8221;YouTube&#8221; url=&#8221;https:\/\/www.youtube.com\/channel\/UC29IsssUkoOeqXP-NdRN0gQ&#8221; url_new_window=&#8221;on&#8221; image=&#8221;https:\/\/rightchallenge.org\/wp-content\/uploads\/2023\/07\/YouTube_social_red_circle_2017.svg_.png&#8221; icon_placement=&#8221;left&#8221; content_max_width=&#8221;800px&#8221; _builder_version=&#8221;4.27.4&#8243; header_font=&#8221;|700|||||||&#8221; header_text_align=&#8221;left&#8221; header_text_color=&#8221;#0C71C3&#8243; header_font_size=&#8221;18px&#8221; header_line_height=&#8221;1.9em&#8221; body_font=&#8221;|700|||||||&#8221; custom_margin=&#8221;-20px|||88px|false|false&#8221; hover_enabled=&#8221;0&#8243; locked=&#8221;off&#8221; global_colors_info=&#8221;{}&#8221; sticky_enabled=&#8221;0&#8243;][\/et_pb_blurb][\/et_pb_column][\/et_pb_row][et_pb_row column_structure=&#8221;1_2,1_2&#8243; _builder_version=&#8221;4.22.0&#8243; _module_preset=&#8221;default&#8221; min_height=&#8221;353px&#8221; global_colors_info=&#8221;{}&#8221;][et_pb_column type=&#8221;1_2&#8243; _builder_version=&#8221;4.20.4&#8243; _module_preset=&#8221;default&#8221; global_colors_info=&#8221;{}&#8221;][et_pb_video src=&#8221;https:\/\/rightchallenge.org\/wp-content\/uploads\/2023\/04\/Finpower-Project-2.mp4&#8243; _builder_version=&#8221;4.20.4&#8243; _module_preset=&#8221;default&#8221; global_colors_info=&#8221;{}&#8221;][\/et_pb_video][\/et_pb_column][et_pb_column type=&#8221;1_2&#8243; _builder_version=&#8221;4.20.4&#8243; _module_preset=&#8221;default&#8221; global_colors_info=&#8221;{}&#8221;][\/et_pb_column][\/et_pb_row][\/et_pb_section]<\/p>\n","protected":false},"excerpt":{"rendered":"<p>O projeto &#8220;FINPOWER &#8211; Capacitar as mulheres para a sustentabilidade financeira atrav\u00e9s da microaprendizagem&#8221; pretende refor\u00e7ar a literacia financeira das mulheres de forma sustent\u00e1vel, para poderem otimizar a sua tomada de decis\u00f5es. Com o conhecimento adquirido no desenvolvimento deste projeto, as mulheres ir\u00e3o aumentar os seus recursos de gest\u00e3o financeira e refor\u00e7ar a sua autoestima [&hellip;]<\/p>\n","protected":false},"author":2,"featured_media":0,"parent":0,"menu_order":0,"comment_status":"closed","ping_status":"closed","template":"","meta":{"_et_pb_use_builder":"on","_et_pb_old_content":"","_et_gb_content_width":"","_monsterinsights_skip_tracking":false,"_monsterinsights_sitenote_active":false,"_monsterinsights_sitenote_note":"","_monsterinsights_sitenote_category":0,"footnotes":""},"class_list":["post-2444","page","type-page","status-publish","hentry"],"yoast_head":"<!-- This site is optimized with the Yoast SEO plugin v27.3 - https:\/\/yoast.com\/product\/yoast-seo-wordpress\/ -->\n<title>FINPOWER - Rightchallenge<\/title>\n<meta name=\"robots\" content=\"index, follow, max-snippet:-1, max-image-preview:large, max-video-preview:-1\" \/>\n<link rel=\"canonical\" href=\"https:\/\/rightchallenge.org\/en\/finpower\/\" \/>\n<meta property=\"og:locale\" content=\"en_GB\" \/>\n<meta property=\"og:type\" content=\"article\" \/>\n<meta property=\"og:title\" content=\"FINPOWER - Rightchallenge\" \/>\n<meta property=\"og:description\" content=\"O projeto &quot;FINPOWER - Capacitar as mulheres para a sustentabilidade financeira atrav\u00e9s da microaprendizagem&quot; pretende refor\u00e7ar a literacia financeira das mulheres de forma sustent\u00e1vel, para poderem otimizar a sua tomada de decis\u00f5es. Com o conhecimento adquirido no desenvolvimento deste projeto, as mulheres ir\u00e3o aumentar os seus recursos de gest\u00e3o financeira e refor\u00e7ar a sua autoestima [&hellip;]\" \/>\n<meta property=\"og:url\" content=\"https:\/\/rightchallenge.org\/en\/finpower\/\" \/>\n<meta property=\"og:site_name\" content=\"Rightchallenge\" \/>\n<meta property=\"article:modified_time\" content=\"2024-12-17T13:06:21+00:00\" \/>\n<meta name=\"twitter:card\" content=\"summary_large_image\" \/>\n<meta name=\"twitter:label1\" content=\"Estimated reading time\" \/>\n\t<meta name=\"twitter:data1\" content=\"3 minutes\" \/>\n<script type=\"application\/ld+json\" class=\"yoast-schema-graph\">{\"@context\":\"https:\\\/\\\/schema.org\",\"@graph\":[{\"@type\":\"WebPage\",\"@id\":\"https:\\\/\\\/rightchallenge.org\\\/finpower\\\/\",\"url\":\"https:\\\/\\\/rightchallenge.org\\\/finpower\\\/\",\"name\":\"FINPOWER - Rightchallenge\",\"isPartOf\":{\"@id\":\"https:\\\/\\\/rightchallenge.org\\\/#website\"},\"datePublished\":\"2023-01-13T11:50:39+00:00\",\"dateModified\":\"2024-12-17T13:06:21+00:00\",\"breadcrumb\":{\"@id\":\"https:\\\/\\\/rightchallenge.org\\\/finpower\\\/#breadcrumb\"},\"inLanguage\":\"en-GB\",\"potentialAction\":[{\"@type\":\"ReadAction\",\"target\":[\"https:\\\/\\\/rightchallenge.org\\\/finpower\\\/\"]}]},{\"@type\":\"BreadcrumbList\",\"@id\":\"https:\\\/\\\/rightchallenge.org\\\/finpower\\\/#breadcrumb\",\"itemListElement\":[{\"@type\":\"ListItem\",\"position\":1,\"name\":\"In\u00edcio\",\"item\":\"https:\\\/\\\/rightchallenge.org\\\/\"},{\"@type\":\"ListItem\",\"position\":2,\"name\":\"FINPOWER\"}]},{\"@type\":\"WebSite\",\"@id\":\"https:\\\/\\\/rightchallenge.org\\\/#website\",\"url\":\"https:\\\/\\\/rightchallenge.org\\\/\",\"name\":\"Rightchallenge\",\"description\":\"Associa\u00e7\u00e3o\",\"potentialAction\":[{\"@type\":\"SearchAction\",\"target\":{\"@type\":\"EntryPoint\",\"urlTemplate\":\"https:\\\/\\\/rightchallenge.org\\\/?s={search_term_string}\"},\"query-input\":{\"@type\":\"PropertyValueSpecification\",\"valueRequired\":true,\"valueName\":\"search_term_string\"}}],\"inLanguage\":\"en-GB\"}]}<\/script>\n<!-- \/ Yoast SEO plugin. -->","yoast_head_json":{"title":"FINPOWER - Rightchallenge","robots":{"index":"index","follow":"follow","max-snippet":"max-snippet:-1","max-image-preview":"max-image-preview:large","max-video-preview":"max-video-preview:-1"},"canonical":"https:\/\/rightchallenge.org\/en\/finpower\/","og_locale":"en_GB","og_type":"article","og_title":"FINPOWER - Rightchallenge","og_description":"O projeto \"FINPOWER - Capacitar as mulheres para a sustentabilidade financeira atrav\u00e9s da microaprendizagem\" pretende refor\u00e7ar a literacia financeira das mulheres de forma sustent\u00e1vel, para poderem otimizar a sua tomada de decis\u00f5es. Com o conhecimento adquirido no desenvolvimento deste projeto, as mulheres ir\u00e3o aumentar os seus recursos de gest\u00e3o financeira e refor\u00e7ar a sua autoestima [&hellip;]","og_url":"https:\/\/rightchallenge.org\/en\/finpower\/","og_site_name":"Rightchallenge","article_modified_time":"2024-12-17T13:06:21+00:00","twitter_card":"summary_large_image","twitter_misc":{"Estimated reading time":"3 minutes"},"schema":{"@context":"https:\/\/schema.org","@graph":[{"@type":"WebPage","@id":"https:\/\/rightchallenge.org\/finpower\/","url":"https:\/\/rightchallenge.org\/finpower\/","name":"FINPOWER - Rightchallenge","isPartOf":{"@id":"https:\/\/rightchallenge.org\/#website"},"datePublished":"2023-01-13T11:50:39+00:00","dateModified":"2024-12-17T13:06:21+00:00","breadcrumb":{"@id":"https:\/\/rightchallenge.org\/finpower\/#breadcrumb"},"inLanguage":"en-GB","potentialAction":[{"@type":"ReadAction","target":["https:\/\/rightchallenge.org\/finpower\/"]}]},{"@type":"BreadcrumbList","@id":"https:\/\/rightchallenge.org\/finpower\/#breadcrumb","itemListElement":[{"@type":"ListItem","position":1,"name":"In\u00edcio","item":"https:\/\/rightchallenge.org\/"},{"@type":"ListItem","position":2,"name":"FINPOWER"}]},{"@type":"WebSite","@id":"https:\/\/rightchallenge.org\/#website","url":"https:\/\/rightchallenge.org\/","name":"Rightchallenge","description":"Associa\u00e7\u00e3o","potentialAction":[{"@type":"SearchAction","target":{"@type":"EntryPoint","urlTemplate":"https:\/\/rightchallenge.org\/?s={search_term_string}"},"query-input":{"@type":"PropertyValueSpecification","valueRequired":true,"valueName":"search_term_string"}}],"inLanguage":"en-GB"}]}},"_links":{"self":[{"href":"https:\/\/rightchallenge.org\/en\/wp-json\/wp\/v2\/pages\/2444","targetHints":{"allow":["GET"]}}],"collection":[{"href":"https:\/\/rightchallenge.org\/en\/wp-json\/wp\/v2\/pages"}],"about":[{"href":"https:\/\/rightchallenge.org\/en\/wp-json\/wp\/v2\/types\/page"}],"author":[{"embeddable":true,"href":"https:\/\/rightchallenge.org\/en\/wp-json\/wp\/v2\/users\/2"}],"replies":[{"embeddable":true,"href":"https:\/\/rightchallenge.org\/en\/wp-json\/wp\/v2\/comments?post=2444"}],"version-history":[{"count":10,"href":"https:\/\/rightchallenge.org\/en\/wp-json\/wp\/v2\/pages\/2444\/revisions"}],"predecessor-version":[{"id":4622,"href":"https:\/\/rightchallenge.org\/en\/wp-json\/wp\/v2\/pages\/2444\/revisions\/4622"}],"wp:attachment":[{"href":"https:\/\/rightchallenge.org\/en\/wp-json\/wp\/v2\/media?parent=2444"}],"curies":[{"name":"wp","href":"https:\/\/api.w.org\/{rel}","templated":true}]}}