{"id":2268,"date":"2022-10-03T13:27:21","date_gmt":"2022-10-03T12:27:21","guid":{"rendered":"https:\/\/rightchallenge.org\/?page_id=2268"},"modified":"2022-10-03T13:29:58","modified_gmt":"2022-10-03T12:29:58","slug":"rebuild-2","status":"publish","type":"page","link":"https:\/\/rightchallenge.org\/en\/rebuild-2\/","title":{"rendered":"(RE)BUILD"},"content":{"rendered":"<p>[et_pb_section fb_built=&#8221;1&#8243; admin_label=&#8221;Header&#8221; _builder_version=&#8221;4.16&#8243; global_colors_info=&#8221;{}&#8221;][et_pb_row column_structure=&#8221;3_5,2_5&#8243; custom_padding_last_edited=&#8221;off|desktop&#8221; _builder_version=&#8221;4.16&#8243; background_enable_color=&#8221;off&#8221; custom_padding_tablet=&#8221;||30px||false|false&#8221; locked=&#8221;off&#8221; global_colors_info=&#8221;{}&#8221;][et_pb_column type=&#8221;3_5&#8243; _builder_version=&#8221;4.16&#8243; custom_padding_tablet=&#8221;||20px||false|false&#8221; custom_padding_phone=&#8221;&#8221; custom_padding_last_edited=&#8221;on|tablet&#8221; global_colors_info=&#8221;{}&#8221;][et_pb_image src=&#8221;https:\/\/rightchallenge.org\/wp-content\/uploads\/2021\/02\/122653533_106023054633780_3429619313043880946_o-1.png&#8221; title_text=&#8221;122653533_106023054633780_3429619313043880946_o&#8221; align=&#8221;center&#8221; _builder_version=&#8221;4.16&#8243; width=&#8221;49%&#8221; global_colors_info=&#8221;{}&#8221;][\/et_pb_image][et_pb_text _builder_version=&#8221;4.18.0&#8243; text_font=&#8221;PT Sans||||||||&#8221; text_font_size=&#8221;16px&#8221; text_line_height=&#8221;1.8em&#8221; custom_padding=&#8221;||0px|||&#8221; hover_enabled=&#8221;0&#8243; global_colors_info=&#8221;{}&#8221; sticky_enabled=&#8221;0&#8243;]<\/p>\n<p style=\"text-align: justify;\">Tendo em conta que o desenvolvimento de carreira \u00e9 uma experi\u00eancia continua, o (RE)BUILD pretende disponibilizar uma experi\u00eancia de aprendizagem inovadora que promove a intelig\u00eancia pr\u00e1tica para os adultos com menos oportunidades, de modo a lidarem com as suas expetativas pessoais e a adquirirem flexibilidade no ato de tomar decis\u00f5es e explorar as oportunidades profissionais, enquanto que tamb\u00e9m apoia os profissionais de educa\u00e7\u00e3o e forma\u00e7\u00e3o profissional para uma melhor interven\u00e7\u00e3o na orienta\u00e7\u00e3o profissional e na gest\u00e3o de programas com adultos com baixas qualifica\u00e7\u00f5es e marginalizados.<\/p>\n<p>Para ficar a par das novidades, siga a p\u00e1gina do projeto no <a href=\"https:\/\/www.facebook.com\/EUrebuildproject\">Facebook<\/a>.<\/p>\n<p>[\/et_pb_text][\/et_pb_column][et_pb_column type=&#8221;2_5&#8243; _builder_version=&#8221;4.16&#8243; background_color=&#8221;#ffffff&#8221; custom_padding=&#8221;50px|40px|60px|40px|false|true&#8221; custom_padding_tablet=&#8221;|50px||50px|false|true&#8221; custom_padding_phone=&#8221;&#8221; custom_padding_last_edited=&#8221;on|tablet&#8221; border_radii=&#8221;on|10px|10px|10px|10px&#8221; box_shadow_style=&#8221;preset1&#8243; box_shadow_color=&#8221;rgba(12,113,195,0.13)&#8221; global_colors_info=&#8221;{}&#8221;][et_pb_image src=&#8221;https:\/\/rightchallenge.org\/wp-content\/uploads\/2020\/03\/erasmus.jpg&#8221; title_text=&#8221;erasmus&#8221; align=&#8221;center&#8221; _builder_version=&#8221;4.16&#8243; max_width=&#8221;70%&#8221; global_colors_info=&#8221;{}&#8221;][\/et_pb_image][et_pb_text _builder_version=&#8221;4.16&#8243; custom_margin=&#8221;||13px|||&#8221; custom_padding=&#8221;16px|||||&#8221; global_colors_info=&#8221;{}&#8221;]<\/p>\n<h3 style=\"text-align: center;\">Parceiros<\/h3>\n<p>[\/et_pb_text][et_pb_blurb title=&#8221;COMITE DE BASSIN D&#8217; EMPLOI DU SUD LUBERON &#8221; url=&#8221;http:\/\/www.cbesudluberon.com\/&#8221; url_new_window=&#8221;on&#8221; image=&#8221;https:\/\/rightchallenge.org\/wp-content\/uploads\/2020\/03\/france.png&#8221; icon_placement=&#8221;left&#8221; content_max_width=&#8221;800px&#8221; _builder_version=&#8221;4.16&#8243; header_font=&#8221;PT Sans|700|||||||&#8221; header_text_color=&#8221;#2a3749&#8243; header_font_size=&#8221;16px&#8221; header_line_height=&#8221;1.9em&#8221; locked=&#8221;off&#8221; global_colors_info=&#8221;{}&#8221;][\/et_pb_blurb][et_pb_blurb title=&#8221;INSTITUTE OF ENTREPRENEURSHIP DEVELOPMENT &#8221; url=&#8221;https:\/\/ied.eu\/&#8221; url_new_window=&#8221;on&#8221; image=&#8221;https:\/\/rightchallenge.org\/wp-content\/uploads\/2020\/06\/greece.png&#8221; icon_placement=&#8221;left&#8221; content_max_width=&#8221;800px&#8221; _builder_version=&#8221;4.16&#8243; header_font=&#8221;PT Sans|700|||||||&#8221; header_text_color=&#8221;#2a3749&#8243; header_font_size=&#8221;16px&#8221; header_line_height=&#8221;1.9em&#8221; locked=&#8221;off&#8221; global_colors_info=&#8221;{}&#8221;][\/et_pb_blurb][et_pb_blurb title=&#8221;The Square Dot Team &#8221; url=&#8221;https:\/\/thesquare.team\/&#8221; url_new_window=&#8221;on&#8221; image=&#8221;https:\/\/rightchallenge.org\/wp-content\/uploads\/2020\/06\/belgium.png&#8221; icon_placement=&#8221;left&#8221; content_max_width=&#8221;800px&#8221; _builder_version=&#8221;4.16&#8243; header_font=&#8221;PT Sans|700|||||||&#8221; header_text_color=&#8221;#2a3749&#8243; header_font_size=&#8221;16px&#8221; header_line_height=&#8221;1.9em&#8221; locked=&#8221;off&#8221; global_colors_info=&#8221;{}&#8221;][\/et_pb_blurb][et_pb_blurb title=&#8221;Association for Developing Voluntary Work Novo mesto &#8221; url=&#8221;http:\/\/www.nevladnik.info\/si\/&#8221; url_new_window=&#8221;on&#8221; image=&#8221;https:\/\/rightchallenge.org\/wp-content\/uploads\/2020\/06\/slovenia.png&#8221; icon_placement=&#8221;left&#8221; content_max_width=&#8221;800px&#8221; _builder_version=&#8221;4.16&#8243; header_font=&#8221;PT Sans|700|||||||&#8221; header_text_color=&#8221;#2a3749&#8243; header_font_size=&#8221;16px&#8221; header_line_height=&#8221;1.9em&#8221; locked=&#8221;off&#8221; global_colors_info=&#8221;{}&#8221;][\/et_pb_blurb][et_pb_blurb title=&#8221;Spectrum Research Centre CLG &#8221; url=&#8221;https:\/\/spectrumresearchcentre.com\/&#8221; url_new_window=&#8221;on&#8221; image=&#8221;https:\/\/rightchallenge.org\/wp-content\/uploads\/2020\/03\/ireland.png&#8221; icon_placement=&#8221;left&#8221; content_max_width=&#8221;800px&#8221; _builder_version=&#8221;4.16&#8243; header_font=&#8221;PT Sans|700|||||||&#8221; header_text_color=&#8221;#2a3749&#8243; header_font_size=&#8221;16px&#8221; header_line_height=&#8221;1.9em&#8221; locked=&#8221;off&#8221; global_colors_info=&#8221;{}&#8221;][\/et_pb_blurb][et_pb_button button_url=&#8221;http:\/\/re-build-project.eu\/&#8221; url_new_window=&#8221;on&#8221; button_text=&#8221;Website&#8221; button_alignment=&#8221;center&#8221; _builder_version=&#8221;4.16&#8243; custom_button=&#8221;on&#8221; button_text_size=&#8221;12px&#8221; button_text_color=&#8221;#ffffff&#8221; button_bg_color=&#8221;#007aff&#8221; button_border_width=&#8221;0px&#8221; button_border_radius=&#8221;100px&#8221; button_letter_spacing=&#8221;2px&#8221; button_font=&#8221;PT Sans|900||on|||||&#8221; button_use_icon=&#8221;off&#8221; custom_margin_tablet=&#8221;40px||40px||true|false&#8221; custom_margin_last_edited=&#8221;off|tablet&#8221; custom_padding=&#8221;20px|24px|20px|24px|true|true&#8221; box_shadow_style=&#8221;preset3&#8243; box_shadow_blur=&#8221;28px&#8221; box_shadow_spread=&#8221;-10px&#8221; box_shadow_color=&#8221;rgba(0,122,255,0.33)&#8221; locked=&#8221;off&#8221; global_colors_info=&#8221;{}&#8221; box_shadow_color__hover=&#8221;#2585b2&#8243; box_shadow_blur__hover_enabled=&#8221;off&#8221; box_shadow_blur__hover=&#8221;20px&#8221; box_shadow_vertical__hover_enabled=&#8221;off&#8221; box_shadow_vertical__hover=&#8221;10px&#8221;][\/et_pb_button][\/et_pb_column][\/et_pb_row][\/et_pb_section][et_pb_section fb_built=&#8221;1&#8243; custom_padding_last_edited=&#8221;on|tablet&#8221; admin_label=&#8221;Services&#8221; _builder_version=&#8221;4.16&#8243; background_image=&#8221;http:\/\/13.79.159.165\/wp-content\/uploads\/2020\/03\/img-02-1.png&#8221; background_size=&#8221;initial&#8221; custom_padding=&#8221;20px||20px||true|&#8221; custom_padding_tablet=&#8221;40px||40px||true|false&#8221; custom_padding_phone=&#8221;&#8221; locked=&#8221;off&#8221; global_colors_info=&#8221;{}&#8221;][et_pb_row make_equal=&#8221;on&#8221; _builder_version=&#8221;4.16&#8243; custom_margin=&#8221;|383px||383px||true&#8221; custom_margin_tablet=&#8221;|75px|-80px|75px|false|true&#8221; custom_margin_phone=&#8221;|48px|-80px|48px|false|true&#8221; custom_margin_last_edited=&#8221;on|tablet&#8221; custom_padding=&#8221;|0px||0px||true&#8221; global_colors_info=&#8221;{}&#8221;][et_pb_column type=&#8221;4_4&#8243; _builder_version=&#8221;4.16&#8243; background_color=&#8221;#ffffff&#8221; custom_padding=&#8221;30px|30px|30px|30px|true|true&#8221; custom_padding_tablet=&#8221;&#8221; custom_padding_phone=&#8221;|20px||20px|true|true&#8221; custom_padding_last_edited=&#8221;on|phone&#8221; border_radii=&#8221;on|10px|10px|10px|10px&#8221; box_shadow_style=&#8221;preset1&#8243; box_shadow_color=&#8221;rgba(12,113,195,0.13)&#8221; global_colors_info=&#8221;{}&#8221;][et_pb_text _builder_version=&#8221;4.16&#8243; header_4_font=&#8221;PT Sans|700||on|||||&#8221; header_4_text_color=&#8221;#7cda24&#8243; header_4_font_size=&#8221;11px&#8221; header_4_letter_spacing=&#8221;1px&#8221; background_enable_image=&#8221;off&#8221; background_size=&#8221;initial&#8221; background_position=&#8221;center_right&#8221; custom_padding=&#8221;8px||||false|false&#8221; border_color_all=&#8221;#7CDA24&#8243; border_width_top=&#8221;1px&#8221; global_colors_info=&#8221;{}&#8221;]<\/p>\n<h4>Ac\u00e7\u00f5es<\/h4>\n<p>[\/et_pb_text][et_pb_text _builder_version=&#8221;4.16&#8243; text_font=&#8221;PT Sans||||||||&#8221; text_font_size=&#8221;16px&#8221; text_line_height=&#8221;1.8em&#8221; header_font=&#8221;||||||||&#8221; header_3_font=&#8221;Playfair Display|700|||||||&#8221; header_3_font_size=&#8221;28px&#8221; header_3_line_height=&#8221;1.2em&#8221; header_3_font_size_tablet=&#8221;24px&#8221; header_3_font_size_phone=&#8221;18px&#8221; header_3_font_size_last_edited=&#8221;on|phone&#8221; global_colors_info=&#8221;{}&#8221;]<\/p>\n<h3>As principais a\u00e7\u00f5es deste projeto s\u00e3o:<\/h3>\n<p>[\/et_pb_text][et_pb_blurb use_icon=&#8221;on&#8221; font_icon=&#8221;&#x4b;||divi||400&#8243; icon_color=&#8221;#007aff&#8221; icon_placement=&#8221;left&#8221; content_max_width=&#8221;800px&#8221; _builder_version=&#8221;4.16&#8243; header_font=&#8221;PT Sans|700|||||||&#8221; header_text_color=&#8221;#2a3749&#8243; header_font_size=&#8221;16px&#8221; header_line_height=&#8221;1.9em&#8221; custom_margin=&#8221;||17px||false|false&#8221; locked=&#8221;off&#8221; global_colors_info=&#8221;{}&#8221;]<\/p>\n<p>Desenvolver um Toolkit de Recursos para a Gest\u00e3o de Carreira (PI1) com o objetivo de promover conhecimento, compet\u00eancias e pr\u00e1ticas que capacitam os adultos marginalizados para abordar estrategicamente as necessidades e tend\u00eancias do mercado de trabalho, ao mesmo tempo que desenvolvem flexibilidade, autoconhecimento, a capacidade de tomar decis\u00f5es e a autogest\u00e3o da carreira.<\/p>\n<p>[\/et_pb_blurb][et_pb_blurb use_icon=&#8221;on&#8221; font_icon=&#8221;&#x4b;||divi||400&#8243; icon_color=&#8221;#007aff&#8221; icon_placement=&#8221;left&#8221; content_max_width=&#8221;800px&#8221; _builder_version=&#8221;4.16&#8243; header_font=&#8221;PT Sans|700|||||||&#8221; header_text_color=&#8221;#2a3749&#8243; header_font_size=&#8221;16px&#8221; header_line_height=&#8221;1.9em&#8221; custom_margin=&#8221;||0px||false|false&#8221; locked=&#8221;off&#8221; global_colors_info=&#8221;{}&#8221;]<\/p>\n<p>Desenvolver um Programa de Treino em Servi\u00e7o sobre Orienta\u00e7\u00e3o de Carreira (PI2) que apresentar\u00e1 os recursos educativos desenvolvidos durante o projeto e proporcionar\u00e1 uma melhor compreens\u00e3o sobre o processo de aprendizagem nos adultos, das muta\u00e7\u00f5es no mercado de trabalho e das \u00faltimas tend\u00eancias na orienta\u00e7\u00e3o de carreira, assim como tamb\u00e9m apresentar\u00e1 estrat\u00e9gias educacionais inovadoras para trabalhar na \u00e1rea de orienta\u00e7\u00e3o de carreira com adultos marginalizados.<\/p>\n<p style=\"text-align: justify;\">\n<p>[\/et_pb_blurb][et_pb_blurb use_icon=&#8221;on&#8221; font_icon=&#8221;&#x4b;||divi||400&#8243; icon_color=&#8221;#007aff&#8221; icon_placement=&#8221;left&#8221; content_max_width=&#8221;800px&#8221; _builder_version=&#8221;4.16&#8243; header_font=&#8221;PT Sans|700|||||||&#8221; header_text_color=&#8221;#2a3749&#8243; header_font_size=&#8221;16px&#8221; header_line_height=&#8221;1.9em&#8221; custom_margin=&#8221;||0px||false|false&#8221; locked=&#8221;off&#8221; global_colors_info=&#8221;{}&#8221;]<\/p>\n<p>Desenvolver uma plataforma de e-learning (PI3) para permitir o acesso a todos os recursos educativos do (RE)BUILD, em unidades modulares, de acordo com as necessidades espec\u00edficos dos utilizadores.<\/p>\n<p style=\"text-align: justify;\">\n<p>[\/et_pb_blurb][et_pb_blurb use_icon=&#8221;on&#8221; font_icon=&#8221;&#x4b;||divi||400&#8243; icon_color=&#8221;#007aff&#8221; icon_placement=&#8221;left&#8221; content_max_width=&#8221;800px&#8221; _builder_version=&#8221;4.16&#8243; header_font=&#8221;PT Sans|700|||||||&#8221; header_text_color=&#8221;#2a3749&#8243; header_font_size=&#8221;16px&#8221; header_line_height=&#8221;1.9em&#8221; custom_margin=&#8221;||0px||false|false&#8221; locked=&#8221;off&#8221; global_colors_info=&#8221;{}&#8221;]<\/p>\n<p>Desenvolver um Documento de Orienta\u00e7\u00e3o (PI4) que apresentar\u00e1 recomenda\u00e7\u00f5es operacionais e de pol\u00edticas baseadas na an\u00e1lise dos resultados do projeto transnacional. Explicar\u00e1 tamb\u00e9m o potencial da abordagem socioeducativa na gest\u00e3o de carreira com adultos marginalizados na Europa, assim como os benef\u00edcios de implementar uma abordagem multidisciplinar na gest\u00e3o de carreira.<\/p>\n<p>[\/et_pb_blurb][\/et_pb_column][\/et_pb_row][\/et_pb_section]<\/p>\n","protected":false},"excerpt":{"rendered":"<p>Tendo em conta que o desenvolvimento de carreira \u00e9 uma experi\u00eancia continua, o (RE)BUILD pretende disponibilizar uma experi\u00eancia de aprendizagem inovadora que promove a intelig\u00eancia pr\u00e1tica para os adultos com menos oportunidades, de modo a lidarem com as suas expetativas pessoais e a adquirirem flexibilidade no ato de tomar decis\u00f5es e explorar as oportunidades profissionais, [&hellip;]<\/p>\n","protected":false},"author":2,"featured_media":0,"parent":0,"menu_order":0,"comment_status":"closed","ping_status":"closed","template":"","meta":{"_et_pb_use_builder":"on","_et_pb_old_content":"","_et_gb_content_width":"","_monsterinsights_skip_tracking":false,"_monsterinsights_sitenote_active":false,"_monsterinsights_sitenote_note":"","_monsterinsights_sitenote_category":0,"footnotes":""},"class_list":["post-2268","page","type-page","status-publish","hentry"],"yoast_head":"<!-- This site is optimized with the Yoast SEO plugin v27.3 - https:\/\/yoast.com\/product\/yoast-seo-wordpress\/ -->\n<title>(RE)BUILD - Rightchallenge<\/title>\n<meta name=\"robots\" content=\"index, follow, max-snippet:-1, max-image-preview:large, max-video-preview:-1\" \/>\n<link rel=\"canonical\" href=\"https:\/\/rightchallenge.org\/en\/rebuild-2\/\" \/>\n<meta property=\"og:locale\" content=\"en_GB\" \/>\n<meta property=\"og:type\" content=\"article\" \/>\n<meta property=\"og:title\" content=\"(RE)BUILD - Rightchallenge\" \/>\n<meta property=\"og:description\" content=\"Tendo em conta que o desenvolvimento de carreira \u00e9 uma experi\u00eancia continua, o (RE)BUILD pretende disponibilizar uma experi\u00eancia de aprendizagem inovadora que promove a intelig\u00eancia pr\u00e1tica para os adultos com menos oportunidades, de modo a lidarem com as suas expetativas pessoais e a adquirirem flexibilidade no ato de tomar decis\u00f5es e explorar as oportunidades profissionais, [&hellip;]\" \/>\n<meta property=\"og:url\" content=\"https:\/\/rightchallenge.org\/en\/rebuild-2\/\" \/>\n<meta property=\"og:site_name\" content=\"Rightchallenge\" \/>\n<meta property=\"article:modified_time\" content=\"2022-10-03T12:29:58+00:00\" \/>\n<meta name=\"twitter:card\" content=\"summary_large_image\" \/>\n<script type=\"application\/ld+json\" class=\"yoast-schema-graph\">{\"@context\":\"https:\\\/\\\/schema.org\",\"@graph\":[{\"@type\":\"WebPage\",\"@id\":\"https:\\\/\\\/rightchallenge.org\\\/rebuild-2\\\/\",\"url\":\"https:\\\/\\\/rightchallenge.org\\\/rebuild-2\\\/\",\"name\":\"(RE)BUILD - Rightchallenge\",\"isPartOf\":{\"@id\":\"https:\\\/\\\/rightchallenge.org\\\/#website\"},\"datePublished\":\"2022-10-03T12:27:21+00:00\",\"dateModified\":\"2022-10-03T12:29:58+00:00\",\"breadcrumb\":{\"@id\":\"https:\\\/\\\/rightchallenge.org\\\/rebuild-2\\\/#breadcrumb\"},\"inLanguage\":\"en-GB\",\"potentialAction\":[{\"@type\":\"ReadAction\",\"target\":[\"https:\\\/\\\/rightchallenge.org\\\/rebuild-2\\\/\"]}]},{\"@type\":\"BreadcrumbList\",\"@id\":\"https:\\\/\\\/rightchallenge.org\\\/rebuild-2\\\/#breadcrumb\",\"itemListElement\":[{\"@type\":\"ListItem\",\"position\":1,\"name\":\"In\u00edcio\",\"item\":\"https:\\\/\\\/rightchallenge.org\\\/\"},{\"@type\":\"ListItem\",\"position\":2,\"name\":\"(RE)BUILD\"}]},{\"@type\":\"WebSite\",\"@id\":\"https:\\\/\\\/rightchallenge.org\\\/#website\",\"url\":\"https:\\\/\\\/rightchallenge.org\\\/\",\"name\":\"Rightchallenge\",\"description\":\"Associa\u00e7\u00e3o\",\"potentialAction\":[{\"@type\":\"SearchAction\",\"target\":{\"@type\":\"EntryPoint\",\"urlTemplate\":\"https:\\\/\\\/rightchallenge.org\\\/?s={search_term_string}\"},\"query-input\":{\"@type\":\"PropertyValueSpecification\",\"valueRequired\":true,\"valueName\":\"search_term_string\"}}],\"inLanguage\":\"en-GB\"}]}<\/script>\n<!-- \/ Yoast SEO plugin. -->","yoast_head_json":{"title":"(RE)BUILD - Rightchallenge","robots":{"index":"index","follow":"follow","max-snippet":"max-snippet:-1","max-image-preview":"max-image-preview:large","max-video-preview":"max-video-preview:-1"},"canonical":"https:\/\/rightchallenge.org\/en\/rebuild-2\/","og_locale":"en_GB","og_type":"article","og_title":"(RE)BUILD - Rightchallenge","og_description":"Tendo em conta que o desenvolvimento de carreira \u00e9 uma experi\u00eancia continua, o (RE)BUILD pretende disponibilizar uma experi\u00eancia de aprendizagem inovadora que promove a intelig\u00eancia pr\u00e1tica para os adultos com menos oportunidades, de modo a lidarem com as suas expetativas pessoais e a adquirirem flexibilidade no ato de tomar decis\u00f5es e explorar as oportunidades profissionais, [&hellip;]","og_url":"https:\/\/rightchallenge.org\/en\/rebuild-2\/","og_site_name":"Rightchallenge","article_modified_time":"2022-10-03T12:29:58+00:00","twitter_card":"summary_large_image","schema":{"@context":"https:\/\/schema.org","@graph":[{"@type":"WebPage","@id":"https:\/\/rightchallenge.org\/rebuild-2\/","url":"https:\/\/rightchallenge.org\/rebuild-2\/","name":"(RE)BUILD - Rightchallenge","isPartOf":{"@id":"https:\/\/rightchallenge.org\/#website"},"datePublished":"2022-10-03T12:27:21+00:00","dateModified":"2022-10-03T12:29:58+00:00","breadcrumb":{"@id":"https:\/\/rightchallenge.org\/rebuild-2\/#breadcrumb"},"inLanguage":"en-GB","potentialAction":[{"@type":"ReadAction","target":["https:\/\/rightchallenge.org\/rebuild-2\/"]}]},{"@type":"BreadcrumbList","@id":"https:\/\/rightchallenge.org\/rebuild-2\/#breadcrumb","itemListElement":[{"@type":"ListItem","position":1,"name":"In\u00edcio","item":"https:\/\/rightchallenge.org\/"},{"@type":"ListItem","position":2,"name":"(RE)BUILD"}]},{"@type":"WebSite","@id":"https:\/\/rightchallenge.org\/#website","url":"https:\/\/rightchallenge.org\/","name":"Rightchallenge","description":"Associa\u00e7\u00e3o","potentialAction":[{"@type":"SearchAction","target":{"@type":"EntryPoint","urlTemplate":"https:\/\/rightchallenge.org\/?s={search_term_string}"},"query-input":{"@type":"PropertyValueSpecification","valueRequired":true,"valueName":"search_term_string"}}],"inLanguage":"en-GB"}]}},"_links":{"self":[{"href":"https:\/\/rightchallenge.org\/en\/wp-json\/wp\/v2\/pages\/2268","targetHints":{"allow":["GET"]}}],"collection":[{"href":"https:\/\/rightchallenge.org\/en\/wp-json\/wp\/v2\/pages"}],"about":[{"href":"https:\/\/rightchallenge.org\/en\/wp-json\/wp\/v2\/types\/page"}],"author":[{"embeddable":true,"href":"https:\/\/rightchallenge.org\/en\/wp-json\/wp\/v2\/users\/2"}],"replies":[{"embeddable":true,"href":"https:\/\/rightchallenge.org\/en\/wp-json\/wp\/v2\/comments?post=2268"}],"version-history":[{"count":2,"href":"https:\/\/rightchallenge.org\/en\/wp-json\/wp\/v2\/pages\/2268\/revisions"}],"predecessor-version":[{"id":2285,"href":"https:\/\/rightchallenge.org\/en\/wp-json\/wp\/v2\/pages\/2268\/revisions\/2285"}],"wp:attachment":[{"href":"https:\/\/rightchallenge.org\/en\/wp-json\/wp\/v2\/media?parent=2268"}],"curies":[{"name":"wp","href":"https:\/\/api.w.org\/{rel}","templated":true}]}}