{"id":2241,"date":"2022-10-03T11:39:30","date_gmt":"2022-10-03T10:39:30","guid":{"rendered":"https:\/\/rightchallenge.org\/?page_id=2241"},"modified":"2023-08-09T09:40:21","modified_gmt":"2023-08-09T08:40:21","slug":"peace-education","status":"publish","type":"page","link":"https:\/\/rightchallenge.org\/en\/peace-education\/","title":{"rendered":"Peace Education"},"content":{"rendered":"<p>[et_pb_section fb_built=&#8221;1&#8243; admin_label=&#8221;Header&#8221; _builder_version=&#8221;4.16&#8243; global_colors_info=&#8221;{}&#8221;][et_pb_row column_structure=&#8221;3_5,2_5&#8243; custom_padding_last_edited=&#8221;off|desktop&#8221; _builder_version=&#8221;4.16&#8243; background_enable_color=&#8221;off&#8221; custom_padding_tablet=&#8221;||30px||false|false&#8221; locked=&#8221;off&#8221; global_colors_info=&#8221;{}&#8221;][et_pb_column type=&#8221;3_5&#8243; _builder_version=&#8221;4.16&#8243; custom_padding_tablet=&#8221;||20px||false|false&#8221; custom_padding_phone=&#8221;&#8221; custom_padding_last_edited=&#8221;on|tablet&#8221; global_colors_info=&#8221;{}&#8221;][et_pb_image src=&#8221;https:\/\/rightchallenge.org\/wp-content\/uploads\/2022\/10\/PEACE-LOGO-VECTOR-SHORT1.png&#8221; title_text=&#8221;PEACE LOGO VECTOR SHORT(1)&#8221; align=&#8221;center&#8221; _builder_version=&#8221;4.18.0&#8243; width=&#8221;49%&#8221; global_colors_info=&#8221;{}&#8221;][\/et_pb_image][et_pb_text _builder_version=&#8221;4.21.2&#8243; text_font=&#8221;PT Sans||||||||&#8221; text_font_size=&#8221;15px&#8221; text_line_height=&#8221;1.9em&#8221; custom_padding=&#8221;||0px|||&#8221; hover_enabled=&#8221;0&#8243; global_colors_info=&#8221;{}&#8221; text_text_color=&#8221;#000000&#8243; sticky_enabled=&#8221;0&#8243;]<\/p>\n<p style=\"text-align: justify;\">O projeto <strong>&#8220;PEACE EDUCATION&#8221;<\/strong> visa apoiar os jovens no desenvolvimento de compet\u00eancias sociais, interculturais, de comunica\u00e7\u00e3o e de resolu\u00e7\u00e3o de problemas; na motiva\u00e7\u00e3o para aprender l\u00ednguas e melhorar as compet\u00eancias inform\u00e1ticas; na aprendizagem de outras culturas; em serem mais positivos, criativos e felizes.<\/p>\n<p style=\"text-align: justify;\">O principal objetivo \u00e9 <strong>fornecer aos jovens recursos que os ajudem a refor\u00e7ar a sua compreens\u00e3o e a\u00e7\u00e3o em prol da educa\u00e7\u00e3o para a paz.<\/strong><\/p>\n<p style=\"text-align: justify;\">O projeto surge como uma necessidade de os alunos utilizarem o vocabul\u00e1rio correto, terem oportunidades de o p\u00f4r em pr\u00e1tica e terem infinitas possibilidades de interiorizar e aplicar as compet\u00eancias necess\u00e1rias para apoiar a resolu\u00e7\u00e3o pac\u00edfica de problemas no futuro.<\/p>\n<p style=\"text-align: justify;\">Para o efeito, os parceiros trabalhar\u00e3o durante 24 meses para refor\u00e7ar as compet\u00eancias dos professores e dos alunos em mat\u00e9ria de educa\u00e7\u00e3o para a paz:<\/p>\n<ul>\n<li style=\"text-align: justify;\">Proporcionar aos professores e estudantes uma compreens\u00e3o concetual da educa\u00e7\u00e3o para a paz.<\/li>\n<li style=\"text-align: justify;\">Adquirir uma compreens\u00e3o hol\u00edstica e cr\u00edtica da teoria e da pr\u00e1tica da educa\u00e7\u00e3o para a paz.<\/li>\n<li style=\"text-align: justify;\">Procurar e identificar as melhores formas de ensinar a paz.<\/li>\n<li style=\"text-align: justify;\">Analisar estudos de avalia\u00e7\u00e3o sobre o impacto e a efic\u00e1cia da educa\u00e7\u00e3o para a paz.<\/li>\n<li style=\"text-align: justify;\">Modelar, experimentar e praticar salas de aula pac\u00edficas e din\u00e2micas de grupo saud\u00e1veis.<\/li>\n<li style=\"text-align: justify;\">Tornar-se aprendizes cr\u00edticos e praticantes reflexivos da paz.<\/li>\n<li style=\"text-align: justify;\">Adquirir uma aprecia\u00e7\u00e3o dos fundamentos das sociedades justas e pac\u00edficas.<\/li>\n<li style=\"text-align: justify;\">Incentivar a a\u00e7\u00e3o positiva e a resolu\u00e7\u00e3o n\u00e3o violenta de conflitos na sociedade.<\/li>\n<li style=\"text-align: justify;\">Melhorar a flexibilidade intelectual, a criatividade e a capacidade de resolu\u00e7\u00e3o de problemas dos alunos.<\/li>\n<\/ul>\n<p><span style=\"color: #000000;\"><strong>Este projeto \u00e9 apoiado no \u00e2mbito do programa europeu Erasmus+<\/strong><\/span> <strong>&#8211; Educa\u00e7\u00e3o Escolar<\/strong><\/p>\n<p>[\/et_pb_text][\/et_pb_column][et_pb_column type=&#8221;2_5&#8243; _builder_version=&#8221;4.16&#8243; background_color=&#8221;#ffffff&#8221; custom_padding=&#8221;50px|40px|60px|40px|false|true&#8221; custom_padding_tablet=&#8221;|50px||50px|false|true&#8221; custom_padding_phone=&#8221;&#8221; custom_padding_last_edited=&#8221;on|tablet&#8221; border_radii=&#8221;on|10px|10px|10px|10px&#8221; box_shadow_style=&#8221;preset1&#8243; box_shadow_color=&#8221;rgba(12,113,195,0.13)&#8221; global_colors_info=&#8221;{}&#8221;][et_pb_image src=&#8221;https:\/\/rightchallenge.org\/wp-content\/uploads\/2020\/03\/erasmus.jpg&#8221; title_text=&#8221;erasmus&#8221; align=&#8221;center&#8221; _builder_version=&#8221;4.16&#8243; max_width=&#8221;70%&#8221; global_colors_info=&#8221;{}&#8221;][\/et_pb_image][et_pb_text _builder_version=&#8221;4.16&#8243; custom_margin=&#8221;||13px|||&#8221; custom_padding=&#8221;16px|||||&#8221; global_colors_info=&#8221;{}&#8221;]<\/p>\n<h3 style=\"text-align: center;\">Parceiros<\/h3>\n<p>[\/et_pb_text][et_pb_blurb title=&#8221;Association Des Agences De La Democratie Locale&#8221; url=&#8221;http:\/\/www.cbesudluberon.com\/&#8221; url_new_window=&#8221;on&#8221; image=&#8221;https:\/\/rightchallenge.org\/wp-content\/uploads\/2020\/03\/france.png&#8221; icon_placement=&#8221;left&#8221; content_max_width=&#8221;800px&#8221; _builder_version=&#8221;4.21.2&#8243; header_font=&#8221;PT Sans|700|||||||&#8221; header_text_color=&#8221;#000000&#8243; header_font_size=&#8221;17px&#8221; header_line_height=&#8221;1.9em&#8221; hover_enabled=&#8221;0&#8243; locked=&#8221;off&#8221; global_colors_info=&#8221;{}&#8221; sticky_enabled=&#8221;0&#8243;][\/et_pb_blurb][et_pb_blurb title=&#8221;Paydas Egitim Kultur Ve Sanat Dernegi&#8221; url=&#8221;https:\/\/ied.eu\/&#8221; url_new_window=&#8221;on&#8221; image=&#8221;https:\/\/rightchallenge.org\/wp-content\/uploads\/2022\/10\/8398.png&#8221; icon_placement=&#8221;left&#8221; content_max_width=&#8221;800px&#8221; _builder_version=&#8221;4.21.2&#8243; header_font=&#8221;PT Sans|700|||||||&#8221; header_text_color=&#8221;#000000&#8243; header_font_size=&#8221;17px&#8221; header_line_height=&#8221;1.9em&#8221; hover_enabled=&#8221;0&#8243; locked=&#8221;off&#8221; global_colors_info=&#8221;{}&#8221; sticky_enabled=&#8221;0&#8243;][\/et_pb_blurb][et_pb_blurb title=&#8221;Hacettepe Universitesi&#8221; url=&#8221;https:\/\/thesquare.team\/&#8221; url_new_window=&#8221;on&#8221; image=&#8221;https:\/\/rightchallenge.org\/wp-content\/uploads\/2022\/10\/8398.png&#8221; icon_placement=&#8221;left&#8221; content_max_width=&#8221;800px&#8221; _builder_version=&#8221;4.21.2&#8243; header_font=&#8221;PT Sans|700|||||||&#8221; header_text_color=&#8221;#000000&#8243; header_font_size=&#8221;17px&#8221; header_line_height=&#8221;1.9em&#8221; hover_enabled=&#8221;0&#8243; locked=&#8221;off&#8221; global_colors_info=&#8221;{}&#8221; sticky_enabled=&#8221;0&#8243;][\/et_pb_blurb][et_pb_blurb title=&#8221;\u00c2ngulos e Argumentos LDA&#8221; url=&#8221;http:\/\/www.nevladnik.info\/si\/&#8221; url_new_window=&#8221;on&#8221; image=&#8221;https:\/\/rightchallenge.org\/wp-content\/uploads\/2022\/09\/bola-de-vidro-com-bandeira-portugal-icone-modelo-esfera-redonda-simbolo-nacional-portugues-realista-brilhante-ilustracao-do-210070505.jpg&#8221; icon_placement=&#8221;left&#8221; content_max_width=&#8221;800px&#8221; _builder_version=&#8221;4.21.2&#8243; header_font=&#8221;PT Sans|700|||||||&#8221; header_text_color=&#8221;#000000&#8243; header_font_size=&#8221;17px&#8221; header_line_height=&#8221;1.9em&#8221; hover_enabled=&#8221;0&#8243; locked=&#8221;off&#8221; global_colors_info=&#8221;{}&#8221; sticky_enabled=&#8221;0&#8243;][\/et_pb_blurb][et_pb_blurb title=&#8221;Zavod Boter&#8221; url=&#8221;https:\/\/spectrumresearchcentre.com\/&#8221; url_new_window=&#8221;on&#8221; image=&#8221;https:\/\/rightchallenge.org\/wp-content\/uploads\/2022\/10\/icone-liso-redondo-do-vetor-da-bandeira-de-eslovenia-114055806.jpg&#8221; icon_placement=&#8221;left&#8221; content_max_width=&#8221;800px&#8221; _builder_version=&#8221;4.21.2&#8243; header_font=&#8221;PT Sans|700|||||||&#8221; header_text_color=&#8221;#000000&#8243; header_font_size=&#8221;17px&#8221; header_line_height=&#8221;1.9em&#8221; hover_enabled=&#8221;0&#8243; locked=&#8221;off&#8221; global_colors_info=&#8221;{}&#8221; sticky_enabled=&#8221;0&#8243;][\/et_pb_blurb][et_pb_blurb title=&#8221;Ekonomska sola Novo mesto&#8221; url=&#8221;https:\/\/spectrumresearchcentre.com\/&#8221; url_new_window=&#8221;on&#8221; image=&#8221;https:\/\/rightchallenge.org\/wp-content\/uploads\/2022\/10\/icone-liso-redondo-do-vetor-da-bandeira-de-eslovenia-114055806.jpg&#8221; icon_placement=&#8221;left&#8221; content_max_width=&#8221;800px&#8221; _builder_version=&#8221;4.21.2&#8243; header_font=&#8221;PT Sans|700|||||||&#8221; header_text_color=&#8221;#000000&#8243; header_font_size=&#8221;17px&#8221; header_line_height=&#8221;1.9em&#8221; hover_enabled=&#8221;0&#8243; locked=&#8221;off&#8221; global_colors_info=&#8221;{}&#8221; sticky_enabled=&#8221;0&#8243;][\/et_pb_blurb][et_pb_blurb title=&#8221;Moodle&#8221; url=&#8221;PeaceEdu Project &#8211; Open Online Course (hacettepe.edu.tr)&#8221; url_new_window=&#8221;on&#8221; image=&#8221;https:\/\/rightchallenge.org\/wp-content\/uploads\/2023\/07\/Design-sem-nome-1.png&#8221; icon_placement=&#8221;left&#8221; content_max_width=&#8221;800px&#8221; _builder_version=&#8221;4.21.2&#8243; header_font=&#8221;|700|||||||&#8221; header_text_align=&#8221;left&#8221; header_text_color=&#8221;#0C71C3&#8243; header_font_size=&#8221;18px&#8221; header_line_height=&#8221;1.9em&#8221; body_font=&#8221;|700|||||||&#8221; custom_margin=&#8221;|||77px|false|false&#8221; custom_padding=&#8221;|||10px|false|false&#8221; hover_enabled=&#8221;0&#8243; locked=&#8221;off&#8221; global_colors_info=&#8221;{}&#8221; theme_builder_area=&#8221;post_content&#8221; sticky_enabled=&#8221;0&#8243;][\/et_pb_blurb][et_pb_blurb title=&#8221;Facebook&#8221; url=&#8221;https:\/\/www.facebook.com\/groups\/978292379450445&#8243; url_new_window=&#8221;on&#8221; image=&#8221;https:\/\/rightchallenge.org\/wp-content\/uploads\/2023\/07\/5968764.png&#8221; icon_placement=&#8221;left&#8221; content_max_width=&#8221;800px&#8221; _builder_version=&#8221;4.21.2&#8243; header_font=&#8221;|700|||||||&#8221; header_text_align=&#8221;left&#8221; header_text_color=&#8221;#0C71C3&#8243; header_font_size=&#8221;18px&#8221; header_line_height=&#8221;1.9em&#8221; body_font=&#8221;|700|||||||&#8221; custom_margin=&#8221;-20px|88px||88px|false|true&#8221; hover_enabled=&#8221;0&#8243; locked=&#8221;off&#8221; global_colors_info=&#8221;{}&#8221; theme_builder_area=&#8221;post_content&#8221; sticky_enabled=&#8221;0&#8243;][\/et_pb_blurb][\/et_pb_column][\/et_pb_row][\/et_pb_section]<\/p>\n","protected":false},"excerpt":{"rendered":"<p>O projeto &#8220;PEACE EDUCATION&#8221; visa apoiar os jovens no desenvolvimento de compet\u00eancias sociais, interculturais, de comunica\u00e7\u00e3o e de resolu\u00e7\u00e3o de problemas; na motiva\u00e7\u00e3o para aprender l\u00ednguas e melhorar as compet\u00eancias inform\u00e1ticas; na aprendizagem de outras culturas; em serem mais positivos, criativos e felizes. O principal objetivo \u00e9 fornecer aos jovens recursos que os ajudem a [&hellip;]<\/p>\n","protected":false},"author":2,"featured_media":0,"parent":0,"menu_order":0,"comment_status":"closed","ping_status":"closed","template":"","meta":{"_et_pb_use_builder":"on","_et_pb_old_content":"","_et_gb_content_width":"","_monsterinsights_skip_tracking":false,"_monsterinsights_sitenote_active":false,"_monsterinsights_sitenote_note":"","_monsterinsights_sitenote_category":0,"footnotes":""},"class_list":["post-2241","page","type-page","status-publish","hentry"],"yoast_head":"<!-- This site is optimized with the Yoast SEO plugin v27.3 - https:\/\/yoast.com\/product\/yoast-seo-wordpress\/ -->\n<title>Peace Education - Rightchallenge<\/title>\n<meta name=\"robots\" content=\"index, follow, max-snippet:-1, max-image-preview:large, max-video-preview:-1\" \/>\n<link rel=\"canonical\" href=\"https:\/\/rightchallenge.org\/en\/peace-education\/\" \/>\n<meta property=\"og:locale\" content=\"en_GB\" \/>\n<meta property=\"og:type\" content=\"article\" \/>\n<meta property=\"og:title\" content=\"Peace Education - Rightchallenge\" \/>\n<meta property=\"og:description\" content=\"O projeto &quot;PEACE EDUCATION&quot; visa apoiar os jovens no desenvolvimento de compet\u00eancias sociais, interculturais, de comunica\u00e7\u00e3o e de resolu\u00e7\u00e3o de problemas; na motiva\u00e7\u00e3o para aprender l\u00ednguas e melhorar as compet\u00eancias inform\u00e1ticas; na aprendizagem de outras culturas; em serem mais positivos, criativos e felizes. O principal objetivo \u00e9 fornecer aos jovens recursos que os ajudem a [&hellip;]\" \/>\n<meta property=\"og:url\" content=\"https:\/\/rightchallenge.org\/en\/peace-education\/\" \/>\n<meta property=\"og:site_name\" content=\"Rightchallenge\" \/>\n<meta property=\"article:modified_time\" content=\"2023-08-09T08:40:21+00:00\" \/>\n<meta name=\"twitter:card\" content=\"summary_large_image\" \/>\n<meta name=\"twitter:label1\" content=\"Estimated reading time\" \/>\n\t<meta name=\"twitter:data1\" content=\"4 minutes\" \/>\n<script type=\"application\/ld+json\" class=\"yoast-schema-graph\">{\"@context\":\"https:\\\/\\\/schema.org\",\"@graph\":[{\"@type\":\"WebPage\",\"@id\":\"https:\\\/\\\/rightchallenge.org\\\/peace-education\\\/\",\"url\":\"https:\\\/\\\/rightchallenge.org\\\/peace-education\\\/\",\"name\":\"Peace Education - Rightchallenge\",\"isPartOf\":{\"@id\":\"https:\\\/\\\/rightchallenge.org\\\/#website\"},\"datePublished\":\"2022-10-03T10:39:30+00:00\",\"dateModified\":\"2023-08-09T08:40:21+00:00\",\"breadcrumb\":{\"@id\":\"https:\\\/\\\/rightchallenge.org\\\/peace-education\\\/#breadcrumb\"},\"inLanguage\":\"en-GB\",\"potentialAction\":[{\"@type\":\"ReadAction\",\"target\":[\"https:\\\/\\\/rightchallenge.org\\\/peace-education\\\/\"]}]},{\"@type\":\"BreadcrumbList\",\"@id\":\"https:\\\/\\\/rightchallenge.org\\\/peace-education\\\/#breadcrumb\",\"itemListElement\":[{\"@type\":\"ListItem\",\"position\":1,\"name\":\"In\u00edcio\",\"item\":\"https:\\\/\\\/rightchallenge.org\\\/\"},{\"@type\":\"ListItem\",\"position\":2,\"name\":\"Peace Education\"}]},{\"@type\":\"WebSite\",\"@id\":\"https:\\\/\\\/rightchallenge.org\\\/#website\",\"url\":\"https:\\\/\\\/rightchallenge.org\\\/\",\"name\":\"Rightchallenge\",\"description\":\"Associa\u00e7\u00e3o\",\"potentialAction\":[{\"@type\":\"SearchAction\",\"target\":{\"@type\":\"EntryPoint\",\"urlTemplate\":\"https:\\\/\\\/rightchallenge.org\\\/?s={search_term_string}\"},\"query-input\":{\"@type\":\"PropertyValueSpecification\",\"valueRequired\":true,\"valueName\":\"search_term_string\"}}],\"inLanguage\":\"en-GB\"}]}<\/script>\n<!-- \/ Yoast SEO plugin. -->","yoast_head_json":{"title":"Peace Education - Rightchallenge","robots":{"index":"index","follow":"follow","max-snippet":"max-snippet:-1","max-image-preview":"max-image-preview:large","max-video-preview":"max-video-preview:-1"},"canonical":"https:\/\/rightchallenge.org\/en\/peace-education\/","og_locale":"en_GB","og_type":"article","og_title":"Peace Education - Rightchallenge","og_description":"O projeto \"PEACE EDUCATION\" visa apoiar os jovens no desenvolvimento de compet\u00eancias sociais, interculturais, de comunica\u00e7\u00e3o e de resolu\u00e7\u00e3o de problemas; na motiva\u00e7\u00e3o para aprender l\u00ednguas e melhorar as compet\u00eancias inform\u00e1ticas; na aprendizagem de outras culturas; em serem mais positivos, criativos e felizes. O principal objetivo \u00e9 fornecer aos jovens recursos que os ajudem a [&hellip;]","og_url":"https:\/\/rightchallenge.org\/en\/peace-education\/","og_site_name":"Rightchallenge","article_modified_time":"2023-08-09T08:40:21+00:00","twitter_card":"summary_large_image","twitter_misc":{"Estimated reading time":"4 minutes"},"schema":{"@context":"https:\/\/schema.org","@graph":[{"@type":"WebPage","@id":"https:\/\/rightchallenge.org\/peace-education\/","url":"https:\/\/rightchallenge.org\/peace-education\/","name":"Peace Education - Rightchallenge","isPartOf":{"@id":"https:\/\/rightchallenge.org\/#website"},"datePublished":"2022-10-03T10:39:30+00:00","dateModified":"2023-08-09T08:40:21+00:00","breadcrumb":{"@id":"https:\/\/rightchallenge.org\/peace-education\/#breadcrumb"},"inLanguage":"en-GB","potentialAction":[{"@type":"ReadAction","target":["https:\/\/rightchallenge.org\/peace-education\/"]}]},{"@type":"BreadcrumbList","@id":"https:\/\/rightchallenge.org\/peace-education\/#breadcrumb","itemListElement":[{"@type":"ListItem","position":1,"name":"In\u00edcio","item":"https:\/\/rightchallenge.org\/"},{"@type":"ListItem","position":2,"name":"Peace Education"}]},{"@type":"WebSite","@id":"https:\/\/rightchallenge.org\/#website","url":"https:\/\/rightchallenge.org\/","name":"Rightchallenge","description":"Associa\u00e7\u00e3o","potentialAction":[{"@type":"SearchAction","target":{"@type":"EntryPoint","urlTemplate":"https:\/\/rightchallenge.org\/?s={search_term_string}"},"query-input":{"@type":"PropertyValueSpecification","valueRequired":true,"valueName":"search_term_string"}}],"inLanguage":"en-GB"}]}},"_links":{"self":[{"href":"https:\/\/rightchallenge.org\/en\/wp-json\/wp\/v2\/pages\/2241","targetHints":{"allow":["GET"]}}],"collection":[{"href":"https:\/\/rightchallenge.org\/en\/wp-json\/wp\/v2\/pages"}],"about":[{"href":"https:\/\/rightchallenge.org\/en\/wp-json\/wp\/v2\/types\/page"}],"author":[{"embeddable":true,"href":"https:\/\/rightchallenge.org\/en\/wp-json\/wp\/v2\/users\/2"}],"replies":[{"embeddable":true,"href":"https:\/\/rightchallenge.org\/en\/wp-json\/wp\/v2\/comments?post=2241"}],"version-history":[{"count":4,"href":"https:\/\/rightchallenge.org\/en\/wp-json\/wp\/v2\/pages\/2241\/revisions"}],"predecessor-version":[{"id":3315,"href":"https:\/\/rightchallenge.org\/en\/wp-json\/wp\/v2\/pages\/2241\/revisions\/3315"}],"wp:attachment":[{"href":"https:\/\/rightchallenge.org\/en\/wp-json\/wp\/v2\/media?parent=2241"}],"curies":[{"name":"wp","href":"https:\/\/api.w.org\/{rel}","templated":true}]}}