{"id":2228,"date":"2022-10-03T11:36:56","date_gmt":"2022-10-03T10:36:56","guid":{"rendered":"https:\/\/rightchallenge.org\/?page_id=2228"},"modified":"2023-08-09T17:32:53","modified_gmt":"2023-08-09T16:32:53","slug":"reliable-green","status":"publish","type":"page","link":"https:\/\/rightchallenge.org\/en\/reliable-green\/","title":{"rendered":"Reliable GREEN"},"content":{"rendered":"<p>[et_pb_section fb_built=&#8221;1&#8243; admin_label=&#8221;Header&#8221; _builder_version=&#8221;4.16&#8243; global_colors_info=&#8221;{}&#8221;][et_pb_row column_structure=&#8221;3_5,2_5&#8243; custom_padding_last_edited=&#8221;off|desktop&#8221; _builder_version=&#8221;4.16&#8243; background_enable_color=&#8221;off&#8221; custom_padding_tablet=&#8221;||30px||false|false&#8221; locked=&#8221;off&#8221; global_colors_info=&#8221;{}&#8221;][et_pb_column type=&#8221;3_5&#8243; _builder_version=&#8221;4.16&#8243; custom_padding_tablet=&#8221;||20px||false|false&#8221; custom_padding_phone=&#8221;&#8221; custom_padding_last_edited=&#8221;on|tablet&#8221; global_colors_info=&#8221;{}&#8221;][et_pb_image src=&#8221;https:\/\/rightchallenge.org\/wp-content\/uploads\/2022\/10\/ReliableGREEN-logo.jpg&#8221; title_text=&#8221;ReliableGREEN logo&#8221; align=&#8221;center&#8221; _builder_version=&#8221;4.18.0&#8243; width=&#8221;49%&#8221; custom_padding=&#8221;|0px||||&#8221; global_colors_info=&#8221;{}&#8221;][\/et_pb_image][et_pb_text _builder_version=&#8221;4.21.2&#8243; text_font=&#8221;PT Sans||||||||&#8221; text_text_color=&#8221;#000000&#8243; text_font_size=&#8221;15px&#8221; text_line_height=&#8221;1.9em&#8221; custom_padding=&#8221;||0px|||&#8221; hover_enabled=&#8221;0&#8243; global_colors_info=&#8221;{}&#8221; sticky_enabled=&#8221;0&#8243;]<\/p>\n<p style=\"text-align: justify;\">O projeto <strong>&#8220;ReliableGREEN<\/strong>&#8221; aborda o tema do trabalho remoto atrav\u00e9s de aprendizagem com recursos educativos inovadores e acess\u00edveis para as empresas e mercados de trabalho na Economia Sustent\u00e1vel Europeia.<\/p>\n<p style=\"text-align: justify;\">O projeto pretende fornecer o enquadramento de forma\u00e7\u00e3o para <strong>educadores de adultos, empregados e futuros empregados<\/strong>, de modo a desenvolver as suas compet\u00eancias, capacidades digitais (de software) e transversais que os ajudem a adaptar-se facilmente a esta nova tend\u00eancia internacional acelerada.<\/p>\n<p style=\"text-align: justify;\">Ao proporcionar estas aptid\u00f5es e compet\u00eancias e incentivar as empresas e os decisores pol\u00edticos a continuarem a adotar o teletrabalho trar\u00e1 in\u00fameros benef\u00edcios sociais, econ\u00f3micos e ambientais, tendo um impacto a m\u00e9dio e longo prazo na comunidade europeia.<\/p>\n<p style=\"text-align: justify;\">Por conseguinte, o projeto ir\u00e1 satisfazer estas necessidades e apoiar as PMEs e os tutores de EFP, fornecendo materiais de educa\u00e7\u00e3o e forma\u00e7\u00e3o personalizados que ir\u00e3o desenvolver as aptid\u00f5es e compet\u00eancias-chave nos funcion\u00e1rios de back-office e nos l\u00edderes das PMEs.<\/p>\n<p style=\"text-align: justify;\">Na verdade, o projeto visa desenvolver <strong>metodologias de forma\u00e7\u00e3o, curr\u00edculos e recursos personalizados<\/strong> que respondam \u00e0s necessidades dos funcion\u00e1rios administrativos, l\u00edderes de PMEs e tutores de EFP, a fim de se adaptarem a um <strong>ambiente de trabalho remoto<\/strong> e torn\u00e1-lo uma realidade para o ambiente empresarial.<\/p>\n<p style=\"text-align: justify;\">Desta forma, o projeto ir\u00e1 definitivamente cultivar empresas europeias, digitalizadas e orientadas para uma abordagem ambiental.<\/p>\n<p>Os principais objetivos do projeto s\u00e3o:<\/p>\n<ul>\n<li>Estabelecer um n\u00facleo de mercado de trabalho ao n\u00edvel de cada pa\u00eds parceiro, a fim de apoiar a implementa\u00e7\u00e3o do trabalho remoto.<\/li>\n<li>Colmatar a lacuna no fornecimento de educa\u00e7\u00e3o e forma\u00e7\u00e3o profissional para apoiar os trabalhadores das PMEs a melhorar as suas qualifica\u00e7\u00f5es para um ambiente de trabalho remoto.<\/li>\n<li>Capacitar os formadores de adultos com aptid\u00f5es, compet\u00eancias e atitudes necess\u00e1rias para conceber atividades e servi\u00e7os de forma\u00e7\u00e3o inovadores e orientados para a tecnologia para as empresas.<\/li>\n<li>Fomentar as compet\u00eancias digitais, transversais e n\u00e3o transversais dos trabalhadores das PME para se adaptarem a um ambiente de trabalho remoto.<\/li>\n<li>Melhorar o bem-estar, a motiva\u00e7\u00e3o e a produtividade dos empregados quando trabalham online.<\/li>\n<li>Elaborar recursos educativos inovadores e facilmente acess\u00edveis para pr\u00e1ticas de trabalho inovadoras.<\/li>\n<li>Desenvolver uma plataforma de e-learning centrada na auto-avalia\u00e7\u00e3o e forma\u00e7\u00e3o acess\u00edvel a todos.<\/li>\n<li>Fornecer ferramentas de gest\u00e3o para os l\u00edderes das PMEs, a fim de os habilitar a gerir digitalmente a atividade da organiza\u00e7\u00e3o.<\/li>\n<li>Aumentar a flexibilidade nos padr\u00f5es de trabalho a n\u00edvel das PME.<\/li>\n<\/ul>\n<p><strong>Este projeto \u00e9 apoiado no \u00e2mbito do programa europeu Erasmus+- Parcerias de coopera\u00e7\u00e3o no dom\u00ednio do ensino e da forma\u00e7\u00e3o profissionais.<\/strong><\/p>\n<p>[\/et_pb_text][\/et_pb_column][et_pb_column type=&#8221;2_5&#8243; _builder_version=&#8221;4.16&#8243; background_color=&#8221;#ffffff&#8221; custom_padding=&#8221;50px|40px|60px|40px|false|true&#8221; custom_padding_tablet=&#8221;|50px||50px|false|true&#8221; custom_padding_phone=&#8221;&#8221; custom_padding_last_edited=&#8221;on|tablet&#8221; border_radii=&#8221;on|10px|10px|10px|10px&#8221; box_shadow_style=&#8221;preset1&#8243; box_shadow_color=&#8221;rgba(12,113,195,0.13)&#8221; global_colors_info=&#8221;{}&#8221;][et_pb_image src=&#8221;https:\/\/rightchallenge.org\/wp-content\/uploads\/2023\/07\/PT_Co-fundedbytheEU_RGB_POS.png&#8221; title_text=&#8221;PT_Co-fundedbytheEU_RGB_POS&#8221; align=&#8221;center&#8221; _builder_version=&#8221;4.21.2&#8243; background_color=&#8221;RGBA(255,255,255,0)&#8221; max_width=&#8221;70%&#8221; global_colors_info=&#8221;{}&#8221;][\/et_pb_image][et_pb_text _builder_version=&#8221;4.16&#8243; custom_margin=&#8221;||13px|||&#8221; custom_padding=&#8221;16px|||||&#8221; global_colors_info=&#8221;{}&#8221;]<\/p>\n<h3 style=\"text-align: center;\">Parceiros<\/h3>\n<p>[\/et_pb_text][et_pb_blurb title=&#8221;Grupul Pentru Integrare Europeana&#8221; url=&#8221;http:\/\/www.sfedi.co.uk&#8221; url_new_window=&#8221;on&#8221; image=&#8221;https:\/\/rightchallenge.org\/wp-content\/uploads\/2022\/10\/bandeira-redonda-de-romenia-134377757.jpg&#8221; icon_placement=&#8221;left&#8221; content_max_width=&#8221;800px&#8221; _builder_version=&#8221;4.21.2&#8243; header_font=&#8221;PT Sans|700|||||||&#8221; header_text_align=&#8221;justify&#8221; header_text_color=&#8221;#000000&#8243; header_font_size=&#8221;17px&#8221; header_line_height=&#8221;1.9em&#8221; hover_enabled=&#8221;0&#8243; locked=&#8221;off&#8221; global_colors_info=&#8221;{}&#8221; sticky_enabled=&#8221;0&#8243;][\/et_pb_blurb][et_pb_blurb title=&#8221;Centre for Advancement of Research and Development in Educational Technology LTD &#8211; CARDET &#8221; url=&#8221;http:\/\/www.uop.gr&#8221; url_new_window=&#8221;on&#8221; image=&#8221;https:\/\/rightchallenge.org\/wp-content\/uploads\/2022\/10\/bandeira-redonda-de-chipre-134037528.jpg&#8221; icon_placement=&#8221;left&#8221; content_max_width=&#8221;800px&#8221; _builder_version=&#8221;4.21.2&#8243; header_font=&#8221;PT Sans|700|||||||&#8221; header_text_align=&#8221;justify&#8221; header_text_color=&#8221;#000000&#8243; header_font_size=&#8221;17px&#8221; header_line_height=&#8221;1.9em&#8221; hover_enabled=&#8221;0&#8243; locked=&#8221;off&#8221; global_colors_info=&#8221;{}&#8221; sticky_enabled=&#8221;0&#8243;][\/et_pb_blurb][et_pb_blurb title=&#8221;Future in Perspective Limited&#8221; url=&#8221;https:\/\/www.medyk.edu.pl&#8221; url_new_window=&#8221;on&#8221; image=&#8221;https:\/\/rightchallenge.org\/wp-content\/uploads\/2022\/10\/icone-redondo-isolado-botao-do-vetor-da-bandeira-de-ireland-132572560.jpg&#8221; icon_placement=&#8221;left&#8221; content_max_width=&#8221;800px&#8221; _builder_version=&#8221;4.21.2&#8243; header_font=&#8221;PT Sans|700|||||||&#8221; header_text_align=&#8221;justify&#8221; header_text_color=&#8221;#000000&#8243; header_font_size=&#8221;17px&#8221; header_line_height=&#8221;1.9em&#8221; hover_enabled=&#8221;0&#8243; locked=&#8221;off&#8221; global_colors_info=&#8221;{}&#8221; sticky_enabled=&#8221;0&#8243;][\/et_pb_blurb][et_pb_blurb title=&#8221;Universitaet Paderborn&#8221; url=&#8221;https:\/\/www.futureinperspective.com\/&#8221; url_new_window=&#8221;on&#8221; image=&#8221;https:\/\/rightchallenge.org\/wp-content\/uploads\/2022\/10\/indice.jpg&#8221; icon_placement=&#8221;left&#8221; content_max_width=&#8221;800px&#8221; _builder_version=&#8221;4.21.2&#8243; header_font=&#8221;PT Sans|700|||||||&#8221; header_text_align=&#8221;justify&#8221; header_text_color=&#8221;#000000&#8243; header_font_size=&#8221;17px&#8221; header_line_height=&#8221;1.9em&#8221; custom_padding=&#8221;1px|||||&#8221; hover_enabled=&#8221;0&#8243; locked=&#8221;off&#8221; global_colors_info=&#8221;{}&#8221; sticky_enabled=&#8221;0&#8243;][\/et_pb_blurb][et_pb_blurb title=&#8221;Website&#8221; url=&#8221;https:\/\/reliablegreen.eu\/&#8221; url_new_window=&#8221;on&#8221; image=&#8221;https:\/\/rightchallenge.org\/wp-content\/uploads\/2023\/07\/Design-sem-nome-1.png&#8221; icon_placement=&#8221;left&#8221; content_max_width=&#8221;800px&#8221; _builder_version=&#8221;4.21.2&#8243; header_font=&#8221;|700|||||||&#8221; header_text_align=&#8221;left&#8221; header_text_color=&#8221;#0C71C3&#8243; header_font_size=&#8221;18px&#8221; header_line_height=&#8221;1.9em&#8221; body_font=&#8221;|700|||||||&#8221; custom_margin=&#8221;|||77px|false|false&#8221; custom_padding=&#8221;|||10px|false|false&#8221; link_option_url_new_window=&#8221;on&#8221; locked=&#8221;off&#8221; global_colors_info=&#8221;{}&#8221;][\/et_pb_blurb][et_pb_blurb title=&#8221;Facebook&#8221; url=&#8221;https:\/\/www.facebook.com\/profile.php?id=100083580062133&#8243; url_new_window=&#8221;on&#8221; image=&#8221;https:\/\/rightchallenge.org\/wp-content\/uploads\/2023\/07\/5968764.png&#8221; icon_placement=&#8221;left&#8221; content_max_width=&#8221;800px&#8221; _builder_version=&#8221;4.21.2&#8243; header_font=&#8221;|700|||||||&#8221; header_text_align=&#8221;left&#8221; header_text_color=&#8221;#0C71C3&#8243; header_font_size=&#8221;18px&#8221; header_line_height=&#8221;1.9em&#8221; body_font=&#8221;|700|||||||&#8221; custom_margin=&#8221;-20px|88px||88px|false|true&#8221; link_option_url_new_window=&#8221;on&#8221; locked=&#8221;off&#8221; global_colors_info=&#8221;{}&#8221;][\/et_pb_blurb][\/et_pb_column][\/et_pb_row][\/et_pb_section]<\/p>\n","protected":false},"excerpt":{"rendered":"<p>O projeto &#8220;ReliableGREEN&#8221; aborda o tema do trabalho remoto atrav\u00e9s de aprendizagem com recursos educativos inovadores e acess\u00edveis para as empresas e mercados de trabalho na Economia Sustent\u00e1vel Europeia. O projeto pretende fornecer o enquadramento de forma\u00e7\u00e3o para educadores de adultos, empregados e futuros empregados, de modo a desenvolver as suas compet\u00eancias, capacidades digitais (de [&hellip;]<\/p>\n","protected":false},"author":2,"featured_media":0,"parent":0,"menu_order":0,"comment_status":"closed","ping_status":"closed","template":"","meta":{"_et_pb_use_builder":"on","_et_pb_old_content":"","_et_gb_content_width":"","_monsterinsights_skip_tracking":false,"_monsterinsights_sitenote_active":false,"_monsterinsights_sitenote_note":"","_monsterinsights_sitenote_category":0,"footnotes":""},"class_list":["post-2228","page","type-page","status-publish","hentry"],"yoast_head":"<!-- This site is optimized with the Yoast SEO plugin v27.4 - https:\/\/yoast.com\/product\/yoast-seo-wordpress\/ -->\n<title>Reliable GREEN - Rightchallenge<\/title>\n<meta name=\"robots\" content=\"index, follow, max-snippet:-1, max-image-preview:large, max-video-preview:-1\" \/>\n<link rel=\"canonical\" href=\"https:\/\/rightchallenge.org\/en\/reliable-green\/\" \/>\n<meta property=\"og:locale\" content=\"en_GB\" \/>\n<meta property=\"og:type\" content=\"article\" \/>\n<meta property=\"og:title\" content=\"Reliable GREEN - Rightchallenge\" \/>\n<meta property=\"og:description\" content=\"O projeto &quot;ReliableGREEN&quot; aborda o tema do trabalho remoto atrav\u00e9s de aprendizagem com recursos educativos inovadores e acess\u00edveis para as empresas e mercados de trabalho na Economia Sustent\u00e1vel Europeia. O projeto pretende fornecer o enquadramento de forma\u00e7\u00e3o para educadores de adultos, empregados e futuros empregados, de modo a desenvolver as suas compet\u00eancias, capacidades digitais (de [&hellip;]\" \/>\n<meta property=\"og:url\" content=\"https:\/\/rightchallenge.org\/en\/reliable-green\/\" \/>\n<meta property=\"og:site_name\" content=\"Rightchallenge\" \/>\n<meta property=\"article:modified_time\" content=\"2023-08-09T16:32:53+00:00\" \/>\n<meta name=\"twitter:card\" content=\"summary_large_image\" \/>\n<meta name=\"twitter:label1\" content=\"Estimated reading time\" \/>\n\t<meta name=\"twitter:data1\" content=\"5 minutes\" \/>\n<script type=\"application\/ld+json\" class=\"yoast-schema-graph\">{\"@context\":\"https:\\\/\\\/schema.org\",\"@graph\":[{\"@type\":\"WebPage\",\"@id\":\"https:\\\/\\\/rightchallenge.org\\\/reliable-green\\\/\",\"url\":\"https:\\\/\\\/rightchallenge.org\\\/reliable-green\\\/\",\"name\":\"Reliable GREEN - Rightchallenge\",\"isPartOf\":{\"@id\":\"https:\\\/\\\/rightchallenge.org\\\/#website\"},\"datePublished\":\"2022-10-03T10:36:56+00:00\",\"dateModified\":\"2023-08-09T16:32:53+00:00\",\"breadcrumb\":{\"@id\":\"https:\\\/\\\/rightchallenge.org\\\/reliable-green\\\/#breadcrumb\"},\"inLanguage\":\"en-GB\",\"potentialAction\":[{\"@type\":\"ReadAction\",\"target\":[\"https:\\\/\\\/rightchallenge.org\\\/reliable-green\\\/\"]}]},{\"@type\":\"BreadcrumbList\",\"@id\":\"https:\\\/\\\/rightchallenge.org\\\/reliable-green\\\/#breadcrumb\",\"itemListElement\":[{\"@type\":\"ListItem\",\"position\":1,\"name\":\"In\u00edcio\",\"item\":\"https:\\\/\\\/rightchallenge.org\\\/\"},{\"@type\":\"ListItem\",\"position\":2,\"name\":\"Reliable GREEN\"}]},{\"@type\":\"WebSite\",\"@id\":\"https:\\\/\\\/rightchallenge.org\\\/#website\",\"url\":\"https:\\\/\\\/rightchallenge.org\\\/\",\"name\":\"Rightchallenge\",\"description\":\"Associa\u00e7\u00e3o\",\"potentialAction\":[{\"@type\":\"SearchAction\",\"target\":{\"@type\":\"EntryPoint\",\"urlTemplate\":\"https:\\\/\\\/rightchallenge.org\\\/?s={search_term_string}\"},\"query-input\":{\"@type\":\"PropertyValueSpecification\",\"valueRequired\":true,\"valueName\":\"search_term_string\"}}],\"inLanguage\":\"en-GB\"}]}<\/script>\n<!-- \/ Yoast SEO plugin. -->","yoast_head_json":{"title":"Reliable GREEN - Rightchallenge","robots":{"index":"index","follow":"follow","max-snippet":"max-snippet:-1","max-image-preview":"max-image-preview:large","max-video-preview":"max-video-preview:-1"},"canonical":"https:\/\/rightchallenge.org\/en\/reliable-green\/","og_locale":"en_GB","og_type":"article","og_title":"Reliable GREEN - Rightchallenge","og_description":"O projeto \"ReliableGREEN\" aborda o tema do trabalho remoto atrav\u00e9s de aprendizagem com recursos educativos inovadores e acess\u00edveis para as empresas e mercados de trabalho na Economia Sustent\u00e1vel Europeia. O projeto pretende fornecer o enquadramento de forma\u00e7\u00e3o para educadores de adultos, empregados e futuros empregados, de modo a desenvolver as suas compet\u00eancias, capacidades digitais (de [&hellip;]","og_url":"https:\/\/rightchallenge.org\/en\/reliable-green\/","og_site_name":"Rightchallenge","article_modified_time":"2023-08-09T16:32:53+00:00","twitter_card":"summary_large_image","twitter_misc":{"Estimated reading time":"5 minutes"},"schema":{"@context":"https:\/\/schema.org","@graph":[{"@type":"WebPage","@id":"https:\/\/rightchallenge.org\/reliable-green\/","url":"https:\/\/rightchallenge.org\/reliable-green\/","name":"Reliable GREEN - Rightchallenge","isPartOf":{"@id":"https:\/\/rightchallenge.org\/#website"},"datePublished":"2022-10-03T10:36:56+00:00","dateModified":"2023-08-09T16:32:53+00:00","breadcrumb":{"@id":"https:\/\/rightchallenge.org\/reliable-green\/#breadcrumb"},"inLanguage":"en-GB","potentialAction":[{"@type":"ReadAction","target":["https:\/\/rightchallenge.org\/reliable-green\/"]}]},{"@type":"BreadcrumbList","@id":"https:\/\/rightchallenge.org\/reliable-green\/#breadcrumb","itemListElement":[{"@type":"ListItem","position":1,"name":"In\u00edcio","item":"https:\/\/rightchallenge.org\/"},{"@type":"ListItem","position":2,"name":"Reliable GREEN"}]},{"@type":"WebSite","@id":"https:\/\/rightchallenge.org\/#website","url":"https:\/\/rightchallenge.org\/","name":"Rightchallenge","description":"Associa\u00e7\u00e3o","potentialAction":[{"@type":"SearchAction","target":{"@type":"EntryPoint","urlTemplate":"https:\/\/rightchallenge.org\/?s={search_term_string}"},"query-input":{"@type":"PropertyValueSpecification","valueRequired":true,"valueName":"search_term_string"}}],"inLanguage":"en-GB"}]}},"_links":{"self":[{"href":"https:\/\/rightchallenge.org\/en\/wp-json\/wp\/v2\/pages\/2228","targetHints":{"allow":["GET"]}}],"collection":[{"href":"https:\/\/rightchallenge.org\/en\/wp-json\/wp\/v2\/pages"}],"about":[{"href":"https:\/\/rightchallenge.org\/en\/wp-json\/wp\/v2\/types\/page"}],"author":[{"embeddable":true,"href":"https:\/\/rightchallenge.org\/en\/wp-json\/wp\/v2\/users\/2"}],"replies":[{"embeddable":true,"href":"https:\/\/rightchallenge.org\/en\/wp-json\/wp\/v2\/comments?post=2228"}],"version-history":[{"count":7,"href":"https:\/\/rightchallenge.org\/en\/wp-json\/wp\/v2\/pages\/2228\/revisions"}],"predecessor-version":[{"id":3455,"href":"https:\/\/rightchallenge.org\/en\/wp-json\/wp\/v2\/pages\/2228\/revisions\/3455"}],"wp:attachment":[{"href":"https:\/\/rightchallenge.org\/en\/wp-json\/wp\/v2\/media?parent=2228"}],"curies":[{"name":"wp","href":"https:\/\/api.w.org\/{rel}","templated":true}]}}