{"id":2184,"date":"2022-09-30T13:14:55","date_gmt":"2022-09-30T12:14:55","guid":{"rendered":"https:\/\/rightchallenge.org\/?page_id=2184"},"modified":"2023-08-07T15:53:22","modified_gmt":"2023-08-07T14:53:22","slug":"shape","status":"publish","type":"page","link":"https:\/\/rightchallenge.org\/en\/shape\/","title":{"rendered":"SHAPE"},"content":{"rendered":"<p>[et_pb_section fb_built=&#8221;1&#8243; admin_label=&#8221;Header&#8221; _builder_version=&#8221;4.16&#8243; global_colors_info=&#8221;{}&#8221;][et_pb_row column_structure=&#8221;3_5,2_5&#8243; custom_padding_last_edited=&#8221;off|desktop&#8221; _builder_version=&#8221;4.16&#8243; background_enable_color=&#8221;off&#8221; custom_padding_tablet=&#8221;||30px||false|false&#8221; locked=&#8221;off&#8221; global_colors_info=&#8221;{}&#8221;][et_pb_column type=&#8221;3_5&#8243; _builder_version=&#8221;4.16&#8243; custom_padding_tablet=&#8221;||20px||false|false&#8221; custom_padding_phone=&#8221;&#8221; custom_padding_last_edited=&#8221;on|tablet&#8221; global_colors_info=&#8221;{}&#8221;][et_pb_image src=&#8221;https:\/\/rightchallenge.org\/wp-content\/uploads\/2022\/09\/shape_logo_neg.png&#8221; title_text=&#8221;shape_logo_neg&#8221; align=&#8221;center&#8221; _builder_version=&#8221;4.18.0&#8243; width=&#8221;49%&#8221; global_colors_info=&#8221;{}&#8221;][\/et_pb_image][et_pb_text _builder_version=&#8221;4.21.2&#8243; text_font=&#8221;PT Sans||||||||&#8221; text_font_size=&#8221;15px&#8221; text_line_height=&#8221;1.9em&#8221; custom_padding=&#8221;||0px|||&#8221; hover_enabled=&#8221;0&#8243; global_colors_info=&#8221;{}&#8221; text_text_color=&#8221;#000000&#8243; sticky_enabled=&#8221;0&#8243;]<\/p>\n<p style=\"text-align: justify;\">O projeto <strong>&#8220;SHAPE &#8211; SHaring Actions for the Participation and Empowerment of migrant communities and Local Authorities&#8221;<\/strong> tem como objetivo encorajar a <strong>participa\u00e7\u00e3o de pessoas com antecedentes migrat\u00f3rios e organiza\u00e7\u00f5es da sociedade civil migrante (OSC) nos processos democr\u00e1ticos e na conce\u00e7\u00e3o e implementa\u00e7\u00e3o de pol\u00edticas de integra\u00e7\u00e3o a n\u00edvel local, nacional e comunit\u00e1rio das comunidades migrantes.<\/strong><br \/>As pol\u00edticas de integra\u00e7\u00e3o adaptadas \u00e0s necessidades dos cidad\u00e3os de pa\u00edses terceiros n\u00e3o podem ser constru\u00eddas sem o envolvimento direto de pessoas e comunidades com antecedentes migrat\u00f3rios. Ainda hoje, estas comunidades lutam para encontrar espa\u00e7o e instrumentos para serem parte ativa da mudan\u00e7a s\u00f3cio-pol\u00edtica.<\/p>\n<p style=\"text-align: justify;\">Especificamente, o projeto tem como objetivo:<\/p>\n<ul>\n<li style=\"text-align: justify;\">Refor\u00e7ar as pol\u00edticas de integra\u00e7\u00e3o e promover o di\u00e1logo entre as autoridades locais e as comunidades migrantes;<\/li>\n<li style=\"text-align: justify;\">Reunir cidad\u00e3os com antecedentes migrat\u00f3rios, autoridades locais e decisores pol\u00edticos para co-desenhar projetos-piloto destinados a desencadear um processo participativo a n\u00edvel local, criando ao mesmo tempo um m\u00e9todo estruturado e formalizado de consulta para pol\u00edticas locais em diferentes dom\u00ednios;<\/li>\n<li style=\"text-align: justify;\">Sensibilizar os cidad\u00e3os em It\u00e1lia, Hungria, Cro\u00e1cia, Alemanha e Portugal sobre a contribui\u00e7\u00e3o positiva das comunidades migrantes para as sociedades da UE.<\/li>\n<\/ul>\n<p style=\"text-align: justify;\">A a\u00e7\u00e3o <em>visa 3 estados<\/em>, os chamados estados fronteiri\u00e7os It\u00e1lia, Hungria e Cro\u00e1cia, onde a opini\u00e3o p\u00fablica parece particularmente negativa em rela\u00e7\u00e3o aos migrantes e 2 estados l\u00edderes no que respeita \u00e0 participa\u00e7\u00e3o dos migrantes no processo democr\u00e1tico, Alemanha e Portugal.<\/p>\n<p style=\"text-align: justify;\"><strong>Este projeto \u00e9 financiado pelo Fundo Europeu AMIF (Transnational Actions on Asylum, Migration and Integration).<\/strong><\/p>\n<p>[\/et_pb_text][\/et_pb_column][et_pb_column type=&#8221;2_5&#8243; _builder_version=&#8221;4.16&#8243; background_color=&#8221;#ffffff&#8221; custom_padding=&#8221;50px|40px|60px|40px|false|true&#8221; custom_padding_tablet=&#8221;|50px||50px|false|true&#8221; custom_padding_phone=&#8221;&#8221; custom_padding_last_edited=&#8221;on|tablet&#8221; border_radii=&#8221;on|10px|10px|10px|10px&#8221; box_shadow_style=&#8221;preset1&#8243; box_shadow_color=&#8221;rgba(12,113,195,0.13)&#8221; global_colors_info=&#8221;{}&#8221;][et_pb_image src=&#8221;https:\/\/rightchallenge.org\/wp-content\/uploads\/2022\/09\/eu_funded_en.jpg&#8221; title_text=&#8221;Flag_2colors.eps&#8221; align=&#8221;center&#8221; _builder_version=&#8221;4.18.0&#8243; max_width=&#8221;70%&#8221; global_colors_info=&#8221;{}&#8221;][\/et_pb_image][et_pb_text _builder_version=&#8221;4.16&#8243; custom_margin=&#8221;||13px|||&#8221; custom_padding=&#8221;16px|||||&#8221; global_colors_info=&#8221;{}&#8221;]<\/p>\n<h3 style=\"text-align: center;\">Parceiros<\/h3>\n<p>[\/et_pb_text][et_pb_blurb title=&#8221;Association Des Agences de La Democratie Locale&#8221; url=&#8221;https:\/\/www.alda-europe.eu\/fr\/&#8221; url_new_window=&#8221;on&#8221; image=&#8221;https:\/\/rightchallenge.org\/wp-content\/uploads\/2020\/03\/france.png&#8221; icon_placement=&#8221;left&#8221; content_max_width=&#8221;800px&#8221; _builder_version=&#8221;4.21.2&#8243; header_font=&#8221;PT Sans|700|||||||&#8221; header_text_color=&#8221;#000000&#8243; header_font_size=&#8221;17px&#8221; header_line_height=&#8221;1.9em&#8221; hover_enabled=&#8221;0&#8243; locked=&#8221;off&#8221; global_colors_info=&#8221;{}&#8221; sticky_enabled=&#8221;0&#8243;][\/et_pb_blurb][et_pb_blurb title=&#8221;We World-gvc Organizzazione non Lucrativa di Utilita&#8217;Sociale&#8221; url=&#8221;https:\/\/www.weworld.it\/&#8221; url_new_window=&#8221;on&#8221; image=&#8221;https:\/\/rightchallenge.org\/wp-content\/uploads\/2022\/09\/adesivo_italia_bandeira_de_alta_qualidade-rda18c272a7ae4c509204ad6d3d972531_0ugmp_8byvr_307.jpg&#8221; icon_placement=&#8221;left&#8221; content_max_width=&#8221;800px&#8221; _builder_version=&#8221;4.21.2&#8243; header_font=&#8221;PT Sans|700|||||||&#8221; header_text_color=&#8221;#000000&#8243; header_font_size=&#8221;17px&#8221; header_line_height=&#8221;1.9em&#8221; hover_enabled=&#8221;0&#8243; locked=&#8221;off&#8221; global_colors_info=&#8221;{}&#8221; sticky_enabled=&#8221;0&#8243;][\/et_pb_blurb][et_pb_blurb title=&#8221;Artemisszio Alapitvany&#8221; url=&#8221;http:\/\/www.artemisszio.hu\/&#8221; url_new_window=&#8221;on&#8221; image=&#8221;https:\/\/rightchallenge.org\/wp-content\/uploads\/2022\/09\/indice.png&#8221; icon_placement=&#8221;left&#8221; content_max_width=&#8221;800px&#8221; _builder_version=&#8221;4.21.2&#8243; header_font=&#8221;PT Sans|700|||||||&#8221; header_text_color=&#8221;#000000&#8243; header_font_size=&#8221;17px&#8221; header_line_height=&#8221;1.9em&#8221; min_height=&#8221;62.4px&#8221; custom_padding=&#8221;3px|||||&#8221; hover_enabled=&#8221;0&#8243; locked=&#8221;off&#8221; global_colors_info=&#8221;{}&#8221; sticky_enabled=&#8221;0&#8243;][\/et_pb_blurb][et_pb_blurb title=&#8221;Municipio de Lousada&#8221; url=&#8221;https:\/\/www.cm-lousada.pt\/&#8221; url_new_window=&#8221;on&#8221; image=&#8221;https:\/\/rightchallenge.org\/wp-content\/uploads\/2022\/09\/bola-de-vidro-com-bandeira-portugal-icone-modelo-esfera-redonda-simbolo-nacional-portugues-realista-brilhante-ilustracao-do-210070505.jpg&#8221; icon_placement=&#8221;left&#8221; content_max_width=&#8221;800px&#8221; _builder_version=&#8221;4.21.2&#8243; header_font=&#8221;PT Sans|700|||||||&#8221; header_text_color=&#8221;#000000&#8243; header_font_size=&#8221;17px&#8221; header_line_height=&#8221;1.9em&#8221; hover_enabled=&#8221;0&#8243; locked=&#8221;off&#8221; global_colors_info=&#8221;{}&#8221; sticky_enabled=&#8221;0&#8243;][\/et_pb_blurb][et_pb_blurb title=&#8221;Isusovacka Sluzba Za Izbjeglice&#8221; url=&#8221;https:\/\/hrv.jrs.net\/hr\/home\/&#8221; url_new_window=&#8221;on&#8221; image=&#8221;https:\/\/rightchallenge.org\/wp-content\/uploads\/2022\/09\/forma-redonda-da-bandeira-da-tecla-de-croatia-4758626.jpg&#8221; icon_placement=&#8221;left&#8221; content_max_width=&#8221;800px&#8221; _builder_version=&#8221;4.21.2&#8243; header_font=&#8221;PT Sans|700|||||||&#8221; header_text_color=&#8221;#000000&#8243; header_font_size=&#8221;17px&#8221; header_line_height=&#8221;1.9em&#8221; hover_enabled=&#8221;0&#8243; locked=&#8221;off&#8221; global_colors_info=&#8221;{}&#8221; sticky_enabled=&#8221;0&#8243;][\/et_pb_blurb][et_pb_blurb title=&#8221;Landesverband der kommunalen Migrantenvertretungen Baden-W\u00fcrttemberg (LAKA BW)&#8221; url=&#8221;http:\/\/www.laka-bw.de\/&#8221; url_new_window=&#8221;on&#8221; image=&#8221;https:\/\/rightchallenge.org\/wp-content\/uploads\/2022\/09\/istockphoto-843566426-170667a.jpg&#8221; icon_placement=&#8221;left&#8221; content_max_width=&#8221;800px&#8221; _builder_version=&#8221;4.21.2&#8243; header_font=&#8221;PT Sans|700|||||||&#8221; header_text_color=&#8221;#000000&#8243; header_font_size=&#8221;17px&#8221; header_line_height=&#8221;1.9em&#8221; hover_enabled=&#8221;0&#8243; locked=&#8221;off&#8221; global_colors_info=&#8221;{}&#8221; sticky_enabled=&#8221;0&#8243;][\/et_pb_blurb][et_pb_blurb title=&#8221;Landeshauptstadt Stuttgart&#8221; url=&#8221;https:\/\/www.stuttgart.de\/&#8221; url_new_window=&#8221;on&#8221; image=&#8221;https:\/\/rightchallenge.org\/wp-content\/uploads\/2022\/09\/istockphoto-843566426-170667a.jpg&#8221; icon_placement=&#8221;left&#8221; content_max_width=&#8221;800px&#8221; _builder_version=&#8221;4.21.2&#8243; header_font=&#8221;PT Sans|700|||||||&#8221; header_text_color=&#8221;#000000&#8243; header_font_size=&#8221;17px&#8221; header_line_height=&#8221;1.9em&#8221; hover_enabled=&#8221;0&#8243; locked=&#8221;off&#8221; global_colors_info=&#8221;{}&#8221; sticky_enabled=&#8221;0&#8243;][\/et_pb_blurb][et_pb_blurb title=&#8221;Coordinamento Nazionale Nuove Generazioni Italiane&#8221; url=&#8221;http:\/\/conngi.it\/&#8221; url_new_window=&#8221;on&#8221; image=&#8221;https:\/\/rightchallenge.org\/wp-content\/uploads\/2022\/09\/adesivo_italia_bandeira_de_alta_qualidade-rda18c272a7ae4c509204ad6d3d972531_0ugmp_8byvr_307.jpg&#8221; icon_placement=&#8221;left&#8221; content_max_width=&#8221;800px&#8221; _builder_version=&#8221;4.21.2&#8243; header_font=&#8221;PT Sans|700|||||||&#8221; header_text_color=&#8221;#000000&#8243; header_font_size=&#8221;17px&#8221; header_line_height=&#8221;1.9em&#8221; hover_enabled=&#8221;0&#8243; locked=&#8221;off&#8221; global_colors_info=&#8221;{}&#8221; sticky_enabled=&#8221;0&#8243;][\/et_pb_blurb][et_pb_button url_new_window=&#8221;on&#8221; button_text=&#8221;Website&#8221; button_alignment=&#8221;center&#8221; _builder_version=&#8221;4.21.2&#8243; custom_button=&#8221;on&#8221; button_text_size=&#8221;12px&#8221; button_text_color=&#8221;#ffffff&#8221; button_bg_color=&#8221;#007aff&#8221; button_border_width=&#8221;0px&#8221; button_border_radius=&#8221;100px&#8221; button_letter_spacing=&#8221;2px&#8221; button_font=&#8221;PT Sans|900||on|||||&#8221; button_use_icon=&#8221;off&#8221; custom_margin_tablet=&#8221;40px||40px||true|false&#8221; custom_margin_last_edited=&#8221;off|tablet&#8221; custom_padding=&#8221;20px|24px|20px|24px|true|true&#8221; hover_enabled=&#8221;0&#8243; box_shadow_style=&#8221;preset3&#8243; box_shadow_blur=&#8221;28px&#8221; box_shadow_spread=&#8221;-10px&#8221; box_shadow_color=&#8221;rgba(0,122,255,0.33)&#8221; locked=&#8221;off&#8221; global_colors_info=&#8221;{}&#8221; box_shadow_color__hover=&#8221;#2585b2&#8243; box_shadow_blur__hover_enabled=&#8221;off&#8221; box_shadow_blur__hover=&#8221;20px&#8221; box_shadow_vertical__hover_enabled=&#8221;off&#8221; box_shadow_vertical__hover=&#8221;10px&#8221; sticky_enabled=&#8221;0&#8243; disabled_on=&#8221;on|on|on&#8221; disabled=&#8221;on&#8221;][\/et_pb_button][\/et_pb_column][\/et_pb_row][\/et_pb_section]<\/p>\n","protected":false},"excerpt":{"rendered":"<p>O projeto &#8220;SHAPE &#8211; SHaring Actions for the Participation and Empowerment of migrant communities and Local Authorities&#8221; tem como objetivo encorajar a participa\u00e7\u00e3o de pessoas com antecedentes migrat\u00f3rios e organiza\u00e7\u00f5es da sociedade civil migrante (OSC) nos processos democr\u00e1ticos e na conce\u00e7\u00e3o e implementa\u00e7\u00e3o de pol\u00edticas de integra\u00e7\u00e3o a n\u00edvel local, nacional e comunit\u00e1rio das comunidades [&hellip;]<\/p>\n","protected":false},"author":2,"featured_media":0,"parent":0,"menu_order":0,"comment_status":"closed","ping_status":"closed","template":"","meta":{"_et_pb_use_builder":"on","_et_pb_old_content":"","_et_gb_content_width":"","_monsterinsights_skip_tracking":false,"_monsterinsights_sitenote_active":false,"_monsterinsights_sitenote_note":"","_monsterinsights_sitenote_category":0,"footnotes":""},"class_list":["post-2184","page","type-page","status-publish","hentry"],"yoast_head":"<!-- This site is optimized with the Yoast SEO plugin v27.3 - https:\/\/yoast.com\/product\/yoast-seo-wordpress\/ -->\n<title>SHAPE - Rightchallenge<\/title>\n<meta name=\"description\" content=\"O projecto SHAPE - SHaring Actions for the Participation and Empowerment of migrant communities and Local Authorities - financiado pelo fundo europeu AMIF visa promover a participa\u00e7\u00e3o de pessoas com antecedentes migrat\u00f3rios nos processos democr\u00e1ticos e na conce\u00e7\u00e3o e implementa\u00e7\u00e3o de pol\u00edticas de integra\u00e7\u00e3o a n\u00edvel local, nacional e europeu.\" \/>\n<meta name=\"robots\" content=\"index, follow, max-snippet:-1, max-image-preview:large, max-video-preview:-1\" \/>\n<link rel=\"canonical\" href=\"https:\/\/rightchallenge.org\/en\/shape\/\" \/>\n<meta property=\"og:locale\" content=\"en_GB\" \/>\n<meta property=\"og:type\" content=\"article\" \/>\n<meta property=\"og:title\" content=\"SHAPE - Rightchallenge\" \/>\n<meta property=\"og:description\" content=\"O projecto SHAPE - SHaring Actions for the Participation and Empowerment of migrant communities and Local Authorities - financiado pelo fundo europeu AMIF visa promover a participa\u00e7\u00e3o de pessoas com antecedentes migrat\u00f3rios nos processos democr\u00e1ticos e na conce\u00e7\u00e3o e implementa\u00e7\u00e3o de pol\u00edticas de integra\u00e7\u00e3o a n\u00edvel local, nacional e europeu.\" \/>\n<meta property=\"og:url\" content=\"https:\/\/rightchallenge.org\/en\/shape\/\" \/>\n<meta property=\"og:site_name\" content=\"Rightchallenge\" \/>\n<meta property=\"article:modified_time\" content=\"2023-08-07T14:53:22+00:00\" \/>\n<meta name=\"twitter:card\" content=\"summary_large_image\" \/>\n<meta name=\"twitter:label1\" content=\"Estimated reading time\" \/>\n\t<meta name=\"twitter:data1\" content=\"5 minutes\" \/>\n<script type=\"application\/ld+json\" class=\"yoast-schema-graph\">{\"@context\":\"https:\\\/\\\/schema.org\",\"@graph\":[{\"@type\":\"WebPage\",\"@id\":\"https:\\\/\\\/rightchallenge.org\\\/shape\\\/\",\"url\":\"https:\\\/\\\/rightchallenge.org\\\/shape\\\/\",\"name\":\"SHAPE - Rightchallenge\",\"isPartOf\":{\"@id\":\"https:\\\/\\\/rightchallenge.org\\\/#website\"},\"datePublished\":\"2022-09-30T12:14:55+00:00\",\"dateModified\":\"2023-08-07T14:53:22+00:00\",\"description\":\"O projecto SHAPE - SHaring Actions for the Participation and Empowerment of migrant communities and Local Authorities - financiado pelo fundo europeu AMIF visa promover a participa\u00e7\u00e3o de pessoas com antecedentes migrat\u00f3rios nos processos democr\u00e1ticos e na conce\u00e7\u00e3o e implementa\u00e7\u00e3o de pol\u00edticas de integra\u00e7\u00e3o a n\u00edvel local, nacional e europeu.\",\"breadcrumb\":{\"@id\":\"https:\\\/\\\/rightchallenge.org\\\/shape\\\/#breadcrumb\"},\"inLanguage\":\"en-GB\",\"potentialAction\":[{\"@type\":\"ReadAction\",\"target\":[\"https:\\\/\\\/rightchallenge.org\\\/shape\\\/\"]}]},{\"@type\":\"BreadcrumbList\",\"@id\":\"https:\\\/\\\/rightchallenge.org\\\/shape\\\/#breadcrumb\",\"itemListElement\":[{\"@type\":\"ListItem\",\"position\":1,\"name\":\"In\u00edcio\",\"item\":\"https:\\\/\\\/rightchallenge.org\\\/\"},{\"@type\":\"ListItem\",\"position\":2,\"name\":\"SHAPE\"}]},{\"@type\":\"WebSite\",\"@id\":\"https:\\\/\\\/rightchallenge.org\\\/#website\",\"url\":\"https:\\\/\\\/rightchallenge.org\\\/\",\"name\":\"Rightchallenge\",\"description\":\"Associa\u00e7\u00e3o\",\"potentialAction\":[{\"@type\":\"SearchAction\",\"target\":{\"@type\":\"EntryPoint\",\"urlTemplate\":\"https:\\\/\\\/rightchallenge.org\\\/?s={search_term_string}\"},\"query-input\":{\"@type\":\"PropertyValueSpecification\",\"valueRequired\":true,\"valueName\":\"search_term_string\"}}],\"inLanguage\":\"en-GB\"}]}<\/script>\n<!-- \/ Yoast SEO plugin. -->","yoast_head_json":{"title":"SHAPE - Rightchallenge","description":"O projecto SHAPE - SHaring Actions for the Participation and Empowerment of migrant communities and Local Authorities - financiado pelo fundo europeu AMIF visa promover a participa\u00e7\u00e3o de pessoas com antecedentes migrat\u00f3rios nos processos democr\u00e1ticos e na conce\u00e7\u00e3o e implementa\u00e7\u00e3o de pol\u00edticas de integra\u00e7\u00e3o a n\u00edvel local, nacional e europeu.","robots":{"index":"index","follow":"follow","max-snippet":"max-snippet:-1","max-image-preview":"max-image-preview:large","max-video-preview":"max-video-preview:-1"},"canonical":"https:\/\/rightchallenge.org\/en\/shape\/","og_locale":"en_GB","og_type":"article","og_title":"SHAPE - Rightchallenge","og_description":"O projecto SHAPE - SHaring Actions for the Participation and Empowerment of migrant communities and Local Authorities - financiado pelo fundo europeu AMIF visa promover a participa\u00e7\u00e3o de pessoas com antecedentes migrat\u00f3rios nos processos democr\u00e1ticos e na conce\u00e7\u00e3o e implementa\u00e7\u00e3o de pol\u00edticas de integra\u00e7\u00e3o a n\u00edvel local, nacional e europeu.","og_url":"https:\/\/rightchallenge.org\/en\/shape\/","og_site_name":"Rightchallenge","article_modified_time":"2023-08-07T14:53:22+00:00","twitter_card":"summary_large_image","twitter_misc":{"Estimated reading time":"5 minutes"},"schema":{"@context":"https:\/\/schema.org","@graph":[{"@type":"WebPage","@id":"https:\/\/rightchallenge.org\/shape\/","url":"https:\/\/rightchallenge.org\/shape\/","name":"SHAPE - Rightchallenge","isPartOf":{"@id":"https:\/\/rightchallenge.org\/#website"},"datePublished":"2022-09-30T12:14:55+00:00","dateModified":"2023-08-07T14:53:22+00:00","description":"O projecto SHAPE - SHaring Actions for the Participation and Empowerment of migrant communities and Local Authorities - financiado pelo fundo europeu AMIF visa promover a participa\u00e7\u00e3o de pessoas com antecedentes migrat\u00f3rios nos processos democr\u00e1ticos e na conce\u00e7\u00e3o e implementa\u00e7\u00e3o de pol\u00edticas de integra\u00e7\u00e3o a n\u00edvel local, nacional e europeu.","breadcrumb":{"@id":"https:\/\/rightchallenge.org\/shape\/#breadcrumb"},"inLanguage":"en-GB","potentialAction":[{"@type":"ReadAction","target":["https:\/\/rightchallenge.org\/shape\/"]}]},{"@type":"BreadcrumbList","@id":"https:\/\/rightchallenge.org\/shape\/#breadcrumb","itemListElement":[{"@type":"ListItem","position":1,"name":"In\u00edcio","item":"https:\/\/rightchallenge.org\/"},{"@type":"ListItem","position":2,"name":"SHAPE"}]},{"@type":"WebSite","@id":"https:\/\/rightchallenge.org\/#website","url":"https:\/\/rightchallenge.org\/","name":"Rightchallenge","description":"Associa\u00e7\u00e3o","potentialAction":[{"@type":"SearchAction","target":{"@type":"EntryPoint","urlTemplate":"https:\/\/rightchallenge.org\/?s={search_term_string}"},"query-input":{"@type":"PropertyValueSpecification","valueRequired":true,"valueName":"search_term_string"}}],"inLanguage":"en-GB"}]}},"_links":{"self":[{"href":"https:\/\/rightchallenge.org\/en\/wp-json\/wp\/v2\/pages\/2184","targetHints":{"allow":["GET"]}}],"collection":[{"href":"https:\/\/rightchallenge.org\/en\/wp-json\/wp\/v2\/pages"}],"about":[{"href":"https:\/\/rightchallenge.org\/en\/wp-json\/wp\/v2\/types\/page"}],"author":[{"embeddable":true,"href":"https:\/\/rightchallenge.org\/en\/wp-json\/wp\/v2\/users\/2"}],"replies":[{"embeddable":true,"href":"https:\/\/rightchallenge.org\/en\/wp-json\/wp\/v2\/comments?post=2184"}],"version-history":[{"count":6,"href":"https:\/\/rightchallenge.org\/en\/wp-json\/wp\/v2\/pages\/2184\/revisions"}],"predecessor-version":[{"id":3293,"href":"https:\/\/rightchallenge.org\/en\/wp-json\/wp\/v2\/pages\/2184\/revisions\/3293"}],"wp:attachment":[{"href":"https:\/\/rightchallenge.org\/en\/wp-json\/wp\/v2\/media?parent=2184"}],"curies":[{"name":"wp","href":"https:\/\/api.w.org\/{rel}","templated":true}]}}