{"id":1906,"date":"2022-01-04T19:19:37","date_gmt":"2022-01-04T18:19:37","guid":{"rendered":"https:\/\/rightchallenge.org\/?page_id=1906"},"modified":"2023-03-03T12:02:21","modified_gmt":"2023-03-03T11:02:21","slug":"politica-de-privacidade","status":"publish","type":"page","link":"https:\/\/rightchallenge.org\/en\/politica-de-privacidade\/","title":{"rendered":"Privacy Policy"},"content":{"rendered":"<p>[et_pb_section fb_built=&#8221;1&#8243; _builder_version=&#8221;4.16&#8243; _module_preset=&#8221;default&#8221; global_colors_info=&#8221;{}&#8221;][et_pb_row _builder_version=&#8221;4.16&#8243; _module_preset=&#8221;default&#8221; hover_enabled=&#8221;0&#8243; global_colors_info=&#8221;{}&#8221; sticky_enabled=&#8221;0&#8243;][et_pb_column type=&#8221;4_4&#8243; _builder_version=&#8221;4.16&#8243; _module_preset=&#8221;default&#8221; global_colors_info=&#8221;{}&#8221;][et_pb_text _builder_version=&#8221;4.20.0&#8243; _module_preset=&#8221;default&#8221; text_font_size=&#8221;14px&#8221; text_orientation=&#8221;justified&#8221; hover_enabled=&#8221;0&#8243; global_colors_info=&#8221;{}&#8221; sticky_enabled=&#8221;0&#8243;]<\/p>\n<p><strong>POL\u00cdTICA DE PROTE\u00c7\u00c3O DE DADOS E PRIVACIDADE<\/strong><\/p>\n<p>by Rightchallenge | Mar\u00e7o 3, 2023<\/p>\n<p>&nbsp;<\/p>\n<p>\u00daltima atualiza\u00e7\u00e3o: 03\/03\/2023<\/p>\n<p>&nbsp;<\/p>\n<p><strong>Compromisso de Prote\u00e7\u00e3o de Dados e Privacidade<\/strong><\/p>\n<p>A RightChallenge est\u00e1 a implementar medidas t\u00e9cnicas e organizativas necess\u00e1rias ao cumprimento das normas jur\u00eddicas comunit\u00e1rias e nacionais aplic\u00e1veis no \u00e2mbito da prote\u00e7\u00e3o de dados, da privacidade e da seguran\u00e7a da informa\u00e7\u00e3o, em especial as constantes do Regulamento Geral sobre a Prote\u00e7\u00e3o de Dados.<\/p>\n<p><strong>Respons\u00e1vel pelo Tratamento de dados pessoais<\/strong><\/p>\n<p>A RightChallenge \u00a0\u00e9 a entidade respons\u00e1vel pelo tratamento de todos os dados pessoais que lhe s\u00e3o cedidos para a presta\u00e7\u00e3o dos servi\u00e7os que lhe s\u00e3o solicitados pelo titular dos mesmos ou o seu representante legal.<\/p>\n<p><strong>Recolha e Tratamento de Dados Pessoais<\/strong><\/p>\n<p>A RightChallenge procede ao tratamento dos dados pessoais estritamente necess\u00e1rios \u00e0 disponibiliza\u00e7\u00e3o de informa\u00e7\u00e3o, aos procedimentos administrativos no dom\u00ednio das suas atribui\u00e7\u00f5es e compet\u00eancias e \u00e0 divulga\u00e7\u00e3o das suas atividades, de acordo com as intera\u00e7\u00f5es atrav\u00e9s dos diferentes canais de atendimento e comunica\u00e7\u00e3o.<\/p>\n<p>Os dados pessoais recolhidos pela RightChallenge s\u00e3o tratados informaticamente sempre que poss\u00edvel, estando assegurada a prote\u00e7\u00e3o, privacidade e seguran\u00e7a nos termos da legisla\u00e7\u00e3o em vigor.<\/p>\n<p><strong>Princ\u00edpios Jur\u00eddicos<\/strong><\/p>\n<p>Todas as opera\u00e7\u00f5es de tratamento de dados s\u00e3o orientadas segundo os princ\u00edpios jur\u00eddicos fundamentais aplic\u00e1veis no \u00e2mbito da prote\u00e7\u00e3o de dados e da privacidade, designadamente quanto \u00e0 sua circula\u00e7\u00e3o, licitude, lealdade, transpar\u00eancia, finalidade, minimiza\u00e7\u00e3o, conserva\u00e7\u00e3o, exatid\u00e3o, integridade e confidencialidade, estando a RightChallenge <em>,<\/em> dispon\u00edvel para demonstrar a sua responsabilidade perante o titular dos dados ou qualquer outra entidade terceira que tenha um interesse leg\u00edtimo nesta mat\u00e9ria.<\/p>\n<p><strong>Licitude e finalidade do tratamento<\/strong><\/p>\n<p>As opera\u00e7\u00f5es de tratamento de dados realizadas pela RightChallenge enquadram-se numa ou mais finalidades espec\u00edficas, constituindo fundamento de legitimidade o consentimento do titular dos dados e o tratamento ser considerado necess\u00e1rio para:<\/p>\n<p>&#8211; A execu\u00e7\u00e3o de um contrato de presta\u00e7\u00e3o de servi\u00e7os no qual o titular dos dados \u00e9 o contraente;<\/p>\n<p>&#8211; O cumprimento de uma obriga\u00e7\u00e3o jur\u00eddica a que o respons\u00e1vel pelo tratamento esteja sujeito;<\/p>\n<p>Os dados pessoais recolhidos poder\u00e3o, ainda e eventualmente, ser objeto de tratamento para fins estat\u00edsticos, para a\u00e7\u00f5es de divulga\u00e7\u00e3o de informa\u00e7\u00e3o ou promocionais e para a\u00e7\u00f5es de comunica\u00e7\u00e3o, atrav\u00e9s de comunica\u00e7\u00e3o direta, seja por correspond\u00eancia, seja por correio eletr\u00f3nico, mensagens ou qualquer outro servi\u00e7o de comunica\u00e7\u00f5es eletr\u00f3nicas.<\/p>\n<p>Estando, todavia, sempre assegurada a pr\u00e9via informa\u00e7\u00e3o e a recolha da autoriza\u00e7\u00e3o expressa para estas \u00faltimas finalidades, os cidad\u00e3os podem, a qualquer momento, exercer o seu direito de oposi\u00e7\u00e3o \u00e0 utiliza\u00e7\u00e3o dos seus dados pessoais para outras finalidades.<\/p>\n<p><strong>Prazos de Conserva\u00e7\u00e3o dos Dados<\/strong><\/p>\n<p>Os dados pessoais ser\u00e3o objeto de conserva\u00e7\u00e3o pelo per\u00edodo necess\u00e1rio para as finalidades que motivaram a sua recolha ou o seu posterior tratamento, tendo em vista garantir o cumprimento de todas as normas jur\u00eddicas aplic\u00e1veis em mat\u00e9ria de arquivo.<\/p>\n<p><strong>Utiliza\u00e7\u00e3o de Cookies<\/strong><\/p>\n<p>A pol\u00edtica de utiliza\u00e7\u00e3o de cookies encontra-se dispon\u00edvel em rightchallenge.org<\/p>\n<p><strong>Comunica\u00e7\u00e3o de Dados a Outras Entidades<\/strong><\/p>\n<p>A disponibiliza\u00e7\u00e3o de informa\u00e7\u00f5es, atrav\u00e9s dos diversos canais de atendimento e comunica\u00e7\u00e3o, pode eventualmente implicar o recurso a servi\u00e7os de terceiras entidades subcontratadas, podendo tal implicar o acesso por estas entidades a dados pessoais.<\/p>\n<p>Nestas circunst\u00e2ncias e sempre que tal seja necess\u00e1rio, a RightChallenge<em>,<\/em> recorrer\u00e1 apenas \u00e0 contrata\u00e7\u00e3o de entidades que apresentem garantias suficientes de execu\u00e7\u00e3o de medidas t\u00e9cnicas e organizativas adequadas \u00e0 satisfa\u00e7\u00e3o das normas aplic\u00e1veis, ficando tais garantias formalizadas em contrato assinado entre a RightChallenge<em>,<\/em>\u00a0 e cada uma dessas terceiras entidades.<\/p>\n<p><strong>Destinat\u00e1rios de Dados<\/strong><\/p>\n<p>Salvo no \u00e2mbito do cumprimento de obriga\u00e7\u00f5es legais, em caso algum haver\u00e1 comunica\u00e7\u00e3o de dados pessoais a terceiras entidades que n\u00e3o sejam entidades subcontratadas ou destinat\u00e1rios leg\u00edtimos, n\u00e3o sendo realizada, tamb\u00e9m, qualquer comunica\u00e7\u00e3o para outras finalidades diferentes das referidas supra-mencionadas.<\/p>\n<p><strong>Medidas de Seguran\u00e7a<\/strong><\/p>\n<p>Tendo em conta as t\u00e9cnicas mais avan\u00e7adas, os custos de aplica\u00e7\u00e3o e a natureza, o \u00e2mbito, o contexto e as finalidades do tratamento, todas as entidades que sejam suas (sub)contratadas implementam as medidas t\u00e9cnicas e organizativas necess\u00e1rias para assegurar um n\u00edvel de seguran\u00e7a adequado ao risco.<\/p>\n<p>Para o efeito, poder\u00e3o ser adotadas diversas medidas de seguran\u00e7a, de forma a proteger os dados pessoais contra a sua difus\u00e3o, perda, uso indevido, altera\u00e7\u00e3o, tratamento ou acesso n\u00e3o autorizado, bem como contra qualquer outra forma de tratamento il\u00edcito.<\/p>\n<p>\u00c9 da exclusiva responsabilidade do titular dos dados guardar em segredo os c\u00f3digos de acesso, n\u00e3o os partilhando com terceiros, devendo, ainda, no caso particular das aplica\u00e7\u00f5es inform\u00e1ticas utilizadas para aceder aos canais, manter e conservar os dispositivos de acesso em condi\u00e7\u00f5es de seguran\u00e7a e seguir as pr\u00e1ticas de seguran\u00e7a aconselhadas pelos fabricantes e\/ou operadoras, nomeadamente quanto \u00e0 instala\u00e7\u00e3o e atualiza\u00e7\u00e3o dos necess\u00e1rios aplicativos de seguran\u00e7a, entre outras, aplica\u00e7\u00f5es de antiv\u00edrus.<\/p>\n<p>Verificando-se a necessidade de subcontrata\u00e7\u00e3o de servi\u00e7os a entidades terceiras que possam ter acesso aos dados pessoais do titular dos dados, os subcontratados da RightChallenge<em>,<\/em> ficar\u00e3o obrigados a adotar as medidas e os protocolos de seguran\u00e7a, bem como as outras medidas de car\u00e1cter t\u00e9cnico ajustadas \u00e0 prote\u00e7\u00e3o da confidencialidade e seguran\u00e7a dos dados pessoais, a prevenir acessos n\u00e3o autorizados, perdas ou a destrui\u00e7\u00e3o de dados pessoais.<\/p>\n<p><strong>Exerc\u00edcio dos Direitos dos Titulares dos Dados Pessoais<\/strong><\/p>\n<p>Podem, enquanto titulares de dados pessoais, em qualquer momento, proceder ao exerc\u00edcio dos seus direitos de prote\u00e7\u00e3o de dados e de privacidade, designadamente dos direitos de acesso, retifica\u00e7\u00e3o, apagamento, portabilidade, limita\u00e7\u00e3o ou oposi\u00e7\u00e3o ao tratamento, nos termos e com as limita\u00e7\u00f5es previstas nas normas aplic\u00e1veis.<\/p>\n<p>Qualquer pedido de exerc\u00edcio de direitos de prote\u00e7\u00e3o de dados e de privacidade deve ser dirigido \u00e0 RightChallenge, por escrito, pelo respetivo titular dos dados, de acordo com o procedimento e contacto descrito abaixo indicado.<\/p>\n<p><strong>Reclama\u00e7\u00f5es e Sugest\u00f5es<\/strong><\/p>\n<p>Os titulares dos dados utentes t\u00eam o direito de apresentar reclama\u00e7\u00e3o, quer atrav\u00e9s do registo no Livro de Reclama\u00e7\u00f5es, quer atrav\u00e9s da apresenta\u00e7\u00e3o de reclama\u00e7\u00e3o \u00e0s autoridades reguladoras.<\/p>\n<p>Poder\u00e3o ainda proceder \u00e0 realiza\u00e7\u00e3o de sugest\u00f5es atrav\u00e9s de correio eletr\u00f3nico enviado para o seguinte endere\u00e7o: geral@rightchallenge.org<\/p>\n<p><strong>Comunica\u00e7\u00e3o de Incidentes<\/strong><\/p>\n<p>A RightChallenge<em>, nomeou<\/em> um Encarregado de Prote\u00e7\u00e3o de Dados e procedeu \u00e0 implementa\u00e7\u00e3o no \u00e2mbito da prote\u00e7\u00e3o de dados, privacidade e seguran\u00e7a da informa\u00e7\u00e3o.<\/p>\n<p><strong><u>Encarregado de Prote\u00e7\u00e3o de Dados:<\/u><\/strong><\/p>\n<p>Priscila Vilhena Ganga<\/p>\n<p>geral@rightchallenge.org<\/p>\n<p>Na eventualidade dos titulares dos dados pretenderem comunicar a ocorr\u00eancia de uma qualquer situa\u00e7\u00e3o de viola\u00e7\u00e3o de dados pessoais que provoque, de modo acidental ou il\u00edcito, a destrui\u00e7\u00e3o, a perda, a altera\u00e7\u00e3o, a divulga\u00e7\u00e3o ou o acesso n\u00e3o autorizados, a dados pessoais transmitidos, conservados ou sujeitos a qualquer outro tipo de tratamento, poder\u00e3o entrar em contacto com o Encarregado de Prote\u00e7\u00e3o de Dados de acordo com a instru\u00e7\u00e3o e contacto descritos acima.<\/p>\n<p><strong>Altera\u00e7\u00e3o da Pol\u00edtica de Privacidade<\/strong><\/p>\n<p>A RightChallenge<em>, <\/em>pode, a qualquer momento, proceder \u00e0s altera\u00e7\u00f5es que sejam consideradas adequadas a esta Pol\u00edtica de Prote\u00e7\u00e3o de Dados e Privacidade, de forma a garantir a respetiva atualiza\u00e7\u00e3o, desenvolvimento e melhoria cont\u00ednua, sendo essas altera\u00e7\u00f5es devidamente anunciadas de forma p\u00fablica no site rightchallenge.org , de modo a garantir a transpar\u00eancia e informa\u00e7\u00e3o.<\/p>\n<p><strong>\u00a0<\/strong><\/p>\n<p>[\/et_pb_text][\/et_pb_column][\/et_pb_row][\/et_pb_section]<\/p>\n","protected":false},"excerpt":{"rendered":"<p>POL\u00cdTICA DE PROTE\u00c7\u00c3O DE DADOS E PRIVACIDADE by Rightchallenge | Mar\u00e7o 3, 2023 &nbsp; \u00daltima atualiza\u00e7\u00e3o: 03\/03\/2023 &nbsp; Compromisso de Prote\u00e7\u00e3o de Dados e Privacidade A RightChallenge est\u00e1 a implementar medidas t\u00e9cnicas e organizativas necess\u00e1rias ao cumprimento das normas jur\u00eddicas comunit\u00e1rias e nacionais aplic\u00e1veis no \u00e2mbito da prote\u00e7\u00e3o de dados, da privacidade e da seguran\u00e7a [&hellip;]<\/p>\n","protected":false},"author":2,"featured_media":0,"parent":0,"menu_order":0,"comment_status":"closed","ping_status":"closed","template":"","meta":{"_et_pb_use_builder":"on","_et_pb_old_content":"","_et_gb_content_width":"","_monsterinsights_skip_tracking":false,"_monsterinsights_sitenote_active":false,"_monsterinsights_sitenote_note":"","_monsterinsights_sitenote_category":0,"footnotes":""},"class_list":["post-1906","page","type-page","status-publish","hentry"],"yoast_head":"<!-- This site is optimized with the Yoast SEO plugin v27.5 - https:\/\/yoast.com\/product\/yoast-seo-wordpress\/ -->\n<title>Pol\u00edtica de Privacidade - Rightchallenge<\/title>\n<meta name=\"robots\" content=\"index, follow, max-snippet:-1, max-image-preview:large, max-video-preview:-1\" \/>\n<link rel=\"canonical\" href=\"https:\/\/rightchallenge.org\/en\/politica-de-privacidade\/\" \/>\n<meta property=\"og:locale\" content=\"en_GB\" \/>\n<meta property=\"og:type\" content=\"article\" \/>\n<meta property=\"og:title\" content=\"Pol\u00edtica de Privacidade - Rightchallenge\" \/>\n<meta property=\"og:description\" content=\"POL\u00cdTICA DE PROTE\u00c7\u00c3O DE DADOS E PRIVACIDADE by Rightchallenge | Mar\u00e7o 3, 2023 &nbsp; \u00daltima atualiza\u00e7\u00e3o: 03\/03\/2023 &nbsp; Compromisso de Prote\u00e7\u00e3o de Dados e Privacidade A RightChallenge est\u00e1 a implementar medidas t\u00e9cnicas e organizativas necess\u00e1rias ao cumprimento das normas jur\u00eddicas comunit\u00e1rias e nacionais aplic\u00e1veis no \u00e2mbito da prote\u00e7\u00e3o de dados, da privacidade e da seguran\u00e7a [&hellip;]\" \/>\n<meta property=\"og:url\" content=\"https:\/\/rightchallenge.org\/en\/politica-de-privacidade\/\" \/>\n<meta property=\"og:site_name\" content=\"Rightchallenge\" \/>\n<meta property=\"article:modified_time\" content=\"2023-03-03T11:02:21+00:00\" \/>\n<meta name=\"twitter:card\" content=\"summary_large_image\" \/>\n<meta name=\"twitter:label1\" content=\"Estimated reading time\" \/>\n\t<meta name=\"twitter:data1\" content=\"4 minutes\" \/>\n<script type=\"application\/ld+json\" class=\"yoast-schema-graph\">{\"@context\":\"https:\\\/\\\/schema.org\",\"@graph\":[{\"@type\":\"WebPage\",\"@id\":\"https:\\\/\\\/rightchallenge.org\\\/politica-de-privacidade\\\/\",\"url\":\"https:\\\/\\\/rightchallenge.org\\\/politica-de-privacidade\\\/\",\"name\":\"Pol\u00edtica de Privacidade - Rightchallenge\",\"isPartOf\":{\"@id\":\"https:\\\/\\\/rightchallenge.org\\\/#website\"},\"datePublished\":\"2022-01-04T18:19:37+00:00\",\"dateModified\":\"2023-03-03T11:02:21+00:00\",\"breadcrumb\":{\"@id\":\"https:\\\/\\\/rightchallenge.org\\\/politica-de-privacidade\\\/#breadcrumb\"},\"inLanguage\":\"en-GB\",\"potentialAction\":[{\"@type\":\"ReadAction\",\"target\":[\"https:\\\/\\\/rightchallenge.org\\\/politica-de-privacidade\\\/\"]}]},{\"@type\":\"BreadcrumbList\",\"@id\":\"https:\\\/\\\/rightchallenge.org\\\/politica-de-privacidade\\\/#breadcrumb\",\"itemListElement\":[{\"@type\":\"ListItem\",\"position\":1,\"name\":\"In\u00edcio\",\"item\":\"https:\\\/\\\/rightchallenge.org\\\/\"},{\"@type\":\"ListItem\",\"position\":2,\"name\":\"Pol\u00edtica de Privacidade\"}]},{\"@type\":\"WebSite\",\"@id\":\"https:\\\/\\\/rightchallenge.org\\\/#website\",\"url\":\"https:\\\/\\\/rightchallenge.org\\\/\",\"name\":\"Rightchallenge\",\"description\":\"Associa\u00e7\u00e3o\",\"potentialAction\":[{\"@type\":\"SearchAction\",\"target\":{\"@type\":\"EntryPoint\",\"urlTemplate\":\"https:\\\/\\\/rightchallenge.org\\\/?s={search_term_string}\"},\"query-input\":{\"@type\":\"PropertyValueSpecification\",\"valueRequired\":true,\"valueName\":\"search_term_string\"}}],\"inLanguage\":\"en-GB\"}]}<\/script>\n<!-- \/ Yoast SEO plugin. -->","yoast_head_json":{"title":"Pol\u00edtica de Privacidade - Rightchallenge","robots":{"index":"index","follow":"follow","max-snippet":"max-snippet:-1","max-image-preview":"max-image-preview:large","max-video-preview":"max-video-preview:-1"},"canonical":"https:\/\/rightchallenge.org\/en\/politica-de-privacidade\/","og_locale":"en_GB","og_type":"article","og_title":"Pol\u00edtica de Privacidade - Rightchallenge","og_description":"POL\u00cdTICA DE PROTE\u00c7\u00c3O DE DADOS E PRIVACIDADE by Rightchallenge | Mar\u00e7o 3, 2023 &nbsp; \u00daltima atualiza\u00e7\u00e3o: 03\/03\/2023 &nbsp; Compromisso de Prote\u00e7\u00e3o de Dados e Privacidade A RightChallenge est\u00e1 a implementar medidas t\u00e9cnicas e organizativas necess\u00e1rias ao cumprimento das normas jur\u00eddicas comunit\u00e1rias e nacionais aplic\u00e1veis no \u00e2mbito da prote\u00e7\u00e3o de dados, da privacidade e da seguran\u00e7a [&hellip;]","og_url":"https:\/\/rightchallenge.org\/en\/politica-de-privacidade\/","og_site_name":"Rightchallenge","article_modified_time":"2023-03-03T11:02:21+00:00","twitter_card":"summary_large_image","twitter_misc":{"Estimated reading time":"4 minutes"},"schema":{"@context":"https:\/\/schema.org","@graph":[{"@type":"WebPage","@id":"https:\/\/rightchallenge.org\/politica-de-privacidade\/","url":"https:\/\/rightchallenge.org\/politica-de-privacidade\/","name":"Pol\u00edtica de Privacidade - Rightchallenge","isPartOf":{"@id":"https:\/\/rightchallenge.org\/#website"},"datePublished":"2022-01-04T18:19:37+00:00","dateModified":"2023-03-03T11:02:21+00:00","breadcrumb":{"@id":"https:\/\/rightchallenge.org\/politica-de-privacidade\/#breadcrumb"},"inLanguage":"en-GB","potentialAction":[{"@type":"ReadAction","target":["https:\/\/rightchallenge.org\/politica-de-privacidade\/"]}]},{"@type":"BreadcrumbList","@id":"https:\/\/rightchallenge.org\/politica-de-privacidade\/#breadcrumb","itemListElement":[{"@type":"ListItem","position":1,"name":"In\u00edcio","item":"https:\/\/rightchallenge.org\/"},{"@type":"ListItem","position":2,"name":"Pol\u00edtica de Privacidade"}]},{"@type":"WebSite","@id":"https:\/\/rightchallenge.org\/#website","url":"https:\/\/rightchallenge.org\/","name":"Rightchallenge","description":"Associa\u00e7\u00e3o","potentialAction":[{"@type":"SearchAction","target":{"@type":"EntryPoint","urlTemplate":"https:\/\/rightchallenge.org\/?s={search_term_string}"},"query-input":{"@type":"PropertyValueSpecification","valueRequired":true,"valueName":"search_term_string"}}],"inLanguage":"en-GB"}]}},"_links":{"self":[{"href":"https:\/\/rightchallenge.org\/en\/wp-json\/wp\/v2\/pages\/1906","targetHints":{"allow":["GET"]}}],"collection":[{"href":"https:\/\/rightchallenge.org\/en\/wp-json\/wp\/v2\/pages"}],"about":[{"href":"https:\/\/rightchallenge.org\/en\/wp-json\/wp\/v2\/types\/page"}],"author":[{"embeddable":true,"href":"https:\/\/rightchallenge.org\/en\/wp-json\/wp\/v2\/users\/2"}],"replies":[{"embeddable":true,"href":"https:\/\/rightchallenge.org\/en\/wp-json\/wp\/v2\/comments?post=1906"}],"version-history":[{"count":6,"href":"https:\/\/rightchallenge.org\/en\/wp-json\/wp\/v2\/pages\/1906\/revisions"}],"predecessor-version":[{"id":2470,"href":"https:\/\/rightchallenge.org\/en\/wp-json\/wp\/v2\/pages\/1906\/revisions\/2470"}],"wp:attachment":[{"href":"https:\/\/rightchallenge.org\/en\/wp-json\/wp\/v2\/media?parent=1906"}],"curies":[{"name":"wp","href":"https:\/\/api.w.org\/{rel}","templated":true}]}}