{"id":1373,"date":"2021-11-29T15:54:19","date_gmt":"2021-11-29T14:54:19","guid":{"rendered":"https:\/\/rightchallenge.org\/?page_id=1373"},"modified":"2022-01-27T17:36:05","modified_gmt":"2022-01-27T16:36:05","slug":"servicos","status":"publish","type":"page","link":"https:\/\/rightchallenge.org\/en\/servicos\/","title":{"rendered":"Services"},"content":{"rendered":"<p>[et_pb_section fb_built=&#8221;1&#8243; custom_padding_last_edited=&#8221;on|desktop&#8221; admin_label=&#8221;Header&#8221; _builder_version=&#8221;4.4.5&#8243; background_image=&#8221;https:\/\/rightchallenge.org\/wp-content\/uploads\/2021\/11\/green-landscape-2021-08-26-17-12-44-utc-scaled.jpg&#8221; parallax=&#8221;on&#8221; custom_margin=&#8221;40px|40px||40px|false|true&#8221; custom_margin_tablet=&#8221;&#8221; custom_margin_phone=&#8221;20px|20px||20px|false|true&#8221; custom_margin_last_edited=&#8221;on|desktop&#8221; custom_padding=&#8221;99px|0px|0px|||&#8221; custom_padding_tablet=&#8221;40px||||false|false&#8221; custom_padding_phone=&#8221;&#8221; border_radii_phone=&#8221;on|20px|20px|20px|20px&#8221; border_radii_last_edited=&#8221;off|desktop&#8221; locked=&#8221;off&#8221; global_colors_info=&#8221;{}&#8221;][et_pb_row use_custom_gutter=&#8221;on&#8221; gutter_width=&#8221;2&#8243; custom_padding_last_edited=&#8221;on|tablet&#8221; _builder_version=&#8221;4.14.2&#8243; background_color=&#8221;rgba(0,0,0,0)&#8221; background_enable_image=&#8221;off&#8221; parallax=&#8221;on&#8221; transform_scale_tablet=&#8221;&#8221; transform_scale_phone=&#8221;&#8221; transform_scale_last_edited=&#8221;on|desktop&#8221; transform_translate=&#8221;30px|0px&#8221; transform_translate_tablet=&#8221;0px|0px&#8221; transform_translate_phone=&#8221;&#8221; transform_translate_last_edited=&#8221;on|tablet&#8221; transform_translate_linked=&#8221;off&#8221; transform_rotate_tablet=&#8221;&#8221; transform_rotate_phone=&#8221;&#8221; transform_rotate_last_edited=&#8221;on|desktop&#8221; transform_skew_tablet=&#8221;&#8221; transform_skew_phone=&#8221;&#8221; transform_skew_last_edited=&#8221;on|desktop&#8221; transform_origin_tablet=&#8221;&#8221; transform_origin_phone=&#8221;&#8221; transform_origin_last_edited=&#8221;on|desktop&#8221; transform_styles_last_edited=&#8221;on|tablet&#8221; width_tablet=&#8221;90%&#8221; width_phone=&#8221;&#8221; width_last_edited=&#8221;on|desktop&#8221; max_width=&#8221;2622px&#8221; min_height=&#8221;259px&#8221; custom_margin=&#8221;||||false|false&#8221; custom_padding=&#8221;101px|119px|101px|119px|true|false&#8221; custom_padding_tablet=&#8221;60px||60px||true|true&#8221; custom_padding_phone=&#8221;40px|20px|40px|20px|true|true&#8221; transform_styles_tablet=&#8221;&#8221; transform_styles_phone=&#8221;&#8221; border_radii_phone=&#8221;off|8px|8px||&#8221; border_radii_last_edited=&#8221;off|desktop&#8221; box_shadow_style=&#8221;preset3&#8243; box_shadow_vertical=&#8221;40px&#8221; box_shadow_blur=&#8221;110px&#8221; box_shadow_spread=&#8221;0px&#8221; box_shadow_color=&#8221;rgba(9,6,38,0.62)&#8221; global_colors_info=&#8221;{}&#8221;][et_pb_column type=&#8221;4_4&#8243; _builder_version=&#8221;3.26&#8243; global_colors_info=&#8221;{}&#8221;][et_pb_text _builder_version=&#8221;3.27.4&#8243; text_font_size=&#8221;17px&#8221; text_line_height=&#8221;1.6em&#8221; header_font=&#8221;Taviraj||||||||&#8221; header_font_size=&#8221;60px&#8221; header_line_height=&#8221;1.2em&#8221; max_width_last_edited=&#8221;off|desktop&#8221; text_font_size_tablet=&#8221;18px&#8221; text_font_size_phone=&#8221;16px&#8221; text_font_size_last_edited=&#8221;on|tablet&#8221; header_font_size_tablet=&#8221;40px&#8221; header_font_size_phone=&#8221;30px&#8221; header_font_size_last_edited=&#8221;on|desktop&#8221; locked=&#8221;off&#8221; global_colors_info=&#8221;{}&#8221;]<\/p>\n<h1><a href=\"https:\/\/www.facebook.com\/Rightchallenge\"><span style=\"color: #ffffff;\">Servi\u00e7os Prestados<\/span><\/a><\/h1>\n<p>[\/et_pb_text][\/et_pb_column][\/et_pb_row][\/et_pb_section][et_pb_section fb_built=&#8221;1&#8243; admin_label=&#8221;Services&#8221; _builder_version=&#8221;3.26&#8243; background_color=&#8221;rgba(0,0,0,0)&#8221; custom_margin=&#8221;|40px||40px|false|true&#8221; custom_margin_tablet=&#8221;&#8221; custom_margin_phone=&#8221;|20px||20px|false|true&#8221; custom_margin_last_edited=&#8221;on|tablet&#8221; custom_padding=&#8221;0px||140px|||&#8221; global_colors_info=&#8221;{}&#8221;][et_pb_row column_structure=&#8221;1_3,1_3,1_3&#8243; custom_padding_last_edited=&#8221;on|desktop&#8221; _builder_version=&#8221;4.14.4&#8243; background_color=&#8221;#ffffff&#8221; transform_translate=&#8221;5px|0px&#8221; z_index=&#8221;0&#8243; width_tablet=&#8221;90%&#8221; width_phone=&#8221;90%&#8221; width_last_edited=&#8221;on|desktop&#8221; max_width=&#8221;1200px&#8221; module_alignment=&#8221;center&#8221; overflow-x=&#8221;visible&#8221; overflow-y=&#8221;visible&#8221; custom_margin=&#8221;-30px|auto||auto|false|false&#8221; custom_padding=&#8221;60px|60px|60px|90px|true|false&#8221; custom_padding_tablet=&#8221;|||60px|false|false&#8221; custom_padding_phone=&#8221;||||false|true&#8221; box_shadow_style=&#8221;preset3&#8243; box_shadow_vertical=&#8221;40px&#8221; box_shadow_blur=&#8221;110px&#8221; box_shadow_spread=&#8221;0px&#8221; box_shadow_color=&#8221;rgba(131,146,167,0.5)&#8221; locked=&#8221;off&#8221; global_colors_info=&#8221;{}&#8221; width__hover_enabled=&#8221;off&#8221;][et_pb_column type=&#8221;1_3&#8243; _builder_version=&#8221;3.26&#8243; background_color=&#8221;rgba(0,0,0,0.03)&#8221; custom_padding=&#8221;30px|30px|30px|30px|true|true&#8221; global_colors_info=&#8221;{}&#8221;][et_pb_text _builder_version=&#8221;4.14.7&#8243; text_line_height=&#8221;1.8em&#8221; link_font=&#8221;|600|||||||&#8221; link_text_color=&#8221;#8f64f3&#8243; link_line_height=&#8221;1.2em&#8221; header_4_font=&#8221;Taviraj|600|||||||&#8221; header_4_font_size=&#8221;20px&#8221; header_4_line_height=&#8221;1.2em&#8221; text_orientation=&#8221;justified&#8221; width=&#8221;100%&#8221; max_width=&#8221;100%&#8221; max_width_tablet=&#8221;100%&#8221; max_width_phone=&#8221;100%&#8221; max_width_last_edited=&#8221;off|desktop&#8221; link_option_url=&#8221;#&#8221; global_colors_info=&#8221;{}&#8221;]<\/p>\n<h4 style=\"text-align: left;\"><strong>Inclus\u00e3o e diversidade<\/strong><\/h4>\n<p style=\"text-align: left;\">Educa\u00e7\u00e3o, forma\u00e7\u00e3o, juventude e atividades desportivas destinadas a promover a inclus\u00e3o e diversidade de pessoas com menos oportunidades, com a inten\u00e7\u00e3o de criar ambientes inclusivos que promovam a equidade e a igualdade, e que respondam \u00e0s necessidades da comunidade em geral.<\/p>\n<p>[\/et_pb_text][\/et_pb_column][et_pb_column type=&#8221;1_3&#8243; _builder_version=&#8221;3.26&#8243; background_color=&#8221;rgba(0,0,0,0.03)&#8221; custom_padding=&#8221;30px|30px|30px|30px|true|true&#8221; global_colors_info=&#8221;{}&#8221;][et_pb_text _builder_version=&#8221;4.4.5&#8243; text_line_height=&#8221;1.8em&#8221; link_font=&#8221;|600|||||||&#8221; link_text_color=&#8221;#8f64f3&#8243; link_line_height=&#8221;1.2em&#8221; header_4_font=&#8221;Taviraj|600|||||||&#8221; header_4_font_size=&#8221;20px&#8221; header_4_line_height=&#8221;1.2em&#8221; max_width=&#8221;100%&#8221; max_width_tablet=&#8221;100%&#8221; max_width_phone=&#8221;100%&#8221; max_width_last_edited=&#8221;off|desktop&#8221; link_option_url=&#8221;#&#8221; hover_enabled=&#8221;0&#8243; global_colors_info=&#8221;{}&#8221; sticky_enabled=&#8221;0&#8243;]<\/p>\n<h4><strong>Ambiente e combate \u00e0s altera\u00e7\u00f5es clim\u00e1ticas<\/strong><\/h4>\n<p>Educa\u00e7\u00e3o, forma\u00e7\u00e3o, juventude e atividades desportivas que favore\u00e7am mudan\u00e7as comportamentais sobre as prefer\u00eancias individuais, h\u00e1bitos de consumo e estilos de vida; desenvolver compet\u00eancias de sustentabilidade de educadores e l\u00edderes educativos em rela\u00e7\u00e3o \u00e0 <a href=\"https:\/\/rightchallenge.org\/ngenvironment\/\">sustentabilidade ambiental<\/a>. Desenvolver compet\u00eancias setoriais verdes atrav\u00e9s de curr\u00edculos orientados a testagem de pr\u00e1ticas inovadoras no sentido de preparar aprendizes, formadores, educadores e animadores juvenis para se tornarem verdadeiros agentes de mudan\u00e7a.<\/p>\n<p>[\/et_pb_text][\/et_pb_column][et_pb_column type=&#8221;1_3&#8243; _builder_version=&#8221;3.26&#8243; background_color=&#8221;rgba(0,0,0,0.03)&#8221; custom_padding=&#8221;30px|30px|30px|30px|true|true&#8221; global_colors_info=&#8221;{}&#8221;][et_pb_text _builder_version=&#8221;4.14.7&#8243; text_line_height=&#8221;1.8em&#8221; link_font=&#8221;|600|||||||&#8221; link_text_color=&#8221;#8f64f3&#8243; link_line_height=&#8221;1.2em&#8221; header_4_font=&#8221;Taviraj|600|||||||&#8221; header_4_font_size=&#8221;20px&#8221; header_4_line_height=&#8221;1.2em&#8221; max_width=&#8221;100%&#8221; max_width_tablet=&#8221;100%&#8221; max_width_phone=&#8221;100%&#8221; max_width_last_edited=&#8221;off|desktop&#8221; link_option_url=&#8221;#&#8221; global_colors_info=&#8221;{}&#8221;]<\/p>\n<h4><strong>Participa\u00e7\u00e3o na vida democr\u00e1tica e Transforma\u00e7\u00e3o digital<\/strong><\/h4>\n<p>Atividades n\u00e3o formais de aprendizagem com o objetivo de apoiar a cidadania ativa (participa\u00e7\u00e3o na vida democr\u00e1tica, no compromisso social e c\u00edvico), fomentando o desenvolvimento de compet\u00eancias sociais e interculturais, o pensamento cr\u00edtico e a literacia dos media.<\/p>\n<p>Educa\u00e7\u00e3o, forma\u00e7\u00e3o e atividades juvenis para a avalia\u00e7\u00e3o e aprendizagem das tecnologias digitais. Inclui o desenvolvimento das capacidades e compet\u00eancias digitais de todos os educadores, cidad\u00e3os e organiza\u00e7\u00f5es.<\/p>\n<p>[\/et_pb_text][\/et_pb_column][\/et_pb_row][\/et_pb_section]<\/p>\n","protected":false},"excerpt":{"rendered":"<p>Servi\u00e7os PrestadosInclus\u00e3o e diversidade Educa\u00e7\u00e3o, forma\u00e7\u00e3o, juventude e atividades desportivas destinadas a promover a inclus\u00e3o e diversidade de pessoas com menos oportunidades, com a inten\u00e7\u00e3o de criar ambientes inclusivos que promovam a equidade e a igualdade, e que respondam \u00e0s necessidades da comunidade em geral.Ambiente e combate \u00e0s altera\u00e7\u00f5es clim\u00e1ticas Educa\u00e7\u00e3o, forma\u00e7\u00e3o, juventude e atividades [&hellip;]<\/p>\n","protected":false},"author":2,"featured_media":1236,"parent":0,"menu_order":0,"comment_status":"closed","ping_status":"closed","template":"","meta":{"_et_pb_use_builder":"on","_et_pb_old_content":"","_et_gb_content_width":"","_monsterinsights_skip_tracking":false,"_monsterinsights_sitenote_active":false,"_monsterinsights_sitenote_note":"","_monsterinsights_sitenote_category":0,"footnotes":""},"class_list":["post-1373","page","type-page","status-publish","has-post-thumbnail","hentry"],"yoast_head":"<!-- This site is optimized with the Yoast SEO plugin v27.4 - https:\/\/yoast.com\/product\/yoast-seo-wordpress\/ -->\n<title>Rightchallenge - Combate \u00e0s altera\u00e7\u00f5es clim\u00e1ticas<\/title>\n<meta name=\"description\" content=\"Preocupamo-nos com as altera\u00e7\u00f5es clim\u00e1ticas e formamos educadores de forma a que desenvolvam compet\u00eancias de sustentabilidade ambiental.\" \/>\n<meta name=\"robots\" content=\"index, follow, max-snippet:-1, max-image-preview:large, max-video-preview:-1\" \/>\n<link rel=\"canonical\" href=\"https:\/\/rightchallenge.org\/en\/servicos\/\" \/>\n<meta property=\"og:locale\" content=\"en_GB\" \/>\n<meta property=\"og:type\" content=\"article\" \/>\n<meta property=\"og:title\" content=\"Rightchallenge - Combate \u00e0s altera\u00e7\u00f5es clim\u00e1ticas\" \/>\n<meta property=\"og:description\" content=\"Preocupamo-nos com as altera\u00e7\u00f5es clim\u00e1ticas e formamos educadores de forma a que desenvolvam compet\u00eancias de sustentabilidade ambiental.\" \/>\n<meta property=\"og:url\" content=\"https:\/\/rightchallenge.org\/en\/servicos\/\" \/>\n<meta property=\"og:site_name\" content=\"Rightchallenge\" \/>\n<meta property=\"article:modified_time\" content=\"2022-01-27T16:36:05+00:00\" \/>\n<meta property=\"og:image\" content=\"https:\/\/rightchallenge.org\/wp-content\/uploads\/2021\/06\/RCAicon.-jpg.png\" \/>\n\t<meta property=\"og:image:width\" content=\"500\" \/>\n\t<meta property=\"og:image:height\" content=\"500\" \/>\n\t<meta property=\"og:image:type\" content=\"image\/png\" \/>\n<meta name=\"twitter:card\" content=\"summary_large_image\" \/>\n<meta name=\"twitter:label1\" content=\"Estimated reading time\" \/>\n\t<meta name=\"twitter:data1\" content=\"3 minutes\" \/>\n<script type=\"application\/ld+json\" class=\"yoast-schema-graph\">{\"@context\":\"https:\\\/\\\/schema.org\",\"@graph\":[{\"@type\":\"WebPage\",\"@id\":\"https:\\\/\\\/rightchallenge.org\\\/servicos\\\/\",\"url\":\"https:\\\/\\\/rightchallenge.org\\\/servicos\\\/\",\"name\":\"Rightchallenge - Combate \u00e0s altera\u00e7\u00f5es clim\u00e1ticas\",\"isPartOf\":{\"@id\":\"https:\\\/\\\/rightchallenge.org\\\/#website\"},\"primaryImageOfPage\":{\"@id\":\"https:\\\/\\\/rightchallenge.org\\\/servicos\\\/#primaryimage\"},\"image\":{\"@id\":\"https:\\\/\\\/rightchallenge.org\\\/servicos\\\/#primaryimage\"},\"thumbnailUrl\":\"https:\\\/\\\/rightchallenge.org\\\/wp-content\\\/uploads\\\/2021\\\/06\\\/RCAicon.-jpg.png\",\"datePublished\":\"2021-11-29T14:54:19+00:00\",\"dateModified\":\"2022-01-27T16:36:05+00:00\",\"description\":\"Preocupamo-nos com as altera\u00e7\u00f5es clim\u00e1ticas e formamos educadores de forma a que desenvolvam compet\u00eancias de sustentabilidade ambiental.\",\"breadcrumb\":{\"@id\":\"https:\\\/\\\/rightchallenge.org\\\/servicos\\\/#breadcrumb\"},\"inLanguage\":\"en-GB\",\"potentialAction\":[{\"@type\":\"ReadAction\",\"target\":[\"https:\\\/\\\/rightchallenge.org\\\/servicos\\\/\"]}]},{\"@type\":\"ImageObject\",\"inLanguage\":\"en-GB\",\"@id\":\"https:\\\/\\\/rightchallenge.org\\\/servicos\\\/#primaryimage\",\"url\":\"https:\\\/\\\/rightchallenge.org\\\/wp-content\\\/uploads\\\/2021\\\/06\\\/RCAicon.-jpg.png\",\"contentUrl\":\"https:\\\/\\\/rightchallenge.org\\\/wp-content\\\/uploads\\\/2021\\\/06\\\/RCAicon.-jpg.png\",\"width\":500,\"height\":500,\"caption\":\"rightchallenge - ong\"},{\"@type\":\"BreadcrumbList\",\"@id\":\"https:\\\/\\\/rightchallenge.org\\\/servicos\\\/#breadcrumb\",\"itemListElement\":[{\"@type\":\"ListItem\",\"position\":1,\"name\":\"In\u00edcio\",\"item\":\"https:\\\/\\\/rightchallenge.org\\\/\"},{\"@type\":\"ListItem\",\"position\":2,\"name\":\"Servi\u00e7os\"}]},{\"@type\":\"WebSite\",\"@id\":\"https:\\\/\\\/rightchallenge.org\\\/#website\",\"url\":\"https:\\\/\\\/rightchallenge.org\\\/\",\"name\":\"Rightchallenge\",\"description\":\"Associa\u00e7\u00e3o\",\"potentialAction\":[{\"@type\":\"SearchAction\",\"target\":{\"@type\":\"EntryPoint\",\"urlTemplate\":\"https:\\\/\\\/rightchallenge.org\\\/?s={search_term_string}\"},\"query-input\":{\"@type\":\"PropertyValueSpecification\",\"valueRequired\":true,\"valueName\":\"search_term_string\"}}],\"inLanguage\":\"en-GB\"}]}<\/script>\n<!-- \/ Yoast SEO plugin. -->","yoast_head_json":{"title":"Rightchallenge - Combate \u00e0s altera\u00e7\u00f5es clim\u00e1ticas","description":"Preocupamo-nos com as altera\u00e7\u00f5es clim\u00e1ticas e formamos educadores de forma a que desenvolvam compet\u00eancias de sustentabilidade ambiental.","robots":{"index":"index","follow":"follow","max-snippet":"max-snippet:-1","max-image-preview":"max-image-preview:large","max-video-preview":"max-video-preview:-1"},"canonical":"https:\/\/rightchallenge.org\/en\/servicos\/","og_locale":"en_GB","og_type":"article","og_title":"Rightchallenge - Combate \u00e0s altera\u00e7\u00f5es clim\u00e1ticas","og_description":"Preocupamo-nos com as altera\u00e7\u00f5es clim\u00e1ticas e formamos educadores de forma a que desenvolvam compet\u00eancias de sustentabilidade ambiental.","og_url":"https:\/\/rightchallenge.org\/en\/servicos\/","og_site_name":"Rightchallenge","article_modified_time":"2022-01-27T16:36:05+00:00","og_image":[{"width":500,"height":500,"url":"https:\/\/rightchallenge.org\/wp-content\/uploads\/2021\/06\/RCAicon.-jpg.png","type":"image\/png"}],"twitter_card":"summary_large_image","twitter_misc":{"Estimated reading time":"3 minutes"},"schema":{"@context":"https:\/\/schema.org","@graph":[{"@type":"WebPage","@id":"https:\/\/rightchallenge.org\/servicos\/","url":"https:\/\/rightchallenge.org\/servicos\/","name":"Rightchallenge - Combate \u00e0s altera\u00e7\u00f5es clim\u00e1ticas","isPartOf":{"@id":"https:\/\/rightchallenge.org\/#website"},"primaryImageOfPage":{"@id":"https:\/\/rightchallenge.org\/servicos\/#primaryimage"},"image":{"@id":"https:\/\/rightchallenge.org\/servicos\/#primaryimage"},"thumbnailUrl":"https:\/\/rightchallenge.org\/wp-content\/uploads\/2021\/06\/RCAicon.-jpg.png","datePublished":"2021-11-29T14:54:19+00:00","dateModified":"2022-01-27T16:36:05+00:00","description":"Preocupamo-nos com as altera\u00e7\u00f5es clim\u00e1ticas e formamos educadores de forma a que desenvolvam compet\u00eancias de sustentabilidade ambiental.","breadcrumb":{"@id":"https:\/\/rightchallenge.org\/servicos\/#breadcrumb"},"inLanguage":"en-GB","potentialAction":[{"@type":"ReadAction","target":["https:\/\/rightchallenge.org\/servicos\/"]}]},{"@type":"ImageObject","inLanguage":"en-GB","@id":"https:\/\/rightchallenge.org\/servicos\/#primaryimage","url":"https:\/\/rightchallenge.org\/wp-content\/uploads\/2021\/06\/RCAicon.-jpg.png","contentUrl":"https:\/\/rightchallenge.org\/wp-content\/uploads\/2021\/06\/RCAicon.-jpg.png","width":500,"height":500,"caption":"rightchallenge - ong"},{"@type":"BreadcrumbList","@id":"https:\/\/rightchallenge.org\/servicos\/#breadcrumb","itemListElement":[{"@type":"ListItem","position":1,"name":"In\u00edcio","item":"https:\/\/rightchallenge.org\/"},{"@type":"ListItem","position":2,"name":"Servi\u00e7os"}]},{"@type":"WebSite","@id":"https:\/\/rightchallenge.org\/#website","url":"https:\/\/rightchallenge.org\/","name":"Rightchallenge","description":"Associa\u00e7\u00e3o","potentialAction":[{"@type":"SearchAction","target":{"@type":"EntryPoint","urlTemplate":"https:\/\/rightchallenge.org\/?s={search_term_string}"},"query-input":{"@type":"PropertyValueSpecification","valueRequired":true,"valueName":"search_term_string"}}],"inLanguage":"en-GB"}]}},"_links":{"self":[{"href":"https:\/\/rightchallenge.org\/en\/wp-json\/wp\/v2\/pages\/1373","targetHints":{"allow":["GET"]}}],"collection":[{"href":"https:\/\/rightchallenge.org\/en\/wp-json\/wp\/v2\/pages"}],"about":[{"href":"https:\/\/rightchallenge.org\/en\/wp-json\/wp\/v2\/types\/page"}],"author":[{"embeddable":true,"href":"https:\/\/rightchallenge.org\/en\/wp-json\/wp\/v2\/users\/2"}],"replies":[{"embeddable":true,"href":"https:\/\/rightchallenge.org\/en\/wp-json\/wp\/v2\/comments?post=1373"}],"version-history":[{"count":22,"href":"https:\/\/rightchallenge.org\/en\/wp-json\/wp\/v2\/pages\/1373\/revisions"}],"predecessor-version":[{"id":2012,"href":"https:\/\/rightchallenge.org\/en\/wp-json\/wp\/v2\/pages\/1373\/revisions\/2012"}],"wp:featuredmedia":[{"embeddable":true,"href":"https:\/\/rightchallenge.org\/en\/wp-json\/wp\/v2\/media\/1236"}],"wp:attachment":[{"href":"https:\/\/rightchallenge.org\/en\/wp-json\/wp\/v2\/media?parent=1373"}],"curies":[{"name":"wp","href":"https:\/\/api.w.org\/{rel}","templated":true}]}}