{"id":1335,"date":"2021-11-29T15:58:43","date_gmt":"2021-11-29T14:58:43","guid":{"rendered":"https:\/\/rightchallenge.org\/?page_id=1335"},"modified":"2024-01-18T20:30:45","modified_gmt":"2024-01-18T19:30:45","slug":"sobre-right-challenge","status":"publish","type":"page","link":"https:\/\/rightchallenge.org\/en\/sobre-right-challenge\/","title":{"rendered":"Sobre Right Challenge"},"content":{"rendered":"<p>[et_pb_section fb_built=&#8221;1&#8243; custom_padding_last_edited=&#8221;on|desktop&#8221; admin_label=&#8221;Header&#8221; _builder_version=&#8221;4.16&#8243; background_image=&#8221;https:\/\/rightchallenge.org\/wp-content\/uploads\/2021\/11\/green-landscape-2021-08-26-17-12-44-utc-scaled.jpg&#8221; parallax=&#8221;on&#8221; custom_margin=&#8221;40px|40px||40px|false|true&#8221; custom_margin_tablet=&#8221;&#8221; custom_margin_phone=&#8221;20px|20px||20px|false|true&#8221; custom_margin_last_edited=&#8221;on|desktop&#8221; custom_padding=&#8221;100px|0px|0px|||&#8221; custom_padding_tablet=&#8221;40px||||false|false&#8221; custom_padding_phone=&#8221;&#8221; border_radii_phone=&#8221;on|20px|20px|20px|20px&#8221; border_radii_last_edited=&#8221;off|desktop&#8221; global_colors_info=&#8221;{}&#8221;][et_pb_row use_custom_gutter=&#8221;on&#8221; gutter_width=&#8221;2&#8243; custom_padding_last_edited=&#8221;on|tablet&#8221; _builder_version=&#8221;4.16&#8243; background_color=&#8221;rgba(0,0,0,0)&#8221; background_color_gradient_direction=&#8221;173deg&#8221; background_enable_image=&#8221;off&#8221; parallax=&#8221;on&#8221; transform_scale_tablet=&#8221;&#8221; transform_scale_phone=&#8221;&#8221; transform_scale_last_edited=&#8221;on|desktop&#8221; transform_translate=&#8221;-2px|-2px&#8221; transform_translate_tablet=&#8221;0px|0px&#8221; transform_translate_phone=&#8221;&#8221; transform_translate_last_edited=&#8221;on|tablet&#8221; transform_translate_linked=&#8221;off&#8221; transform_rotate_tablet=&#8221;&#8221; transform_rotate_phone=&#8221;&#8221; transform_rotate_last_edited=&#8221;on|desktop&#8221; transform_skew_tablet=&#8221;&#8221; transform_skew_phone=&#8221;&#8221; transform_skew_last_edited=&#8221;on|desktop&#8221; transform_origin_tablet=&#8221;&#8221; transform_origin_phone=&#8221;&#8221; transform_origin_last_edited=&#8221;on|desktop&#8221; transform_styles_last_edited=&#8221;on|tablet&#8221; width_tablet=&#8221;90%&#8221; width_phone=&#8221;&#8221; width_last_edited=&#8221;on|desktop&#8221; max_width=&#8221;2548px&#8221; module_alignment=&#8221;center&#8221; min_height=&#8221;259.2px&#8221; custom_margin=&#8221;|121px||auto||&#8221; custom_padding=&#8221;100px|119px|100px|119px|true|true&#8221; custom_padding_tablet=&#8221;60px||60px||true|true&#8221; custom_padding_phone=&#8221;40px|20px|40px|20px|true|true&#8221; transform_styles_tablet=&#8221;&#8221; transform_styles_phone=&#8221;&#8221; border_radii_phone=&#8221;off|8px|8px||&#8221; border_radii_last_edited=&#8221;off|desktop&#8221; box_shadow_style=&#8221;preset3&#8243; box_shadow_vertical=&#8221;40px&#8221; box_shadow_blur=&#8221;110px&#8221; box_shadow_spread=&#8221;0px&#8221; box_shadow_color=&#8221;rgba(9,6,38,0.62)&#8221; global_colors_info=&#8221;{}&#8221;][et_pb_column type=&#8221;4_4&#8243; _builder_version=&#8221;4.16&#8243; global_colors_info=&#8221;{}&#8221;][et_pb_text _builder_version=&#8221;4.16&#8243; text_font_size=&#8221;17px&#8221; text_line_height=&#8221;1.6em&#8221; header_font=&#8221;Taviraj||||||||&#8221; header_font_size=&#8221;60px&#8221; header_line_height=&#8221;1.2em&#8221; max_width_last_edited=&#8221;off|desktop&#8221; text_font_size_tablet=&#8221;18px&#8221; text_font_size_phone=&#8221;16px&#8221; text_font_size_last_edited=&#8221;on|tablet&#8221; header_font_size_tablet=&#8221;40px&#8221; header_font_size_phone=&#8221;30px&#8221; header_font_size_last_edited=&#8221;on|desktop&#8221; locked=&#8221;off&#8221; global_colors_info=&#8221;{}&#8221;]<\/p>\n<h1><span style=\"color: #ffffff;\">Sobre RightChallenge<\/span><\/h1>\n<p>&nbsp;<\/p>\n<p>[\/et_pb_text][\/et_pb_column][\/et_pb_row][\/et_pb_section][et_pb_section fb_built=&#8221;1&#8243; admin_label=&#8221;About&#8221; _builder_version=&#8221;4.16&#8243; background_color=&#8221;rgba(0,0,0,0)&#8221; custom_margin=&#8221;|40px||40px|false|true&#8221; custom_margin_tablet=&#8221;&#8221; custom_margin_phone=&#8221;|20px||20px|false|true&#8221; custom_margin_last_edited=&#8221;on|tablet&#8221; custom_padding=&#8221;0px||120px|||&#8221; global_colors_info=&#8221;{}&#8221;][et_pb_row column_structure=&#8221;2_5,3_5&#8243; custom_padding_last_edited=&#8221;on|desktop&#8221; _builder_version=&#8221;4.16&#8243; background_color=&#8221;#ffffff&#8221; z_index=&#8221;0&#8243; width_tablet=&#8221;90%&#8221; width_phone=&#8221;90%&#8221; width_last_edited=&#8221;on|desktop&#8221; max_width=&#8221;1200px&#8221; module_alignment=&#8221;center&#8221; overflow-x=&#8221;visible&#8221; overflow-y=&#8221;visible&#8221; custom_margin=&#8221;-30px|auto||2px|false|false&#8221; custom_padding=&#8221;61px|60px|61px|90px|false|false&#8221; custom_padding_tablet=&#8221;|||60px|false|false&#8221; custom_padding_phone=&#8221;|20px||20px|false|true&#8221; box_shadow_style=&#8221;preset3&#8243; box_shadow_vertical=&#8221;40px&#8221; box_shadow_blur=&#8221;110px&#8221; box_shadow_spread=&#8221;0px&#8221; box_shadow_color=&#8221;rgba(131,146,167,0.5)&#8221; global_colors_info=&#8221;{}&#8221; width__hover_enabled=&#8221;off&#8221;][et_pb_column type=&#8221;2_5&#8243; _builder_version=&#8221;4.16&#8243; global_colors_info=&#8221;{}&#8221;][et_pb_image src=&#8221;https:\/\/rightchallenge.org\/wp-content\/uploads\/2021\/11\/children-and-education-teacher-reading-book-to-you-2021-08-26-15-46-09-utc-scaled.jpg&#8221; alt=&#8221;rightchallenge&#8221; title_text=&#8221;right challenge&#8221; align=&#8221;center&#8221; _builder_version=&#8221;4.16&#8243; custom_margin_tablet=&#8221;0px||||false|false&#8221; custom_margin_last_edited=&#8221;off|phone&#8221; custom_padding=&#8221;0px|||||&#8221; box_shadow_style=&#8221;preset4&#8243; box_shadow_horizontal=&#8221;0px&#8221; box_shadow_vertical=&#8221;200px&#8221; box_shadow_color=&#8221;#ffffff&#8221; global_colors_info=&#8221;{}&#8221;][\/et_pb_image][\/et_pb_column][et_pb_column type=&#8221;3_5&#8243; _builder_version=&#8221;4.16&#8243; custom_padding=&#8221;40px||||false|false&#8221; custom_padding_tablet=&#8221;0px||||false|false&#8221; custom_padding_phone=&#8221;&#8221; custom_padding_last_edited=&#8221;on|tablet&#8221; global_colors_info=&#8221;{}&#8221;][et_pb_text _builder_version=&#8221;4.16&#8243; text_font_size=&#8221;17px&#8221; text_line_height=&#8221;1.8em&#8221; header_2_font=&#8221;Taviraj||||||||&#8221; header_2_font_size=&#8221;46px&#8221; header_2_line_height=&#8221;1.2em&#8221; header_3_font=&#8221;Taviraj|600|||||||&#8221; header_3_font_size=&#8221;20px&#8221; header_3_line_height=&#8221;1.2em&#8221; custom_padding=&#8221;||||false|false&#8221; custom_padding_tablet=&#8221;|30px||50px|true|false&#8221; custom_padding_phone=&#8221;|30px|||true|false&#8221; custom_padding_last_edited=&#8221;off|tablet&#8221; text_font_size_tablet=&#8221;&#8221; text_font_size_phone=&#8221;15px&#8221; text_font_size_last_edited=&#8221;on|desktop&#8221; header_2_font_size_tablet=&#8221;40px&#8221; header_2_font_size_phone=&#8221;30px&#8221; header_2_font_size_last_edited=&#8221;on|phone&#8221; header_3_font_size_tablet=&#8221;&#8221; header_3_font_size_phone=&#8221;18px&#8221; header_3_font_size_last_edited=&#8221;on|phone&#8221; global_colors_info=&#8221;{}&#8221;]<\/p>\n<h1><a href=\"https:\/\/www.facebook.com\/Rightchallenge\">RightChallenge<\/a><\/h1>\n<p>&nbsp;<\/p>\n<p>[\/et_pb_text][et_pb_text admin_label=&#8221;Text&#8221; _builder_version=&#8221;4.16&#8243; text_font_size=&#8221;17px&#8221; text_line_height=&#8221;1.8em&#8221; header_2_font=&#8221;Taviraj||||||||&#8221; header_2_font_size=&#8221;46px&#8221; header_2_line_height=&#8221;1.2em&#8221; header_3_font=&#8221;Taviraj|600|||||||&#8221; header_3_font_size=&#8221;20px&#8221; header_3_line_height=&#8221;1.2em&#8221; custom_padding=&#8221;||||false|false&#8221; custom_padding_tablet=&#8221;|30px||50px|true|false&#8221; custom_padding_phone=&#8221;|30px|||true|false&#8221; custom_padding_last_edited=&#8221;off|tablet&#8221; text_font_size_tablet=&#8221;&#8221; text_font_size_phone=&#8221;15px&#8221; text_font_size_last_edited=&#8221;on|desktop&#8221; header_2_font_size_tablet=&#8221;40px&#8221; header_2_font_size_phone=&#8221;30px&#8221; header_2_font_size_last_edited=&#8221;on|phone&#8221; header_3_font_size_tablet=&#8221;&#8221; header_3_font_size_phone=&#8221;18px&#8221; header_3_font_size_last_edited=&#8221;on|phone&#8221; global_colors_info=&#8221;{}&#8221;]<\/p>\n<p style=\"text-align: justify;\"><strong>RightChallenge<\/strong> \u00e9 uma organiza\u00e7\u00e3o n\u00e3o-governamental que visa a promo\u00e7\u00e3o da educa\u00e7\u00e3o e forma\u00e7\u00e3o profissional como meio de inclus\u00e3o social e igualdade de oportunidades. Acreditamos que a educa\u00e7\u00e3o deve centrar-se no desenvolvimento integral de todas as pessoas &#8211; independentemente do estatuto social, idade ou g\u00e9nero &#8211; a fim de as preparar para intervir e participar em todas as dimens\u00f5es da sociedade, tais como fam\u00edlia, trabalho, comunidade e lazer. Assim, como uma organiza\u00e7\u00e3o ativamente envolvida com a comunidade, um dos nossos pilares \u00e9 a aprendizagem ao longo da vida, porque temos a convic\u00e7\u00e3o de que \u00e9 essencial para o desenvolvimento sustent\u00e1vel, pois promove a cidadania ativa, democr\u00e1tica e respons\u00e1vel entre os cidad\u00e3os.<\/p>\n<p style=\"text-align: justify;\">As atividades da RightChallenge visam assegurar a qualidade e o acesso \u00e0 educa\u00e7\u00e3o n\u00e3o formal e superar os d\u00e9fices no acesso \u00e0 aprendizagem ao longo da vida em Portugal, promovendo ao mesmo tempo a valoriza\u00e7\u00e3o do capital humano e a cria\u00e7\u00e3o de valor nas organiza\u00e7\u00f5es atrav\u00e9s da presta\u00e7\u00e3o de servi\u00e7os de forma\u00e7\u00e3o integrados.<\/p>\n<p style=\"text-align: justify;\"><strong>RightChallenge<\/strong> reconhece que a educa\u00e7\u00e3o n\u00e3o formal e ao longo da vida s\u00e3o extremamente importantes para desenvolver compet\u00eancias sociais, emocionais e cognitivas, ao mesmo tempo que promovem a realiza\u00e7\u00e3o pessoal e o bem-estar dos indiv\u00edduos. Como uma organiza\u00e7\u00e3o que se esfor\u00e7a pelo desenvolvimento integral, promovemos e desenvolvemos transforma\u00e7\u00f5es positivas na sociedade e facilitamos o acesso a oportunidades de aprendizagem para os cidad\u00e3os que enfrentam obst\u00e1culos ao n\u00edvel do acesso \u00e0 educa\u00e7\u00e3o.<\/p>\n<p style=\"text-align: justify;\">Os nossos especialistas t\u00eam uma vasta gama de conhecimentos nas \u00e1reas da educa\u00e7\u00e3o, forma\u00e7\u00e3o, juventude, pol\u00edticas desportivas e atividades em rede. Criamos recursos e curr\u00edculos (tanto em ambientes online como presenciais) para apoiar os educadores a responder \u00e0s necessidades de seus grupos-alvo.<\/p>\n<p style=\"text-align: justify;\">A nossa rede de organiza\u00e7\u00f5es na \u00e1rea da investiga\u00e7\u00e3o, universidades e outras institui\u00e7\u00f5es educativas permite-nos desenvolver e organizar cursos, reuni\u00f5es e confer\u00eancias, participando ativamente no debate sobre educa\u00e7\u00e3o formal e n\u00e3o-formal. As nossas interven\u00e7\u00f5es promovem o desenvolvimento dos recursos humanos e a capacita\u00e7\u00e3o nos campos da educa\u00e7\u00e3o, forma\u00e7\u00e3o, juventude e atividades desportivas.<\/p>\n<p style=\"text-align: justify;\"><a href=\"https:\/\/rightchallenge.org\/servicos\/\"><strong>RightChallenge<\/strong><\/a> desenvolve uma interven\u00e7\u00e3o social promovendo a forma\u00e7\u00e3o institucional dos atores sociais, qualificando as partes interessadas para uma interven\u00e7\u00e3o eficaz e para o fortalecimento do sector social.<\/p>\n<p>[\/et_pb_text][\/et_pb_column][\/et_pb_row][\/et_pb_section][et_pb_section fb_built=&#8221;1&#8243; admin_label=&#8221;Footer&#8221; _builder_version=&#8221;4.16&#8243; background_color=&#8221;#fcfcfc&#8221; background_enable_image=&#8221;off&#8221; parallax=&#8221;on&#8221; overflow-x=&#8221;visible&#8221; overflow-y=&#8221;visible&#8221; custom_margin=&#8221;3px|40px|40px|40px|false|true&#8221; custom_margin_tablet=&#8221;0px||||false|false&#8221; custom_margin_phone=&#8221;|20px||20px|false|true&#8221; custom_margin_last_edited=&#8221;on|phone&#8221; custom_padding=&#8221;104px||108px|||&#8221; locked=&#8221;off&#8221; global_colors_info=&#8221;{}&#8221;][et_pb_row _builder_version=&#8221;4.23.4&#8243; width_tablet=&#8221;&#8221; width_phone=&#8221;90%&#8221; width_last_edited=&#8221;on|phone&#8221; custom_margin=&#8221;|179px||auto||&#8221; global_colors_info=&#8221;{}&#8221;][et_pb_column type=&#8221;4_4&#8243; admin_label=&#8221;Column&#8221; _builder_version=&#8221;4.16&#8243; background_color=&#8221;rgba(255,255,255,0.3)&#8221; background_enable_image=&#8221;off&#8221; parallax=&#8221;on&#8221; transform_scale=&#8221;95%|95%&#8221; transform_scale_tablet=&#8221;&#8221; transform_scale_phone=&#8221;&#8221; transform_scale_last_edited=&#8221;on|desktop&#8221; transform_translate=&#8221;5px|-31px&#8221; transform_translate_tablet=&#8221;0px|0px&#8221; transform_translate_phone=&#8221;&#8221; transform_translate_last_edited=&#8221;on|phone&#8221; transform_translate_linked=&#8221;off&#8221; transform_rotate_last_edited=&#8221;off|desktop&#8221; transform_skew_last_edited=&#8221;off|desktop&#8221; transform_origin_last_edited=&#8221;off|desktop&#8221; transform_styles_last_edited=&#8221;on|phone&#8221; custom_padding=&#8221;50px|50px|20px|50px|false|true&#8221; custom_padding_tablet=&#8221;&#8221; custom_padding_phone=&#8221;20px|20px|20px|20px|true|true&#8221; custom_padding_last_edited=&#8221;on|desktop&#8221; filter_opacity=&#8221;94%&#8221; transform_styles_tablet=&#8221;&#8221; transform_styles_phone=&#8221;&#8221; box_shadow_style=&#8221;preset3&#8243; box_shadow_vertical=&#8221;30px&#8221; box_shadow_blur=&#8221;100px&#8221; box_shadow_spread=&#8221;40px&#8221; box_shadow_color=&#8221;rgba(102,100,126,0.16)&#8221; global_colors_info=&#8221;{}&#8221;][et_pb_text _builder_version=&#8221;4.16&#8243; text_font=&#8221;Taviraj|300|||||||&#8221; text_font_size=&#8221;18px&#8221; text_line_height=&#8221;1.6em&#8221; header_2_font=&#8221;Taviraj||||||||&#8221; header_2_font_size=&#8221;46px&#8221; header_2_line_height=&#8221;1.2em&#8221; custom_padding=&#8221;||||false|false&#8221; custom_padding_tablet=&#8221;|30px||50px|true|false&#8221; custom_padding_phone=&#8221;|30px|||true|false&#8221; custom_padding_last_edited=&#8221;off|tablet&#8221; header_2_font_size_tablet=&#8221;40px&#8221; header_2_font_size_phone=&#8221;30px&#8221; header_2_font_size_last_edited=&#8221;on|phone&#8221; global_colors_info=&#8221;{}&#8221;]<\/p>\n<h2>Contacte-nos<\/h2>\n<p>[\/et_pb_text][et_pb_text _builder_version=&#8221;4.23.4&#8243; text_font=&#8221;Taviraj|600|||||||&#8221; text_text_color=&#8221;#000000&#8243; text_font_size=&#8221;15px&#8221; text_line_height=&#8221;1.8em&#8221; header_3_font=&#8221;Taviraj|600|||||||&#8221; header_3_text_color=&#8221;rgba(0,0,0,0.36)&#8221; header_3_font_size=&#8221;18px&#8221; header_3_line_height=&#8221;1.2em&#8221; custom_margin=&#8221;||15px||false|false&#8221; custom_margin_tablet=&#8221;&#8221; custom_margin_phone=&#8221;||30px||false|false&#8221; custom_margin_last_edited=&#8221;on|desktop&#8221; custom_padding=&#8221;14px||17px|3px||&#8221; global_colors_info=&#8221;{}&#8221;]<\/p>\n<h3 style=\"text-align: center;\"><\/h3>\n<h3 style=\"text-align: center;\">Email:<span>\u00a0<\/span><span style=\"color: #000000;\"><a href=\"mailto:geral@rightchallenge.org\" target=\"_blank\" data-mt-detrack-inspected=\"true\" rel=\"noopener\" style=\"color: #000000;\">geral@rightchallenge.org<\/a><\/span><\/h3>\n<p><span style=\"color: #000000;\"><\/span><\/p>\n<h3 style=\"text-align: center;\">Morada: <a href=\"https:\/\/maps.app.goo.gl\/YDfVrin4qcruyAST8\"><span style=\"color: #000000;\">Rua do Conde de Ferreira, n\u00ba 208, Bonfim 4000-222 Porto<\/span><\/a><\/h3>\n<p><span style=\"color: #000000;\"><\/span><\/p>\n<h3 style=\"text-align: center;\">Hor\u00e1rio de Atendimento<\/h3>\n<p style=\"text-align: center;\">Segunda a Sexta-feira:<\/p>\n<p style=\"text-align: center;\">9h &#8211; 13h<\/p>\n<p style=\"text-align: center;\">14h &#8211; 18h<\/p>\n<p>[\/et_pb_text][\/et_pb_column][\/et_pb_row][\/et_pb_section]<\/p>\n","protected":false},"excerpt":{"rendered":"<p>Sobre RightChallenge &nbsp;RightChallenge &nbsp;RightChallenge \u00e9 uma organiza\u00e7\u00e3o n\u00e3o-governamental que visa a promo\u00e7\u00e3o da educa\u00e7\u00e3o e forma\u00e7\u00e3o profissional como meio de inclus\u00e3o social e igualdade de oportunidades. Acreditamos que a educa\u00e7\u00e3o deve centrar-se no desenvolvimento integral de todas as pessoas &#8211; independentemente do estatuto social, idade ou g\u00e9nero &#8211; a fim de as preparar para intervir [&hellip;]<\/p>\n","protected":false},"author":2,"featured_media":1236,"parent":0,"menu_order":0,"comment_status":"closed","ping_status":"closed","template":"","meta":{"_et_pb_use_builder":"on","_et_pb_old_content":"","_et_gb_content_width":"","_monsterinsights_skip_tracking":false,"_monsterinsights_sitenote_active":false,"_monsterinsights_sitenote_note":"","_monsterinsights_sitenote_category":0,"footnotes":""},"class_list":["post-1335","page","type-page","status-publish","has-post-thumbnail","hentry"],"yoast_head":"<!-- This site is optimized with the Yoast SEO plugin v27.4 - https:\/\/yoast.com\/product\/yoast-seo-wordpress\/ -->\n<title>Rightchallenge - Organiza\u00e7\u00e3o n\u00e3o-governamental - Educa\u00e7\u00e3o - Forma\u00e7\u00e3o<\/title>\n<meta name=\"description\" content=\"Organiza\u00e7\u00e3o n\u00e3o-governamental que cria recursos e curr\u00edculos para apoiar os educadores a responder \u00e0s necessidades de cada grupo-alvo.\" \/>\n<meta name=\"robots\" content=\"index, follow, max-snippet:-1, max-image-preview:large, max-video-preview:-1\" \/>\n<link rel=\"canonical\" href=\"https:\/\/rightchallenge.org\/en\/sobre-right-challenge\/\" \/>\n<meta property=\"og:locale\" content=\"en_GB\" \/>\n<meta property=\"og:type\" content=\"article\" \/>\n<meta property=\"og:title\" content=\"Rightchallenge - Organiza\u00e7\u00e3o n\u00e3o-governamental - Educa\u00e7\u00e3o - Forma\u00e7\u00e3o\" \/>\n<meta property=\"og:description\" content=\"Organiza\u00e7\u00e3o n\u00e3o-governamental que cria recursos e curr\u00edculos para apoiar os educadores a responder \u00e0s necessidades de cada grupo-alvo.\" \/>\n<meta property=\"og:url\" content=\"https:\/\/rightchallenge.org\/en\/sobre-right-challenge\/\" \/>\n<meta property=\"og:site_name\" content=\"Rightchallenge\" \/>\n<meta property=\"article:modified_time\" content=\"2024-01-18T19:30:45+00:00\" \/>\n<meta property=\"og:image\" content=\"https:\/\/rightchallenge.org\/wp-content\/uploads\/2021\/06\/RCAicon.-jpg.png\" \/>\n\t<meta property=\"og:image:width\" content=\"500\" \/>\n\t<meta property=\"og:image:height\" content=\"500\" \/>\n\t<meta property=\"og:image:type\" content=\"image\/png\" \/>\n<meta name=\"twitter:card\" content=\"summary_large_image\" \/>\n<meta name=\"twitter:label1\" content=\"Estimated reading time\" \/>\n\t<meta name=\"twitter:data1\" content=\"5 minutes\" \/>\n<script type=\"application\/ld+json\" class=\"yoast-schema-graph\">{\"@context\":\"https:\\\/\\\/schema.org\",\"@graph\":[{\"@type\":\"WebPage\",\"@id\":\"https:\\\/\\\/rightchallenge.org\\\/sobre-right-challenge\\\/\",\"url\":\"https:\\\/\\\/rightchallenge.org\\\/sobre-right-challenge\\\/\",\"name\":\"Rightchallenge - Organiza\u00e7\u00e3o n\u00e3o-governamental - Educa\u00e7\u00e3o - Forma\u00e7\u00e3o\",\"isPartOf\":{\"@id\":\"https:\\\/\\\/rightchallenge.org\\\/#website\"},\"primaryImageOfPage\":{\"@id\":\"https:\\\/\\\/rightchallenge.org\\\/sobre-right-challenge\\\/#primaryimage\"},\"image\":{\"@id\":\"https:\\\/\\\/rightchallenge.org\\\/sobre-right-challenge\\\/#primaryimage\"},\"thumbnailUrl\":\"https:\\\/\\\/rightchallenge.org\\\/wp-content\\\/uploads\\\/2021\\\/06\\\/RCAicon.-jpg.png\",\"datePublished\":\"2021-11-29T14:58:43+00:00\",\"dateModified\":\"2024-01-18T19:30:45+00:00\",\"description\":\"Organiza\u00e7\u00e3o n\u00e3o-governamental que cria recursos e curr\u00edculos para apoiar os educadores a responder \u00e0s necessidades de cada grupo-alvo.\",\"breadcrumb\":{\"@id\":\"https:\\\/\\\/rightchallenge.org\\\/sobre-right-challenge\\\/#breadcrumb\"},\"inLanguage\":\"en-GB\",\"potentialAction\":[{\"@type\":\"ReadAction\",\"target\":[\"https:\\\/\\\/rightchallenge.org\\\/sobre-right-challenge\\\/\"]}]},{\"@type\":\"ImageObject\",\"inLanguage\":\"en-GB\",\"@id\":\"https:\\\/\\\/rightchallenge.org\\\/sobre-right-challenge\\\/#primaryimage\",\"url\":\"https:\\\/\\\/rightchallenge.org\\\/wp-content\\\/uploads\\\/2021\\\/06\\\/RCAicon.-jpg.png\",\"contentUrl\":\"https:\\\/\\\/rightchallenge.org\\\/wp-content\\\/uploads\\\/2021\\\/06\\\/RCAicon.-jpg.png\",\"width\":500,\"height\":500,\"caption\":\"rightchallenge - ong\"},{\"@type\":\"BreadcrumbList\",\"@id\":\"https:\\\/\\\/rightchallenge.org\\\/sobre-right-challenge\\\/#breadcrumb\",\"itemListElement\":[{\"@type\":\"ListItem\",\"position\":1,\"name\":\"In\u00edcio\",\"item\":\"https:\\\/\\\/rightchallenge.org\\\/\"},{\"@type\":\"ListItem\",\"position\":2,\"name\":\"Sobre Right Challenge\"}]},{\"@type\":\"WebSite\",\"@id\":\"https:\\\/\\\/rightchallenge.org\\\/#website\",\"url\":\"https:\\\/\\\/rightchallenge.org\\\/\",\"name\":\"Rightchallenge\",\"description\":\"Associa\u00e7\u00e3o\",\"potentialAction\":[{\"@type\":\"SearchAction\",\"target\":{\"@type\":\"EntryPoint\",\"urlTemplate\":\"https:\\\/\\\/rightchallenge.org\\\/?s={search_term_string}\"},\"query-input\":{\"@type\":\"PropertyValueSpecification\",\"valueRequired\":true,\"valueName\":\"search_term_string\"}}],\"inLanguage\":\"en-GB\"}]}<\/script>\n<!-- \/ Yoast SEO plugin. -->","yoast_head_json":{"title":"Rightchallenge - Organiza\u00e7\u00e3o n\u00e3o-governamental - Educa\u00e7\u00e3o - Forma\u00e7\u00e3o","description":"Organiza\u00e7\u00e3o n\u00e3o-governamental que cria recursos e curr\u00edculos para apoiar os educadores a responder \u00e0s necessidades de cada grupo-alvo.","robots":{"index":"index","follow":"follow","max-snippet":"max-snippet:-1","max-image-preview":"max-image-preview:large","max-video-preview":"max-video-preview:-1"},"canonical":"https:\/\/rightchallenge.org\/en\/sobre-right-challenge\/","og_locale":"en_GB","og_type":"article","og_title":"Rightchallenge - Organiza\u00e7\u00e3o n\u00e3o-governamental - Educa\u00e7\u00e3o - Forma\u00e7\u00e3o","og_description":"Organiza\u00e7\u00e3o n\u00e3o-governamental que cria recursos e curr\u00edculos para apoiar os educadores a responder \u00e0s necessidades de cada grupo-alvo.","og_url":"https:\/\/rightchallenge.org\/en\/sobre-right-challenge\/","og_site_name":"Rightchallenge","article_modified_time":"2024-01-18T19:30:45+00:00","og_image":[{"width":500,"height":500,"url":"https:\/\/rightchallenge.org\/wp-content\/uploads\/2021\/06\/RCAicon.-jpg.png","type":"image\/png"}],"twitter_card":"summary_large_image","twitter_misc":{"Estimated reading time":"5 minutes"},"schema":{"@context":"https:\/\/schema.org","@graph":[{"@type":"WebPage","@id":"https:\/\/rightchallenge.org\/sobre-right-challenge\/","url":"https:\/\/rightchallenge.org\/sobre-right-challenge\/","name":"Rightchallenge - Organiza\u00e7\u00e3o n\u00e3o-governamental - Educa\u00e7\u00e3o - Forma\u00e7\u00e3o","isPartOf":{"@id":"https:\/\/rightchallenge.org\/#website"},"primaryImageOfPage":{"@id":"https:\/\/rightchallenge.org\/sobre-right-challenge\/#primaryimage"},"image":{"@id":"https:\/\/rightchallenge.org\/sobre-right-challenge\/#primaryimage"},"thumbnailUrl":"https:\/\/rightchallenge.org\/wp-content\/uploads\/2021\/06\/RCAicon.-jpg.png","datePublished":"2021-11-29T14:58:43+00:00","dateModified":"2024-01-18T19:30:45+00:00","description":"Organiza\u00e7\u00e3o n\u00e3o-governamental que cria recursos e curr\u00edculos para apoiar os educadores a responder \u00e0s necessidades de cada grupo-alvo.","breadcrumb":{"@id":"https:\/\/rightchallenge.org\/sobre-right-challenge\/#breadcrumb"},"inLanguage":"en-GB","potentialAction":[{"@type":"ReadAction","target":["https:\/\/rightchallenge.org\/sobre-right-challenge\/"]}]},{"@type":"ImageObject","inLanguage":"en-GB","@id":"https:\/\/rightchallenge.org\/sobre-right-challenge\/#primaryimage","url":"https:\/\/rightchallenge.org\/wp-content\/uploads\/2021\/06\/RCAicon.-jpg.png","contentUrl":"https:\/\/rightchallenge.org\/wp-content\/uploads\/2021\/06\/RCAicon.-jpg.png","width":500,"height":500,"caption":"rightchallenge - ong"},{"@type":"BreadcrumbList","@id":"https:\/\/rightchallenge.org\/sobre-right-challenge\/#breadcrumb","itemListElement":[{"@type":"ListItem","position":1,"name":"In\u00edcio","item":"https:\/\/rightchallenge.org\/"},{"@type":"ListItem","position":2,"name":"Sobre Right Challenge"}]},{"@type":"WebSite","@id":"https:\/\/rightchallenge.org\/#website","url":"https:\/\/rightchallenge.org\/","name":"Rightchallenge","description":"Associa\u00e7\u00e3o","potentialAction":[{"@type":"SearchAction","target":{"@type":"EntryPoint","urlTemplate":"https:\/\/rightchallenge.org\/?s={search_term_string}"},"query-input":{"@type":"PropertyValueSpecification","valueRequired":true,"valueName":"search_term_string"}}],"inLanguage":"en-GB"}]}},"_links":{"self":[{"href":"https:\/\/rightchallenge.org\/en\/wp-json\/wp\/v2\/pages\/1335","targetHints":{"allow":["GET"]}}],"collection":[{"href":"https:\/\/rightchallenge.org\/en\/wp-json\/wp\/v2\/pages"}],"about":[{"href":"https:\/\/rightchallenge.org\/en\/wp-json\/wp\/v2\/types\/page"}],"author":[{"embeddable":true,"href":"https:\/\/rightchallenge.org\/en\/wp-json\/wp\/v2\/users\/2"}],"replies":[{"embeddable":true,"href":"https:\/\/rightchallenge.org\/en\/wp-json\/wp\/v2\/comments?post=1335"}],"version-history":[{"count":32,"href":"https:\/\/rightchallenge.org\/en\/wp-json\/wp\/v2\/pages\/1335\/revisions"}],"predecessor-version":[{"id":3771,"href":"https:\/\/rightchallenge.org\/en\/wp-json\/wp\/v2\/pages\/1335\/revisions\/3771"}],"wp:featuredmedia":[{"embeddable":true,"href":"https:\/\/rightchallenge.org\/en\/wp-json\/wp\/v2\/media\/1236"}],"wp:attachment":[{"href":"https:\/\/rightchallenge.org\/en\/wp-json\/wp\/v2\/media?parent=1335"}],"curies":[{"name":"wp","href":"https:\/\/api.w.org\/{rel}","templated":true}]}}