{"id":1308,"date":"2021-11-29T15:56:11","date_gmt":"2021-11-29T14:56:11","guid":{"rendered":"https:\/\/rightchallenge.org\/?page_id=1308"},"modified":"2024-01-18T20:29:52","modified_gmt":"2024-01-18T19:29:52","slug":"contactos","status":"publish","type":"page","link":"https:\/\/rightchallenge.org\/en\/contactos\/","title":{"rendered":"Contacts"},"content":{"rendered":"<p>[et_pb_section fb_built=&#8221;1&#8243; admin_label=&#8221;Footer&#8221; _builder_version=&#8221;4.16&#8243; background_color=&#8221;#fcfcfc&#8221; background_enable_image=&#8221;off&#8221; parallax=&#8221;on&#8221; overflow-x=&#8221;visible&#8221; overflow-y=&#8221;visible&#8221; custom_margin=&#8221;100px|40px|40px|40px|false|true&#8221; custom_margin_tablet=&#8221;0px||||false|false&#8221; custom_margin_phone=&#8221;|20px||20px|false|true&#8221; custom_margin_last_edited=&#8221;on|phone&#8221; custom_padding=&#8221;116px||108px|||&#8221; locked=&#8221;off&#8221; global_colors_info=&#8221;{}&#8221;][et_pb_row _builder_version=&#8221;4.23.4&#8243; width_tablet=&#8221;&#8221; width_phone=&#8221;90%&#8221; width_last_edited=&#8221;on|phone&#8221; custom_margin=&#8221;|179px||auto||&#8221; hover_enabled=&#8221;0&#8243; global_colors_info=&#8221;{}&#8221; sticky_enabled=&#8221;0&#8243;][et_pb_column type=&#8221;4_4&#8243; admin_label=&#8221;Column&#8221; _builder_version=&#8221;4.16&#8243; background_color=&#8221;rgba(255,255,255,0.3)&#8221; background_enable_image=&#8221;off&#8221; parallax=&#8221;on&#8221; transform_scale=&#8221;95%|95%&#8221; transform_scale_tablet=&#8221;&#8221; transform_scale_phone=&#8221;&#8221; transform_scale_last_edited=&#8221;on|desktop&#8221; transform_translate=&#8221;5px|-31px&#8221; transform_translate_tablet=&#8221;0px|0px&#8221; transform_translate_phone=&#8221;&#8221; transform_translate_last_edited=&#8221;on|phone&#8221; transform_translate_linked=&#8221;off&#8221; transform_rotate_last_edited=&#8221;off|desktop&#8221; transform_skew_last_edited=&#8221;off|desktop&#8221; transform_origin_last_edited=&#8221;off|desktop&#8221; transform_styles_last_edited=&#8221;on|phone&#8221; custom_padding=&#8221;50px|50px|20px|50px|false|true&#8221; custom_padding_tablet=&#8221;&#8221; custom_padding_phone=&#8221;20px|20px|20px|20px|true|true&#8221; custom_padding_last_edited=&#8221;on|desktop&#8221; filter_opacity=&#8221;94%&#8221; transform_styles_tablet=&#8221;&#8221; transform_styles_phone=&#8221;&#8221; box_shadow_style=&#8221;preset3&#8243; box_shadow_vertical=&#8221;30px&#8221; box_shadow_blur=&#8221;100px&#8221; box_shadow_spread=&#8221;40px&#8221; box_shadow_color=&#8221;rgba(102,100,126,0.16)&#8221; global_colors_info=&#8221;{}&#8221;][et_pb_text _builder_version=&#8221;4.16&#8243; text_font=&#8221;Taviraj|300|||||||&#8221; text_font_size=&#8221;18px&#8221; text_line_height=&#8221;1.6em&#8221; header_2_font=&#8221;Taviraj||||||||&#8221; header_2_font_size=&#8221;46px&#8221; header_2_line_height=&#8221;1.2em&#8221; custom_padding=&#8221;||||false|false&#8221; custom_padding_tablet=&#8221;|30px||50px|true|false&#8221; custom_padding_phone=&#8221;|30px|||true|false&#8221; custom_padding_last_edited=&#8221;off|tablet&#8221; header_2_font_size_tablet=&#8221;40px&#8221; header_2_font_size_phone=&#8221;30px&#8221; header_2_font_size_last_edited=&#8221;on|phone&#8221; global_colors_info=&#8221;{}&#8221;]<\/p>\n<h2>Contacte-nos<\/h2>\n<p>[\/et_pb_text][et_pb_text _builder_version=&#8221;4.23.4&#8243; text_font=&#8221;Taviraj|600|||||||&#8221; text_text_color=&#8221;#000000&#8243; text_font_size=&#8221;15px&#8221; text_line_height=&#8221;1.8em&#8221; header_3_font=&#8221;Taviraj|600|||||||&#8221; header_3_text_color=&#8221;rgba(0,0,0,0.36)&#8221; header_3_font_size=&#8221;18px&#8221; header_3_line_height=&#8221;1.2em&#8221; custom_margin=&#8221;||15px||false|false&#8221; custom_margin_tablet=&#8221;&#8221; custom_margin_phone=&#8221;||30px||false|false&#8221; custom_margin_last_edited=&#8221;on|desktop&#8221; custom_padding=&#8221;14px||17px|3px||&#8221; hover_enabled=&#8221;0&#8243; global_colors_info=&#8221;{}&#8221; sticky_enabled=&#8221;0&#8243;]<\/p>\n<h3 style=\"text-align: center;\"><\/h3>\n<h3 style=\"text-align: center;\">Email:<span>\u00a0<\/span><span style=\"color: #000000;\"><a href=\"mailto:geral@rightchallenge.org\" target=\"_blank\" data-mt-detrack-inspected=\"true\" rel=\"noopener\" style=\"color: #000000;\">geral@rightchallenge.org<\/a><\/span><\/h3>\n<p><span style=\"color: #000000;\"><\/span><\/p>\n<h3 style=\"text-align: center;\">Morada: <a href=\"https:\/\/maps.app.goo.gl\/YDfVrin4qcruyAST8\"><span style=\"color: #000000;\">Rua do Conde de Ferreira, n\u00ba 208, Bonfim 4000-222 Porto<\/span><\/a><\/h3>\n<p><span style=\"color: #000000;\"><\/span><\/p>\n<h3 style=\"text-align: center;\">Hor\u00e1rio de Atendimento<\/h3>\n<p style=\"text-align: center;\">Segunda a Sexta-feira:<\/p>\n<p style=\"text-align: center;\">9h &#8211; 13h<\/p>\n<p style=\"text-align: center;\">14h &#8211; 18h<\/p>\n<p>[\/et_pb_text][\/et_pb_column][\/et_pb_row][\/et_pb_section]<\/p>\n","protected":false},"excerpt":{"rendered":"<p>Contacte-nos Email:\u00a0geral@rightchallenge.org Morada: Rua do Conde de Ferreira, n\u00ba 208, Bonfim 4000-222 Porto Hor\u00e1rio de Atendimento Segunda a Sexta-feira: 9h &#8211; 13h 14h &#8211; 18h<\/p>","protected":false},"author":2,"featured_media":1236,"parent":0,"menu_order":0,"comment_status":"closed","ping_status":"closed","template":"","meta":{"_et_pb_use_builder":"on","_et_pb_old_content":"","_et_gb_content_width":"","_monsterinsights_skip_tracking":false,"_monsterinsights_sitenote_active":false,"_monsterinsights_sitenote_note":"","_monsterinsights_sitenote_category":0,"footnotes":""},"class_list":["post-1308","page","type-page","status-publish","has-post-thumbnail","hentry"],"yoast_head":"<!-- This site is optimized with the Yoast SEO plugin v27.4 - https:\/\/yoast.com\/product\/yoast-seo-wordpress\/ -->\n<title>Contactos - Rightchallenge - Organiza\u00e7\u00e3o n\u00e3o-governamental - Porto<\/title>\n<meta name=\"description\" content=\"Rightchallenge promove a forma\u00e7\u00e3o profissional de educadores, animadores, desenvolvendo transforma\u00e7\u00f5es positivas na sociedade. Contacte-nos!\" \/>\n<meta name=\"robots\" content=\"index, follow, max-snippet:-1, max-image-preview:large, max-video-preview:-1\" \/>\n<link rel=\"canonical\" href=\"https:\/\/rightchallenge.org\/en\/contactos\/\" \/>\n<meta property=\"og:locale\" content=\"en_GB\" \/>\n<meta property=\"og:type\" content=\"article\" \/>\n<meta property=\"og:title\" content=\"Contactos - Rightchallenge - Organiza\u00e7\u00e3o n\u00e3o-governamental - Porto\" \/>\n<meta property=\"og:description\" content=\"Rightchallenge promove a forma\u00e7\u00e3o profissional de educadores, animadores, desenvolvendo transforma\u00e7\u00f5es positivas na sociedade. Contacte-nos!\" \/>\n<meta property=\"og:url\" content=\"https:\/\/rightchallenge.org\/en\/contactos\/\" \/>\n<meta property=\"og:site_name\" content=\"Rightchallenge\" \/>\n<meta property=\"article:modified_time\" content=\"2024-01-18T19:29:52+00:00\" \/>\n<meta property=\"og:image\" content=\"https:\/\/rightchallenge.org\/wp-content\/uploads\/2021\/06\/RCAicon.-jpg.png\" \/>\n\t<meta property=\"og:image:width\" content=\"500\" \/>\n\t<meta property=\"og:image:height\" content=\"500\" \/>\n\t<meta property=\"og:image:type\" content=\"image\/png\" \/>\n<meta name=\"twitter:card\" content=\"summary_large_image\" \/>\n<meta name=\"twitter:label1\" content=\"Estimated reading time\" \/>\n\t<meta name=\"twitter:data1\" content=\"2 minutes\" \/>\n<script type=\"application\/ld+json\" class=\"yoast-schema-graph\">{\"@context\":\"https:\\\/\\\/schema.org\",\"@graph\":[{\"@type\":\"WebPage\",\"@id\":\"https:\\\/\\\/rightchallenge.org\\\/contactos\\\/\",\"url\":\"https:\\\/\\\/rightchallenge.org\\\/contactos\\\/\",\"name\":\"Contactos - Rightchallenge - Organiza\u00e7\u00e3o n\u00e3o-governamental - Porto\",\"isPartOf\":{\"@id\":\"https:\\\/\\\/rightchallenge.org\\\/#website\"},\"primaryImageOfPage\":{\"@id\":\"https:\\\/\\\/rightchallenge.org\\\/contactos\\\/#primaryimage\"},\"image\":{\"@id\":\"https:\\\/\\\/rightchallenge.org\\\/contactos\\\/#primaryimage\"},\"thumbnailUrl\":\"https:\\\/\\\/rightchallenge.org\\\/wp-content\\\/uploads\\\/2021\\\/06\\\/RCAicon.-jpg.png\",\"datePublished\":\"2021-11-29T14:56:11+00:00\",\"dateModified\":\"2024-01-18T19:29:52+00:00\",\"description\":\"Rightchallenge promove a forma\u00e7\u00e3o profissional de educadores, animadores, desenvolvendo transforma\u00e7\u00f5es positivas na sociedade. Contacte-nos!\",\"breadcrumb\":{\"@id\":\"https:\\\/\\\/rightchallenge.org\\\/contactos\\\/#breadcrumb\"},\"inLanguage\":\"en-GB\",\"potentialAction\":[{\"@type\":\"ReadAction\",\"target\":[\"https:\\\/\\\/rightchallenge.org\\\/contactos\\\/\"]}]},{\"@type\":\"ImageObject\",\"inLanguage\":\"en-GB\",\"@id\":\"https:\\\/\\\/rightchallenge.org\\\/contactos\\\/#primaryimage\",\"url\":\"https:\\\/\\\/rightchallenge.org\\\/wp-content\\\/uploads\\\/2021\\\/06\\\/RCAicon.-jpg.png\",\"contentUrl\":\"https:\\\/\\\/rightchallenge.org\\\/wp-content\\\/uploads\\\/2021\\\/06\\\/RCAicon.-jpg.png\",\"width\":500,\"height\":500,\"caption\":\"rightchallenge - ong\"},{\"@type\":\"BreadcrumbList\",\"@id\":\"https:\\\/\\\/rightchallenge.org\\\/contactos\\\/#breadcrumb\",\"itemListElement\":[{\"@type\":\"ListItem\",\"position\":1,\"name\":\"In\u00edcio\",\"item\":\"https:\\\/\\\/rightchallenge.org\\\/\"},{\"@type\":\"ListItem\",\"position\":2,\"name\":\"Contactos\"}]},{\"@type\":\"WebSite\",\"@id\":\"https:\\\/\\\/rightchallenge.org\\\/#website\",\"url\":\"https:\\\/\\\/rightchallenge.org\\\/\",\"name\":\"Rightchallenge\",\"description\":\"Associa\u00e7\u00e3o\",\"potentialAction\":[{\"@type\":\"SearchAction\",\"target\":{\"@type\":\"EntryPoint\",\"urlTemplate\":\"https:\\\/\\\/rightchallenge.org\\\/?s={search_term_string}\"},\"query-input\":{\"@type\":\"PropertyValueSpecification\",\"valueRequired\":true,\"valueName\":\"search_term_string\"}}],\"inLanguage\":\"en-GB\"}]}<\/script>\n<!-- \/ Yoast SEO plugin. -->","yoast_head_json":{"title":"Contactos - Rightchallenge - Organiza\u00e7\u00e3o n\u00e3o-governamental - Porto","description":"Rightchallenge promove a forma\u00e7\u00e3o profissional de educadores, animadores, desenvolvendo transforma\u00e7\u00f5es positivas na sociedade. Contacte-nos!","robots":{"index":"index","follow":"follow","max-snippet":"max-snippet:-1","max-image-preview":"max-image-preview:large","max-video-preview":"max-video-preview:-1"},"canonical":"https:\/\/rightchallenge.org\/en\/contactos\/","og_locale":"en_GB","og_type":"article","og_title":"Contactos - Rightchallenge - Organiza\u00e7\u00e3o n\u00e3o-governamental - Porto","og_description":"Rightchallenge promove a forma\u00e7\u00e3o profissional de educadores, animadores, desenvolvendo transforma\u00e7\u00f5es positivas na sociedade. Contacte-nos!","og_url":"https:\/\/rightchallenge.org\/en\/contactos\/","og_site_name":"Rightchallenge","article_modified_time":"2024-01-18T19:29:52+00:00","og_image":[{"width":500,"height":500,"url":"https:\/\/rightchallenge.org\/wp-content\/uploads\/2021\/06\/RCAicon.-jpg.png","type":"image\/png"}],"twitter_card":"summary_large_image","twitter_misc":{"Estimated reading time":"2 minutes"},"schema":{"@context":"https:\/\/schema.org","@graph":[{"@type":"WebPage","@id":"https:\/\/rightchallenge.org\/contactos\/","url":"https:\/\/rightchallenge.org\/contactos\/","name":"Contactos - Rightchallenge - Organiza\u00e7\u00e3o n\u00e3o-governamental - Porto","isPartOf":{"@id":"https:\/\/rightchallenge.org\/#website"},"primaryImageOfPage":{"@id":"https:\/\/rightchallenge.org\/contactos\/#primaryimage"},"image":{"@id":"https:\/\/rightchallenge.org\/contactos\/#primaryimage"},"thumbnailUrl":"https:\/\/rightchallenge.org\/wp-content\/uploads\/2021\/06\/RCAicon.-jpg.png","datePublished":"2021-11-29T14:56:11+00:00","dateModified":"2024-01-18T19:29:52+00:00","description":"Rightchallenge promove a forma\u00e7\u00e3o profissional de educadores, animadores, desenvolvendo transforma\u00e7\u00f5es positivas na sociedade. Contacte-nos!","breadcrumb":{"@id":"https:\/\/rightchallenge.org\/contactos\/#breadcrumb"},"inLanguage":"en-GB","potentialAction":[{"@type":"ReadAction","target":["https:\/\/rightchallenge.org\/contactos\/"]}]},{"@type":"ImageObject","inLanguage":"en-GB","@id":"https:\/\/rightchallenge.org\/contactos\/#primaryimage","url":"https:\/\/rightchallenge.org\/wp-content\/uploads\/2021\/06\/RCAicon.-jpg.png","contentUrl":"https:\/\/rightchallenge.org\/wp-content\/uploads\/2021\/06\/RCAicon.-jpg.png","width":500,"height":500,"caption":"rightchallenge - ong"},{"@type":"BreadcrumbList","@id":"https:\/\/rightchallenge.org\/contactos\/#breadcrumb","itemListElement":[{"@type":"ListItem","position":1,"name":"In\u00edcio","item":"https:\/\/rightchallenge.org\/"},{"@type":"ListItem","position":2,"name":"Contactos"}]},{"@type":"WebSite","@id":"https:\/\/rightchallenge.org\/#website","url":"https:\/\/rightchallenge.org\/","name":"Rightchallenge","description":"Associa\u00e7\u00e3o","potentialAction":[{"@type":"SearchAction","target":{"@type":"EntryPoint","urlTemplate":"https:\/\/rightchallenge.org\/?s={search_term_string}"},"query-input":{"@type":"PropertyValueSpecification","valueRequired":true,"valueName":"search_term_string"}}],"inLanguage":"en-GB"}]}},"_links":{"self":[{"href":"https:\/\/rightchallenge.org\/en\/wp-json\/wp\/v2\/pages\/1308","targetHints":{"allow":["GET"]}}],"collection":[{"href":"https:\/\/rightchallenge.org\/en\/wp-json\/wp\/v2\/pages"}],"about":[{"href":"https:\/\/rightchallenge.org\/en\/wp-json\/wp\/v2\/types\/page"}],"author":[{"embeddable":true,"href":"https:\/\/rightchallenge.org\/en\/wp-json\/wp\/v2\/users\/2"}],"replies":[{"embeddable":true,"href":"https:\/\/rightchallenge.org\/en\/wp-json\/wp\/v2\/comments?post=1308"}],"version-history":[{"count":17,"href":"https:\/\/rightchallenge.org\/en\/wp-json\/wp\/v2\/pages\/1308\/revisions"}],"predecessor-version":[{"id":3770,"href":"https:\/\/rightchallenge.org\/en\/wp-json\/wp\/v2\/pages\/1308\/revisions\/3770"}],"wp:featuredmedia":[{"embeddable":true,"href":"https:\/\/rightchallenge.org\/en\/wp-json\/wp\/v2\/media\/1236"}],"wp:attachment":[{"href":"https:\/\/rightchallenge.org\/en\/wp-json\/wp\/v2\/media?parent=1308"}],"curies":[{"name":"wp","href":"https:\/\/api.w.org\/{rel}","templated":true}]}}