{"id":1062,"date":"2021-06-17T17:34:20","date_gmt":"2021-06-17T16:34:20","guid":{"rendered":"https:\/\/rightchallenge.org\/?page_id=1062"},"modified":"2023-08-09T16:16:36","modified_gmt":"2023-08-09T15:16:36","slug":"casinoproject","status":"publish","type":"page","link":"https:\/\/rightchallenge.org\/en\/casinoproject\/","title":{"rendered":"CASINO"},"content":{"rendered":"<p>[et_pb_section fb_built=&#8221;1&#8243; admin_label=&#8221;Header&#8221; _builder_version=&#8221;4.16&#8243; global_colors_info=&#8221;{}&#8221;][et_pb_row column_structure=&#8221;3_5,2_5&#8243; custom_padding_last_edited=&#8221;off|desktop&#8221; _builder_version=&#8221;4.16&#8243; background_enable_color=&#8221;off&#8221; custom_padding_tablet=&#8221;||30px||false|false&#8221; locked=&#8221;off&#8221; global_colors_info=&#8221;{}&#8221;][et_pb_column type=&#8221;3_5&#8243; _builder_version=&#8221;4.16&#8243; custom_padding_tablet=&#8221;||20px||false|false&#8221; custom_padding_phone=&#8221;&#8221; custom_padding_last_edited=&#8221;on|tablet&#8221; global_colors_info=&#8221;{}&#8221;][et_pb_image src=&#8221;https:\/\/rightchallenge.org\/wp-content\/uploads\/2021\/06\/logocas.png&#8221; title_text=&#8221;logocas&#8221; align=&#8221;center&#8221; _builder_version=&#8221;4.16&#8243; width=&#8221;49%&#8221; global_colors_info=&#8221;{}&#8221;][\/et_pb_image][et_pb_text _builder_version=&#8221;4.21.2&#8243; text_font=&#8221;PT Sans||||||||&#8221; text_text_color=&#8221;#000000&#8243; text_font_size=&#8221;14px&#8221; text_line_height=&#8221;1.9em&#8221; global_colors_info=&#8221;{}&#8221;]<\/p>\n<p style=\"text-align: justify;\">O projeto <strong>&#8220;CASINO&#8221;<\/strong> prop\u00f5e o desenvolvimento de um <strong>comp\u00eandio de jogos de aprendizagem inovadores<\/strong>, otimizados para <strong>smartphones e tablets<\/strong>, os dispositivos prediletos dos jovens nem-nem.<span style=\"text-decoration: underline;\"> NEETs, tamb\u00e9m conhecidos como jovens nem-nem, s\u00e3o aqueles que n\u00e3o se encontram ativos nem no sistema de ensino, nem no mundo do trabalho.<\/span><\/p>\n<p style=\"text-align: justify;\">Os jogos englobam o design e desenvolvimento de Breakouts Digitais e Escape Rooms Online, com as caracter\u00edsticas de jogos para telem\u00f3vel de modo a desenvolver compet\u00eancias transversais essenciais, como literacia, numeracia, pensamento cr\u00edtico e capacidade de resolu\u00e7\u00e3o de problemas.<\/p>\n<p style=\"text-align: justify;\">Sempre que os jovens completarem um desafio com sucesso, ganham uma medalha de m\u00e9rito\/conquista, de acordo com os resultados de aprendizagem reconhecidos nos quadros de compet\u00eancias-chave. Desta forma, um portef\u00f3lio de compet\u00eancias \u00e9 automaticamente atribu\u00eddo a cada jogador que complete um ou mais dos recursos desenvolvidos. Isto permite que os jovens d\u00eaem os primeiros passos de uma jornada educacional direcionada \u00e0 forma\u00e7\u00e3o e educa\u00e7\u00e3o vocacional cont\u00ednua.<\/p>\n<p style=\"text-align: justify;\">A percentagem de Nem-Nem nos pa\u00edses europeus \u00e9 cada vez mais preocupante e, com o impacto do Covid-19, a situa\u00e7\u00e3o piorou. Por isso, o projeto CASINO criou recursos para desenvolver as seguintes compet\u00eancias:<\/p>\n<ul>\n<li style=\"text-align: justify;\">Literacia e alfabetiza\u00e7\u00e3o atrav\u00e9s da compreens\u00e3o de texto.<\/li>\n<li style=\"text-align: justify;\">Racioc\u00ednio e compreens\u00e3o matem\u00e1tica atrav\u00e9s da computa\u00e7\u00e3o.<\/li>\n<li style=\"text-align: justify;\">Pensamento cr\u00edtico e criativo atrav\u00e9s da resolu\u00e7\u00e3o de problemas.<\/li>\n<li style=\"text-align: justify;\">Esp\u00edrito de iniciativa atrav\u00e9s do pensamento l\u00f3gico e espacial.<\/li>\n<li style=\"text-align: justify;\">Aprendizagem atrav\u00e9s da reten\u00e7\u00e3o de informa\u00e7\u00e3o e do desenvolvimento da mem\u00f3ria.<\/li>\n<li style=\"text-align: justify;\">Desenvolvimento de compet\u00eancias digitais e tecnol\u00f3gicas atrav\u00e9s de exerc\u00edcios b\u00e1sicos de programa\u00e7\u00e3o.<\/li>\n<\/ul>\n<p><strong>Este projeto \u00e9 apoiado no \u00e2mbito do programa europeu Erasmus+ &#8211; Ensino e forma\u00e7\u00e3o profissional<br \/><\/strong><\/p>\n<p>[\/et_pb_text][\/et_pb_column][et_pb_column type=&#8221;2_5&#8243; _builder_version=&#8221;4.16&#8243; background_color=&#8221;#ffffff&#8221; custom_padding=&#8221;50px|40px|60px|40px|false|true&#8221; custom_padding_tablet=&#8221;|50px||50px|false|true&#8221; custom_padding_phone=&#8221;&#8221; custom_padding_last_edited=&#8221;on|tablet&#8221; border_radii=&#8221;on|10px|10px|10px|10px&#8221; box_shadow_style=&#8221;preset1&#8243; box_shadow_color=&#8221;rgba(12,113,195,0.13)&#8221; global_colors_info=&#8221;{}&#8221;][et_pb_image src=&#8221;https:\/\/rightchallenge.org\/wp-content\/uploads\/2023\/07\/PT_Co-fundedbytheEU_RGB_POS.png&#8221; title_text=&#8221;PT_Co-fundedbytheEU_RGB_POS&#8221; align=&#8221;center&#8221; _builder_version=&#8221;4.21.2&#8243; max_width=&#8221;70%&#8221; hover_enabled=&#8221;0&#8243; global_colors_info=&#8221;{}&#8221; sticky_enabled=&#8221;0&#8243;][\/et_pb_image][et_pb_text _builder_version=&#8221;4.16&#8243; custom_margin=&#8221;||13px|||&#8221; custom_padding=&#8221;16px|||||&#8221; global_colors_info=&#8221;{}&#8221;]<\/p>\n<h3 style=\"text-align: center;\">Parceiros<\/h3>\n<p>[\/et_pb_text][et_pb_blurb title=&#8221;Association de Gestion des Fonds Europ\u00e9ens&#8221; url=&#8221;https:\/\/www.agfe95.eu\/&#8221; url_new_window=&#8221;on&#8221; image=&#8221;https:\/\/rightchallenge.org\/wp-content\/uploads\/2020\/03\/france.png&#8221; icon_placement=&#8221;left&#8221; content_max_width=&#8221;800px&#8221; _builder_version=&#8221;4.21.2&#8243; header_font=&#8221;PT Sans||||||||&#8221; header_text_color=&#8221;#000000&#8243; header_font_size=&#8221;14px&#8221; header_line_height=&#8221;1.9em&#8221; locked=&#8221;off&#8221; global_colors_info=&#8221;{}&#8221;][\/et_pb_blurb][et_pb_blurb title=&#8221;FUTURE IN PERSPECTIVE LIMITED&#8221; url=&#8221;https:\/\/www.futureinperspective.com\/&#8221; url_new_window=&#8221;on&#8221; image=&#8221;https:\/\/rightchallenge.org\/wp-content\/uploads\/2020\/03\/ireland.png&#8221; icon_placement=&#8221;left&#8221; content_max_width=&#8221;800px&#8221; _builder_version=&#8221;4.21.2&#8243; header_font=&#8221;PT Sans||||||||&#8221; header_text_color=&#8221;#000000&#8243; header_font_size=&#8221;14px&#8221; header_line_height=&#8221;1.9em&#8221; locked=&#8221;off&#8221; global_colors_info=&#8221;{}&#8221;][\/et_pb_blurb][et_pb_blurb title=&#8221;Hauptstadtallee 239 V V UG (Skills Elevation FHB)&#8221; url=&#8221;http:\/\/www.skillselevationfhb.com\/&#8221; url_new_window=&#8221;on&#8221; image=&#8221;https:\/\/rightchallenge.org\/wp-content\/uploads\/2020\/03\/germany.png&#8221; icon_placement=&#8221;left&#8221; content_max_width=&#8221;800px&#8221; _builder_version=&#8221;4.21.2&#8243; header_font=&#8221;PT Sans||||||||&#8221; header_text_color=&#8221;#000000&#8243; header_font_size=&#8221;14px&#8221; header_line_height=&#8221;1.9em&#8221; locked=&#8221;off&#8221; global_colors_info=&#8221;{}&#8221;][\/et_pb_blurb][et_pb_blurb title=&#8221;Callidus ustanova za obrazovanje odraslih&#8221; url=&#8221;https:\/\/ustanovacallidus.hr\/en\/home\/&#8221; url_new_window=&#8221;on&#8221; image=&#8221;https:\/\/rightchallenge.org\/wp-content\/uploads\/2020\/06\/croatia.png&#8221; icon_placement=&#8221;left&#8221; content_max_width=&#8221;800px&#8221; _builder_version=&#8221;4.21.2&#8243; header_font=&#8221;PT Sans||||||||&#8221; header_text_color=&#8221;#000000&#8243; header_font_size=&#8221;14px&#8221; header_line_height=&#8221;1.9em&#8221; locked=&#8221;off&#8221; global_colors_info=&#8221;{}&#8221;][\/et_pb_blurb][et_pb_blurb title=&#8221;INSTITUTO PARA EL FOMENTO DEL DESARROLLO Y LA FORMACION SL&#8221; url=&#8221;http:\/\/infodef.es\/?lang=en&#8221; url_new_window=&#8221;on&#8221; image=&#8221;https:\/\/rightchallenge.org\/wp-content\/uploads\/2020\/06\/spain.png&#8221; icon_placement=&#8221;left&#8221; content_max_width=&#8221;800px&#8221; _builder_version=&#8221;4.21.2&#8243; header_font=&#8221;PT Sans||||||||&#8221; header_text_color=&#8221;#000000&#8243; header_font_size=&#8221;14px&#8221; header_line_height=&#8221;1.9em&#8221; locked=&#8221;off&#8221; global_colors_info=&#8221;{}&#8221;][\/et_pb_blurb][et_pb_blurb title=&#8221;CENTRE FOR ADVANCEMENT OF RESEARCH AND DEVELOPMENT IN EDUCATIONAL TECHNOLOGY LTD-CARDET&#8221; url=&#8221;https:\/\/cardet.org\/&#8221; url_new_window=&#8221;on&#8221; image=&#8221;https:\/\/rightchallenge.org\/wp-content\/uploads\/2020\/03\/cyprus.png&#8221; icon_placement=&#8221;left&#8221; content_max_width=&#8221;800px&#8221; _builder_version=&#8221;4.21.2&#8243; header_font=&#8221;PT Sans||||||||&#8221; header_text_color=&#8221;#000000&#8243; header_font_size=&#8221;14px&#8221; header_line_height=&#8221;1.9em&#8221; locked=&#8221;off&#8221; global_colors_info=&#8221;{}&#8221;][\/et_pb_blurb][et_pb_blurb title=&#8221;Vsl Socialiniu inovaciju centras&#8221; url=&#8221;https:\/\/en.socin.lt\/&#8221; url_new_window=&#8221;on&#8221; image=&#8221;https:\/\/rightchallenge.org\/wp-content\/uploads\/2020\/06\/lithuania.png&#8221; icon_placement=&#8221;left&#8221; content_max_width=&#8221;800px&#8221; _builder_version=&#8221;4.21.2&#8243; header_font=&#8221;PT Sans||||||||&#8221; header_text_color=&#8221;#000000&#8243; header_font_size=&#8221;14px&#8221; header_line_height=&#8221;1.9em&#8221; locked=&#8221;off&#8221; global_colors_info=&#8221;{}&#8221;][\/et_pb_blurb][et_pb_blurb title=&#8221;Website&#8221; url=&#8221;http:\/\/casino-project.eu\/pt\/&#8221; url_new_window=&#8221;on&#8221; image=&#8221;https:\/\/rightchallenge.org\/wp-content\/uploads\/2023\/07\/Design-sem-nome-1.png&#8221; icon_placement=&#8221;left&#8221; content_max_width=&#8221;800px&#8221; _builder_version=&#8221;4.21.2&#8243; header_font=&#8221;|700|||||||&#8221; header_text_align=&#8221;left&#8221; header_text_color=&#8221;#0C71C3&#8243; header_font_size=&#8221;18px&#8221; header_line_height=&#8221;1.9em&#8221; body_font=&#8221;|700|||||||&#8221; custom_margin=&#8221;|||77px|false|false&#8221; custom_padding=&#8221;|||10px|false|false&#8221; hover_enabled=&#8221;0&#8243; locked=&#8221;off&#8221; global_colors_info=&#8221;{}&#8221; theme_builder_area=&#8221;post_content&#8221; link_option_url_new_window=&#8221;on&#8221; sticky_enabled=&#8221;0&#8243;][\/et_pb_blurb][et_pb_blurb title=&#8221;Facebook&#8221; url=&#8221;https:\/\/www.facebook.com\/casinoproject&#8221; url_new_window=&#8221;on&#8221; image=&#8221;https:\/\/rightchallenge.org\/wp-content\/uploads\/2023\/07\/5968764.png&#8221; icon_placement=&#8221;left&#8221; content_max_width=&#8221;800px&#8221; _builder_version=&#8221;4.21.2&#8243; header_font=&#8221;|700|||||||&#8221; header_text_align=&#8221;left&#8221; header_text_color=&#8221;#0C71C3&#8243; header_font_size=&#8221;18px&#8221; header_line_height=&#8221;1.9em&#8221; body_font=&#8221;|700|||||||&#8221; custom_margin=&#8221;-20px|88px||88px|false|true&#8221; hover_enabled=&#8221;0&#8243; locked=&#8221;off&#8221; global_colors_info=&#8221;{}&#8221; theme_builder_area=&#8221;post_content&#8221; link_option_url_new_window=&#8221;on&#8221; sticky_enabled=&#8221;0&#8243;][\/et_pb_blurb][\/et_pb_column][\/et_pb_row][\/et_pb_section]<\/p>\n","protected":false},"excerpt":{"rendered":"<p>O projeto &#8220;CASINO&#8221; prop\u00f5e o desenvolvimento de um comp\u00eandio de jogos de aprendizagem inovadores, otimizados para smartphones e tablets, os dispositivos prediletos dos jovens nem-nem. NEETs, tamb\u00e9m conhecidos como jovens nem-nem, s\u00e3o aqueles que n\u00e3o se encontram ativos nem no sistema de ensino, nem no mundo do trabalho. Os jogos englobam o design e desenvolvimento [&hellip;]<\/p>\n","protected":false},"author":2,"featured_media":0,"parent":0,"menu_order":0,"comment_status":"closed","ping_status":"closed","template":"","meta":{"_et_pb_use_builder":"on","_et_pb_old_content":"","_et_gb_content_width":"","_monsterinsights_skip_tracking":false,"_monsterinsights_sitenote_active":false,"_monsterinsights_sitenote_note":"","_monsterinsights_sitenote_category":0,"footnotes":""},"class_list":["post-1062","page","type-page","status-publish","hentry"],"yoast_head":"<!-- This site is optimized with the Yoast SEO plugin v27.4 - https:\/\/yoast.com\/product\/yoast-seo-wordpress\/ -->\n<title>CASINO - Rightchallenge<\/title>\n<meta name=\"robots\" content=\"index, follow, max-snippet:-1, max-image-preview:large, max-video-preview:-1\" \/>\n<link rel=\"canonical\" href=\"https:\/\/rightchallenge.org\/en\/casinoproject\/\" \/>\n<meta property=\"og:locale\" content=\"en_GB\" \/>\n<meta property=\"og:type\" content=\"article\" \/>\n<meta property=\"og:title\" content=\"CASINO - Rightchallenge\" \/>\n<meta property=\"og:description\" content=\"O projeto &quot;CASINO&quot; prop\u00f5e o desenvolvimento de um comp\u00eandio de jogos de aprendizagem inovadores, otimizados para smartphones e tablets, os dispositivos prediletos dos jovens nem-nem. NEETs, tamb\u00e9m conhecidos como jovens nem-nem, s\u00e3o aqueles que n\u00e3o se encontram ativos nem no sistema de ensino, nem no mundo do trabalho. Os jogos englobam o design e desenvolvimento [&hellip;]\" \/>\n<meta property=\"og:url\" content=\"https:\/\/rightchallenge.org\/en\/casinoproject\/\" \/>\n<meta property=\"og:site_name\" content=\"Rightchallenge\" \/>\n<meta property=\"article:modified_time\" content=\"2023-08-09T15:16:36+00:00\" \/>\n<meta name=\"twitter:card\" content=\"summary_large_image\" \/>\n<meta name=\"twitter:label1\" content=\"Estimated reading time\" \/>\n\t<meta name=\"twitter:data1\" content=\"6 minutes\" \/>\n<script type=\"application\/ld+json\" class=\"yoast-schema-graph\">{\"@context\":\"https:\\\/\\\/schema.org\",\"@graph\":[{\"@type\":\"WebPage\",\"@id\":\"https:\\\/\\\/rightchallenge.org\\\/casinoproject\\\/\",\"url\":\"https:\\\/\\\/rightchallenge.org\\\/casinoproject\\\/\",\"name\":\"CASINO - Rightchallenge\",\"isPartOf\":{\"@id\":\"https:\\\/\\\/rightchallenge.org\\\/#website\"},\"datePublished\":\"2021-06-17T16:34:20+00:00\",\"dateModified\":\"2023-08-09T15:16:36+00:00\",\"breadcrumb\":{\"@id\":\"https:\\\/\\\/rightchallenge.org\\\/casinoproject\\\/#breadcrumb\"},\"inLanguage\":\"en-GB\",\"potentialAction\":[{\"@type\":\"ReadAction\",\"target\":[\"https:\\\/\\\/rightchallenge.org\\\/casinoproject\\\/\"]}]},{\"@type\":\"BreadcrumbList\",\"@id\":\"https:\\\/\\\/rightchallenge.org\\\/casinoproject\\\/#breadcrumb\",\"itemListElement\":[{\"@type\":\"ListItem\",\"position\":1,\"name\":\"In\u00edcio\",\"item\":\"https:\\\/\\\/rightchallenge.org\\\/\"},{\"@type\":\"ListItem\",\"position\":2,\"name\":\"CASINO\"}]},{\"@type\":\"WebSite\",\"@id\":\"https:\\\/\\\/rightchallenge.org\\\/#website\",\"url\":\"https:\\\/\\\/rightchallenge.org\\\/\",\"name\":\"Rightchallenge\",\"description\":\"Associa\u00e7\u00e3o\",\"potentialAction\":[{\"@type\":\"SearchAction\",\"target\":{\"@type\":\"EntryPoint\",\"urlTemplate\":\"https:\\\/\\\/rightchallenge.org\\\/?s={search_term_string}\"},\"query-input\":{\"@type\":\"PropertyValueSpecification\",\"valueRequired\":true,\"valueName\":\"search_term_string\"}}],\"inLanguage\":\"en-GB\"}]}<\/script>\n<!-- \/ Yoast SEO plugin. -->","yoast_head_json":{"title":"CASINO - Rightchallenge","robots":{"index":"index","follow":"follow","max-snippet":"max-snippet:-1","max-image-preview":"max-image-preview:large","max-video-preview":"max-video-preview:-1"},"canonical":"https:\/\/rightchallenge.org\/en\/casinoproject\/","og_locale":"en_GB","og_type":"article","og_title":"CASINO - Rightchallenge","og_description":"O projeto \"CASINO\" prop\u00f5e o desenvolvimento de um comp\u00eandio de jogos de aprendizagem inovadores, otimizados para smartphones e tablets, os dispositivos prediletos dos jovens nem-nem. NEETs, tamb\u00e9m conhecidos como jovens nem-nem, s\u00e3o aqueles que n\u00e3o se encontram ativos nem no sistema de ensino, nem no mundo do trabalho. Os jogos englobam o design e desenvolvimento [&hellip;]","og_url":"https:\/\/rightchallenge.org\/en\/casinoproject\/","og_site_name":"Rightchallenge","article_modified_time":"2023-08-09T15:16:36+00:00","twitter_card":"summary_large_image","twitter_misc":{"Estimated reading time":"6 minutes"},"schema":{"@context":"https:\/\/schema.org","@graph":[{"@type":"WebPage","@id":"https:\/\/rightchallenge.org\/casinoproject\/","url":"https:\/\/rightchallenge.org\/casinoproject\/","name":"CASINO - Rightchallenge","isPartOf":{"@id":"https:\/\/rightchallenge.org\/#website"},"datePublished":"2021-06-17T16:34:20+00:00","dateModified":"2023-08-09T15:16:36+00:00","breadcrumb":{"@id":"https:\/\/rightchallenge.org\/casinoproject\/#breadcrumb"},"inLanguage":"en-GB","potentialAction":[{"@type":"ReadAction","target":["https:\/\/rightchallenge.org\/casinoproject\/"]}]},{"@type":"BreadcrumbList","@id":"https:\/\/rightchallenge.org\/casinoproject\/#breadcrumb","itemListElement":[{"@type":"ListItem","position":1,"name":"In\u00edcio","item":"https:\/\/rightchallenge.org\/"},{"@type":"ListItem","position":2,"name":"CASINO"}]},{"@type":"WebSite","@id":"https:\/\/rightchallenge.org\/#website","url":"https:\/\/rightchallenge.org\/","name":"Rightchallenge","description":"Associa\u00e7\u00e3o","potentialAction":[{"@type":"SearchAction","target":{"@type":"EntryPoint","urlTemplate":"https:\/\/rightchallenge.org\/?s={search_term_string}"},"query-input":{"@type":"PropertyValueSpecification","valueRequired":true,"valueName":"search_term_string"}}],"inLanguage":"en-GB"}]}},"_links":{"self":[{"href":"https:\/\/rightchallenge.org\/en\/wp-json\/wp\/v2\/pages\/1062","targetHints":{"allow":["GET"]}}],"collection":[{"href":"https:\/\/rightchallenge.org\/en\/wp-json\/wp\/v2\/pages"}],"about":[{"href":"https:\/\/rightchallenge.org\/en\/wp-json\/wp\/v2\/types\/page"}],"author":[{"embeddable":true,"href":"https:\/\/rightchallenge.org\/en\/wp-json\/wp\/v2\/users\/2"}],"replies":[{"embeddable":true,"href":"https:\/\/rightchallenge.org\/en\/wp-json\/wp\/v2\/comments?post=1062"}],"version-history":[{"count":10,"href":"https:\/\/rightchallenge.org\/en\/wp-json\/wp\/v2\/pages\/1062\/revisions"}],"predecessor-version":[{"id":3413,"href":"https:\/\/rightchallenge.org\/en\/wp-json\/wp\/v2\/pages\/1062\/revisions\/3413"}],"wp:attachment":[{"href":"https:\/\/rightchallenge.org\/en\/wp-json\/wp\/v2\/media?parent=1062"}],"curies":[{"name":"wp","href":"https:\/\/api.w.org\/{rel}","templated":true}]}}